{"id":14079,"date":"2023-03-17T09:57:55","date_gmt":"2023-03-17T08:57:55","guid":{"rendered":"https:\/\/silla.industries\/cluster-wallbox-silla-industries-prism-solar\/"},"modified":"2025-07-03T11:55:52","modified_gmt":"2025-07-03T09:55:52","slug":"cluster-wallbox-silla-industries-prism-solar-2","status":"publish","type":"page","link":"https:\/\/silla.industries\/en\/cluster-wallbox-silla-industries-prism-solar-2\/","title":{"rendered":"Prism Solar en grappes"},"content":{"rendered":"\n<div style=\"height:50px\" aria-hidden=\"true\" class=\"wp-block-spacer\"><\/div>\n\n<p>Charger plusieurs voitures \u00e9lectriques ensemble, c&#8217;est possible. L&#8217;installation multiple (cluster) de Prism Solar permet de le faire sans intervention invasive.   <\/p>\n\n<h2 class=\"wp-block-heading\">Qu&#8217;est-ce qu&#8217;une installation de bornes de recharge pour VE ?<\/h2>\n\n<p>Une <strong>installation en grappe<\/strong> est une station compos\u00e9e de plusieurs <strong>bornes de recharge pour v\u00e9hicules \u00e9lectriques<\/strong>, coordonn\u00e9es entre elles pour recharger plusieurs voitures en m\u00eame temps.<\/p>\n\n<p>Il est id\u00e9al en :<\/p>\n\n<ul class=\"wp-block-list\">\n<li><strong>Petits immeubles en copropri\u00e9t\u00e9<\/strong><\/li>\n\n\n\n<li><strong>H\u00f4tels et h\u00e9bergements<\/strong><\/li>\n\n\n\n<li><strong>Parkings d&#8217;entreprise pour les clients ou les employ\u00e9s<\/strong><\/li>\n<\/ul>\n\n<p>Particuli\u00e8rement utile dans le cas d&#8217;un immeuble \u00e0 appartements ne comptant que quelques unit\u00e9s, d&#8217;un h\u00f4tel ou d&#8217;un parking d&#8217;entreprise qui souhaite mettre la recharge \u00e0 la disposition de ses clients ou de ses employ\u00e9s. Dans cet article, nous examinons de plus pr\u00e8s en quoi consiste l&#8217;<strong>installation en grappe<\/strong> propos\u00e9e par Silla Industries.   <\/p>\n\n<h3 class=\"wp-block-heading\">Avantages des installations multiples avec Prism Solar<\/h3>\n\n<p>Une solution qui veut \u00eatre :<\/p>\n\n<ul class=\"wp-block-list\">\n<li>installation discr\u00e8te,<\/li>\n\n\n\n<li>simple \u00e0 utiliser.<\/li>\n<\/ul>\n\n<p>Recharger plusieurs voitures \u00e9lectriques ensemble, en m\u00eame temps, que ce soit \u00e0 la <a href=\"https:\/\/silla.industries\/en\/ricaricare-a-casa\/\" data-type=\"page\" data-id=\"16069\">maison<\/a>, dans une entreprise ou dans un <a href=\"https:\/\/silla.industries\/en\/la-ricarica-in-hotel\/\" data-type=\"page\" data-id=\"16052\">h\u00f4tel<\/a>. C&#8217;est l&#8217;objectif de l&#8217;installation multiple.   <\/p>\n\n<p>Chaque prisme solaire qui compose une station de charge conserve ses <a href=\"https:\/\/silla.industries\/prism-solar-trifase\/\" data-type=\"URL\" data-id=\"https:\/\/silla.industries\/prism-solar-trifase\/\" target=\"_blank\" rel=\"noreferrer noopener\">caract\u00e9ristiques<\/a> fonctionnelles. Cependant, un seul prisme, le prisme <strong>primaire<\/strong>, g\u00e9rera l&#8217;activit\u00e9 des prismes solaires secondaires.   <\/p>\n\n<p>Comme nous le verrons dans un instant, cette pr\u00e9cision est utile pour comprendre le fonctionnement de l&#8217;installation multiple.<\/p>\n\n<ul class=\"wp-block-list\">\n<li><a href=\"#5\" data-type=\"internal\" data-id=\"#5\">Comment installer jusqu&#8217;\u00e0 5 wallboxes : Cluster5 by Silla Industries<\/a><\/li>\n\n\n\n<li><a href=\"#30\" data-type=\"internal\" data-id=\"#30\">L&#8217;installation Cluster30 permet de recharger jusqu&#8217;\u00e0 30 voitures \u00e9lectriques<\/a><\/li>\n\n\n\n<li><a href=\"#horeca\" data-type=\"internal\" data-id=\"#horeca\">HoReCa by Silla Industries, le service d\u00e9di\u00e9 aux commer\u00e7ants<\/a><\/li>\n<\/ul>\n\n<h2 class=\"wp-block-heading\" id=\"5\"><strong>Cluster5 de Silla Industries : jusqu \u00e0 5 prismes solaires avec capteurs int\u00e9gr\u00e9s<\/strong><\/h2>\n\n<p>Dans une installation comprenant jusqu&#8217;\u00e0 <strong>5 Prismes Solaires<\/strong>, il n&#8217;est pas n\u00e9cessaire d&#8217;ajouter des accessoires suppl\u00e9mentaires. Ce sont les capteurs amp\u00e9rom\u00e9triques, d\u00e9j\u00e0 fournis avec chaque mod\u00e8le de Prisme Solaire, qui dirigeront l&#8217;activit\u00e9 et contr\u00f4leront l&#8217;intensit\u00e9 du courant \u00e9lectrique utilis\u00e9 jusqu&#8217;\u00e0 <strong>100A<\/strong>.   <\/p>\n\n<p>Le niveau d&#8217;entr\u00e9e des <strong>installations multiples<\/strong> est donc extr\u00eamement facile \u00e0 r\u00e9aliser et <em>ne n\u00e9cessite pas de mat\u00e9riel suppl\u00e9mentaire<\/em>, qui doit \u00eatre achet\u00e9 s\u00e9par\u00e9ment des magasins individuels.<\/p>\n\n<p><em>Comme toujours, l&#8217;installation doit \u00eatre effectu\u00e9e par du personnel qualifi\u00e9 et un certificat de conformit\u00e9 doit \u00eatre d\u00e9livr\u00e9.<\/em><\/p>\n\n<figure class=\"wp-block-image size-full\"><img decoding=\"async\" src=\"https:\/\/silla.industries\/wp-content\/uploads\/2023\/03\/IMG-Cluster_30-1024-EN-1.png\" alt=\"en quoi consiste la grappe solaire de silla industeries  \" class=\"wp-image-13904\"\/><figcaption class=\"wp-element-caption\">Charger jusqu&#8217;\u00e0 30 voitures \u00e9lectriques avec une installation en grappe<\/figcaption><\/figure>\n\n<h2 class=\"wp-block-heading\" id=\"30\"><strong>Cluster30 : charger jusqu&#8217;\u00e0 30 voitures \u00e9lectriques<\/strong><\/h2>\n\n<p><strong>Recharger jusqu \u00e0 30 voitures \u00e9lectriques<\/strong> gr\u00e2ce \u00e0 la technologie Prism Solar. Ce type de solution est appel\u00e9 Cluster30.   <\/p>\n\n<p>Contrairement \u00e0 la station de base (max. 5 Prism Solar), elle n\u00e9cessite l&#8217;achat d&#8217;un ensemble de <em>capteurs d&#8217;une capacit\u00e9 d&#8217;amp\u00e9rage maximale de 1000A<\/em> (par opposition aux 100A support\u00e9s par les capteurs d\u00e9j\u00e0 fournis).<\/p>\n\n<p>Dot\u00e9s de caract\u00e9ristiques physiques diff\u00e9rentes, \u00e0 commencer par leur taille plus importante, les capteurs SENS1000 permettront au <strong>prisme solaire primaire<\/strong> de <strong>coordonner l&#8217;activit\u00e9 des secondaires<\/strong> (jusqu \u00e0 un maximum de 29 autres) et de g\u00e9rer une intensit\u00e9 de courant soutenue.<\/p>\n\n<p>I <strong><a href=\"https:\/\/silla.industries\/set-di-sensori-1000a\/\" target=\"_blank\" data-type=\"URL\" data-id=\"https:\/\/silla.industries\/set-di-sensori-1000a\/\" rel=\"noreferrer noopener\">SENS1000<\/a><\/strong> Il faut donc veiller \u00e0 ce que l&#8217;installation multiple soit efficace et s\u00fbre. Un installateur professionnel est \u00e9galement absolument n\u00e9cessaire pour ce type d&#8217;installation.   <\/p>\n\n<figure class=\"wp-block-image size-large\"><img fetchpriority=\"high\" decoding=\"async\" width=\"1024\" height=\"684\" src=\"https:\/\/silla.industries\/wp-content\/uploads\/2023\/03\/IMG-sens1000_sensore100_cluster-1024x684.jpg\" alt=\"sens1000 capteur pour faire une grappe 30\" class=\"wp-image-13916\" srcset=\"https:\/\/silla.industries\/wp-content\/uploads\/2023\/03\/IMG-sens1000_sensore100_cluster-1024x684.jpg 1024w, https:\/\/silla.industries\/wp-content\/uploads\/2023\/03\/IMG-sens1000_sensore100_cluster-300x200.jpg 300w, https:\/\/silla.industries\/wp-content\/uploads\/2023\/03\/IMG-sens1000_sensore100_cluster-768x513.jpg 768w, https:\/\/silla.industries\/wp-content\/uploads\/2023\/03\/IMG-sens1000_sensore100_cluster-360x240.jpg 360w, https:\/\/silla.industries\/wp-content\/uploads\/2023\/03\/IMG-sens1000_sensore100_cluster-1536x1026.jpg 1536w, https:\/\/silla.industries\/wp-content\/uploads\/2023\/03\/IMG-sens1000_sensore100_cluster-2048x1368.jpg 2048w, https:\/\/silla.industries\/wp-content\/uploads\/2023\/03\/IMG-sens1000_sensore100_cluster-1200x802.jpg 1200w, https:\/\/silla.industries\/wp-content\/uploads\/2023\/03\/IMG-sens1000_sensore100_cluster-1980x1322.jpg 1980w, https:\/\/silla.industries\/wp-content\/uploads\/2023\/03\/IMG-sens1000_sensore100_cluster-1320x882.jpg 1320w, https:\/\/silla.industries\/wp-content\/uploads\/2023\/03\/IMG-sens1000_sensore100_cluster-600x401.jpg 600w\" sizes=\"(max-width: 1024px) 100vw, 1024px\" \/><figcaption class=\"wp-element-caption\">A gauche, le SENS1000, le capteur qui contr\u00f4le l&#8217;intensit\u00e9 du courant jusqu&#8217;\u00e0 1000A. A droite, un capteur d&#8217;une capacit\u00e9 de 100A.   <\/figcaption><\/figure>\n\n<h2 class=\"wp-block-heading\" id=\"horeca\">Service HoReCa de Silla Industries, d\u00e9di\u00e9 aux d\u00e9taillants<\/h2>\n\n<p>L&#8217;enrichissement de l&#8217;offre de services aux clients est un avantage concurrentiel int\u00e9ressant pour les \u00e9tablissements d&#8217;h\u00e9bergement et au-del\u00e0. Ces services suppl\u00e9mentaires comprennent la pr\u00e9sence d&#8217;une ou plusieurs bo\u00eetes murales pour recharger les voitures.   <\/p>\n\n<p>Le service <a href=\"https:\/\/silla.industries\/en\/service-horeca\/\" data-type=\"URL\" data-id=\"https:\/\/silla.industries\/servizio-horeca\/\" target=\"_blank\" rel=\"noreferrer noopener\">HoReCa<\/a> trouve sa plus grande utilit\u00e9 dans le contexte d&#8217;une installation multiple, telle que Cluster5 ou Cluster30.<\/p>\n\n<h3 class=\"wp-block-heading\">Fonctionnalit\u00e9 du service HoReCa<\/h3>\n\n<p>Exclusivement en combinaison avec Prism Solar, le service HoReCa de Silla permet :<\/p>\n\n<ul class=\"wp-block-list\">\n<li>configurer un <strong>prix de vente par kWh<\/strong> pour l&#8217;\u00e9nergie fournie \u00e0 ses clients pour la recharge des v\u00e9hicules \u00e9lectriques<\/li>\n\n\n\n<li>enregistrer et \u00e9valuer chaque <strong>session de charge<\/strong> individuelle, en indiquant le total des kWh fournis et le montant de la session individuelle<\/li>\n\n\n\n<li>l&#8217;<strong>attribution de chaque session \u00e0 un client<\/strong> (utile pour les chambres d&#8217;h\u00f4tes ou les h\u00f4tels o\u00f9 le client reste plusieurs jours et utilise plusieurs fois le service de recharge)<\/li>\n\n\n\n<li>le regroupement de plusieurs sessions d&#8217;un m\u00eame client afin d&#8217;avoir un seul total \u00e0 facturer (activit\u00e9 possible pour le commer\u00e7ant en possession du num\u00e9ro de TVA normal)<\/li>\n\n\n\n<li>imprimer un <strong>re\u00e7u non fiscal de la<\/strong> (des) session(s) payante(s) d&#8217;un client (auquel un re\u00e7u ou une facture normale doit ensuite \u00eatre d\u00e9livr\u00e9)<\/li>\n\n\n\n<li>imprimer un r\u00e9capitulatif des sessions de recharge fournies par Prism Solar<\/li>\n<\/ul>\n\n<h2 class=\"wp-block-heading\">Prism Solar : gestion int\u00e9gr\u00e9e pour votre copropri\u00e9t\u00e9, votre h\u00f4tel ou votre entreprise<\/h2>\n\n<p>Quel que soit votre contexte &#8211; immeuble d&#8217;habitation, h\u00f4tel, entreprise &#8211; l&#8217;installation en grappe de <strong>Prism Solar<\/strong> est la solution parfaite pour assurer un <strong>acc\u00e8s simultan\u00e9 \u00e0 la recharge des VE<\/strong>, sans complexit\u00e9 op\u00e9rationnelle.<\/p>\n\n<p>Contactez-nous d\u00e8s maintenant pour installer une borne de recharge pour v\u00e9hicules \u00e9lectriques dans votre environnement, votre entreprise ou votre domicile, et d\u00e9couvrez tout le potentiel du service compl\u00e9mentaire HoReCa !<\/p>\n\n<p><\/p>\n","protected":false},"excerpt":{"rendered":"<p>Id\u00e9al pour les environnements o\u00f9 plusieurs personnes ont besoin de recharger leur voiture. Dans un immeuble d&#8217;habitation ne comptant que quelques unit\u00e9s, dans des h\u00f4tels ou des parkings d&#8217;entreprise, par exemple. En savoir plus sur l&#8217;installation de la grappe Prism Solar.    <\/p>\n","protected":false},"author":23,"featured_media":16958,"parent":0,"menu_order":33,"comment_status":"closed","ping_status":"closed","template":"templates\/template-cover.php","meta":{"_uag_custom_page_level_css":"","footnotes":""},"class_list":["post-14079","page","type-page","status-publish","has-post-thumbnail","hentry"],"uagb_featured_image_src":{"full":["https:\/\/silla.industries\/wp-content\/uploads\/2023\/10\/Garage_coperto-scaled.jpg",2560,1441,false],"thumbnail":["https:\/\/silla.industries\/wp-content\/uploads\/2023\/10\/Garage_coperto-150x150.jpg",150,150,true],"medium":["https:\/\/silla.industries\/wp-content\/uploads\/2023\/10\/Garage_coperto-300x169.jpg",300,169,true],"medium_large":["https:\/\/silla.industries\/wp-content\/uploads\/2023\/10\/Garage_coperto-768x432.jpg",700,394,true],"large":["https:\/\/silla.industries\/wp-content\/uploads\/2023\/10\/Garage_coperto-1024x576.jpg",700,394,true],"1536x1536":["https:\/\/silla.industries\/wp-content\/uploads\/2023\/10\/Garage_coperto-1536x864.jpg",1536,864,true],"2048x2048":["https:\/\/silla.industries\/wp-content\/uploads\/2023\/10\/Garage_coperto-2048x1152.jpg",2048,1152,true],"betterdocs-category-thumb":["https:\/\/silla.industries\/wp-content\/uploads\/2023\/10\/Garage_coperto-scaled.jpg",360,203,false],"post-thumbnail":["https:\/\/silla.industries\/wp-content\/uploads\/2023\/10\/Garage_coperto-1200x675.jpg",1200,675,true],"twentytwenty-fullscreen":["https:\/\/silla.industries\/wp-content\/uploads\/2023\/10\/Garage_coperto-1980x1114.jpg",1980,1114,true],"mailpoet_newsletter_max":["https:\/\/silla.industries\/wp-content\/uploads\/2023\/10\/Garage_coperto-1320x743.jpg",1320,743,true],"menu-26x26":["https:\/\/silla.industries\/wp-content\/uploads\/2023\/10\/Garage_coperto-scaled.jpg",26,15,false],"menu-36x36":["https:\/\/silla.industries\/wp-content\/uploads\/2023\/10\/Garage_coperto-scaled.jpg",36,20,false],"menu-48x48":["https:\/\/silla.industries\/wp-content\/uploads\/2023\/10\/Garage_coperto-scaled.jpg",48,27,false],"woocommerce_thumbnail":["https:\/\/silla.industries\/wp-content\/uploads\/2023\/10\/Garage_coperto-450x450.jpg",450,450,true],"woocommerce_single":["https:\/\/silla.industries\/wp-content\/uploads\/2023\/10\/Garage_coperto-600x338.jpg",600,338,true],"woocommerce_gallery_thumbnail":["https:\/\/silla.industries\/wp-content\/uploads\/2023\/10\/Garage_coperto-100x100.jpg",100,100,true]},"uagb_author_info":{"display_name":"Valentina De Simone","author_link":"https:\/\/silla.industries\/en\/author\/valentina\/"},"uagb_comment_info":0,"uagb_excerpt":"Id\u00e9al pour les environnements o\u00f9 plusieurs personnes ont besoin de recharger leur voiture. Dans un immeuble d'habitation ne comptant que quelques unit\u00e9s, dans des h\u00f4tels ou des parkings d'entreprise, par exemple. En savoir plus sur l'installation de la grappe Prism Solar.","_links":{"self":[{"href":"https:\/\/silla.industries\/en\/wp-json\/wp\/v2\/pages\/14079","targetHints":{"allow":["GET"]}}],"collection":[{"href":"https:\/\/silla.industries\/en\/wp-json\/wp\/v2\/pages"}],"about":[{"href":"https:\/\/silla.industries\/en\/wp-json\/wp\/v2\/types\/page"}],"author":[{"embeddable":true,"href":"https:\/\/silla.industries\/en\/wp-json\/wp\/v2\/users\/23"}],"replies":[{"embeddable":true,"href":"https:\/\/silla.industries\/en\/wp-json\/wp\/v2\/comments?post=14079"}],"version-history":[{"count":0,"href":"https:\/\/silla.industries\/en\/wp-json\/wp\/v2\/pages\/14079\/revisions"}],"wp:featuredmedia":[{"embeddable":true,"href":"https:\/\/silla.industries\/en\/wp-json\/wp\/v2\/media\/16958"}],"wp:attachment":[{"href":"https:\/\/silla.industries\/en\/wp-json\/wp\/v2\/media?parent=14079"}],"curies":[{"name":"wp","href":"https:\/\/api.w.org\/{rel}","templated":true}]}}