{"id":19530,"date":"2020-12-19T10:04:18","date_gmt":"2020-12-19T09:04:18","guid":{"rendered":"https:\/\/silla.industries\/gamma-prism\/"},"modified":"2025-07-01T21:51:08","modified_gmt":"2025-07-01T19:51:08","slug":"gamma-prism","status":"publish","type":"page","link":"https:\/\/silla.industries\/es\/gamma-prism\/","title":{"rendered":"La gama Prisma"},"content":{"rendered":"\n<div class=\"wp-block-group alignfull tw-mt-0 tw-mb-4 has-background-background-color has-background\" style=\"padding-top:0;padding-bottom:0\"><div class=\"wp-block-group__inner-container is-layout-flow wp-block-group-is-layout-flow\">\n<div class=\"wp-block-media-text alignwide has-media-on-the-right is-stacked-on-mobile is-vertically-aligned-center has-background-background-color has-background tw-stack-md tw-media-bottom\"><div class=\"wp-block-media-text__content\">\n<h2 class=\"wp-block-heading\">Prisma: el cargador universal para cargar veh\u00edculos el\u00e9ctricos.<\/h2>\n<\/div><figure class=\"wp-block-media-text__media\"><img fetchpriority=\"high\" decoding=\"async\" width=\"1024\" height=\"1024\" src=\"https:\/\/silla.industries\/wp-content\/uploads\/2022\/11\/IMG-Prism_solar_front-1024x1024-2-1024x1024.jpg\" alt=\"Prisma Solar frontal\" class=\"wp-image-11290 size-full\" srcset=\"https:\/\/silla.industries\/wp-content\/uploads\/2022\/11\/IMG-Prism_solar_front-1024x1024-2.jpg 1024w, https:\/\/silla.industries\/wp-content\/uploads\/2022\/11\/IMG-Prism_solar_front-1024x1024-2-300x300.jpg 300w, https:\/\/silla.industries\/wp-content\/uploads\/2022\/11\/IMG-Prism_solar_front-1024x1024-2-150x150.jpg 150w, https:\/\/silla.industries\/wp-content\/uploads\/2022\/11\/IMG-Prism_solar_front-1024x1024-2-768x768.jpg 768w, https:\/\/silla.industries\/wp-content\/uploads\/2022\/11\/IMG-Prism_solar_front-1024x1024-2-360x360.jpg 360w, https:\/\/silla.industries\/wp-content\/uploads\/2022\/11\/IMG-Prism_solar_front-1024x1024-2-450x450.jpg 450w, https:\/\/silla.industries\/wp-content\/uploads\/2022\/11\/IMG-Prism_solar_front-1024x1024-2-600x600.jpg 600w, https:\/\/silla.industries\/wp-content\/uploads\/2022\/11\/IMG-Prism_solar_front-1024x1024-2-100x100.jpg 100w\" sizes=\"(max-width: 1024px) 100vw, 1024px\" \/><\/figure><\/div>\n<\/div><\/div>\n\n<div class=\"wp-block-cover alignfull has-custom-content-position is-position-bottom-left\" style=\"min-height:100vh;aspect-ratio:unset;\"><span aria-hidden=\"true\" class=\"wp-block-cover__background has-background-dim-20 has-background-dim\"><\/span><img decoding=\"async\" width=\"1920\" height=\"916\" sizes=\"(max-width: 799px) 200vw, (max-width: 1920px) 100vw, 1920px\" class=\"wp-block-cover__image-background wp-image-12452\" alt=\"Auto in carica in garage con Prism Solar\" src=\"https:\/\/silla.industries\/wp-content\/uploads\/2023\/02\/IMG-Prism-solar-casa-homepage-1920x916-1.jpg\" style=\"object-position:37% 49%\" data-object-fit=\"cover\" data-object-position=\"37% 49%\" srcset=\"https:\/\/silla.industries\/wp-content\/uploads\/2023\/02\/IMG-Prism-solar-casa-homepage-1920x916-1.jpg 1920w, https:\/\/silla.industries\/wp-content\/uploads\/2023\/02\/IMG-Prism-solar-casa-homepage-1920x916-1-300x143.jpg 300w, https:\/\/silla.industries\/wp-content\/uploads\/2023\/02\/IMG-Prism-solar-casa-homepage-1920x916-1-1024x489.jpg 1024w, https:\/\/silla.industries\/wp-content\/uploads\/2023\/02\/IMG-Prism-solar-casa-homepage-1920x916-1-768x366.jpg 768w, https:\/\/silla.industries\/wp-content\/uploads\/2023\/02\/IMG-Prism-solar-casa-homepage-1920x916-1-360x172.jpg 360w, https:\/\/silla.industries\/wp-content\/uploads\/2023\/02\/IMG-Prism-solar-casa-homepage-1920x916-1-1536x733.jpg 1536w, https:\/\/silla.industries\/wp-content\/uploads\/2023\/02\/IMG-Prism-solar-casa-homepage-1920x916-1-1200x573.jpg 1200w, https:\/\/silla.industries\/wp-content\/uploads\/2023\/02\/IMG-Prism-solar-casa-homepage-1920x916-1-1320x630.jpg 1320w, https:\/\/silla.industries\/wp-content\/uploads\/2023\/02\/IMG-Prism-solar-casa-homepage-1920x916-1-600x286.jpg 600w\" \/><div class=\"wp-block-cover__inner-container is-layout-flow wp-block-cover-is-layout-flow\">\n<h3 class=\"wp-block-heading has-text-align-left\">Prism es la estaci\u00f3n de carga para coches el\u00e9ctricos que se recarga con la energ\u00eda sobrante producida por tu sistema solar<\/h3>\n\n\n\n<p class=\"has-text-align-left has-large-font-size\">Cuando tu sistema fotovoltaico produce m\u00e1s energ\u00eda de la que consumes, el exceso de energ\u00eda se vende a la red, que suele pagarte muy poco. Prism es inteligente, lee tu producci\u00f3n y tu consumo, y cuando tu sistema fotovoltaico produce m\u00e1s de lo que consumes, utiliza la energ\u00eda sobrante para cargar tu coche. Inteligente, \u00bfverdad?  <\/p>\n\n\n\n<div class=\"wp-block-buttons is-horizontal is-content-justification-center is-layout-flex wp-container-core-buttons-is-layout-03627597 wp-block-buttons-is-layout-flex\">\n<div class=\"wp-block-button\"><a class=\"wp-block-button__link has-accent-background-color has-background wp-element-button\" href=\"https:\/\/silla.industries\/ricarica-dellauto-elettrica-con-limpianto-solare\/\" style=\"border-radius:10px\">\u00bfC\u00f3mo funciona?<\/a><\/div>\n<\/div>\n<\/div><\/div>\n\n<div class=\"wp-block-group alignfull has-background-background-color has-background\"><div class=\"wp-block-group__inner-container is-layout-flow wp-block-group-is-layout-flow\">\n<div class=\"wp-block-media-text alignwide has-media-on-the-right is-stacked-on-mobile has-background-background-color has-background tw-stack-md tw-media-bottom\" style=\"grid-template-columns:auto 56%\"><div class=\"wp-block-media-text__content\">\n<h4 class=\"wp-block-heading\">\u00bfTienes un sistema de almacenamiento?<\/h4>\n\n\n\n<p class=\"has-large-font-size\">Prism tambi\u00e9n es perfecto en combinaci\u00f3n con un sistema de almacenamiento, como el Tesla Powerwall. Una gran combinaci\u00f3n con la carga de veh\u00edculos el\u00e9ctricos. <\/p>\n\n\n\n<div class=\"wp-block-buttons is-layout-flex wp-block-buttons-is-layout-flex\">\n<div class=\"wp-block-button\"><a class=\"wp-block-button__link has-accent-background-color has-background wp-element-button\" href=\"https:\/\/silla.industries\/sistemi-di-accumulo\/\" style=\"border-radius:10px\">M\u00e1s informaci\u00f3n<\/a><\/div>\n<\/div>\n<\/div><figure class=\"wp-block-media-text__media\"><img decoding=\"async\" width=\"1024\" height=\"576\" src=\"https:\/\/silla.industries\/wp-content\/uploads\/2023\/10\/powerwall-con-Prism-Solar-1024x576.jpg\" alt=\"\" class=\"wp-image-17043 size-full\" srcset=\"https:\/\/silla.industries\/wp-content\/uploads\/2023\/10\/powerwall-con-Prism-Solar-1024x576.jpg 1024w, https:\/\/silla.industries\/wp-content\/uploads\/2023\/10\/powerwall-con-Prism-Solar-300x169.jpg 300w, https:\/\/silla.industries\/wp-content\/uploads\/2023\/10\/powerwall-con-Prism-Solar-768x432.jpg 768w, https:\/\/silla.industries\/wp-content\/uploads\/2023\/10\/powerwall-con-Prism-Solar-1536x864.jpg 1536w, https:\/\/silla.industries\/wp-content\/uploads\/2023\/10\/powerwall-con-Prism-Solar-2048x1152.jpg 2048w, https:\/\/silla.industries\/wp-content\/uploads\/2023\/10\/powerwall-con-Prism-Solar-1200x675.jpg 1200w, https:\/\/silla.industries\/wp-content\/uploads\/2023\/10\/powerwall-con-Prism-Solar-1980x1114.jpg 1980w, https:\/\/silla.industries\/wp-content\/uploads\/2023\/10\/powerwall-con-Prism-Solar-1320x742.jpg 1320w, https:\/\/silla.industries\/wp-content\/uploads\/2023\/10\/powerwall-con-Prism-Solar-600x337.jpg 600w\" sizes=\"(max-width: 1024px) 100vw, 1024px\" \/><\/figure><\/div>\n<\/div><\/div>\n\n<div class=\"wp-block-cover alignfull has-parallax has-custom-content-position is-position-top-center\" style=\"min-height:100vh;aspect-ratio:unset;\"><span aria-hidden=\"true\" class=\"wp-block-cover__background has-background-dim\"><\/span><div role=\"img\" class=\"wp-block-cover__image-background wp-image-16953 has-parallax\" style=\"background-position:50% 50%;background-image:url(https:\/\/silla.industries\/wp-content\/uploads\/2023\/10\/casa-con-wallbox-per-ricarica-auto-elettrica-domestica.jpg)\"><\/div><div class=\"wp-block-cover__inner-container is-layout-flow wp-block-cover-is-layout-flow\">\n<h3 class=\"wp-block-heading has-text-align-center\">\u00bfY si todav\u00eda no tengo un sistema solar?<\/h3>\n\n\n\n<p class=\"has-text-align-center has-large-font-size\">De nuevo, Prism te ahorra toda la electricidad posible de la red. De hecho, aunque a\u00fan no tengas un sistema solar y cargues tu coche el\u00e9ctrico con energ\u00eda de la red, la estaci\u00f3n de carga de coches el\u00e9ctricos Prisma te permite programar la carga a tu gusto. Cuando vuelvas a casa despu\u00e9s del trabajo, puedes conectar inmediatamente tu coche a Prisma, pero la carga s\u00f3lo se iniciar\u00e1 cuando las tarifas horarias sean m\u00e1s baratas, por la noche, lo que te permitir\u00e1 ahorrar mucho en costes de energ\u00eda. Y por la ma\u00f1ana tu coche el\u00e9ctrico estar\u00e1 cargado y listo para otro d\u00eda de trabajo. \u00a1Energ\u00eda ahorrada para el medio ambiente, dinero ahorrado para tu factura de la luz!      <\/p>\n<\/div><\/div>\n\n<div class=\"wp-block-group alignfull has-subtle-background-background-color has-background\"><div class=\"wp-block-group__inner-container is-layout-flow wp-block-group-is-layout-flow\">\n<div class=\"wp-block-media-text alignwide is-stacked-on-mobile is-vertically-aligned-top tw-stack-md tw-media-bottom\"><figure class=\"wp-block-media-text__media\"><img loading=\"lazy\" decoding=\"async\" width=\"1024\" height=\"690\" src=\"https:\/\/silla.industries\/wp-content\/uploads\/2023\/10\/Contatore-2-1024x690.jpg\" alt=\"\" class=\"wp-image-17034 size-full\" srcset=\"https:\/\/silla.industries\/wp-content\/uploads\/2023\/10\/Contatore-2-1024x690.jpg 1024w, https:\/\/silla.industries\/wp-content\/uploads\/2023\/10\/Contatore-2-300x202.jpg 300w, https:\/\/silla.industries\/wp-content\/uploads\/2023\/10\/Contatore-2-768x518.jpg 768w, https:\/\/silla.industries\/wp-content\/uploads\/2023\/10\/Contatore-2-1200x809.jpg 1200w, https:\/\/silla.industries\/wp-content\/uploads\/2023\/10\/Contatore-2-600x405.jpg 600w, https:\/\/silla.industries\/wp-content\/uploads\/2023\/10\/Contatore-2.jpg 1320w\" sizes=\"(max-width: 1024px) 100vw, 1024px\" \/><\/figure><div class=\"wp-block-media-text__content\">\n<h3 class=\"wp-block-heading\">El prisma es adecuado para cualquier contador<\/h3>\n\n\n\n<p class=\"has-large-font-size\">Prism es capaz de gestionar la potencia instalada en tu contador y ajustar autom\u00e1ticamente la carga suministrada al coche sin superar nunca la potencia realmente disponible. No hay riesgo de que se dispare el interruptor general, dej\u00e1ndote a oscuras.   <\/p>\n\n\n\n<p class=\"has-large-font-size\">Y tambi\u00e9n es un cargador universal que puede suministrar hasta 7,4 kW en monof\u00e1sico o hasta 22 kW en trif\u00e1sico. Puede que tu contador no admita actualmente estas potencias, pero si decides aumentar tu potencia instalada en el futuro, Prism se adaptar\u00e1 a la nueva potencia disponible. Una inversi\u00f3n de futuro.  <\/p>\n<\/div><\/div>\n<\/div><\/div>\n\n<div class=\"wp-block-group alignfull has-subtle-background-background-color has-background\"><div class=\"wp-block-group__inner-container is-layout-flow wp-block-group-is-layout-flow\">\n<div class=\"wp-block-media-text alignwide has-media-on-the-right is-stacked-on-mobile tw-stack-md tw-media-bottom\" style=\"grid-template-columns:auto 47%\"><div class=\"wp-block-media-text__content\">\n<h3 class=\"wp-block-heading\">Siempre accesible desde tu smartphone. O desde tu ordenador <\/h3>\n\n\n\n<p class=\"has-large-font-size\">No necesitas ir al taller para saber qu\u00e9 est\u00e1 haciendo Prisma, toda la informaci\u00f3n sobre la estaci\u00f3n de carga de tu coche el\u00e9ctrico est\u00e1 disponible en la APP dedicada o a trav\u00e9s de tu ordenador.  <\/p>\n\n\n\n<p class=\"has-large-font-size\">Tambi\u00e9n en la nube, para acceder a la informaci\u00f3n aunque no est\u00e9s en casa, pero tu coche s\u00ed. Y se est\u00e1 cargando. <\/p>\n\n\n\n<div class=\"wp-block-buttons is-layout-flex wp-block-buttons-is-layout-flex\">\n<div class=\"wp-block-button\"><a class=\"wp-block-button__link has-accent-background-color has-background wp-element-button\" href=\"https:\/\/my.silla.cloud\" style=\"border-radius:10px\" target=\"_blank\" rel=\"noreferrer noopener\">Accede al portal<\/a><\/div>\n<\/div>\n<\/div><figure class=\"wp-block-media-text__media\"><img loading=\"lazy\" decoding=\"async\" width=\"929\" height=\"838\" src=\"https:\/\/silla.industries\/wp-content\/uploads\/2023\/10\/Ciao-Copy.png\" alt=\"mi.silla.nube\" class=\"wp-image-17026 size-full\" srcset=\"https:\/\/silla.industries\/wp-content\/uploads\/2023\/10\/Ciao-Copy.png 929w, https:\/\/silla.industries\/wp-content\/uploads\/2023\/10\/Ciao-Copy-300x271.png 300w, https:\/\/silla.industries\/wp-content\/uploads\/2023\/10\/Ciao-Copy-768x693.png 768w, https:\/\/silla.industries\/wp-content\/uploads\/2023\/10\/Ciao-Copy-600x541.png 600w\" sizes=\"(max-width: 929px) 100vw, 929px\" \/><\/figure><\/div>\n<\/div><\/div>\n\n<div class=\"wp-block-cover alignfull is-light has-parallax has-custom-content-position is-position-center-left\" style=\"min-height:100vh;aspect-ratio:unset;\"><span aria-hidden=\"true\" class=\"wp-block-cover__background has-background-dim-30 has-background-dim\"><\/span><div role=\"img\" class=\"wp-block-cover__image-background wp-image-14777 has-parallax\" style=\"background-position:50% 50%;background-image:url(https:\/\/silla.industries\/wp-content\/uploads\/2023\/04\/IMG-Silla_industries_garage_homepage-1600.jpg)\"><\/div><div class=\"wp-block-cover__inner-container is-layout-flow wp-block-cover-is-layout-flow\">\n<h3 class=\"wp-block-heading has-text-align-left\">Prism lleva el WiFi a tu garaje<\/h3>\n\n\n\n<p class=\"has-text-align-left has-large-font-size\">Llegar a Prism desde tu smartphone u ordenador es muy c\u00f3modo, pero no obligatorio: Prism tambi\u00e9n funciona sin conexi\u00f3n de red y, por tanto, sin acceso remoto. O puedes acercarte al Prisma para utilizar su WiFi interno, pero si llevas un cable de red desde el router de tu casa hasta el Prisma, entonces tienes un aut\u00e9ntico repetidor HotSpot para conseguir WiFi incluso en el garaje, por ejemplo para actualizar el firmware de los veh\u00edculos el\u00e9ctricos o para instalar una c\u00e1mara IP de videovigilancia. \u00a1Genial!  <\/p>\n<\/div><\/div>\n\n<div class=\"wp-block-group alignfull\"><div class=\"wp-block-group__inner-container is-layout-flow wp-block-group-is-layout-flow\">\n<div class=\"wp-block-media-text alignwide is-stacked-on-mobile tw-stack-md\"><figure class=\"wp-block-media-text__media\"><img loading=\"lazy\" decoding=\"async\" width=\"1024\" height=\"683\" src=\"https:\/\/silla.industries\/wp-content\/uploads\/2023\/10\/maxim-hopman-lcysD7F8ycc-unsplash-1024x683.jpg\" alt=\"\" class=\"wp-image-17013 size-full\" srcset=\"https:\/\/silla.industries\/wp-content\/uploads\/2023\/10\/maxim-hopman-lcysD7F8ycc-unsplash-1024x683.jpg 1024w, https:\/\/silla.industries\/wp-content\/uploads\/2023\/10\/maxim-hopman-lcysD7F8ycc-unsplash-300x200.jpg 300w, https:\/\/silla.industries\/wp-content\/uploads\/2023\/10\/maxim-hopman-lcysD7F8ycc-unsplash-768x512.jpg 768w, https:\/\/silla.industries\/wp-content\/uploads\/2023\/10\/maxim-hopman-lcysD7F8ycc-unsplash-1536x1024.jpg 1536w, https:\/\/silla.industries\/wp-content\/uploads\/2023\/10\/maxim-hopman-lcysD7F8ycc-unsplash-2048x1365.jpg 2048w, https:\/\/silla.industries\/wp-content\/uploads\/2023\/10\/maxim-hopman-lcysD7F8ycc-unsplash-1200x800.jpg 1200w, https:\/\/silla.industries\/wp-content\/uploads\/2023\/10\/maxim-hopman-lcysD7F8ycc-unsplash-1980x1320.jpg 1980w, https:\/\/silla.industries\/wp-content\/uploads\/2023\/10\/maxim-hopman-lcysD7F8ycc-unsplash-1320x880.jpg 1320w, https:\/\/silla.industries\/wp-content\/uploads\/2023\/10\/maxim-hopman-lcysD7F8ycc-unsplash-600x400.jpg 600w\" sizes=\"(max-width: 1024px) 100vw, 1024px\" \/><\/figure><div class=\"wp-block-media-text__content\">\n<h3 class=\"wp-block-heading\">Funciona con todos los coches el\u00e9ctricos, incluso los enchufables<\/h3>\n\n\n\n<p class=\"has-large-font-size\">Prism es la estaci\u00f3n de carga universal para coches el\u00e9ctricos, funciona con todos los coches con conector de Tipo 2, que es pr\u00e1cticamente el est\u00e1ndar en Europa. Puedes utilizarla para cargar veh\u00edculos el\u00e9ctricos, tanto totalmente el\u00e9ctricos como h\u00edbridos enchufables. Los primeros se denominan BEV (Veh\u00edculo El\u00e9ctrico de Bater\u00eda) y los segundos PHEV (Veh\u00edculo El\u00e9ctrico H\u00edbrido Enchufable).  <\/p>\n<\/div><\/div>\n<\/div><\/div>\n\n<div class=\"wp-block-cover alignfull is-light has-parallax has-custom-content-position is-position-center-left\" style=\"min-height:100vh;aspect-ratio:unset;\"><span aria-hidden=\"true\" class=\"wp-block-cover__background has-background-dim-30 has-background-dim\"><\/span><div role=\"img\" class=\"wp-block-cover__image-background wp-image-507 has-parallax\" style=\"background-position:50% 50%;background-image:url(https:\/\/silla.industries\/wp-content\/uploads\/2021\/01\/Prism-Solar-safety.jpg)\"><\/div><div class=\"wp-block-cover__inner-container is-layout-flow wp-block-cover-is-layout-flow\">\n<h3 class=\"wp-block-heading has-text-align-left\">Pero&#8230; \u00bfes seguro?<\/h3>\n\n\n\n<p class=\"has-text-align-left has-large-font-size\">Completamente. El Prisma no s\u00f3lo es IP65, lo que significa que est\u00e1 protegido contra las olas y la lluvia, sino que tambi\u00e9n tiene la marca CE seg\u00fan la norma IEC61851-1.   <br\/>Tambi\u00e9n contiene un disyuntor diferencial que puede cortar el suministro el\u00e9ctrico a la primera se\u00f1al de aver\u00eda.  <br\/>As\u00ed que&#8230; s\u00ed, es seguro.<\/p>\n<\/div><\/div>\n\n<div class=\"wp-block-group alignfull has-subtle-background-background-color has-background\"><div class=\"wp-block-group__inner-container is-layout-flow wp-block-group-is-layout-flow\"><div class=\"wp-block-image\">\n<figure class=\"aligncenter size-medium is-resized\"><img loading=\"lazy\" decoding=\"async\" src=\"https:\/\/silla.industries\/wp-content\/uploads\/2020\/12\/european-flag-300x200.jpg\" alt=\"\" class=\"wp-image-238\" style=\"width:162px;height:107px\" width=\"162\" height=\"107\" srcset=\"https:\/\/silla.industries\/wp-content\/uploads\/2020\/12\/european-flag-300x200.jpg 300w, https:\/\/silla.industries\/wp-content\/uploads\/2020\/12\/european-flag-600x400.jpg 600w, https:\/\/silla.industries\/wp-content\/uploads\/2020\/12\/european-flag-768x512.jpg 768w, https:\/\/silla.industries\/wp-content\/uploads\/2020\/12\/european-flag.jpg 1000w\" sizes=\"(max-width: 162px) 100vw, 162px\" \/><\/figure>\n<\/div>\n\n\n<h4 class=\"wp-block-heading has-text-align-center\">Orgullosamente fabricado en Europa<\/h4>\n\n\n\n<p class=\"has-text-align-center has-medium-font-size\">Prism es el cargador universal para cargar veh\u00edculos el\u00e9ctricos. Concebido, dise\u00f1ado, desarrollado y fabricado \u00edntegramente en Italia, en Padua. Y eso no es poco.  <\/p>\n\n\n\n<div class=\"wp-block-buttons is-horizontal is-content-justification-center is-layout-flex wp-container-core-buttons-is-layout-03627597 wp-block-buttons-is-layout-flex\">\n<div class=\"wp-block-button\"><a class=\"wp-block-button__link has-accent-background-color has-background wp-element-button\" href=\"https:\/\/silla.industries\/shop\/\" style=\"border-radius:10px\">ir a la tienda<\/a><\/div>\n<\/div>\n<\/div><\/div>\n\n<p><\/p>\n","protected":false},"excerpt":{"rendered":"<p>Prisma: el cargador universal para cargar veh\u00edculos el\u00e9ctricos. \u00bfTienes un sistema de almacenamiento? Prism tambi\u00e9n es perfecto en combinaci\u00f3n con un sistema de almacenamiento, como el Tesla Powerwall. Una gran combinaci\u00f3n con la carga de veh\u00edculos el\u00e9ctricos. El prisma es adecuado para cualquier contador Prism es capaz de gestionar la potencia instalada en tu contador y ajustar autom\u00e1ticamente la carga suministrada al coche sin superar nunca la potencia realmente disponible. No hay riesgo de que se dispare el interruptor general, dej\u00e1ndote a oscuras. Y tambi\u00e9n es un cargador universal que puede suministrar hasta 7,4 kW en monof\u00e1sico o hasta 22 kW en trif\u00e1sico. Puede que tu contador no admita actualmente estas potencias, pero si decides aumentar tu potencia instalada en el futuro, Prism se adaptar\u00e1 a la nueva potencia disponible. Una inversi\u00f3n de futuro. Siempre accesible desde tu smartphone. O desde tu ordenador No necesitas ir al taller para saber qu\u00e9 est\u00e1 haciendo Prisma, toda la informaci\u00f3n sobre la estaci\u00f3n de carga de tu coche el\u00e9ctrico est\u00e1 disponible en la APP dedicada o a trav\u00e9s de tu ordenador. Tambi\u00e9n en la nube, para acceder a la informaci\u00f3n aunque no est\u00e9s en casa, pero tu coche s\u00ed. Y se est\u00e1 cargando. Funciona con todos los coches el\u00e9ctricos, incluso los enchufables Prism es la estaci\u00f3n de carga universal para coches el\u00e9ctricos, funciona con todos los coches con conector de Tipo 2, que es pr\u00e1cticamente el est\u00e1ndar en Europa. Puedes utilizarla para cargar veh\u00edculos el\u00e9ctricos, tanto totalmente el\u00e9ctricos como h\u00edbridos enchufables. Los primeros se denominan BEV (Veh\u00edculo El\u00e9ctrico de Bater\u00eda) y los segundos PHEV (Veh\u00edculo El\u00e9ctrico H\u00edbrido Enchufable). Orgullosamente fabricado en Europa Prism es el cargador universal para cargar veh\u00edculos el\u00e9ctricos. Concebido, dise\u00f1ado, desarrollado y fabricado \u00edntegramente en Italia, en Padua. Y eso no es poco.<\/p>\n","protected":false},"author":23,"featured_media":0,"parent":0,"menu_order":31,"comment_status":"closed","ping_status":"closed","template":"tw-no-title.php","meta":{"_uag_custom_page_level_css":"","footnotes":""},"class_list":["post-19530","page","type-page","status-publish","hentry"],"uagb_featured_image_src":{"full":false,"thumbnail":false,"medium":false,"medium_large":false,"large":false,"1536x1536":false,"2048x2048":false,"betterdocs-category-thumb":false,"post-thumbnail":false,"twentytwenty-fullscreen":false,"mailpoet_newsletter_max":false,"menu-26x26":false,"menu-36x36":false,"menu-48x48":false,"woocommerce_thumbnail":false,"woocommerce_single":false,"woocommerce_gallery_thumbnail":false},"uagb_author_info":{"display_name":"Valentina De Simone","author_link":"https:\/\/silla.industries\/es\/author\/valentina\/"},"uagb_comment_info":0,"uagb_excerpt":"Prisma: el cargador universal para cargar veh\u00edculos el\u00e9ctricos. \u00bfTienes un sistema de almacenamiento? Prism tambi\u00e9n es perfecto en combinaci\u00f3n con un sistema de almacenamiento, como el Tesla Powerwall. Una gran combinaci\u00f3n con la carga de veh\u00edculos el\u00e9ctricos. El prisma es adecuado para cualquier contador Prism es capaz de gestionar la potencia instalada en tu contador...","_links":{"self":[{"href":"https:\/\/silla.industries\/es\/wp-json\/wp\/v2\/pages\/19530","targetHints":{"allow":["GET"]}}],"collection":[{"href":"https:\/\/silla.industries\/es\/wp-json\/wp\/v2\/pages"}],"about":[{"href":"https:\/\/silla.industries\/es\/wp-json\/wp\/v2\/types\/page"}],"author":[{"embeddable":true,"href":"https:\/\/silla.industries\/es\/wp-json\/wp\/v2\/users\/23"}],"replies":[{"embeddable":true,"href":"https:\/\/silla.industries\/es\/wp-json\/wp\/v2\/comments?post=19530"}],"version-history":[{"count":0,"href":"https:\/\/silla.industries\/es\/wp-json\/wp\/v2\/pages\/19530\/revisions"}],"wp:attachment":[{"href":"https:\/\/silla.industries\/es\/wp-json\/wp\/v2\/media?parent=19530"}],"curies":[{"name":"wp","href":"https:\/\/api.w.org\/{rel}","templated":true}]}}