{"id":19806,"date":"2020-12-27T15:20:40","date_gmt":"2020-12-27T14:20:40","guid":{"rendered":"https:\/\/silla.industries\/sistemi-di-accumulo\/"},"modified":"2025-07-01T22:39:40","modified_gmt":"2025-07-01T20:39:40","slug":"sistemi-di-accumulo","status":"publish","type":"page","link":"https:\/\/silla.industries\/es\/sistemi-di-accumulo\/","title":{"rendered":"Sistemas de almacenamiento"},"content":{"rendered":"\n<p>En el caso de los sistemas equipados con un sistema de almacenamiento, Prisma var\u00eda su comportamiento en funci\u00f3n de c\u00f3mo est\u00e9 instalado; son posibles dos escenarios diferentes.  <\/p>\n\n<h4 class=\"wp-block-heading\">Instalaci\u00f3n con prioridad a la acumulaci\u00f3n<\/h4>\n<div class=\"wp-block-image\">\n<figure class=\"alignleft size-medium\"><img decoding=\"async\" width=\"165\" height=\"300\" src=\"https:\/\/silla.industries\/wp-content\/uploads\/2021\/01\/Silla-Prism-charging-interface-165x300.jpg\" alt=\"Interfaz de carga Prisma, de Silla\" class=\"wp-image-368\" srcset=\"https:\/\/silla.industries\/wp-content\/uploads\/2021\/01\/Silla-Prism-charging-interface-165x300.jpg 165w, https:\/\/silla.industries\/wp-content\/uploads\/2021\/01\/Silla-Prism-charging-interface-600x1088.jpg 600w, https:\/\/silla.industries\/wp-content\/uploads\/2021\/01\/Silla-Prism-charging-interface-565x1024.jpg 565w, https:\/\/silla.industries\/wp-content\/uploads\/2021\/01\/Silla-Prism-charging-interface-768x1393.jpg 768w, https:\/\/silla.industries\/wp-content\/uploads\/2021\/01\/Silla-Prism-charging-interface-847x1536.jpg 847w, https:\/\/silla.industries\/wp-content\/uploads\/2021\/01\/Silla-Prism-charging-interface.jpg 1055w\" sizes=\"(max-width: 165px) 100vw, 165px\" \/><\/figure>\n<\/div>\n<figure class=\"wp-block-image size-full\"><img fetchpriority=\"high\" decoding=\"async\" width=\"512\" height=\"401\" src=\"https:\/\/silla.industries\/wp-content\/uploads\/2022\/01\/immagine_2022-01-18_225415.png\" alt=\"\" class=\"wp-image-5320\" srcset=\"https:\/\/silla.industries\/wp-content\/uploads\/2022\/01\/immagine_2022-01-18_225415.png 512w, https:\/\/silla.industries\/wp-content\/uploads\/2022\/01\/immagine_2022-01-18_225415-300x235.png 300w, https:\/\/silla.industries\/wp-content\/uploads\/2022\/01\/immagine_2022-01-18_225415-77x60.png 77w, https:\/\/silla.industries\/wp-content\/uploads\/2022\/01\/immagine_2022-01-18_225415-115x90.png 115w\" sizes=\"(max-width: 512px) 100vw, 512px\" \/><\/figure>\n\n<p>El Prisma se instala aguas arriba del sensor de almacenamiento, en cuyo caso el sistema de almacenamiento no detectar\u00e1 el consumo de Prisma.<\/p>\n\n<ul class=\"wp-block-list\">\n<li>En el modo <strong>Solar<\/strong>, primero se cargar\u00e1 la bater\u00eda de almacenamiento; una vez que \u00e9sta alcance el 100% y se detecte un exceso de producci\u00f3n del sistema fotovoltaico, el Prisma empezar\u00e1 a cargar el veh\u00edculo.  <\/li>\n\n\n\n<li>En el modo <strong>Normal<\/strong>, el Prisma no extraer\u00e1 energ\u00eda de la bater\u00eda, sino s\u00f3lo de la red y de cualquier exceso de producci\u00f3n solar cuando la bater\u00eda de almacenamiento est\u00e9 completamente cargada. El consumo del Prisma no ser\u00e1 detectado ni contabilizado por el sistema de almacenamiento. <\/li>\n<\/ul>\n\n<h4 class=\"wp-block-heading\">Instalaci\u00f3n con prioridad a la carga del coche<\/h4>\n\n<figure class=\"wp-block-image size-full\"><img decoding=\"async\" width=\"512\" height=\"401\" src=\"https:\/\/silla.industries\/wp-content\/uploads\/2022\/01\/immagine_2022-01-18_225922.png\" alt=\"\" class=\"wp-image-5322\" srcset=\"https:\/\/silla.industries\/wp-content\/uploads\/2022\/01\/immagine_2022-01-18_225922.png 512w, https:\/\/silla.industries\/wp-content\/uploads\/2022\/01\/immagine_2022-01-18_225922-300x235.png 300w, https:\/\/silla.industries\/wp-content\/uploads\/2022\/01\/immagine_2022-01-18_225922-77x60.png 77w, https:\/\/silla.industries\/wp-content\/uploads\/2022\/01\/immagine_2022-01-18_225922-115x90.png 115w\" sizes=\"(max-width: 512px) 100vw, 512px\" \/><\/figure>\n\n<p>El prisma se instala aguas abajo del sensor de almacenamiento.<\/p>\n\n<p>En esta configuraci\u00f3n, el Prisma tendr\u00e1 prioridad en el consumo de energ\u00eda solar sobre el sistema de almacenamiento, que s\u00f3lo empezar\u00e1 a cargarse cuando el coche deje de hacerlo porque su bater\u00eda est\u00e9 llena, o por l\u00edmites establecidos por el usuario.  <\/p>\n\n<ul class=\"wp-block-list\">\n<li>En el modo <strong>Solar<\/strong>, la bater\u00eda del coche se cargar\u00e1 primero utilizando el exceso de producci\u00f3n solar y, si no es suficiente, extrayendo energ\u00eda de la bater\u00eda de almacenamiento hasta el l\u00edmite de corriente fijado por el usuario.  <\/li>\n\n\n\n<li>En el modo <strong>Normal<\/strong>, el Prisma extraer\u00e1 energ\u00eda del almacenamiento, o de la red, hasta el l\u00edmite de corriente establecido por el usuario.<\/li>\n<\/ul>\n\n<div style=\"height:30px\" aria-hidden=\"true\" class=\"wp-block-spacer\"><\/div>\n\n<div class=\"wp-block-buttons is-horizontal is-content-justification-center is-layout-flex wp-container-core-buttons-is-layout-03627597 wp-block-buttons-is-layout-flex\">\n<div class=\"wp-block-button\"><a class=\"wp-block-button__link wp-element-button\" href=\"https:\/\/silla.industries\/shop\/\" style=\"border-radius:10px\" target=\"_blank\" rel=\"noreferrer noopener\">visita nuestra tienda<\/a><\/div>\n<\/div>\n","protected":false},"excerpt":{"rendered":"<p>En el caso de los sistemas equipados con un sistema de almacenamiento, Prisma var\u00eda su comportamiento en funci\u00f3n de c\u00f3mo est\u00e9 instalado; son posibles dos escenarios diferentes. Instalaci\u00f3n con prioridad a la acumulaci\u00f3n El Prisma se instala aguas arriba del sensor de almacenamiento, en cuyo caso el sistema de almacenamiento no detectar\u00e1 el consumo de Prisma. Instalaci\u00f3n con prioridad a la carga del coche El prisma se instala aguas abajo del sensor de almacenamiento. En esta configuraci\u00f3n, el Prisma tendr\u00e1 prioridad en el consumo de energ\u00eda solar sobre el sistema de almacenamiento, que s\u00f3lo empezar\u00e1 a cargarse cuando el coche deje de hacerlo porque su bater\u00eda est\u00e9 llena, o por l\u00edmites establecidos por el usuario.<\/p>\n","protected":false},"author":23,"featured_media":0,"parent":0,"menu_order":37,"comment_status":"closed","ping_status":"closed","template":"","meta":{"_uag_custom_page_level_css":"","footnotes":""},"class_list":["post-19806","page","type-page","status-publish","hentry"],"uagb_featured_image_src":{"full":false,"thumbnail":false,"medium":false,"medium_large":false,"large":false,"1536x1536":false,"2048x2048":false,"betterdocs-category-thumb":false,"post-thumbnail":false,"twentytwenty-fullscreen":false,"mailpoet_newsletter_max":false,"menu-26x26":false,"menu-36x36":false,"menu-48x48":false,"woocommerce_thumbnail":false,"woocommerce_single":false,"woocommerce_gallery_thumbnail":false},"uagb_author_info":{"display_name":"Valentina De Simone","author_link":"https:\/\/silla.industries\/es\/author\/valentina\/"},"uagb_comment_info":0,"uagb_excerpt":"En el caso de los sistemas equipados con un sistema de almacenamiento, Prisma var\u00eda su comportamiento en funci\u00f3n de c\u00f3mo est\u00e9 instalado; son posibles dos escenarios diferentes. Instalaci\u00f3n con prioridad a la acumulaci\u00f3n El Prisma se instala aguas arriba del sensor de almacenamiento, en cuyo caso el sistema de almacenamiento no detectar\u00e1 el consumo de...","_links":{"self":[{"href":"https:\/\/silla.industries\/es\/wp-json\/wp\/v2\/pages\/19806","targetHints":{"allow":["GET"]}}],"collection":[{"href":"https:\/\/silla.industries\/es\/wp-json\/wp\/v2\/pages"}],"about":[{"href":"https:\/\/silla.industries\/es\/wp-json\/wp\/v2\/types\/page"}],"author":[{"embeddable":true,"href":"https:\/\/silla.industries\/es\/wp-json\/wp\/v2\/users\/23"}],"replies":[{"embeddable":true,"href":"https:\/\/silla.industries\/es\/wp-json\/wp\/v2\/comments?post=19806"}],"version-history":[{"count":0,"href":"https:\/\/silla.industries\/es\/wp-json\/wp\/v2\/pages\/19806\/revisions"}],"wp:attachment":[{"href":"https:\/\/silla.industries\/es\/wp-json\/wp\/v2\/media?parent=19806"}],"curies":[{"name":"wp","href":"https:\/\/api.w.org\/{rel}","templated":true}]}}