{"id":19904,"date":"2023-03-17T09:57:55","date_gmt":"2023-03-17T08:57:55","guid":{"rendered":"https:\/\/silla.industries\/cluster-wallbox-silla-industries-prism-solar-2\/"},"modified":"2025-07-03T11:55:52","modified_gmt":"2025-07-03T09:55:52","slug":"cluster-wallbox-silla-industries-prism-solar-2","status":"publish","type":"page","link":"https:\/\/silla.industries\/es\/cluster-wallbox-silla-industries-prism-solar-2\/","title":{"rendered":"Prisma Solar en grapas"},"content":{"rendered":"\n<div style=\"height:50px\" aria-hidden=\"true\" class=\"wp-block-spacer\"><\/div>\n\n<p>Cargar varios veh\u00edculos el\u00e9ctricos juntos es posible. La instalaci\u00f3n m\u00faltiple (en racimo) de Prism Solar permite hacerlo sin intervenci\u00f3n invasiva.   <\/p>\n\n<h2 class=\"wp-block-heading\">\u00bfQu\u00e9 es una instalaci\u00f3n de bornes de recarga para VE?<\/h2>\n\n<p>Una <strong>instalaci\u00f3n de recarga<\/strong> es una estaci\u00f3n compuesta por varias <strong>bornas de recarga para veh\u00edculos el\u00e9ctricos<\/strong>, coordinadas entre s\u00ed para recargar varios veh\u00edculos al mismo tiempo.<\/p>\n\n<p>Es ideal para :<\/p>\n\n<ul class=\"wp-block-list\">\n<li><strong>Petits immeubles en copropri\u00e9t\u00e9<\/strong><\/li>\n\n\n\n<li><strong>Hoteles y alojamientos<\/strong><\/li>\n\n\n\n<li><strong>Aparcamientos de empresa para clientes o empleados<\/strong><\/li>\n<\/ul>\n\n<p>Especialmente \u00fatil en el caso de un edificio de apartamentos que s\u00f3lo tenga algunas unidades, de un hotel o de un aparcamiento de empresa que quiera poner la recarga a disposici\u00f3n de sus clientes o empleados. En este art\u00edculo examinaremos m\u00e1s detalladamente en qu\u00e9 consiste la<strong>instalaci\u00f3n de grava<\/strong> propuesta por Silla Industries.   <\/p>\n\n<h3 class=\"wp-block-heading\">Ventajas de las instalaciones m\u00faltiples con Prism Solar<\/h3>\n\n<p>Una soluci\u00f3n que debe ser :<\/p>\n\n<ul class=\"wp-block-list\">\n<li>instalaci\u00f3n discr\u00e8te,<\/li>\n\n\n\n<li>f\u00e1cil de usar.<\/li>\n<\/ul>\n\n<p>Recarga varios veh\u00edculos el\u00e9ctricos a la vez, ya sea en <a href=\"https:\/\/silla.industries\/ricaricare-a-casa\/\" data-type=\"page\" data-id=\"16069\">casa<\/a>, en una empresa o en un <a href=\"https:\/\/silla.industries\/la-ricarica-in-hotel\/\" data-type=\"page\" data-id=\"16052\">hotel<\/a>. Este es el objetivo de la instalaci\u00f3n m\u00faltiple.   <\/p>\n\n<p>Cada prisma solar que compone una estaci\u00f3n de carga conserva sus <a href=\"https:\/\/silla.industries\/prism-solar-trifase\/\" data-type=\"URL\" data-id=\"https:\/\/silla.industries\/prism-solar-trifase\/\" target=\"_blank\" rel=\"noreferrer noopener\">caracter\u00edsticas<\/a> de funcionamiento. Sin embargo, un \u00fanico prisma, el prisma <strong>principal<\/strong>, dirige la actividad de los prismas solares secundarios.   <\/p>\n\n<p>Como veremos en un instante, esta precisi\u00f3n es \u00fatil para comprender el funcionamiento de la instalaci\u00f3n m\u00faltiple.<\/p>\n\n<ul class=\"wp-block-list\">\n<li><a href=\"#5\" data-type=\"internal\" data-id=\"#5\">C\u00f3mo instalar hasta 5 cajas murales : Cluster5 de Silla Industries<\/a><\/li>\n\n\n\n<li><a href=\"#30\" data-type=\"internal\" data-id=\"#30\">La instalaci\u00f3n Cluster30 permite recargar hasta 30 veh\u00edculos el\u00e9ctricos<\/a><\/li>\n\n\n\n<li><a href=\"#horeca\" data-type=\"internal\" data-id=\"#horeca\">HoReCa by Silla Industries, el servicio dedicado a los comerciantes<\/a><\/li>\n<\/ul>\n\n<h2 class=\"wp-block-heading\" id=\"5\"><strong>Cluster5 de Silla Industries: hasta 5 prismas solares con captadores integrados<\/strong><\/h2>\n\n<p>En una instalaci\u00f3n que incluya hasta <strong>5 Prismas Solares<\/strong>, no es necesario a\u00f1adir accesorios adicionales. Se trata de los controladores amperom\u00e9tricos, ya incluidos en cada modelo de Prisma Solar, que dirigen la actividad y controlan la intensidad de la corriente el\u00e9ctrica utilizada hasta <strong>100 A<\/strong>.   <\/p>\n\n<p>Por lo tanto, el nivel de entrada de las <strong>instalaciones m\u00faltiples<\/strong> es muy f\u00e1cil de realizar y <em>no necesita material adicional<\/em>, que se adquiere por separado de las tiendas individuales.<\/p>\n\n<p><em>Como siempre, la instalaci\u00f3n debe ser realizada por personal cualificado y debe entregarse un certificado de conformidad.<\/em><\/p>\n\n<figure class=\"wp-block-image size-full\"><img fetchpriority=\"high\" decoding=\"async\" width=\"1024\" height=\"576\" src=\"https:\/\/silla.industries\/wp-content\/uploads\/2023\/03\/IMG-Infografica_Prism-Solar-Cluster.png\" alt=\"en quoi consiste la grappa solaire de silla industeries  \" class=\"wp-image-13904\" srcset=\"https:\/\/silla.industries\/wp-content\/uploads\/2023\/03\/IMG-Infografica_Prism-Solar-Cluster.png 1024w, https:\/\/silla.industries\/wp-content\/uploads\/2023\/03\/IMG-Infografica_Prism-Solar-Cluster-300x169.png 300w, https:\/\/silla.industries\/wp-content\/uploads\/2023\/03\/IMG-Infografica_Prism-Solar-Cluster-768x432.png 768w, https:\/\/silla.industries\/wp-content\/uploads\/2023\/03\/IMG-Infografica_Prism-Solar-Cluster-360x203.png 360w, https:\/\/silla.industries\/wp-content\/uploads\/2023\/03\/IMG-Infografica_Prism-Solar-Cluster-600x338.png 600w\" sizes=\"(max-width: 1024px) 100vw, 1024px\" \/><figcaption class=\"wp-element-caption\">Carga hasta 30 veh\u00edculos el\u00e9ctricos con una instalaci\u00f3n en grapa<\/figcaption><\/figure>\n\n<h2 class=\"wp-block-heading\" id=\"30\"><strong>Cluster30 : cargador para hasta 30 veh\u00edculos el\u00e9ctricos<\/strong><\/h2>\n\n<p><strong>Recarga hasta 30 coches el\u00e9ctricos<\/strong> con la tecnolog\u00eda Prism Solar. Este tipo de soluci\u00f3n se llama Cluster30.   <\/p>\n\n<p>En contraposici\u00f3n a la estaci\u00f3n base (m\u00e1x. 5 Prism Solar), requiere la compra de <em>un<\/em> conjunto <em>de condensadores con una capacidad m\u00e1xima de amperaje de 1000 A<\/em> (frente a los 100 A que soportan los condensadores ya suministrados).<\/p>\n\n<p>Dotados de caracter\u00edsticas f\u00edsicas diferentes, empezando por su mayor tama\u00f1o, los captores SENS1000 permiten al <strong>conjunto solar primario<\/strong> <strong>coordinar la actividad de los secundarios<\/strong> (hasta un m\u00e1ximo de otros 29) y gestionar una intensidad de corriente sostenida.<\/p>\n\n<p>I <strong><a href=\"https:\/\/silla.industries\/set-di-sensori-1000a\/\" target=\"_blank\" data-type=\"URL\" data-id=\"https:\/\/silla.industries\/set-di-sensori-1000a\/\" rel=\"noreferrer noopener\">SENS1000<\/a><\/strong> Por tanto, debes procurar que la instalaci\u00f3n m\u00faltiple sea eficaz y segura. Tambi\u00e9n es absolutamente necesario un instalador profesional para este tipo de instalaci\u00f3n.   <\/p>\n\n<figure class=\"wp-block-image size-large\"><img decoding=\"async\" width=\"1024\" height=\"684\" src=\"https:\/\/silla.industries\/wp-content\/uploads\/2023\/03\/IMG-sens1000_sensore100_cluster-1024x684.jpg\" alt=\"sens1000 capteur pour faire une grappe 30\" class=\"wp-image-13916\" srcset=\"https:\/\/silla.industries\/wp-content\/uploads\/2023\/03\/IMG-sens1000_sensore100_cluster-1024x684.jpg 1024w, https:\/\/silla.industries\/wp-content\/uploads\/2023\/03\/IMG-sens1000_sensore100_cluster-300x200.jpg 300w, https:\/\/silla.industries\/wp-content\/uploads\/2023\/03\/IMG-sens1000_sensore100_cluster-768x513.jpg 768w, https:\/\/silla.industries\/wp-content\/uploads\/2023\/03\/IMG-sens1000_sensore100_cluster-360x240.jpg 360w, https:\/\/silla.industries\/wp-content\/uploads\/2023\/03\/IMG-sens1000_sensore100_cluster-1536x1026.jpg 1536w, https:\/\/silla.industries\/wp-content\/uploads\/2023\/03\/IMG-sens1000_sensore100_cluster-2048x1368.jpg 2048w, https:\/\/silla.industries\/wp-content\/uploads\/2023\/03\/IMG-sens1000_sensore100_cluster-1200x802.jpg 1200w, https:\/\/silla.industries\/wp-content\/uploads\/2023\/03\/IMG-sens1000_sensore100_cluster-1980x1322.jpg 1980w, https:\/\/silla.industries\/wp-content\/uploads\/2023\/03\/IMG-sens1000_sensore100_cluster-1320x882.jpg 1320w, https:\/\/silla.industries\/wp-content\/uploads\/2023\/03\/IMG-sens1000_sensore100_cluster-600x401.jpg 600w\" sizes=\"(max-width: 1024px) 100vw, 1024px\" \/><figcaption class=\"wp-element-caption\">A la izquierda, el SENS1000, el controlador que controla la intensidad de corriente hasta 1000 A. A la derecha, un controlador con una capacidad de 100 A.   <\/figcaption><\/figure>\n\n<h2 class=\"wp-block-heading\" id=\"horeca\">Service HoReCa de Silla Industries, d\u00e9di\u00e9 aux d\u00e9taillants<\/h2>\n\n<p>El enriquecimiento de la oferta de servicios a los clientes es una ventaja competitiva interesante para los establecimientos de hosteler\u00eda y de ocio. Estos servicios complementarios incluyen la presencia de una o varias cabinas murales para recargar los veh\u00edculos.   <\/p>\n\n<p>El servicio <a href=\"https:\/\/silla.industries\/es\/service-horeca\/\" data-type=\"URL\" data-id=\"https:\/\/silla.industries\/servizio-horeca\/\" target=\"_blank\" rel=\"noreferrer noopener\">HoReCa<\/a> encuentra su mayor utilidad en el contexto de una instalaci\u00f3n m\u00faltiple, como Cluster5 o Cluster30.<\/p>\n\n<h3 class=\"wp-block-heading\">Funcionamiento del servicio HoReCa<\/h3>\n\n<p>Exclusivamente en combinaci\u00f3n con Prism Solar, el servicio HoReCa de Silla permite :<\/p>\n\n<ul class=\"wp-block-list\">\n<li>configurar un <strong>precio de venta por kWh<\/strong> para la energ\u00eda suministrada a sus clientes para la recarga de sus veh\u00edculos el\u00e9ctricos<\/li>\n\n\n\n<li>registrar y evaluar cada <strong>sesi\u00f3n de carga<\/strong> individual, indicando el total de kWh suministrados y el importe de la sesi\u00f3n individual<\/li>\n\n\n\n<li>la<strong> atribuci\u00f3n de cada sesi\u00f3n a un cliente<\/strong> (\u00fatil para habitaciones de hu\u00e9spedes u hoteles en los que el cliente permanece varios d\u00edas y utiliza varias veces el servicio de recarga)<\/li>\n\n\n\n<li>la agrupaci\u00f3n de varias sesiones de un mismo cliente para tener un \u00fanico total a cobrar (actividad posible para el comerciante en posesi\u00f3n del n\u00famero normal de TVA)<\/li>\n\n\n\n<li>imprimer un <strong>re\u00e7u non fiscal de la<\/strong> session(s) payante(s) d&#8217;un client (auquel un re\u00e7u ou une facture normale doit ensuite \u00eatre d\u00e9livr\u00e9)<\/li>\n\n\n\n<li>imprimir un historial de las sesiones de recarga proporcionadas por Prism Solar<\/li>\n<\/ul>\n\n<h2 class=\"wp-block-heading\">Prism Solar: gesti\u00f3n integrada para tu copropiedad, tu hotel o tu empresa<\/h2>\n\n<p>Sea cual sea tu contexto -hogar, hotel, empresa-, la instalaci\u00f3n en red de <strong>Prism Solar<\/strong> es la soluci\u00f3n perfecta para garantizar un <strong>acceso simult\u00e1neo a la recarga de VE<\/strong>, sin complejidad operativa.<\/p>\n\n<p>Ponte en contacto con nosotros ahora mismo para instalar un cargador de recarga para veh\u00edculos el\u00e9ctricos en tu entorno, tu empresa o tu domicilio, \u00a1y descubre todo el potencial del servicio complementario HoReCa!<\/p>\n\n<p><\/p>\n","protected":false},"excerpt":{"rendered":"<p>Ideal para entornos en los que varias personas necesitan recargar su veh\u00edculo. Por ejemplo, en una vivienda que s\u00f3lo tenga algunas unidades, en hoteles o en aparcamientos de empresas. M\u00e1s informaci\u00f3n sobre la instalaci\u00f3n de la red Prism Solar.    <\/p>\n","protected":false},"author":23,"featured_media":0,"parent":0,"menu_order":33,"comment_status":"closed","ping_status":"closed","template":"templates\/template-cover.php","meta":{"_uag_custom_page_level_css":"","footnotes":""},"class_list":["post-19904","page","type-page","status-publish","hentry"],"uagb_featured_image_src":{"full":false,"thumbnail":false,"medium":false,"medium_large":false,"large":false,"1536x1536":false,"2048x2048":false,"betterdocs-category-thumb":false,"post-thumbnail":false,"twentytwenty-fullscreen":false,"mailpoet_newsletter_max":false,"menu-26x26":false,"menu-36x36":false,"menu-48x48":false,"woocommerce_thumbnail":false,"woocommerce_single":false,"woocommerce_gallery_thumbnail":false},"uagb_author_info":{"display_name":"Valentina De Simone","author_link":"https:\/\/silla.industries\/es\/author\/valentina\/"},"uagb_comment_info":0,"uagb_excerpt":"Ideal para entornos en los que varias personas necesitan recargar su veh\u00edculo. Por ejemplo, en una vivienda que s\u00f3lo tenga algunas unidades, en hoteles o en aparcamientos de empresas. M\u00e1s informaci\u00f3n sobre la instalaci\u00f3n de la red Prism Solar.","_links":{"self":[{"href":"https:\/\/silla.industries\/es\/wp-json\/wp\/v2\/pages\/19904","targetHints":{"allow":["GET"]}}],"collection":[{"href":"https:\/\/silla.industries\/es\/wp-json\/wp\/v2\/pages"}],"about":[{"href":"https:\/\/silla.industries\/es\/wp-json\/wp\/v2\/types\/page"}],"author":[{"embeddable":true,"href":"https:\/\/silla.industries\/es\/wp-json\/wp\/v2\/users\/23"}],"replies":[{"embeddable":true,"href":"https:\/\/silla.industries\/es\/wp-json\/wp\/v2\/comments?post=19904"}],"version-history":[{"count":0,"href":"https:\/\/silla.industries\/es\/wp-json\/wp\/v2\/pages\/19904\/revisions"}],"wp:attachment":[{"href":"https:\/\/silla.industries\/es\/wp-json\/wp\/v2\/media?parent=19904"}],"curies":[{"name":"wp","href":"https:\/\/api.w.org\/{rel}","templated":true}]}}