{"id":21145,"date":"2023-09-14T09:25:12","date_gmt":"2023-09-14T07:25:12","guid":{"rendered":"https:\/\/silla.industries\/contact\/"},"modified":"2025-09-01T16:31:51","modified_gmt":"2025-09-01T14:31:51","slug":"contact","status":"publish","type":"page","link":"https:\/\/silla.industries\/es\/contact\/","title":{"rendered":"Ponte en contacto con"},"content":{"rendered":"\n<div class=\"wp-block-group is-content-justification-center\"><div class=\"wp-block-group__inner-container is-layout-constrained wp-container-core-group-is-layout-9364df04 wp-block-group-is-layout-constrained\">\n<h1 class=\"wp-block-heading\">Contactos<\/h1>\n\n\n\n<p>Para m\u00e1s informaci\u00f3n, ponte en contacto con nosotros en la siguiente direcci\u00f3n<\/p>\n\n\n\n<h5 class=\"wp-block-heading\"><a href=\"https:\/\/silla.industries\/es\/\">Industrias Silla<\/a><\/h5>\n\n\n\n<p><strong>Correo electr\u00f3nico<\/strong>: <a href=\"mailto:info@silla.industries\">info@silla.industries<\/a><br\/><strong>Direcci\u00f3n<\/strong>: Rue Della Meccanica 2\/A 35127 Padoue, PD<\/p>\n\n\n\n<div><iframe src=\"https:\/\/www.google.com\/maps\/embed?pb=!1m18!1m12!1m3!1d2801.3729095310587!2d11.931463576270584!3d45.4018192710729!2m3!1f0!2f0!3f0!3m2!1i1024!2i768!4f13.1!3m3!1m2!1s0x477ec52d551be97f%3A0x57ff914175c661ce!2sVia%20della%20Meccanica%2C%202%2FA%2C%2035127%20Padova%20PD%2C%20Italia!5e0!3m2!1sit!2sus!4v1694676275204!5m2!1sit!2sus\" width=\"70%\" height=\"450px\" style=\"border:0;\" allowfullscreen=\"\" loading=\"lazy\" referrerpolicy=\"no-referrer-when-downgrade\"><\/iframe><\/div>\n\n\n\n<p style=\"margin-top:var(--wp--preset--spacing--40)\"><strong>N\u00b0 de TVA<\/strong>: 04439570278<br\/><strong>N\u00b0 d&#8217;inscription au registre AEE<\/strong>: IT20060000012223<\/p>\n\n\n\n<p><em>Para informaci\u00f3n comercial:<br\/><\/em>email: <a href=\"mailto:vendite@silla.industries\">dales@silla.industries<\/a><\/p>\n\n\n\n<p><em>Para asistencia t\u00e9cnica:<br\/><\/em>web: <a href=\"https:\/\/silla.industries\/fr\/\">https:\/\/silla.industries<\/a><\/p>\n\n\n\n<p><em>Pour chatter avec nous:<\/em><br\/>whatsapp: <a href=\"https:\/\/wa.me\/393399907755\" data-type=\"link\" data-id=\"https:\/\/wa.me\/393399907755\" target=\"_blank\" rel=\"noopener\">+39 3399907755<\/a> (chat uniquement)<\/p>\n\n\n\n<p><em>Pour l&#8217;administration:<br\/><\/em>email: <a href=\"mailto:amministrazione@silla.industries\">amministrazione@silla.industries<\/a><\/p>\n\n\n\n<p><em>Heures:<\/em><br\/>Lundi, Mardi, Mercredi, Jeudi, Vendredi 08:00 - 17:00<\/p>\n<\/div><\/div>\n","protected":false},"excerpt":{"rendered":"<p>Contactos Para m\u00e1s informaci\u00f3n, ponte en contacto con nosotros en la siguiente direcci\u00f3n Industrias Silla Correo electr\u00f3nico: info@silla.industriesDirecci\u00f3n: Rue Della Meccanica 2\/A 35127 Padoue, PD N\u00b0 de TVA: 04439570278N\u00b0 d&#8217;inscription au registre AEE: IT20060000012223 Para informaci\u00f3n comercial:email: dales@silla.industries Para asistencia t\u00e9cnica:web: https:\/\/silla.industries Pour chatter avec nous:whatsapp: +39 3399907755 (chat uniquement) Pour l&#8217;administration:email: amministrazione@silla.industries Heures:Lundi, Mardi, Mercredi, Jeudi, Vendredi 08:00 - 17:00<\/p>\n","protected":false},"author":34,"featured_media":0,"parent":0,"menu_order":0,"comment_status":"closed","ping_status":"closed","template":"","meta":{"_uag_custom_page_level_css":"","footnotes":""},"class_list":["post-21145","page","type-page","status-publish","hentry"],"uagb_featured_image_src":{"full":false,"thumbnail":false,"medium":false,"medium_large":false,"large":false,"1536x1536":false,"2048x2048":false,"betterdocs-category-thumb":false,"post-thumbnail":false,"twentytwenty-fullscreen":false,"mailpoet_newsletter_max":false,"menu-26x26":false,"menu-36x36":false,"menu-48x48":false,"woocommerce_thumbnail":false,"woocommerce_single":false,"woocommerce_gallery_thumbnail":false},"uagb_author_info":{"display_name":"veroweb","author_link":"https:\/\/silla.industries\/es\/author\/veroweb\/"},"uagb_comment_info":0,"uagb_excerpt":"Contactos Para m\u00e1s informaci\u00f3n, ponte en contacto con nosotros en la siguiente direcci\u00f3n Industrias Silla Correo electr\u00f3nico: info@silla.industriesDirecci\u00f3n: Rue Della Meccanica 2\/A 35127 Padoue, PD N\u00b0 de TVA: 04439570278N\u00b0 d&#8217;inscription au registre AEE: IT20060000012223 Para informaci\u00f3n comercial:email: dales@silla.industries Para asistencia t\u00e9cnica:web: https:\/\/silla.industries Pour chatter avec nous:whatsapp: +39 3399907755 (chat uniquement) Pour l&#8217;administration:email: amministrazione@silla.industries Heures:Lundi, Mardi,...","_links":{"self":[{"href":"https:\/\/silla.industries\/es\/wp-json\/wp\/v2\/pages\/21145","targetHints":{"allow":["GET"]}}],"collection":[{"href":"https:\/\/silla.industries\/es\/wp-json\/wp\/v2\/pages"}],"about":[{"href":"https:\/\/silla.industries\/es\/wp-json\/wp\/v2\/types\/page"}],"author":[{"embeddable":true,"href":"https:\/\/silla.industries\/es\/wp-json\/wp\/v2\/users\/34"}],"replies":[{"embeddable":true,"href":"https:\/\/silla.industries\/es\/wp-json\/wp\/v2\/comments?post=21145"}],"version-history":[{"count":0,"href":"https:\/\/silla.industries\/es\/wp-json\/wp\/v2\/pages\/21145\/revisions"}],"wp:attachment":[{"href":"https:\/\/silla.industries\/es\/wp-json\/wp\/v2\/media?parent=21145"}],"curies":[{"name":"wp","href":"https:\/\/api.w.org\/{rel}","templated":true}]}}