{"id":22040,"date":"2025-11-12T12:10:13","date_gmt":"2025-11-12T11:10:13","guid":{"rendered":"https:\/\/silla.industries\/?page_id=22040"},"modified":"2025-12-10T13:07:12","modified_gmt":"2025-12-10T12:07:12","slug":"cadena-de-privacidad2","status":"publish","type":"page","link":"https:\/\/silla.industries\/es\/cadena-de-privacidad2\/","title":{"rendered":"Pol\u00edtica de privacidad de Chain2"},"content":{"rendered":"\t\t<div data-elementor-type=\"wp-page\" data-elementor-id=\"22040\" class=\"elementor elementor-22040 elementor-22037\">\n\t\t\t\t<div class=\"elementor-element elementor-element-14b26bd6 e-flex e-con-boxed wpr-particle-no wpr-jarallax-no wpr-parallax-no wpr-sticky-section-no wpr-equal-height-no e-con e-parent\" data-id=\"14b26bd6\" data-element_type=\"container\" data-e-type=\"container\">\n\t\t\t\t\t<div class=\"e-con-inner\">\n\t\t\t\t<div class=\"elementor-element elementor-element-daa03cf elementor-widget elementor-widget-text-editor\" data-id=\"daa03cf\" data-element_type=\"widget\" data-e-type=\"widget\" data-widget_type=\"text-editor.default\">\n\t\t\t\t\t\t\t\t\t\n<p><strong>Informaci\u00f3n de conformidad con el art\u00edculo 13 del Reglamento europeo 679\/2016 <\/strong><\/p>\n<p>Silla srl (C.F. y P.IVA 04439570278) con sede en Padua, via dell&#8217;Artigianato 9 (en adelante tambi\u00e9n denominada \"Silla\" o \"Responsable del tratamiento\"), en la persona de su representante legal pro tempore, te informa de que ha obtenido de ti datos que te conciernen y que son calificados como \"personales\" por el Reglamento UE 679\/2016.<\/p>\n<p>Dichos datos ser\u00e1n objeto de actividades de tratamiento por parte de Silla, de conformidad con el Reglamento antes mencionado, el Decreto Legislativo n.\u00ba 196\/2001 modificado por el Decreto Legislativo n.\u00ba 101 de 2018 (en lo sucesivo tambi\u00e9n denominado, para mayor brevedad, \"C\u00f3digo de Privacidad\") y la legislaci\u00f3n nacional de aplicaci\u00f3n posterior.  <\/p>\n<p>Con referencia a estos datos te informamos de lo siguiente:<\/p>\n<p>1) Silla es el Responsable del Tratamiento de acuerdo con el Reglamento UE 679\/2016. Los datos de contacto del Responsable del Tratamiento y de su representante legal pro tempore son los siguientes: info@silla.industries - Via dell&#8217;Artigianato, 9 - 35127 Padova (PD) <\/p>\n<p>2) Tus datos se procesan para los siguientes fines: a) cumplimiento de obligaciones contractuales asumidas por Silla; b) cumplimientos legales y fiscales relacionados con la ejecuci\u00f3n del contrato; c) publicidad respecto a los servicios ofrecidos por Silla  <\/p>\n<p>3) El tratamiento tiene base legal: a) en las disposiciones legales que imponen al Responsable obligaciones legales y fiscales relacionadas con la celebraci\u00f3n del contrato o, en cualquier caso, derivadas del mismo; b) en el contrato celebrado contigo, para que el Responsable pueda cumplir correctamente las obligaciones derivadas del mismo; c) en el inter\u00e9s leg\u00edtimo en promocionarte sus servicios; d) en el consentimiento que hayas dado, con especial referencia a los datos de consumo de energ\u00eda registrados por tu contador.   <\/p>\n<p>4) En relaci\u00f3n con los fines establecidos en el punto 2) de esta nota informativa, los datos podr\u00e1n incluir los siguientes posibles destinatarios: a) entidades de cr\u00e9dito; b) asesores fiscales, jur\u00eddicos y de la seguridad social; c) organismos de Hacienda y de la seguridad social; d) empresas que prestan al Responsable del tratamiento servicios inform\u00e1ticos (proveedores de servicios de correo, software de gesti\u00f3n et similia); e) empresas\/sociedades que operan en el \u00e1mbito de la recuperaci\u00f3n de cr\u00e9ditos y el factoring;    <\/p>\n<p>5) Al firmar esta nota informativa, das tu consentimiento para que el Responsable del Tratamiento, en el contexto de la realizaci\u00f3n de actividades de tratamiento mediante el uso de servicios inform\u00e1ticos (computaci\u00f3n en la nube, proveedores de servicios de correo, alojamiento web et similia), pueda transferir tambi\u00e9n tus datos personales a pa\u00edses no pertenecientes a la Uni\u00f3n Europea, respecto a los cuales la Comisi\u00f3n Europea haya emitido un dictamen de adecuaci\u00f3n relativo al nivel de protecci\u00f3n de los datos personales.<\/p>\n<p>6) Tus datos se conservar\u00e1n durante el tiempo necesario para la correcta ejecuci\u00f3n de las obligaciones contractuales contra\u00eddas por Silla contigo, y en cumplimiento de los plazos de conservaci\u00f3n establecidos por la legislaci\u00f3n italiana para los documentos fiscales. Con referencia espec\u00edfica a los datos relativos al consumo de energ\u00eda, dichos datos se conservar\u00e1n durante 12 meses, para fines de naturaleza exclusivamente diagn\u00f3stica relacionados con el producto que has adquirido. <\/p>\n<p>7) Tienes derecho a solicitar al Responsable del tratamiento, en las direcciones indicadas en el punto 1) de este aviso, la portabilidad de tus datos, el acceso y la rectificaci\u00f3n o supresi\u00f3n de tus datos personales o la limitaci\u00f3n del tratamiento de tus datos personales, o a oponerte al tratamiento. Sin embargo, la oposici\u00f3n o la negativa al tratamiento de los datos personales necesarios para el Responsable del tratamiento en relaci\u00f3n con la ejecuci\u00f3n del contrato y\/o las obligaciones legales, fiscales y de seguridad social relacionadas (como, por ejemplo: direcci\u00f3n, c\u00f3digo fiscal, n\u00famero de IVA, correo electr\u00f3nico), imposibilitar\u00e1 que Silla establezca, ejecute o mantenga de otro modo la relaci\u00f3n contractual. <\/p>\n<p>8) Tambi\u00e9n tienes derecho a revocar tu consentimiento al tratamiento en cualquier momento, sin que ello afecte a la legalidad del tratamiento basado en el consentimiento dado antes de la revocaci\u00f3n.<\/p>\n<p>9) Tienes derecho a presentar una reclamaci\u00f3n ante el Garante per la protezione dei dati personali.<\/p>\n<p>10) La divulgaci\u00f3n de tus datos personales, en relaci\u00f3n con los fines descritos en el punto 2 letras a) y b), es obligatoria en la medida en que sea necesaria para la ejecuci\u00f3n del contrato y el cumplimiento de las obligaciones legales de Silla.  <\/p>\n<p>Silla srl<\/p>\n\t\t\t\t\t\t\t\t<\/div>\n\t\t\t\t\t<\/div>\n\t\t\t\t<\/div>\n\t\t\t\t<\/div>\n\t\t","protected":false},"excerpt":{"rendered":"<p>Informaci\u00f3n de conformidad con el art\u00edculo 13 del Reglamento europeo 679\/2016 Silla srl (C.F. y P.IVA 04439570278) con sede en Padua, via dell&#8217;Artigianato 9 (en adelante tambi\u00e9n denominada \"Silla\" o \"Responsable del tratamiento\"), en la persona de su representante legal pro tempore, te informa de que ha obtenido de ti datos que te conciernen y que son calificados como \"personales\" por el Reglamento UE 679\/2016. Dichos datos ser\u00e1n objeto de actividades de tratamiento por parte de Silla, de conformidad con el Reglamento antes mencionado, el Decreto Legislativo n.\u00ba 196\/2001 modificado por el Decreto Legislativo n.\u00ba 101 de 2018 (en lo sucesivo tambi\u00e9n denominado, para mayor brevedad, \"C\u00f3digo de Privacidad\") y la legislaci\u00f3n nacional de aplicaci\u00f3n posterior. Con referencia a estos datos te informamos de lo siguiente: 1) Silla es el Responsable del Tratamiento de acuerdo con el Reglamento UE 679\/2016. Los datos de contacto del Responsable del Tratamiento y de su representante legal pro tempore son los siguientes: info@silla.industries - Via dell&#8217;Artigianato, 9 - 35127 Padova (PD) 2) Tus datos se procesan para los siguientes fines: a) cumplimiento de obligaciones contractuales asumidas por Silla; b) cumplimientos legales y fiscales relacionados con la ejecuci\u00f3n del contrato; c) publicidad respecto a los servicios ofrecidos por Silla 3) El tratamiento tiene base legal: a) en las disposiciones legales que imponen al Responsable obligaciones legales y fiscales relacionadas con la celebraci\u00f3n del contrato o, en cualquier caso, derivadas del mismo; b) en el contrato celebrado contigo, para que el Responsable pueda cumplir correctamente las obligaciones derivadas del mismo; c) en el inter\u00e9s leg\u00edtimo en promocionarte sus servicios; d) en el consentimiento que hayas dado, con especial referencia a los datos de consumo de energ\u00eda registrados por tu contador. 4) En relaci\u00f3n con los fines establecidos en el punto 2) de esta nota informativa, los datos podr\u00e1n incluir los siguientes posibles destinatarios: a) entidades de cr\u00e9dito; b) asesores fiscales, jur\u00eddicos y de la seguridad social; c) organismos de Hacienda y de la seguridad social; d) empresas que prestan al Responsable del tratamiento servicios inform\u00e1ticos (proveedores de servicios de correo, software de gesti\u00f3n et similia); e) empresas\/sociedades que operan en el \u00e1mbito de la recuperaci\u00f3n de cr\u00e9ditos y el factoring; 5) Al firmar esta nota informativa, das tu consentimiento para que el Responsable del Tratamiento, en el contexto de la realizaci\u00f3n de actividades de tratamiento mediante el uso de servicios inform\u00e1ticos (computaci\u00f3n en la nube, proveedores de servicios de correo, alojamiento web et similia), pueda transferir tambi\u00e9n tus datos personales a pa\u00edses no pertenecientes a la Uni\u00f3n Europea, respecto a los cuales la Comisi\u00f3n Europea haya emitido un dictamen de adecuaci\u00f3n relativo al nivel de protecci\u00f3n de los datos personales. 6) Tus datos se conservar\u00e1n durante el tiempo necesario para la correcta ejecuci\u00f3n de las obligaciones contractuales contra\u00eddas por Silla contigo, y en cumplimiento de los plazos de conservaci\u00f3n establecidos por la legislaci\u00f3n italiana para los documentos fiscales. Con referencia espec\u00edfica a los datos relativos al consumo de energ\u00eda, dichos datos se conservar\u00e1n durante 12 meses, para fines de naturaleza exclusivamente diagn\u00f3stica relacionados con el producto que has adquirido. 7) Tienes derecho a solicitar al Responsable del tratamiento, en las direcciones indicadas en el punto 1) de este aviso, la portabilidad de tus datos, el acceso y la rectificaci\u00f3n o supresi\u00f3n de tus datos personales o la limitaci\u00f3n del tratamiento de tus datos personales, o a oponerte al tratamiento. Sin embargo, la oposici\u00f3n o la negativa al tratamiento de los datos personales necesarios para el Responsable del tratamiento en relaci\u00f3n con la ejecuci\u00f3n del contrato y\/o las obligaciones legales, fiscales y de seguridad social relacionadas (como, por ejemplo: direcci\u00f3n, c\u00f3digo fiscal, n\u00famero de IVA, correo electr\u00f3nico), imposibilitar\u00e1 que Silla establezca, ejecute o mantenga de otro modo la relaci\u00f3n contractual. 8) Tambi\u00e9n tienes derecho a revocar tu consentimiento al tratamiento en cualquier momento, sin que ello afecte a la legalidad del tratamiento basado en el consentimiento dado antes de la revocaci\u00f3n. 9) Tienes derecho a presentar una reclamaci\u00f3n ante el Garante per la protezione dei dati personali. 10) La divulgaci\u00f3n de tus datos personales, en relaci\u00f3n con los fines descritos en el punto 2 letras a) y b), es obligatoria en la medida en que sea necesaria para la ejecuci\u00f3n del contrato y el cumplimiento de las obligaciones legales de Silla. Silla srl<\/p>\n","protected":false},"author":2,"featured_media":0,"parent":0,"menu_order":800,"comment_status":"closed","ping_status":"closed","template":"","meta":{"_uag_custom_page_level_css":"","footnotes":""},"class_list":["post-22040","page","type-page","status-publish","hentry"],"uagb_featured_image_src":{"full":false,"thumbnail":false,"medium":false,"medium_large":false,"large":false,"1536x1536":false,"2048x2048":false,"betterdocs-category-thumb":false,"post-thumbnail":false,"twentytwenty-fullscreen":false,"mailpoet_newsletter_max":false,"menu-26x26":false,"menu-36x36":false,"menu-48x48":false,"woocommerce_thumbnail":false,"woocommerce_single":false,"woocommerce_gallery_thumbnail":false},"uagb_author_info":{"display_name":"Alberto Stecca","author_link":"https:\/\/silla.industries\/es\/author\/alberto\/"},"uagb_comment_info":0,"uagb_excerpt":"Informaci\u00f3n de conformidad con el art\u00edculo 13 del Reglamento europeo 679\/2016 Silla srl (C.F. y P.IVA 04439570278) con sede en Padua, via dell&#8217;Artigianato 9 (en adelante tambi\u00e9n denominada \"Silla\" o \"Responsable del tratamiento\"), en la persona de su representante legal pro tempore, te informa de que ha obtenido de ti datos que te conciernen y...","_links":{"self":[{"href":"https:\/\/silla.industries\/es\/wp-json\/wp\/v2\/pages\/22040","targetHints":{"allow":["GET"]}}],"collection":[{"href":"https:\/\/silla.industries\/es\/wp-json\/wp\/v2\/pages"}],"about":[{"href":"https:\/\/silla.industries\/es\/wp-json\/wp\/v2\/types\/page"}],"author":[{"embeddable":true,"href":"https:\/\/silla.industries\/es\/wp-json\/wp\/v2\/users\/2"}],"replies":[{"embeddable":true,"href":"https:\/\/silla.industries\/es\/wp-json\/wp\/v2\/comments?post=22040"}],"version-history":[{"count":0,"href":"https:\/\/silla.industries\/es\/wp-json\/wp\/v2\/pages\/22040\/revisions"}],"wp:attachment":[{"href":"https:\/\/silla.industries\/es\/wp-json\/wp\/v2\/media?parent=22040"}],"curies":[{"name":"wp","href":"https:\/\/api.w.org\/{rel}","templated":true}]}}