{"id":19935,"date":"2023-09-15T07:56:46","date_gmt":"2023-09-15T05:56:46","guid":{"rendered":"https:\/\/silla.industries\/prism-solar-twin-monofase\/"},"modified":"2023-09-15T07:56:46","modified_gmt":"2023-09-15T05:56:46","slug":"prism-solar-twin-monofase","status":"publish","type":"product","link":"https:\/\/silla.industries\/es\/prism-solar-twin-monofase\/","title":{"rendered":"Prisma Solar Twin monof\u00e1sico"},"content":{"rendered":"<p>Prism Solar Twin Monof\u00e1sico comparte las mismas caracter\u00edsticas b\u00e1sicas con los dem\u00e1s productos de la gama <a href=\"https:\/\/silla.industries\/prism\/\">Prism<\/a>. Los distintos modelos se diferencian por el tipo de alimentaci\u00f3n (monof\u00e1sica o trif\u00e1sica). <\/p>\n<h4>Prisma Solar Twin Monof\u00e1sico - especificaciones t\u00e9cnicas:<\/h4>\n<p><strong>Es adecuado para cualquier contador monof\u00e1sico, de cualquier potencia.<\/strong><br \/>\nEsto significa que tambi\u00e9n puede conectarse a contadores de menor potencia (por ejemplo, 6 kW) y seguir permitiendo gestionar la carga de un coche el\u00e9ctrico, aunque obviamente s\u00f3lo hasta la potencia m\u00e1xima del contador del sistema. Pero cuando aumente la potencia disponible en el contador, Prism Solar Twin ya podr\u00e1 gestionar la nueva potencia. <\/p>\n<p><strong>Regula autom\u00e1ticamente el consumo para evitar la desconexi\u00f3n de la red.<\/strong><br \/>\nIndependientemente del contador instalado, Prism Solar Twin Monof\u00e1sico regula autom\u00e1ticamente la potencia enviada al coche, midiendo la energ\u00eda absorbida por el resto de la casa, de modo que el contador nunca interviene por sobrecargas provocadas por tu coche el\u00e9ctrico, evitando dejarte a oscuras. Los sensores necesarios para su funcionamiento ya est\u00e1n incluidos en el paquete. <\/p>\n<p><strong>Utiliza la energ\u00eda producida por un sistema solar para cargar tu coche.<\/strong><br \/>\nSi tienes un sistema fotovoltaico, ya sabes que la energ\u00eda producida en exceso de tu consumo se env\u00eda a la red. Prism Solar Twin Monof\u00e1sico es capaz de detectar este exceso de producci\u00f3n y utilizarlo para cargar tu coche el\u00e9ctrico en lugar de enviarlo a la red. <\/p>\n<p>Est\u00e1 equipado <strong>con salidas de cable integradas con un conector de Tipo 2.<\/strong><br \/>\n<a href=\"https:\/\/en.wikipedia.org\/wiki\/Type_2_connector\" target=\"_blank\" rel=\"noopener\">Los conectores de Tipo 2<\/a> son, de hecho, los est\u00e1ndar en Europa, sin problemas de compatibilidad. Y, por supuesto, un Prism Solar Twin monof\u00e1sico puede cargar coches equipados con un cargador de a bordo monof\u00e1sico, as\u00ed como coches equipados con un cargador de a bordo trif\u00e1sico (por supuesto, s\u00f3lo cargar\u00e1 en monof\u00e1sico hasta 7,4 kW). <\/p>\n<p><strong>Se gestiona mediante smartphone\/ordenador y a trav\u00e9s de la nube.<\/strong><br \/>\nPor supuesto, es necesario que Prism est\u00e9 conectado a Internet, lo que puede hacerse por cable o tambi\u00e9n por Wi-Fi si Prism puede alcanzar la se\u00f1al Wi-Fi dom\u00e9stica. E incluso si Prism no puede conectarse a Internet, siempre puede configurarse y utilizarse a trav\u00e9s de su Wi-Fi interna, a la que se puede acceder conect\u00e1ndose directamente a la Wi-Fi de Prism. <\/p>\n<p><strong>Funciona como repetidor de la red Wi-Fi.<\/strong><br \/>\nCuando el Prisma puede conectarse a Internet por Wi-Fi o por cable (red Ethernet), es posible utilizar el Prisma como repetidor de la se\u00f1al Wi-Fi para tener la conexi\u00f3n tambi\u00e9n en el garaje, por ejemplo, para poder actualizar el firmware del coche mientras se carga.<\/p>\n<p>Incluye <strong>dos lectores RFID bajo las tapas delanteras.<\/strong><br \/>\nEd tambi\u00e9n incluye dos dongles RFID que pueden utilizarse, por ejemplo, para iniciar la carga del coche en situaciones en las que no es posible (o no se desea) que la carga se inicie autom\u00e1ticamente al enchufar el conector al coche.<\/p>\n<p><strong>Ya est\u00e1 equipado con RCM (Monitor de Corriente Residual).<\/strong><br \/>\nNo es necesario a\u00f1adir esta protecci\u00f3n de corriente CA\/CC durante la instalaci\u00f3n, porque ya est\u00e1 presente en Prism Solar Twin Monof\u00e1sico, para garantizar la m\u00e1xima seguridad y minimizar los costes de instalaci\u00f3n.<\/p>\n<p>Se <strong>instala en el exterior y no teme el contacto con el agua.<\/strong><br \/>\nComo todos los componentes de la gama Prisma, la columna puede instalarse en el exterior. Prism no teme la exposici\u00f3n a la intrusi\u00f3n de l\u00edquidos y\/o part\u00edculas s\u00f3lidas (como el polvo).<br \/>\nEsto es gracias a una cubierta especialmente dise\u00f1ada. De hecho, el cuerpo de la tapa est\u00e1 cerrado por 12 tornillos, protegiendo las partes electr\u00f3nicas m\u00e1s sensibles.<br \/>\nLa clasificaci\u00f3n IP65 significa que el aparato est\u00e1 totalmente protegido contra la entrada de polvo, arena y cualquier peque\u00f1o cuerpo s\u00f3lido en general, as\u00ed como contra fuertes chorros de agua. <\/p>\n<p><strong>Gestiona los pagos<\/strong> de recargas <strong>a trav\u00e9s de<\/strong> charge.to.<strong>it<\/strong><br \/>\nCada estaci\u00f3n de recarga est\u00e1 equipada con un c\u00f3digo QR (uno por cada enchufe) que, al activar nuestro servicio charge.to.it, permite el pago de recargas in situ mediante tarjetas de cr\u00e9dito o pagos electr\u00f3nicos (opcional). Sin necesidad de unir circuitos, sin tarjetas que activar. M\u00e1s informaci\u00f3n sobre <a href=\"https:\/\/silla.industries\/es\/charge-to-it\/\">charge.to.it<\/a>.  <\/p>\n","protected":false},"excerpt":{"rendered":"<p>Columna de carga monof\u00e1sica de 230 V con 2 tomas de 7,4 kW cada una, incluso cuando se utilizan simult\u00e1neamente, equipada con cable y conector de Tipo 2:<\/p>\n<ul>\n<li>Es adecuado para cualquier contador monof\u00e1sico, sea cual sea la potencia<\/li>\n<li>Regula autom\u00e1ticamente el consumo para evitar la desconexi\u00f3n de la red<\/li>\n<li>Utiliza la energ\u00eda producida por una planta solar para recargar tu coche<\/li>\n<li>Se conecta a Internet mediante Wi-Fi o Ethernet (cable)<\/li>\n<li>Coloquios mediante MqTT u OCPP 1.6<\/li>\n<li>Se gestiona a trav\u00e9s del smartphone, el escritorio y la nube mediante <a href=\"https:\/\/my.silla.cloud\/\">my.silla.cloud<\/a><\/li>\n<li>Se suministra con cables y conectores de Tipo 2 (la norma en Europa)<\/li>\n<li>Se suministra con sensores para equilibrar la carga<\/li>\n<li>Equipado con lector RFID y suministrado con dos llaves RFID<\/li>\n<li>Resistente a la lluvia y a los chorros de agua, protecci\u00f3n IP65<\/li>\n<li>Cada punto de venta tiene su propio c\u00f3digo QR para la gesti\u00f3n del pago (opcional)<\/li>\n<li><a href=\"https:\/\/silla.industries\/es\/charge-to-it\/\">Carga.<\/a>compatible<\/li>\n<\/ul>\n","protected":false},"featured_media":19940,"template":"","meta":{"_uag_custom_page_level_css":""},"product_brand":[],"product_cat":[1372,1373],"product_tag":[1380,1378,1379,1383,1376,1375,1377],"class_list":{"0":"post-19935","1":"product","2":"type-product","3":"status-publish","4":"has-post-thumbnail","6":"product_cat-prisma-solar-es","7":"product_cat-prisma-solar-gemelo","8":"product_tag-equilibrio-de-carga","9":"product_tag-ethernet-es","10":"product_tag-fotovoltaica","11":"product_tag-monofasico","12":"product_tag-ocpp-es","13":"product_tag-solar-es","14":"product_tag-wifi-es","15":"product_shipping_class-prisma-twin","17":"first","18":"instock","19":"taxable","20":"shipping-taxable","21":"purchasable","22":"product-type-simple"},"uagb_featured_image_src":{"full":["https:\/\/silla.industries\/wp-content\/uploads\/2023\/09\/Prism-Solar-Twin-monofase.jpg",1216,1216,false],"thumbnail":["https:\/\/silla.industries\/wp-content\/uploads\/2023\/09\/Prism-Solar-Twin-monofase-150x150.jpg",150,150,true],"medium":["https:\/\/silla.industries\/wp-content\/uploads\/2023\/09\/Prism-Solar-Twin-monofase-300x300.jpg",300,300,true],"medium_large":["https:\/\/silla.industries\/wp-content\/uploads\/2023\/09\/Prism-Solar-Twin-monofase-768x768.jpg",700,700,true],"large":["https:\/\/silla.industries\/wp-content\/uploads\/2023\/09\/Prism-Solar-Twin-monofase-1024x1024.jpg",700,700,true],"1536x1536":["https:\/\/silla.industries\/wp-content\/uploads\/2023\/09\/Prism-Solar-Twin-monofase.jpg",1216,1216,false],"2048x2048":["https:\/\/silla.industries\/wp-content\/uploads\/2023\/09\/Prism-Solar-Twin-monofase.jpg",1216,1216,false],"betterdocs-category-thumb":["https:\/\/silla.industries\/wp-content\/uploads\/2023\/09\/Prism-Solar-Twin-monofase.jpg",360,360,false],"post-thumbnail":["https:\/\/silla.industries\/wp-content\/uploads\/2023\/09\/Prism-Solar-Twin-monofase-1200x1200.jpg",1200,1200,true],"twentytwenty-fullscreen":["https:\/\/silla.industries\/wp-content\/uploads\/2023\/09\/Prism-Solar-Twin-monofase.jpg",1216,1216,false],"mailpoet_newsletter_max":["https:\/\/silla.industries\/wp-content\/uploads\/2023\/09\/Prism-Solar-Twin-monofase.jpg",1216,1216,false],"menu-26x26":["https:\/\/silla.industries\/wp-content\/uploads\/2023\/09\/Prism-Solar-Twin-monofase.jpg",26,26,false],"menu-36x36":["https:\/\/silla.industries\/wp-content\/uploads\/2023\/09\/Prism-Solar-Twin-monofase.jpg",36,36,false],"menu-48x48":["https:\/\/silla.industries\/wp-content\/uploads\/2023\/09\/Prism-Solar-Twin-monofase.jpg",48,48,false],"woocommerce_thumbnail":["https:\/\/silla.industries\/wp-content\/uploads\/2023\/09\/Prism-Solar-Twin-monofase-450x450.jpg",450,450,true],"woocommerce_single":["https:\/\/silla.industries\/wp-content\/uploads\/2023\/09\/Prism-Solar-Twin-monofase-600x600.jpg",600,600,true],"woocommerce_gallery_thumbnail":["https:\/\/silla.industries\/wp-content\/uploads\/2023\/09\/Prism-Solar-Twin-monofase-100x100.jpg",100,100,true]},"uagb_author_info":{"display_name":"Valentina De Simone","author_link":"https:\/\/silla.industries\/es\/author\/"},"uagb_comment_info":0,"uagb_excerpt":"Columna de carga monof\u00e1sica de 230 V con 2 tomas de 7,4 kW cada una, incluso cuando se utilizan simult\u00e1neamente, equipada con cable y conector de Tipo 2: Es adecuado para cualquier contador monof\u00e1sico, sea cual sea la potencia Regula autom\u00e1ticamente el consumo para evitar la desconexi\u00f3n de la red Utiliza la energ\u00eda producida por...","_links":{"self":[{"href":"https:\/\/silla.industries\/es\/wp-json\/wp\/v2\/product\/19935","targetHints":{"allow":["GET"]}}],"collection":[{"href":"https:\/\/silla.industries\/es\/wp-json\/wp\/v2\/product"}],"about":[{"href":"https:\/\/silla.industries\/es\/wp-json\/wp\/v2\/types\/product"}],"wp:featuredmedia":[{"embeddable":true,"href":"https:\/\/silla.industries\/es\/wp-json\/wp\/v2\/media\/19940"}],"wp:attachment":[{"href":"https:\/\/silla.industries\/es\/wp-json\/wp\/v2\/media?parent=19935"}],"wp:term":[{"taxonomy":"product_brand","embeddable":true,"href":"https:\/\/silla.industries\/es\/wp-json\/wp\/v2\/product_brand?post=19935"},{"taxonomy":"product_cat","embeddable":true,"href":"https:\/\/silla.industries\/es\/wp-json\/wp\/v2\/product_cat?post=19935"},{"taxonomy":"product_tag","embeddable":true,"href":"https:\/\/silla.industries\/es\/wp-json\/wp\/v2\/product_tag?post=19935"}],"curies":[{"name":"wp","href":"https:\/\/api.w.org\/{rel}","templated":true}]}}