{"id":19941,"date":"2023-03-01T14:20:47","date_gmt":"2023-03-01T13:20:47","guid":{"rendered":"https:\/\/silla.industries\/totem\/"},"modified":"2023-03-01T14:20:47","modified_gmt":"2023-03-01T13:20:47","slug":"totem","status":"publish","type":"product","link":"https:\/\/silla.industries\/es\/totem\/","title":{"rendered":"T\u00f3tem"},"content":{"rendered":"<p><strong>Instalaci\u00f3n vers\u00e1til: al aire libre, en agrupaciones y en la pared.<\/strong><br \/>\nEn funci\u00f3n de los requisitos de destino, espacio y uso, Totem se adapta a distintos modos de instalaci\u00f3n. Puede instalarse al aire libre y en suelo p\u00fablico, ya que viene con caracter\u00edsticas antivand\u00e1licas.<br \/>\nEn agrupaciones, para crear una estaci\u00f3n de carga m\u00faltiple.<br \/>\nEn paredes, ya que todos los componentes electr\u00f3nicos est\u00e1n situados en la parte superior del cuerpo, que puede desmontarse e instalarse como caja mural. <\/p>\n<p><strong>Regula autom\u00e1ticamente el consumo para evitar<\/strong> desconexiones de <strong>la red.<\/strong><br \/>\nIndependientemente del contador utilizado, Totem regula autom\u00e1ticamente la potencia enviada al coche, midiendo la energ\u00eda absorbida y evitando desconexiones.<\/p>\n<p>Est\u00e1 equipado con <strong>una toma de tipo 2S con obturador.<\/strong><br \/>\n<a class=\"ql-link\" href=\"https:\/\/en.wikipedia.org\/wiki\/Type_2_connector\" target=\"_blank\" rel=\"noopener noreferrer\">Los conectores de tipo 2<\/a> son la norma de facto en Europa, no hay problemas de compatibilidad. Y, por supuesto, Totem puede recargar tanto coches equipados con un cargador trif\u00e1sico de a bordo como coches equipados con un cargador monof\u00e1sico de a bordo. La presencia del obturador es una garant\u00eda m\u00e1s de seguridad en el uso y de prevenci\u00f3n de da\u00f1os por perturbaciones externas.  <\/p>\n<p><strong>Se gestiona mediante smartphone\/ordenador y a trav\u00e9s de la nube.<\/strong><br \/>\nNaturalmente, Totem necesita estar conectado a Internet, que puede ser mediante cable Ethernet, mediante Wi-Fi o GSM opcional. E incluso si Totem no puede conectarse a Internet, siempre puede configurarse y utilizarse a trav\u00e9s de su Wi-Fi interna, a la que puedes acceder conect\u00e1ndote directamente al Wi-Fi de Totem. <\/p>\n<p>Incluye un lector RFID <strong>bajo la<\/strong> cubierta frontal.<br \/>\nLa cubierta frontal incluye un lector RFID, que permite la identificaci\u00f3n del usuario mediante el uso de tarjetas RFID.<\/p>\n<p><strong>Ya est\u00e1 equipado con RCM (Monitor de Corriente Residual).<\/strong><br \/>\nNo es necesario a\u00f1adir esta protecci\u00f3n de corriente CA\/CC durante la instalaci\u00f3n, porque ya est\u00e1 presente en Totem, para una seguridad m\u00e1xima y para minimizar los costes de instalaci\u00f3n.<\/p>\n","protected":false},"excerpt":{"rendered":"<p class=\"ql-block\" data-block-id=\"block-820f1dbf-9508-4ffd-a19e-cf860cc2a02c\">Estaci\u00f3n de carga de CA apta para su instalaci\u00f3n en suelo p\u00fablico:<\/p>\n<ul>\n<li>Equipada con 2 tomas de corriente con obturador de seguridad, de 22 kW cada una.<\/li>\n<li>Equipado con enchufe de tipo 2S con obturador.<\/li>\n<li>Puede suministrar 44 kW cuando s\u00f3lo se utiliza una toma.<\/li>\n<li>Equipado con 2 l\u00edneas de alimentaci\u00f3n independientes.<\/li>\n<li>Con m\u00f3dulo de desbloqueo integrado para accionar una bobina de protecci\u00f3n.<\/li>\n<li>Se conecta a Internet mediante Wi-Fi, GSM (opcional) o red Ethernet.<\/li>\n<li>Completo con pantalla matricial de LED.<\/li>\n<li>Lector RFID incorporado para identificaci\u00f3n.<\/li>\n<li>S\u00f3lo disponible en versi\u00f3n trif\u00e1sica.<\/li>\n<li>Resistente a la lluvia y a los chorros de agua, protecci\u00f3n IP55.<\/li>\n<li>Est\u00e1ndar json OCPP 1.6, MQTT y API propietaria.<\/li>\n<li>Equipado con RCM (Monitor de Corriente Residual).<\/li>\n<\/ul>\n","protected":false},"featured_media":19949,"template":"","meta":{"_uag_custom_page_level_css":""},"product_brand":[],"product_cat":[1384],"product_tag":[1385,1386,1388,1387,1391,1390,1389],"class_list":{"0":"post-19941","1":"product","2":"type-product","3":"status-publish","4":"has-post-thumbnail","6":"product_cat-totem-es","7":"product_tag-cargador","8":"product_tag-cargador-de-coche","9":"product_tag-cargador-de-doble-salida","10":"product_tag-cargador-de-pared","11":"product_tag-cargador-ev","12":"product_tag-columna-de-carga","13":"product_tag-recarga-de-vehiculos-electricos","15":"first","16":"outofstock","17":"taxable","18":"shipping-taxable","19":"product-type-simple"},"uagb_featured_image_src":{"full":["https:\/\/silla.industries\/wp-content\/uploads\/2023\/03\/IMG-Silla_Totem_front-2048.jpg",2048,1368,false],"thumbnail":["https:\/\/silla.industries\/wp-content\/uploads\/2023\/03\/IMG-Silla_Totem_front-2048-150x150.jpg",150,150,true],"medium":["https:\/\/silla.industries\/wp-content\/uploads\/2023\/03\/IMG-Silla_Totem_front-2048-300x200.jpg",300,200,true],"medium_large":["https:\/\/silla.industries\/wp-content\/uploads\/2023\/03\/IMG-Silla_Totem_front-2048-768x513.jpg",700,468,true],"large":["https:\/\/silla.industries\/wp-content\/uploads\/2023\/03\/IMG-Silla_Totem_front-2048-1024x684.jpg",700,468,true],"1536x1536":["https:\/\/silla.industries\/wp-content\/uploads\/2023\/03\/IMG-Silla_Totem_front-2048-1536x1026.jpg",1536,1026,true],"2048x2048":["https:\/\/silla.industries\/wp-content\/uploads\/2023\/03\/IMG-Silla_Totem_front-2048.jpg",2048,1368,false],"betterdocs-category-thumb":["https:\/\/silla.industries\/wp-content\/uploads\/2023\/03\/IMG-Silla_Totem_front-2048-360x240.jpg",360,240,true],"post-thumbnail":["https:\/\/silla.industries\/wp-content\/uploads\/2023\/03\/IMG-Silla_Totem_front-2048-1200x802.jpg",1200,802,true],"twentytwenty-fullscreen":["https:\/\/silla.industries\/wp-content\/uploads\/2023\/03\/IMG-Silla_Totem_front-2048-1980x1323.jpg",1980,1323,true],"mailpoet_newsletter_max":["https:\/\/silla.industries\/wp-content\/uploads\/2023\/03\/IMG-Silla_Totem_front-2048-1320x882.jpg",1320,882,true],"menu-26x26":["https:\/\/silla.industries\/wp-content\/uploads\/2023\/03\/IMG-Silla_Totem_front-2048.jpg",26,17,false],"menu-36x36":["https:\/\/silla.industries\/wp-content\/uploads\/2023\/03\/IMG-Silla_Totem_front-2048.jpg",36,24,false],"menu-48x48":["https:\/\/silla.industries\/wp-content\/uploads\/2023\/03\/IMG-Silla_Totem_front-2048.jpg",48,32,false],"woocommerce_thumbnail":["https:\/\/silla.industries\/wp-content\/uploads\/2023\/03\/IMG-Silla_Totem_front-2048-450x450.jpg",450,450,true],"woocommerce_single":["https:\/\/silla.industries\/wp-content\/uploads\/2023\/03\/IMG-Silla_Totem_front-2048-600x401.jpg",600,401,true],"woocommerce_gallery_thumbnail":["https:\/\/silla.industries\/wp-content\/uploads\/2023\/03\/IMG-Silla_Totem_front-2048-100x100.jpg",100,100,true]},"uagb_author_info":{"display_name":"Valentina De Simone","author_link":"https:\/\/silla.industries\/es\/author\/"},"uagb_comment_info":0,"uagb_excerpt":"Estaci\u00f3n de carga de CA apta para su instalaci\u00f3n en suelo p\u00fablico: Equipada con 2 tomas de corriente con obturador de seguridad, de 22 kW cada una. Equipado con enchufe de tipo 2S con obturador. Puede suministrar 44 kW cuando s\u00f3lo se utiliza una toma. Equipado con 2 l\u00edneas de alimentaci\u00f3n independientes. Con m\u00f3dulo de...","_links":{"self":[{"href":"https:\/\/silla.industries\/es\/wp-json\/wp\/v2\/product\/19941","targetHints":{"allow":["GET"]}}],"collection":[{"href":"https:\/\/silla.industries\/es\/wp-json\/wp\/v2\/product"}],"about":[{"href":"https:\/\/silla.industries\/es\/wp-json\/wp\/v2\/types\/product"}],"wp:featuredmedia":[{"embeddable":true,"href":"https:\/\/silla.industries\/es\/wp-json\/wp\/v2\/media\/19949"}],"wp:attachment":[{"href":"https:\/\/silla.industries\/es\/wp-json\/wp\/v2\/media?parent=19941"}],"wp:term":[{"taxonomy":"product_brand","embeddable":true,"href":"https:\/\/silla.industries\/es\/wp-json\/wp\/v2\/product_brand?post=19941"},{"taxonomy":"product_cat","embeddable":true,"href":"https:\/\/silla.industries\/es\/wp-json\/wp\/v2\/product_cat?post=19941"},{"taxonomy":"product_tag","embeddable":true,"href":"https:\/\/silla.industries\/es\/wp-json\/wp\/v2\/product_tag?post=19941"}],"curies":[{"name":"wp","href":"https:\/\/api.w.org\/{rel}","templated":true}]}}