{"id":19959,"date":"2021-10-02T16:01:59","date_gmt":"2021-10-02T14:01:59","guid":{"rendered":"https:\/\/silla.industries\/palo-di-supporto-per-prism\/"},"modified":"2021-10-02T16:01:59","modified_gmt":"2021-10-02T14:01:59","slug":"palo-di-supporto-per-prism","status":"publish","type":"product","link":"https:\/\/silla.industries\/es\/palo-di-supporto-per-prism\/","title":{"rendered":"Poste de apoyo bifacial para Prisma"},"content":{"rendered":"<p>Poste soporte para montaje en el suelo de uno o dos Prism Basic, Prism Solar Monof\u00e1sico o Prism Solar Trif\u00e1sico.<\/p>\n","protected":false},"excerpt":{"rendered":"<p>Poste de soporte para montaje en el suelo:<\/p>\n<ul>\n<li>Permite montar 1 \u00f3 2 columnas de carga Prisma<\/li>\n<li>Adecuado para Prism Basic, Prism Solar Monof\u00e1sico y Prism Solar Trif\u00e1sico<\/li>\n<li>Con elevaci\u00f3n para soporte de cable y conector<\/li>\n<li>Se suministra con tornillos para fijar el Prisma al poste<\/li>\n<li>Preparado para montar un segundo Prisma, con los tornillos suministrados<\/li>\n<li>Dimensiones del poste mm. 50 x 150 h.1340<\/li>\n<li>Peso 12 kg<\/li>\n<li>Dimensiones de la base de fijaci\u00f3n mm. 200 x 250<\/li>\n<li>Nota: NO se suministra con tacos para fijar la base al suelo.<\/li>\n<\/ul>\n","protected":false},"featured_media":19981,"template":"","meta":{"_uag_custom_page_level_css":""},"product_brand":[],"product_cat":[1400],"product_tag":[1404,1394,1390,1403],"class_list":{"0":"post-19959","1":"product","2":"type-product","3":"status-publish","4":"has-post-thumbnail","6":"product_cat-accesorios","7":"product_tag-ayuda","8":"product_tag-caja-mural","9":"product_tag-columna-de-carga","10":"product_tag-prisma","11":"product_shipping_class-poste-de-apoyo","13":"first","14":"instock","15":"taxable","16":"shipping-taxable","17":"purchasable","18":"product-type-simple"},"uagb_featured_image_src":{"full":["https:\/\/silla.industries\/wp-content\/uploads\/2023\/01\/IMG-Palo_di_supporto_bi_facciale_1-1600x1600-1.jpg",1600,1600,false],"thumbnail":["https:\/\/silla.industries\/wp-content\/uploads\/2023\/01\/IMG-Palo_di_supporto_bi_facciale_1-1600x1600-1-150x150.jpg",150,150,true],"medium":["https:\/\/silla.industries\/wp-content\/uploads\/2023\/01\/IMG-Palo_di_supporto_bi_facciale_1-1600x1600-1-300x300.jpg",300,300,true],"medium_large":["https:\/\/silla.industries\/wp-content\/uploads\/2023\/01\/IMG-Palo_di_supporto_bi_facciale_1-1600x1600-1-768x768.jpg",700,700,true],"large":["https:\/\/silla.industries\/wp-content\/uploads\/2023\/01\/IMG-Palo_di_supporto_bi_facciale_1-1600x1600-1-1024x1024.jpg",700,700,true],"1536x1536":["https:\/\/silla.industries\/wp-content\/uploads\/2023\/01\/IMG-Palo_di_supporto_bi_facciale_1-1600x1600-1-1536x1536.jpg",1536,1536,true],"2048x2048":["https:\/\/silla.industries\/wp-content\/uploads\/2023\/01\/IMG-Palo_di_supporto_bi_facciale_1-1600x1600-1.jpg",1600,1600,false],"betterdocs-category-thumb":["https:\/\/silla.industries\/wp-content\/uploads\/2023\/01\/IMG-Palo_di_supporto_bi_facciale_1-1600x1600-1-360x360.jpg",360,360,true],"post-thumbnail":["https:\/\/silla.industries\/wp-content\/uploads\/2023\/01\/IMG-Palo_di_supporto_bi_facciale_1-1600x1600-1-1200x1200.jpg",1200,1200,true],"twentytwenty-fullscreen":["https:\/\/silla.industries\/wp-content\/uploads\/2023\/01\/IMG-Palo_di_supporto_bi_facciale_1-1600x1600-1.jpg",1600,1600,false],"mailpoet_newsletter_max":["https:\/\/silla.industries\/wp-content\/uploads\/2023\/01\/IMG-Palo_di_supporto_bi_facciale_1-1600x1600-1-1320x1320.jpg",1320,1320,true],"menu-26x26":["https:\/\/silla.industries\/wp-content\/uploads\/2023\/01\/IMG-Palo_di_supporto_bi_facciale_1-1600x1600-1.jpg",26,26,false],"menu-36x36":["https:\/\/silla.industries\/wp-content\/uploads\/2023\/01\/IMG-Palo_di_supporto_bi_facciale_1-1600x1600-1.jpg",36,36,false],"menu-48x48":["https:\/\/silla.industries\/wp-content\/uploads\/2023\/01\/IMG-Palo_di_supporto_bi_facciale_1-1600x1600-1.jpg",48,48,false],"woocommerce_thumbnail":["https:\/\/silla.industries\/wp-content\/uploads\/2023\/01\/IMG-Palo_di_supporto_bi_facciale_1-1600x1600-1-450x450.jpg",450,450,true],"woocommerce_single":["https:\/\/silla.industries\/wp-content\/uploads\/2023\/01\/IMG-Palo_di_supporto_bi_facciale_1-1600x1600-1-600x600.jpg",600,600,true],"woocommerce_gallery_thumbnail":["https:\/\/silla.industries\/wp-content\/uploads\/2023\/01\/IMG-Palo_di_supporto_bi_facciale_1-1600x1600-1-100x100.jpg",100,100,true]},"uagb_author_info":{"display_name":"Valentina De Simone","author_link":"https:\/\/silla.industries\/es\/author\/"},"uagb_comment_info":0,"uagb_excerpt":"Poste de soporte para montaje en el suelo: Permite montar 1 \u00f3 2 columnas de carga Prisma Adecuado para Prism Basic, Prism Solar Monof\u00e1sico y Prism Solar Trif\u00e1sico Con elevaci\u00f3n para soporte de cable y conector Se suministra con tornillos para fijar el Prisma al poste Preparado para montar un segundo Prisma, con los tornillos...","_links":{"self":[{"href":"https:\/\/silla.industries\/es\/wp-json\/wp\/v2\/product\/19959","targetHints":{"allow":["GET"]}}],"collection":[{"href":"https:\/\/silla.industries\/es\/wp-json\/wp\/v2\/product"}],"about":[{"href":"https:\/\/silla.industries\/es\/wp-json\/wp\/v2\/types\/product"}],"wp:featuredmedia":[{"embeddable":true,"href":"https:\/\/silla.industries\/es\/wp-json\/wp\/v2\/media\/19981"}],"wp:attachment":[{"href":"https:\/\/silla.industries\/es\/wp-json\/wp\/v2\/media?parent=19959"}],"wp:term":[{"taxonomy":"product_brand","embeddable":true,"href":"https:\/\/silla.industries\/es\/wp-json\/wp\/v2\/product_brand?post=19959"},{"taxonomy":"product_cat","embeddable":true,"href":"https:\/\/silla.industries\/es\/wp-json\/wp\/v2\/product_cat?post=19959"},{"taxonomy":"product_tag","embeddable":true,"href":"https:\/\/silla.industries\/es\/wp-json\/wp\/v2\/product_tag?post=19959"}],"curies":[{"name":"wp","href":"https:\/\/api.w.org\/{rel}","templated":true}]}}