{"id":19983,"date":"2022-02-14T18:52:13","date_gmt":"2022-02-14T17:52:13","guid":{"rendered":"https:\/\/silla.industries\/set-di-10-card-rfid\/"},"modified":"2025-11-03T11:58:29","modified_gmt":"2025-11-03T10:58:29","slug":"set-di-card-rfid","status":"publish","type":"product","link":"https:\/\/silla.industries\/es\/set-di-card-rfid\/","title":{"rendered":"Juego de tarjetas RFID"},"content":{"rendered":"<p>Conjunto de tarjetas RFID compatibles con Prism Solar y Prism Solar S para la autenticaci\u00f3n de usuarios.<\/p>\n","protected":false},"excerpt":{"rendered":"<p>Paquetes de tarjetas RFID de 3 \u00f3 10 unidades:<\/p>\n<ul>\n<li>Compatible con todos los Prismas Solares <a href=\"https:\/\/silla.industries\/prism-solar-rfid-trifase\/\">monof\u00e1sicos y trif\u00e1sicos<\/a> para la autentificaci\u00f3n de usuarios (por ejemplo, para su uso con <a href=\"https:\/\/silla.industries\/es\/service-horeca\/\" target=\"_blank\" rel=\"noopener\">el Servicio HoReCa<\/a>)<\/li>\n<li>Con espacio para notas<\/li>\n<li>Asociaci\u00f3n con Prisma Solar, o un Cl\u00faster Prisma, a trav\u00e9s del portal <a href=\"https:\/\/my.silla.cloud\/\" target=\"_blank\" rel=\"noopener\">Mi Silla<\/a><\/li>\n<\/ul>\n","protected":false},"featured_media":19992,"template":"","meta":{"_uag_custom_page_level_css":""},"product_brand":[],"product_cat":[1400],"product_tag":[1409,1408,1410,1406,1407],"class_list":{"0":"post-19983","1":"product","2":"type-product","3":"status-publish","4":"has-post-thumbnail","6":"product_cat-accesorios","7":"product_tag-accesorios","8":"product_tag-configura","9":"product_tag-horeca-es","10":"product_tag-rfid-es","11":"product_tag-tarjeta","13":"first","14":"instock","15":"taxable","16":"shipping-taxable","17":"purchasable","18":"product-type-variable"},"uagb_featured_image_src":{"full":["https:\/\/silla.industries\/wp-content\/uploads\/2023\/01\/IMG-Gruppo_tessere_rfid-1600x1600-1.jpg",1600,1600,false],"thumbnail":["https:\/\/silla.industries\/wp-content\/uploads\/2023\/01\/IMG-Gruppo_tessere_rfid-1600x1600-1-150x150.jpg",150,150,true],"medium":["https:\/\/silla.industries\/wp-content\/uploads\/2023\/01\/IMG-Gruppo_tessere_rfid-1600x1600-1-300x300.jpg",300,300,true],"medium_large":["https:\/\/silla.industries\/wp-content\/uploads\/2023\/01\/IMG-Gruppo_tessere_rfid-1600x1600-1-768x768.jpg",700,700,true],"large":["https:\/\/silla.industries\/wp-content\/uploads\/2023\/01\/IMG-Gruppo_tessere_rfid-1600x1600-1-1024x1024.jpg",700,700,true],"1536x1536":["https:\/\/silla.industries\/wp-content\/uploads\/2023\/01\/IMG-Gruppo_tessere_rfid-1600x1600-1-1536x1536.jpg",1536,1536,true],"2048x2048":["https:\/\/silla.industries\/wp-content\/uploads\/2023\/01\/IMG-Gruppo_tessere_rfid-1600x1600-1.jpg",1600,1600,false],"betterdocs-category-thumb":["https:\/\/silla.industries\/wp-content\/uploads\/2023\/01\/IMG-Gruppo_tessere_rfid-1600x1600-1-360x360.jpg",360,360,true],"post-thumbnail":["https:\/\/silla.industries\/wp-content\/uploads\/2023\/01\/IMG-Gruppo_tessere_rfid-1600x1600-1-1200x1200.jpg",1200,1200,true],"twentytwenty-fullscreen":["https:\/\/silla.industries\/wp-content\/uploads\/2023\/01\/IMG-Gruppo_tessere_rfid-1600x1600-1.jpg",1600,1600,false],"mailpoet_newsletter_max":["https:\/\/silla.industries\/wp-content\/uploads\/2023\/01\/IMG-Gruppo_tessere_rfid-1600x1600-1-1320x1320.jpg",1320,1320,true],"menu-26x26":["https:\/\/silla.industries\/wp-content\/uploads\/2023\/01\/IMG-Gruppo_tessere_rfid-1600x1600-1.jpg",26,26,false],"menu-36x36":["https:\/\/silla.industries\/wp-content\/uploads\/2023\/01\/IMG-Gruppo_tessere_rfid-1600x1600-1.jpg",36,36,false],"menu-48x48":["https:\/\/silla.industries\/wp-content\/uploads\/2023\/01\/IMG-Gruppo_tessere_rfid-1600x1600-1.jpg",48,48,false],"woocommerce_thumbnail":["https:\/\/silla.industries\/wp-content\/uploads\/2023\/01\/IMG-Gruppo_tessere_rfid-1600x1600-1-450x450.jpg",450,450,true],"woocommerce_single":["https:\/\/silla.industries\/wp-content\/uploads\/2023\/01\/IMG-Gruppo_tessere_rfid-1600x1600-1-600x600.jpg",600,600,true],"woocommerce_gallery_thumbnail":["https:\/\/silla.industries\/wp-content\/uploads\/2023\/01\/IMG-Gruppo_tessere_rfid-1600x1600-1-100x100.jpg",100,100,true]},"uagb_author_info":{"display_name":"Valentina De Simone","author_link":"https:\/\/silla.industries\/es\/author\/"},"uagb_comment_info":0,"uagb_excerpt":"Paquetes de tarjetas RFID de 3 \u00f3 10 unidades: Compatible con todos los Prismas Solares monof\u00e1sicos y trif\u00e1sicos para la autentificaci\u00f3n de usuarios (por ejemplo, para su uso con el Servicio HoReCa) Con espacio para notas Asociaci\u00f3n con Prisma Solar, o un Cl\u00faster Prisma, a trav\u00e9s del portal Mi Silla","_links":{"self":[{"href":"https:\/\/silla.industries\/es\/wp-json\/wp\/v2\/product\/19983","targetHints":{"allow":["GET"]}}],"collection":[{"href":"https:\/\/silla.industries\/es\/wp-json\/wp\/v2\/product"}],"about":[{"href":"https:\/\/silla.industries\/es\/wp-json\/wp\/v2\/types\/product"}],"wp:featuredmedia":[{"embeddable":true,"href":"https:\/\/silla.industries\/es\/wp-json\/wp\/v2\/media\/19992"}],"wp:attachment":[{"href":"https:\/\/silla.industries\/es\/wp-json\/wp\/v2\/media?parent=19983"}],"wp:term":[{"taxonomy":"product_brand","embeddable":true,"href":"https:\/\/silla.industries\/es\/wp-json\/wp\/v2\/product_brand?post=19983"},{"taxonomy":"product_cat","embeddable":true,"href":"https:\/\/silla.industries\/es\/wp-json\/wp\/v2\/product_cat?post=19983"},{"taxonomy":"product_tag","embeddable":true,"href":"https:\/\/silla.industries\/es\/wp-json\/wp\/v2\/product_tag?post=19983"}],"curies":[{"name":"wp","href":"https:\/\/api.w.org\/{rel}","templated":true}]}}