{"id":20031,"date":"2021-02-08T16:25:26","date_gmt":"2021-02-08T15:25:26","guid":{"rendered":"https:\/\/silla.industries\/smart-cover-rfid-per-prism-basic\/"},"modified":"2025-12-01T14:59:17","modified_gmt":"2025-12-01T13:59:17","slug":"smart-cover-rfid-per-prism-basic","status":"publish","type":"product","link":"https:\/\/silla.industries\/es\/smart-cover-rfid-per-prism-basic\/","title":{"rendered":"Funda inteligente RFID para Prism Basic"},"content":{"rendered":"<p>La Funda Inteligente RFID para <a href=\"https:\/\/silla.industries\/prism-basic-monofase\/\">Prism Basic<\/a> es un accesorio que permite transformar una Prism Basic normal, la estaci\u00f3n de carga esencial para veh\u00edculos el\u00e9ctricos, en una <a href=\"https:\/\/silla.industries\/prism-solar-monofase\/\">Prism Solar monof\u00e1sica<\/a> con todas sus prestaciones.<\/p>\n<p>La operaci\u00f3n de sustituci\u00f3n es muy sencilla, y consiste en retirar la tapa suministrada con el Prisma Basic y sustituirla por esta Smart Cover RFID, conectando la base con la tapa mediante el conector ya previsto en el interior y, si lo hay, tras conectar tambi\u00e9n el cable de Internet.<\/p>\n<p>La Smart Cover RFID contiene los componentes y funciones que est\u00e1n presentes en la versi\u00f3n m\u00e1s completa de Prism, es decir, Prism Solar. Esta Smart Cover contiene el microprocesador para gestionar las cargas y el exceso de producci\u00f3n de un sistema fotovoltaico, la tarjeta de red, el m\u00f3dulo Wi-Fi, el lector RFID, el firmware para la conexi\u00f3n directa con Prism y para acceder a la nube y programar la carga por franjas horarias. <\/p>\n","protected":false},"excerpt":{"rendered":"<p>Smart Cover es la cubierta frontal que permite actualizar <a href=\"https:\/\/silla.industries\/prism-basic-monofase\/\">Prism<\/a> Basic, la estaci\u00f3n de carga esencial para veh\u00edculos el\u00e9ctricos, a <a href=\"https:\/\/silla.industries\/prism-solar-monofase\/\">Prism Solar Monof\u00e1sica<\/a>, obteniendo todas las prestaciones no previstas originalmente. De hecho, al sustituir la cubierta frontal est\u00e1ndar del Prism Basic por esta Smart Cover, la columna conserva todas las caracter\u00edsticas originales del Prism Basic y adem\u00e1s:<\/p>\n<ul>\n<li>Gestiona el exceso de energ\u00eda producida por una planta solar, utiliz\u00e1ndola para recargar un coche el\u00e9ctrico en lugar de enviarla a la red.<\/li>\n<li>Conectar con un sistema de almacenamiento, como un Powerwall<\/li>\n<li>Se conecta a Internet mediante Wi-Fi o Ethernet (cable)<\/li>\n<li>Se puede gestionar a trav\u00e9s del smartphone, el ordenador y la nube<\/li>\n<li>A\u00f1ade un lector RFID a la columna de carga<\/li>\n<\/ul>\n","protected":false},"featured_media":20042,"template":"","meta":{"_uag_custom_page_level_css":""},"product_brand":[],"product_cat":[1400,1393],"product_tag":[1425,1424,1426,1423,1421,1422],"class_list":{"0":"post-20031","1":"product","2":"type-product","3":"status-publish","4":"has-post-thumbnail","6":"product_cat-accesorios","7":"product_cat-prisma-basico","8":"product_tag-campo-solar","9":"product_tag-cubierta-inteligente","10":"product_tag-fotovoltaico-es","11":"product_tag-industrias-silla","12":"product_tag-prisma-basico","13":"product_tag-prisma-solar","15":"first","16":"instock","17":"taxable","18":"shipping-taxable","19":"purchasable","20":"product-type-simple"},"uagb_featured_image_src":{"full":["https:\/\/silla.industries\/wp-content\/uploads\/2021\/02\/Smart-Cover-QR-code-scaled.jpg",2560,1737,false],"thumbnail":["https:\/\/silla.industries\/wp-content\/uploads\/2021\/02\/Smart-Cover-QR-code-150x150.jpg",150,150,true],"medium":["https:\/\/silla.industries\/wp-content\/uploads\/2021\/02\/Smart-Cover-QR-code-300x204.jpg",300,204,true],"medium_large":["https:\/\/silla.industries\/wp-content\/uploads\/2021\/02\/Smart-Cover-QR-code-768x521.jpg",700,475,true],"large":["https:\/\/silla.industries\/wp-content\/uploads\/2021\/02\/Smart-Cover-QR-code-1024x695.jpg",700,475,true],"1536x1536":["https:\/\/silla.industries\/wp-content\/uploads\/2021\/02\/Smart-Cover-QR-code-1536x1042.jpg",1536,1042,true],"2048x2048":["https:\/\/silla.industries\/wp-content\/uploads\/2021\/02\/Smart-Cover-QR-code-2048x1389.jpg",2048,1389,true],"betterdocs-category-thumb":["https:\/\/silla.industries\/wp-content\/uploads\/2021\/02\/Smart-Cover-QR-code-scaled.jpg",360,244,false],"post-thumbnail":["https:\/\/silla.industries\/wp-content\/uploads\/2021\/02\/Smart-Cover-QR-code-1200x814.jpg",1200,814,true],"twentytwenty-fullscreen":["https:\/\/silla.industries\/wp-content\/uploads\/2021\/02\/Smart-Cover-QR-code-1980x1343.jpg",1980,1343,true],"mailpoet_newsletter_max":["https:\/\/silla.industries\/wp-content\/uploads\/2021\/02\/Smart-Cover-QR-code-1320x895.jpg",1320,895,true],"menu-26x26":["https:\/\/silla.industries\/wp-content\/uploads\/2021\/02\/Smart-Cover-QR-code-scaled.jpg",26,18,false],"menu-36x36":["https:\/\/silla.industries\/wp-content\/uploads\/2021\/02\/Smart-Cover-QR-code-scaled.jpg",36,24,false],"menu-48x48":["https:\/\/silla.industries\/wp-content\/uploads\/2021\/02\/Smart-Cover-QR-code-scaled.jpg",48,33,false],"woocommerce_thumbnail":["https:\/\/silla.industries\/wp-content\/uploads\/2021\/02\/Smart-Cover-QR-code-scaled-450x450.jpg",450,450,true],"woocommerce_single":["https:\/\/silla.industries\/wp-content\/uploads\/2021\/02\/Smart-Cover-QR-code-scaled-600x407.jpg",600,407,true],"woocommerce_gallery_thumbnail":["https:\/\/silla.industries\/wp-content\/uploads\/2021\/02\/Smart-Cover-QR-code-scaled-100x100.jpg",100,100,true]},"uagb_author_info":{"display_name":"Valentina De Simone","author_link":"https:\/\/silla.industries\/es\/author\/"},"uagb_comment_info":0,"uagb_excerpt":"Smart Cover es la cubierta frontal que permite actualizar Prism Basic, la estaci\u00f3n de carga esencial para veh\u00edculos el\u00e9ctricos, a Prism Solar Monof\u00e1sica, obteniendo todas las prestaciones no previstas originalmente. De hecho, al sustituir la cubierta frontal est\u00e1ndar del Prism Basic por esta Smart Cover, la columna conserva todas las caracter\u00edsticas originales del Prism Basic...","_links":{"self":[{"href":"https:\/\/silla.industries\/es\/wp-json\/wp\/v2\/product\/20031","targetHints":{"allow":["GET"]}}],"collection":[{"href":"https:\/\/silla.industries\/es\/wp-json\/wp\/v2\/product"}],"about":[{"href":"https:\/\/silla.industries\/es\/wp-json\/wp\/v2\/types\/product"}],"wp:featuredmedia":[{"embeddable":true,"href":"https:\/\/silla.industries\/es\/wp-json\/wp\/v2\/media\/20042"}],"wp:attachment":[{"href":"https:\/\/silla.industries\/es\/wp-json\/wp\/v2\/media?parent=20031"}],"wp:term":[{"taxonomy":"product_brand","embeddable":true,"href":"https:\/\/silla.industries\/es\/wp-json\/wp\/v2\/product_brand?post=20031"},{"taxonomy":"product_cat","embeddable":true,"href":"https:\/\/silla.industries\/es\/wp-json\/wp\/v2\/product_cat?post=20031"},{"taxonomy":"product_tag","embeddable":true,"href":"https:\/\/silla.industries\/es\/wp-json\/wp\/v2\/product_tag?post=20031"}],"curies":[{"name":"wp","href":"https:\/\/api.w.org\/{rel}","templated":true}]}}