{"id":20051,"date":"2020-12-28T21:58:14","date_gmt":"2020-12-28T20:58:14","guid":{"rendered":"https:\/\/silla.industries\/cavo-per-auto\/"},"modified":"2020-12-28T21:58:14","modified_gmt":"2020-12-28T20:58:14","slug":"cavo-per-auto","status":"publish","type":"product","link":"https:\/\/silla.industries\/es\/cavo-per-auto\/","title":{"rendered":"Cable de coche"},"content":{"rendered":"<p>Todos los cargadores Prisma est\u00e1n equipados con la secci\u00f3n de cable adecuada para cargar un coche el\u00e9ctrico, y este cable est\u00e1 disponible en longitudes de 5 \u00f3 7 metros. Pero mientras que las columnas p\u00fablicas de carga de CC (corriente continua) siempre est\u00e1n equipadas con un cable ya conectado a la columna, debido a la potencia de que se trata, las columnas p\u00fablicas de carga de CA (corriente alterna) NO est\u00e1n equipadas con cable. <\/p>\n<p>Esto significa que para cargar un coche el\u00e9ctrico en una estaci\u00f3n de carga p\u00fablica de corriente alterna necesitas llevar a bordo un cable de carga, y \u00e9sta es la soluci\u00f3n adecuada. Est\u00e1 disponible en versiones monof\u00e1sica o trif\u00e1sica, a elegir en funci\u00f3n del cargador de a bordo de tu coche el\u00e9ctrico, y en cada caso los cables tienen 5 metros de longitud. <\/p>\n<p>Ambas versiones admiten corrientes de hasta 32 A, es decir, potencias de hasta 7,4 kW para la versi\u00f3n monof\u00e1sica y de hasta 22 kW para la versi\u00f3n trif\u00e1sica. Por supuesto, este cable alargador tambi\u00e9n admite todos los veh\u00edculos que cargan con una potencia inferior. <\/p>\n<p>p.d. Con un cable trif\u00e1sico, a\u00fan es posible cargar un coche equipado con un cargador monof\u00e1sico de a bordo en una estaci\u00f3n de corriente alterna; comprar uno, aunque no sea estrictamente necesario hoy, podr\u00eda ser una buena inversi\u00f3n para el futuro.<\/p>\n","protected":false},"excerpt":{"rendered":"<p>Cable de carga de CA de 5 metros con 2 conectores de Tipo 2 para cargar coches el\u00e9ctricos en estaciones p\u00fablicas de CA (corriente alterna). Admite corrientes de hasta 32 A tanto en la versi\u00f3n monof\u00e1sica (es decir, hasta 7,4 kW) como en la versi\u00f3n trif\u00e1sica (es decir, hasta 22 kW). <\/p>\n<p>&nbsp;<\/p>\n","protected":false},"featured_media":20056,"template":"","meta":{"_uag_custom_page_level_css":""},"product_brand":[],"product_cat":[1400],"product_tag":[1432,1433,1435,1434],"class_list":{"0":"post-20051","1":"product","2":"type-product","3":"status-publish","4":"has-post-thumbnail","6":"product_cat-accesorios","7":"product_tag-alargador","8":"product_tag-cable-de-carga","9":"product_tag-cable-tipo-2","10":"product_tag-extension-es-2","11":"product_shipping_class-cargadoras","13":"first","14":"instock","15":"taxable","16":"shipping-taxable","17":"purchasable","18":"product-type-variable"},"uagb_featured_image_src":{"full":["https:\/\/silla.industries\/wp-content\/uploads\/2020\/12\/webcavodoppio2.jpg",1600,1600,false],"thumbnail":["https:\/\/silla.industries\/wp-content\/uploads\/2020\/12\/webcavodoppio2-150x150.jpg",150,150,true],"medium":["https:\/\/silla.industries\/wp-content\/uploads\/2020\/12\/webcavodoppio2-300x300.jpg",300,300,true],"medium_large":["https:\/\/silla.industries\/wp-content\/uploads\/2020\/12\/webcavodoppio2-768x768.jpg",700,700,true],"large":["https:\/\/silla.industries\/wp-content\/uploads\/2020\/12\/webcavodoppio2-1024x1024.jpg",700,700,true],"1536x1536":["https:\/\/silla.industries\/wp-content\/uploads\/2020\/12\/webcavodoppio2-1536x1536.jpg",1536,1536,true],"2048x2048":["https:\/\/silla.industries\/wp-content\/uploads\/2020\/12\/webcavodoppio2.jpg",1600,1600,false],"betterdocs-category-thumb":["https:\/\/silla.industries\/wp-content\/uploads\/2020\/12\/webcavodoppio2.jpg",360,360,false],"post-thumbnail":["https:\/\/silla.industries\/wp-content\/uploads\/2020\/12\/webcavodoppio2-1200x1200.jpg",1200,1200,true],"twentytwenty-fullscreen":["https:\/\/silla.industries\/wp-content\/uploads\/2020\/12\/webcavodoppio2.jpg",1600,1600,false],"mailpoet_newsletter_max":["https:\/\/silla.industries\/wp-content\/uploads\/2020\/12\/webcavodoppio2.jpg",1320,1320,false],"menu-26x26":["https:\/\/silla.industries\/wp-content\/uploads\/2020\/12\/webcavodoppio2.jpg",26,26,false],"menu-36x36":["https:\/\/silla.industries\/wp-content\/uploads\/2020\/12\/webcavodoppio2.jpg",36,36,false],"menu-48x48":["https:\/\/silla.industries\/wp-content\/uploads\/2020\/12\/webcavodoppio2.jpg",48,48,false],"woocommerce_thumbnail":["https:\/\/silla.industries\/wp-content\/uploads\/2020\/12\/webcavodoppio2-450x450.jpg",450,450,true],"woocommerce_single":["https:\/\/silla.industries\/wp-content\/uploads\/2020\/12\/webcavodoppio2-600x600.jpg",600,600,true],"woocommerce_gallery_thumbnail":["https:\/\/silla.industries\/wp-content\/uploads\/2020\/12\/webcavodoppio2-100x100.jpg",100,100,true]},"uagb_author_info":{"display_name":"Valentina De Simone","author_link":"https:\/\/silla.industries\/es\/author\/"},"uagb_comment_info":0,"uagb_excerpt":"Cable de carga de CA de 5 metros con 2 conectores de Tipo 2 para cargar coches el\u00e9ctricos en estaciones p\u00fablicas de CA (corriente alterna). Admite corrientes de hasta 32 A tanto en la versi\u00f3n monof\u00e1sica (es decir, hasta 7,4 kW) como en la versi\u00f3n trif\u00e1sica (es decir, hasta 22 kW). &nbsp;","_links":{"self":[{"href":"https:\/\/silla.industries\/es\/wp-json\/wp\/v2\/product\/20051","targetHints":{"allow":["GET"]}}],"collection":[{"href":"https:\/\/silla.industries\/es\/wp-json\/wp\/v2\/product"}],"about":[{"href":"https:\/\/silla.industries\/es\/wp-json\/wp\/v2\/types\/product"}],"wp:featuredmedia":[{"embeddable":true,"href":"https:\/\/silla.industries\/es\/wp-json\/wp\/v2\/media\/20056"}],"wp:attachment":[{"href":"https:\/\/silla.industries\/es\/wp-json\/wp\/v2\/media?parent=20051"}],"wp:term":[{"taxonomy":"product_brand","embeddable":true,"href":"https:\/\/silla.industries\/es\/wp-json\/wp\/v2\/product_brand?post=20051"},{"taxonomy":"product_cat","embeddable":true,"href":"https:\/\/silla.industries\/es\/wp-json\/wp\/v2\/product_cat?post=20051"},{"taxonomy":"product_tag","embeddable":true,"href":"https:\/\/silla.industries\/es\/wp-json\/wp\/v2\/product_tag?post=20051"}],"curies":[{"name":"wp","href":"https:\/\/api.w.org\/{rel}","templated":true}]}}