{"id":20760,"date":"2025-05-28T15:57:41","date_gmt":"2025-05-28T13:57:41","guid":{"rendered":"https:\/\/silla.industries\/caricatore-portatile-chain2-homer\/"},"modified":"2025-10-03T12:03:52","modified_gmt":"2025-10-03T10:03:52","slug":"caricatore-portatile-chain2-homer","status":"publish","type":"product","link":"https:\/\/silla.industries\/es\/caricatore-portatile-chain2-homer\/","title":{"rendered":"Homer"},"content":{"rendered":"<h4>HOMERO<\/h4>\n<h3 data-start=\"261\" data-end=\"329\">El primer cargador port\u00e1til que nunca rompe el contador.<\/h3>\n<p data-start=\"331\" data-end=\"581\">HOMER es el primer cargador port\u00e1til Modo 2 que combina facilidad de uso, seguridad e inteligencia energ\u00e9tica.<br data-start=\"444\" data-end=\"447\">Se conecta a una toma Schuko est\u00e1ndar, se controla mediante una app, <strong data-start=\"507\" data-end=\"542\">se adapta al consumo del hogar<\/strong> y no requiere instalaci\u00f3n.<\/p>\n<p data-start=\"583\" data-end=\"781\">Es la soluci\u00f3n ideal para quienes no pueden -o no quieren- instalar un wallbox, pero quieren <strong data-start=\"682\" data-end=\"729\">una carga avanzada, fiable y conectada<\/strong>, incluso en edificios de apartamentos, segundas residencias o cuando viajan.<\/p>\n<p data-start=\"783\" data-end=\"1024\">Con HOMER puedes recargar con total seguridad, ya que dialoga directamente con tu Open Meter gracias al protocolo Chain2 para regular la potencia en tiempo real y <strong data-start=\"830\" data-end=\"852\">evitar apagones<\/strong>.<\/p>\n<p data-start=\"783\" data-end=\"1024\">\n","protected":false},"excerpt":{"rendered":"<p><strong>Precio de lanzamiento con soporte de cable <a href=\"https:\/\/silla.industries\/es\/holdy\/\" target=\"_blank\" rel=\"noopener\">Holdy<\/a> y env\u00edo gratuito.<br \/>\nDisponible a partir de octubre de 2025.<\/strong><\/p>\n<p>Cargador port\u00e1til monof\u00e1sico de 240 V, para una potencia de carga de hasta 3 kW:<\/p>\n<ul>\n<li>Dialoga con tu contador gracias al protocolo Chain2*.<\/li>\n<li>Regula autom\u00e1ticamente el consumo para evitar la desconexi\u00f3n de la red<\/li>\n<li>No requiere instalaci\u00f3n ni sensores adicionales<\/li>\n<li>Se conecta a Internet mediante Wi-Fi o tarjeta SIM integrada<\/li>\n<li>Se gestiona a trav\u00e9s del smartphone mediante la APP mySilla<\/li>\n<li>Se suministra con enchufe Schuko y conector Tipo2 (el est\u00e1ndar en Europa)<\/li>\n<li>Cable tipo 2 de 5 metros de longitud, cable con toma Schuko de 30 cm de longitud<\/li>\n<li>Resistente a la lluvia y a los chorros de agua, protecci\u00f3n IP65<\/li>\n<\/ul>\n<p>*compatible con contadores de segunda generaci\u00f3n<\/p>\n","protected":false},"featured_media":23025,"template":"","meta":{"_uag_custom_page_level_css":""},"product_brand":[],"product_cat":[1654],"product_tag":[1656,1655],"class_list":{"0":"post-20760","1":"product","2":"type-product","3":"status-publish","4":"has-post-thumbnail","6":"product_cat-homer-es","7":"product_tag-cadena2","8":"product_tag-cargador-portatil","9":"product_shipping_class-cargadoras","11":"first","12":"instock","13":"taxable","14":"shipping-taxable","15":"purchasable","16":"product-type-simple"},"uagb_featured_image_src":{"full":["https:\/\/silla.industries\/wp-content\/uploads\/2025\/05\/Homer-main.png",1080,1080,false],"thumbnail":["https:\/\/silla.industries\/wp-content\/uploads\/2025\/05\/Homer-main-150x150.png",150,150,true],"medium":["https:\/\/silla.industries\/wp-content\/uploads\/2025\/05\/Homer-main-300x300.png",300,300,true],"medium_large":["https:\/\/silla.industries\/wp-content\/uploads\/2025\/05\/Homer-main-768x768.png",700,700,true],"large":["https:\/\/silla.industries\/wp-content\/uploads\/2025\/05\/Homer-main-1024x1024.png",700,700,true],"1536x1536":["https:\/\/silla.industries\/wp-content\/uploads\/2025\/05\/Homer-main.png",1080,1080,false],"2048x2048":["https:\/\/silla.industries\/wp-content\/uploads\/2025\/05\/Homer-main.png",1080,1080,false],"betterdocs-category-thumb":["https:\/\/silla.industries\/wp-content\/uploads\/2025\/05\/Homer-main-360x360.png",360,360,true],"post-thumbnail":["https:\/\/silla.industries\/wp-content\/uploads\/2025\/05\/Homer-main.png",1080,1080,false],"twentytwenty-fullscreen":["https:\/\/silla.industries\/wp-content\/uploads\/2025\/05\/Homer-main.png",1080,1080,false],"mailpoet_newsletter_max":["https:\/\/silla.industries\/wp-content\/uploads\/2025\/05\/Homer-main.png",1080,1080,false],"menu-26x26":["https:\/\/silla.industries\/wp-content\/uploads\/2025\/05\/Homer-main-26x26.png",26,26,true],"menu-36x36":["https:\/\/silla.industries\/wp-content\/uploads\/2025\/05\/Homer-main-36x36.png",36,36,true],"menu-48x48":["https:\/\/silla.industries\/wp-content\/uploads\/2025\/05\/Homer-main-48x48.png",48,48,true],"woocommerce_thumbnail":["https:\/\/silla.industries\/wp-content\/uploads\/2025\/05\/Homer-main-450x450.png",450,450,true],"woocommerce_single":["https:\/\/silla.industries\/wp-content\/uploads\/2025\/05\/Homer-main-600x600.png",600,600,true],"woocommerce_gallery_thumbnail":["https:\/\/silla.industries\/wp-content\/uploads\/2025\/05\/Homer-main-100x100.png",100,100,true]},"uagb_author_info":{"display_name":"Alberto Stecca","author_link":"https:\/\/silla.industries\/es\/author\/"},"uagb_comment_info":0,"uagb_excerpt":"Precio de lanzamiento con soporte de cable Holdy y env\u00edo gratuito. Disponible a partir de octubre de 2025. Cargador port\u00e1til monof\u00e1sico de 240 V, para una potencia de carga de hasta 3 kW: Dialoga con tu contador gracias al protocolo Chain2*. Regula autom\u00e1ticamente el consumo para evitar la desconexi\u00f3n de la red No requiere instalaci\u00f3n...","_links":{"self":[{"href":"https:\/\/silla.industries\/es\/wp-json\/wp\/v2\/product\/20760","targetHints":{"allow":["GET"]}}],"collection":[{"href":"https:\/\/silla.industries\/es\/wp-json\/wp\/v2\/product"}],"about":[{"href":"https:\/\/silla.industries\/es\/wp-json\/wp\/v2\/types\/product"}],"wp:featuredmedia":[{"embeddable":true,"href":"https:\/\/silla.industries\/es\/wp-json\/wp\/v2\/media\/23025"}],"wp:attachment":[{"href":"https:\/\/silla.industries\/es\/wp-json\/wp\/v2\/media?parent=20760"}],"wp:term":[{"taxonomy":"product_brand","embeddable":true,"href":"https:\/\/silla.industries\/es\/wp-json\/wp\/v2\/product_brand?post=20760"},{"taxonomy":"product_cat","embeddable":true,"href":"https:\/\/silla.industries\/es\/wp-json\/wp\/v2\/product_cat?post=20760"},{"taxonomy":"product_tag","embeddable":true,"href":"https:\/\/silla.industries\/es\/wp-json\/wp\/v2\/product_tag?post=20760"}],"curies":[{"name":"wp","href":"https:\/\/api.w.org\/{rel}","templated":true}]}}