{"id":10058,"date":"2020-12-19T10:04:18","date_gmt":"2020-12-19T09:04:18","guid":{"rendered":"https:\/\/silla.industries\/home\/"},"modified":"2025-06-30T21:07:14","modified_gmt":"2025-06-30T19:07:14","slug":"gamma-prism","status":"publish","type":"page","link":"https:\/\/silla.industries\/fr\/gamma-prism\/","title":{"rendered":"La gamme Prism"},"content":{"rendered":"\n<div class=\"wp-block-group alignfull tw-mt-0 tw-mb-4 has-background-background-color has-background\" style=\"padding-top:0;padding-bottom:0\"><div class=\"wp-block-group__inner-container is-layout-flow wp-block-group-is-layout-flow\">\n<div class=\"wp-block-media-text alignwide has-media-on-the-right is-stacked-on-mobile is-vertically-aligned-center has-background-background-color has-background tw-stack-md tw-media-bottom\"><div class=\"wp-block-media-text__content\">\n<h2 class=\"wp-block-heading\">Prism : le chargeur universel pour la recharge des v\u00e9hicules \u00e9lectriques.<\/h2>\n<\/div><figure class=\"wp-block-media-text__media\"><img fetchpriority=\"high\" decoding=\"async\" width=\"1024\" height=\"1024\" src=\"https:\/\/silla.industries\/wp-content\/uploads\/2022\/11\/IMG-Prism_solar_front-1024x1024-2-1024x1024.jpg\" alt=\"Prism Solar front\" class=\"wp-image-11290 size-full\" srcset=\"https:\/\/silla.industries\/wp-content\/uploads\/2022\/11\/IMG-Prism_solar_front-1024x1024-2.jpg 1024w, https:\/\/silla.industries\/wp-content\/uploads\/2022\/11\/IMG-Prism_solar_front-1024x1024-2-300x300.jpg 300w, https:\/\/silla.industries\/wp-content\/uploads\/2022\/11\/IMG-Prism_solar_front-1024x1024-2-150x150.jpg 150w, https:\/\/silla.industries\/wp-content\/uploads\/2022\/11\/IMG-Prism_solar_front-1024x1024-2-768x768.jpg 768w, https:\/\/silla.industries\/wp-content\/uploads\/2022\/11\/IMG-Prism_solar_front-1024x1024-2-360x360.jpg 360w, https:\/\/silla.industries\/wp-content\/uploads\/2022\/11\/IMG-Prism_solar_front-1024x1024-2-450x450.jpg 450w, https:\/\/silla.industries\/wp-content\/uploads\/2022\/11\/IMG-Prism_solar_front-1024x1024-2-600x600.jpg 600w, https:\/\/silla.industries\/wp-content\/uploads\/2022\/11\/IMG-Prism_solar_front-1024x1024-2-100x100.jpg 100w\" sizes=\"(max-width: 1024px) 100vw, 1024px\" \/><\/figure><\/div>\n<\/div><\/div>\n\n<div class=\"wp-block-cover alignfull has-custom-content-position is-position-bottom-left\" style=\"min-height:100vh;aspect-ratio:unset;\"><span aria-hidden=\"true\" class=\"wp-block-cover__background has-background-dim-20 has-background-dim\"><\/span><img decoding=\"async\" width=\"1920\" height=\"916\" sizes=\"(max-width: 799px) 200vw, (max-width: 1920px) 100vw, 1920px\" class=\"wp-block-cover__image-background wp-image-12452\" alt=\"Auto in carica in garage con Prism Solar\" src=\"https:\/\/silla.industries\/wp-content\/uploads\/2023\/02\/IMG-Prism-solar-casa-homepage-1920x916-1.jpg\" style=\"object-position:37% 49%\" data-object-fit=\"cover\" data-object-position=\"37% 49%\" srcset=\"https:\/\/silla.industries\/wp-content\/uploads\/2023\/02\/IMG-Prism-solar-casa-homepage-1920x916-1.jpg 1920w, https:\/\/silla.industries\/wp-content\/uploads\/2023\/02\/IMG-Prism-solar-casa-homepage-1920x916-1-300x143.jpg 300w, https:\/\/silla.industries\/wp-content\/uploads\/2023\/02\/IMG-Prism-solar-casa-homepage-1920x916-1-1024x489.jpg 1024w, https:\/\/silla.industries\/wp-content\/uploads\/2023\/02\/IMG-Prism-solar-casa-homepage-1920x916-1-768x366.jpg 768w, https:\/\/silla.industries\/wp-content\/uploads\/2023\/02\/IMG-Prism-solar-casa-homepage-1920x916-1-360x172.jpg 360w, https:\/\/silla.industries\/wp-content\/uploads\/2023\/02\/IMG-Prism-solar-casa-homepage-1920x916-1-1536x733.jpg 1536w, https:\/\/silla.industries\/wp-content\/uploads\/2023\/02\/IMG-Prism-solar-casa-homepage-1920x916-1-1200x573.jpg 1200w, https:\/\/silla.industries\/wp-content\/uploads\/2023\/02\/IMG-Prism-solar-casa-homepage-1920x916-1-1320x630.jpg 1320w, https:\/\/silla.industries\/wp-content\/uploads\/2023\/02\/IMG-Prism-solar-casa-homepage-1920x916-1-600x286.jpg 600w\" \/><div class=\"wp-block-cover__inner-container is-layout-flow wp-block-cover-is-layout-flow\">\n<h3 class=\"wp-block-heading has-text-align-left\">Prism est la station de recharge pour voitures \u00e9lectriques qui se recharge avec l&rsquo;\u00e9nergie exc\u00e9dentaire produite par votre syst\u00e8me solaire.<\/h3>\n\n\n\n<p class=\"has-text-align-left has-large-font-size\">Lorsque votre syst\u00e8me photovolta\u00efque produit plus d&rsquo;\u00e9nergie que vous n&rsquo;en consommez, l&rsquo;\u00e9nergie exc\u00e9dentaire est vendue au r\u00e9seau, qui vous paie g\u00e9n\u00e9ralement tr\u00e8s peu. Prism est intelligent, il lit votre production et votre consommation, et lorsque votre syst\u00e8me photovolta\u00efque produit plus que vous ne consommez, il utilise l&rsquo;\u00e9nergie exc\u00e9dentaire pour charger votre voiture. Intelligent, n&rsquo;est-ce pas ?<\/p>\n\n\n\n<div class=\"wp-block-buttons is-horizontal is-content-justification-center is-layout-flex wp-container-core-buttons-is-layout-03627597 wp-block-buttons-is-layout-flex\">\n<div class=\"wp-block-button\"><a class=\"wp-block-button__link has-accent-background-color has-background wp-element-button\" href=\"https:\/\/silla.industries\/fr\/ricarica-dellauto-elettrica-con-limpianto-solare\/\" style=\"border-radius:10px\">Comment cela fonctionne-t-il ?<\/a><\/div>\n<\/div>\n<\/div><\/div>\n\n<div class=\"wp-block-group alignfull has-background-background-color has-background\"><div class=\"wp-block-group__inner-container is-layout-flow wp-block-group-is-layout-flow\">\n<div class=\"wp-block-media-text alignwide has-media-on-the-right is-stacked-on-mobile has-background-background-color has-background tw-stack-md tw-media-bottom\" style=\"grid-template-columns:auto 56%\"><div class=\"wp-block-media-text__content\">\n<h4 class=\"wp-block-heading\">Avez-vous un syst\u00e8me de stockage ?<\/h4>\n\n\n\n<p class=\"has-large-font-size\">Prism est \u00e9galement parfait en combinaison avec un syst\u00e8me de stockage, tel que le Tesla Powerwall. Une excellente combinaison avec la recharge des v\u00e9hicules \u00e9lectriques.<\/p>\n\n\n\n<div class=\"wp-block-buttons is-layout-flex wp-block-buttons-is-layout-flex\">\n<div class=\"wp-block-button\"><a class=\"wp-block-button__link has-accent-background-color has-background wp-element-button\" href=\"https:\/\/silla.industries\/fr\/sistemi-di-accumulo\/\" style=\"border-radius:10px\">Pour en savoir plus<\/a><\/div>\n<\/div>\n<\/div><figure class=\"wp-block-media-text__media\"><img decoding=\"async\" width=\"1024\" height=\"576\" src=\"https:\/\/silla.industries\/wp-content\/uploads\/2023\/10\/powerwall-con-Prism-Solar-1024x576.jpg\" alt=\"\" class=\"wp-image-17043 size-full\" srcset=\"https:\/\/silla.industries\/wp-content\/uploads\/2023\/10\/powerwall-con-Prism-Solar-1024x576.jpg 1024w, https:\/\/silla.industries\/wp-content\/uploads\/2023\/10\/powerwall-con-Prism-Solar-300x169.jpg 300w, https:\/\/silla.industries\/wp-content\/uploads\/2023\/10\/powerwall-con-Prism-Solar-768x432.jpg 768w, https:\/\/silla.industries\/wp-content\/uploads\/2023\/10\/powerwall-con-Prism-Solar-1536x864.jpg 1536w, https:\/\/silla.industries\/wp-content\/uploads\/2023\/10\/powerwall-con-Prism-Solar-2048x1152.jpg 2048w, https:\/\/silla.industries\/wp-content\/uploads\/2023\/10\/powerwall-con-Prism-Solar-1200x675.jpg 1200w, https:\/\/silla.industries\/wp-content\/uploads\/2023\/10\/powerwall-con-Prism-Solar-1980x1114.jpg 1980w, https:\/\/silla.industries\/wp-content\/uploads\/2023\/10\/powerwall-con-Prism-Solar-1320x742.jpg 1320w, https:\/\/silla.industries\/wp-content\/uploads\/2023\/10\/powerwall-con-Prism-Solar-600x337.jpg 600w\" sizes=\"(max-width: 1024px) 100vw, 1024px\" \/><\/figure><\/div>\n<\/div><\/div>\n\n<div class=\"wp-block-cover alignfull has-parallax has-custom-content-position is-position-top-center\" style=\"min-height:100vh;aspect-ratio:unset;\"><span aria-hidden=\"true\" class=\"wp-block-cover__background has-background-dim\"><\/span><div role=\"img\" class=\"wp-block-cover__image-background wp-image-16953 has-parallax\" style=\"background-position:50% 50%;background-image:url(https:\/\/silla.industries\/wp-content\/uploads\/2023\/10\/casa-con-wallbox-per-ricarica-auto-elettrica-domestica.jpg)\"><\/div><div class=\"wp-block-cover__inner-container is-layout-flow wp-block-cover-is-layout-flow\">\n<h3 class=\"wp-block-heading has-text-align-center\">Et si je n&rsquo;ai pas encore de syst\u00e8me solaire ?<\/h3>\n\n\n\n<p class=\"has-text-align-center has-large-font-size\">L\u00e0 encore, Prism vous permet d&rsquo;\u00e9conomiser autant d&rsquo;\u00e9lectricit\u00e9 que possible sur le r\u00e9seau. En fait, m\u00eame si vous ne disposez pas encore d&rsquo;un syst\u00e8me solaire et que vous chargez votre voiture \u00e9lectrique avec l&rsquo;\u00e9nergie du r\u00e9seau, la station de recharge pour voiture \u00e9lectrique Prism vous permet de programmer la charge \u00e0 votre convenance. En rentrant chez vous apr\u00e8s le travail, vous pouvez imm\u00e9diatement connecter votre voiture \u00e0 Prism, mais la charge ne commencera que lorsque les tarifs horaires seront les moins chers, c&rsquo;est-\u00e0-dire la nuit, ce qui vous permettra de r\u00e9aliser d&rsquo;importantes \u00e9conomies d&rsquo;\u00e9nergie. Et le matin, votre voiture \u00e9lectrique sera charg\u00e9e et pr\u00eate pour une nouvelle journ\u00e9e de travail. De l&rsquo;\u00e9nergie \u00e9conomis\u00e9e pour l&rsquo;environnement, de l&rsquo;argent \u00e9conomis\u00e9 pour votre facture d&rsquo;\u00e9lectricit\u00e9 !  <\/p>\n<\/div><\/div>\n\n<div class=\"wp-block-group alignfull has-subtle-background-background-color has-background\"><div class=\"wp-block-group__inner-container is-layout-flow wp-block-group-is-layout-flow\">\n<div class=\"wp-block-media-text alignwide is-stacked-on-mobile is-vertically-aligned-top tw-stack-md tw-media-bottom\"><figure class=\"wp-block-media-text__media\"><img loading=\"lazy\" decoding=\"async\" width=\"1024\" height=\"690\" src=\"https:\/\/silla.industries\/wp-content\/uploads\/2023\/10\/Contatore-2-1024x690.jpg\" alt=\"\" class=\"wp-image-17034 size-full\" srcset=\"https:\/\/silla.industries\/wp-content\/uploads\/2023\/10\/Contatore-2-1024x690.jpg 1024w, https:\/\/silla.industries\/wp-content\/uploads\/2023\/10\/Contatore-2-300x202.jpg 300w, https:\/\/silla.industries\/wp-content\/uploads\/2023\/10\/Contatore-2-768x518.jpg 768w, https:\/\/silla.industries\/wp-content\/uploads\/2023\/10\/Contatore-2-1200x809.jpg 1200w, https:\/\/silla.industries\/wp-content\/uploads\/2023\/10\/Contatore-2-600x405.jpg 600w, https:\/\/silla.industries\/wp-content\/uploads\/2023\/10\/Contatore-2.jpg 1320w\" sizes=\"(max-width: 1024px) 100vw, 1024px\" \/><\/figure><div class=\"wp-block-media-text__content\">\n<h3 class=\"wp-block-heading\">Prism est adapt\u00e9 \u00e0 chaque compteur<\/h3>\n\n\n\n<p class=\"has-large-font-size\">Prism est capable de g\u00e9rer la puissance install\u00e9e \u00e0 votre compteur et d&rsquo;ajuster automatiquement la charge fournie \u00e0 la voiture sans jamais d\u00e9passer la puissance r\u00e9ellement disponible. Aucun risque que l&rsquo;interrupteur principal se d\u00e9clenche et vous laisse dans le noir.  <\/p>\n\n\n\n<p class=\"has-large-font-size\">C&rsquo;est aussi un chargeur universel qui peut fournir jusqu&rsquo;\u00e0 7,4 kW en monophas\u00e9 ou jusqu&rsquo;\u00e0 22 kW en triphas\u00e9. Il se peut que votre compteur ne supporte pas actuellement ces puissances, mais si vous d\u00e9cidez d&rsquo;augmenter la puissance install\u00e9e \u00e0 l&rsquo;avenir, Prism s&rsquo;adaptera \u00e0 la nouvelle puissance disponible. Un investissement tourn\u00e9 vers l&rsquo;avenir.<\/p>\n<\/div><\/div>\n<\/div><\/div>\n\n<div class=\"wp-block-group alignfull has-subtle-background-background-color has-background\"><div class=\"wp-block-group__inner-container is-layout-flow wp-block-group-is-layout-flow\">\n<div class=\"wp-block-media-text alignwide has-media-on-the-right is-stacked-on-mobile tw-stack-md tw-media-bottom\" style=\"grid-template-columns:auto 47%\"><div class=\"wp-block-media-text__content\">\n<h3 class=\"wp-block-heading\">Toujours joignable depuis votre smartphone. Ou depuis votre ordinateur<\/h3>\n\n\n\n<p class=\"has-large-font-size\">Vous n&rsquo;avez pas besoin de vous rendre au garage pour savoir ce que fait Prism, toutes les informations concernant votre station de recharge pour voiture \u00e9lectrique sont disponibles dans l&rsquo;APP d\u00e9di\u00e9e ou via votre ordinateur.  <\/p>\n\n\n\n<p class=\"has-large-font-size\">\u00c9galement dans le nuage, pour acc\u00e9der aux informations m\u00eame lorsque vous n&rsquo;\u00eates pas chez vous, mais que votre voiture l&rsquo;est. Et il est en train de charger.<\/p>\n\n\n\n<div class=\"wp-block-buttons is-layout-flex wp-block-buttons-is-layout-flex\">\n<div class=\"wp-block-button\"><a class=\"wp-block-button__link has-accent-background-color has-background wp-element-button\" href=\"https:\/\/my.silla.cloud\" style=\"border-radius:10px\" target=\"_blank\" rel=\"noreferrer noopener\">Acc\u00e9der au portail<\/a><\/div>\n<\/div>\n<\/div><figure class=\"wp-block-media-text__media\"><img loading=\"lazy\" decoding=\"async\" width=\"929\" height=\"838\" src=\"https:\/\/silla.industries\/wp-content\/uploads\/2023\/10\/Ciao-Copy.png\" alt=\"mon.silla.cloud\" class=\"wp-image-17026 size-full\" srcset=\"https:\/\/silla.industries\/wp-content\/uploads\/2023\/10\/Ciao-Copy.png 929w, https:\/\/silla.industries\/wp-content\/uploads\/2023\/10\/Ciao-Copy-300x271.png 300w, https:\/\/silla.industries\/wp-content\/uploads\/2023\/10\/Ciao-Copy-768x693.png 768w, https:\/\/silla.industries\/wp-content\/uploads\/2023\/10\/Ciao-Copy-600x541.png 600w\" sizes=\"(max-width: 929px) 100vw, 929px\" \/><\/figure><\/div>\n<\/div><\/div>\n\n<div class=\"wp-block-cover alignfull is-light has-parallax has-custom-content-position is-position-center-left\" style=\"min-height:100vh;aspect-ratio:unset;\"><span aria-hidden=\"true\" class=\"wp-block-cover__background has-background-dim-30 has-background-dim\"><\/span><div role=\"img\" class=\"wp-block-cover__image-background wp-image-14777 has-parallax\" style=\"background-position:50% 50%;background-image:url(https:\/\/silla.industries\/wp-content\/uploads\/2023\/04\/IMG-Silla_industries_garage_homepage-1600.jpg)\"><\/div><div class=\"wp-block-cover__inner-container is-layout-flow wp-block-cover-is-layout-flow\">\n<h3 class=\"wp-block-heading has-text-align-left\">Prism apporte le WiFi dans votre garage<\/h3>\n\n\n\n<p class=\"has-text-align-left has-large-font-size\">Acc\u00e9der \u00e0 Prism depuis votre smartphone ou votre ordinateur est tr\u00e8s pratique mais pas obligatoire : Prism fonctionne \u00e9galement sans connexion r\u00e9seau et donc sans acc\u00e8s \u00e0 distance. Vous pouvez aussi vous rapprocher de Prism pour utiliser son WiFi interne, mais si vous prenez un c\u00e2ble r\u00e9seau entre votre routeur domestique et Prism, vous disposez alors d&rsquo;un v\u00e9ritable r\u00e9p\u00e9teur HotSpot pour obtenir du WiFi m\u00eame dans le garage, par exemple pour les mises \u00e0 jour du firmware des v\u00e9hicules \u00e9lectriques ou pour installer une cam\u00e9ra IP de vid\u00e9osurveillance. Cool !<\/p>\n<\/div><\/div>\n\n<div class=\"wp-block-group alignfull\"><div class=\"wp-block-group__inner-container is-layout-flow wp-block-group-is-layout-flow\">\n<div class=\"wp-block-media-text alignwide is-stacked-on-mobile tw-stack-md\"><figure class=\"wp-block-media-text__media\"><img loading=\"lazy\" decoding=\"async\" width=\"1024\" height=\"683\" src=\"https:\/\/silla.industries\/wp-content\/uploads\/2023\/10\/maxim-hopman-lcysD7F8ycc-unsplash-1024x683.jpg\" alt=\"\" class=\"wp-image-17013 size-full\" srcset=\"https:\/\/silla.industries\/wp-content\/uploads\/2023\/10\/maxim-hopman-lcysD7F8ycc-unsplash-1024x683.jpg 1024w, https:\/\/silla.industries\/wp-content\/uploads\/2023\/10\/maxim-hopman-lcysD7F8ycc-unsplash-300x200.jpg 300w, https:\/\/silla.industries\/wp-content\/uploads\/2023\/10\/maxim-hopman-lcysD7F8ycc-unsplash-768x512.jpg 768w, https:\/\/silla.industries\/wp-content\/uploads\/2023\/10\/maxim-hopman-lcysD7F8ycc-unsplash-1536x1024.jpg 1536w, https:\/\/silla.industries\/wp-content\/uploads\/2023\/10\/maxim-hopman-lcysD7F8ycc-unsplash-2048x1365.jpg 2048w, https:\/\/silla.industries\/wp-content\/uploads\/2023\/10\/maxim-hopman-lcysD7F8ycc-unsplash-1200x800.jpg 1200w, https:\/\/silla.industries\/wp-content\/uploads\/2023\/10\/maxim-hopman-lcysD7F8ycc-unsplash-1980x1320.jpg 1980w, https:\/\/silla.industries\/wp-content\/uploads\/2023\/10\/maxim-hopman-lcysD7F8ycc-unsplash-1320x880.jpg 1320w, https:\/\/silla.industries\/wp-content\/uploads\/2023\/10\/maxim-hopman-lcysD7F8ycc-unsplash-600x400.jpg 600w\" sizes=\"(max-width: 1024px) 100vw, 1024px\" \/><\/figure><div class=\"wp-block-media-text__content\">\n<h3 class=\"wp-block-heading\">Fonctionne avec toutes les voitures \u00e9lectriques, m\u00eame les voitures rechargeables<\/h3>\n\n\n\n<p class=\"has-large-font-size\">Prism est la borne de recharge universelle pour voitures \u00e9lectriques, elle fonctionne avec toutes les voitures \u00e9quip\u00e9es d&rsquo;un connecteur Type2, qui est pratiquement la norme en Europe. Vous pouvez l&rsquo;utiliser pour recharger les v\u00e9hicules \u00e9lectriques, qu&rsquo;ils soient enti\u00e8rement \u00e9lectriques ou hybrides rechargeables. Les premiers sont appel\u00e9s BEV (Battery Electric Vehicle) et les seconds PHEV (Plug-in Hybrid Electric Vehicle).<\/p>\n<\/div><\/div>\n<\/div><\/div>\n\n<div class=\"wp-block-cover alignfull is-light has-parallax has-custom-content-position is-position-center-left\" style=\"min-height:100vh;aspect-ratio:unset;\"><span aria-hidden=\"true\" class=\"wp-block-cover__background has-background-dim-30 has-background-dim\"><\/span><div role=\"img\" class=\"wp-block-cover__image-background wp-image-507 has-parallax\" style=\"background-position:50% 50%;background-image:url(https:\/\/silla.industries\/wp-content\/uploads\/2021\/01\/Prism-Solar-safety.jpg)\"><\/div><div class=\"wp-block-cover__inner-container is-layout-flow wp-block-cover-is-layout-flow\">\n<h3 class=\"wp-block-heading has-text-align-left\">Mais&#8230; est-il s\u00fbr ?<\/h3>\n\n\n\n<p class=\"has-text-align-left has-large-font-size\">Compl\u00e8tement. Non seulement Prism est IP65, ce qui signifie qu&rsquo;il est prot\u00e9g\u00e9 contre les vagues et la pluie, mais il est \u00e9galement certifi\u00e9 CE selon la norme IEC61851-1.  <br\/>Il contient \u00e9galement un disjoncteur \u00e0 courant r\u00e9siduel qui peut couper l&rsquo;alimentation \u00e9lectrique au premier signe de dysfonctionnement.  <br\/>Alors&#8230; Oui, c&rsquo;est s\u00fbr.<\/p>\n<\/div><\/div>\n\n<div class=\"wp-block-group alignfull has-subtle-background-background-color has-background\"><div class=\"wp-block-group__inner-container is-layout-flow wp-block-group-is-layout-flow\"><div class=\"wp-block-image\">\n<figure class=\"aligncenter size-medium is-resized\"><img loading=\"lazy\" decoding=\"async\" src=\"https:\/\/silla.industries\/wp-content\/uploads\/2020\/12\/european-flag-300x200.jpg\" alt=\"\" class=\"wp-image-238\" style=\"width:162px;height:107px\" width=\"162\" height=\"107\" srcset=\"https:\/\/silla.industries\/wp-content\/uploads\/2020\/12\/european-flag-300x200.jpg 300w, https:\/\/silla.industries\/wp-content\/uploads\/2020\/12\/european-flag-600x400.jpg 600w, https:\/\/silla.industries\/wp-content\/uploads\/2020\/12\/european-flag-768x512.jpg 768w, https:\/\/silla.industries\/wp-content\/uploads\/2020\/12\/european-flag.jpg 1000w\" sizes=\"(max-width: 162px) 100vw, 162px\" \/><\/figure>\n<\/div>\n\n\n<h4 class=\"wp-block-heading has-text-align-center\">Fi\u00e8rement fabriqu\u00e9 en Europe<\/h4>\n\n\n\n<p class=\"has-text-align-center has-medium-font-size\">Prism est le chargeur universel pour la recharge des v\u00e9hicules \u00e9lectriques. Con\u00e7u, dessin\u00e9, d\u00e9velopp\u00e9 et enti\u00e8rement produit en Italie, \u00e0 Padoue. Et ce n&rsquo;est pas rien.<\/p>\n\n\n\n<div class=\"wp-block-buttons is-horizontal is-content-justification-center is-layout-flex wp-container-core-buttons-is-layout-03627597 wp-block-buttons-is-layout-flex\">\n<div class=\"wp-block-button\"><a class=\"wp-block-button__link has-accent-background-color has-background wp-element-button\" href=\"https:\/\/silla.industries\/shop\/\" style=\"border-radius:10px\">aller \u00e0 la boutique<\/a><\/div>\n<\/div>\n<\/div><\/div>\n\n<p><\/p>\n","protected":false},"excerpt":{"rendered":"<p>Prism : le chargeur universel pour la recharge des v\u00e9hicules \u00e9lectriques. Avez-vous un syst\u00e8me de stockage ? Prism est \u00e9galement parfait en combinaison avec un syst\u00e8me de stockage, tel que le Tesla Powerwall. Une excellente combinaison avec la recharge des v\u00e9hicules \u00e9lectriques. Prism est adapt\u00e9 \u00e0 chaque compteur Prism est capable de g\u00e9rer la puissance install\u00e9e \u00e0 votre compteur et d&rsquo;ajuster automatiquement la charge fournie \u00e0 la voiture sans jamais d\u00e9passer la puissance r\u00e9ellement disponible. Aucun risque que l&rsquo;interrupteur principal se d\u00e9clenche et vous laisse dans le noir. C&rsquo;est aussi un chargeur universel qui peut fournir jusqu&rsquo;\u00e0 7,4 kW en monophas\u00e9 ou jusqu&rsquo;\u00e0 22 kW en triphas\u00e9. Il se peut que votre compteur ne supporte pas actuellement ces puissances, mais si vous d\u00e9cidez d&rsquo;augmenter la puissance install\u00e9e \u00e0 l&rsquo;avenir, Prism s&rsquo;adaptera \u00e0 la nouvelle puissance disponible. Un investissement tourn\u00e9 vers l&rsquo;avenir. Toujours joignable depuis votre smartphone. Ou depuis votre ordinateur Vous n&rsquo;avez pas besoin de vous rendre au garage pour savoir ce que fait Prism, toutes les informations concernant votre station de recharge pour voiture \u00e9lectrique sont disponibles dans l&rsquo;APP d\u00e9di\u00e9e ou via votre ordinateur. \u00c9galement dans le nuage, pour acc\u00e9der aux informations m\u00eame lorsque vous n&rsquo;\u00eates pas chez vous, mais que votre voiture l&rsquo;est. Et il est en train de charger. Fonctionne avec toutes les voitures \u00e9lectriques, m\u00eame les voitures rechargeables Prism est la borne de recharge universelle pour voitures \u00e9lectriques, elle fonctionne avec toutes les voitures \u00e9quip\u00e9es d&rsquo;un connecteur Type2, qui est pratiquement la norme en Europe. Vous pouvez l&rsquo;utiliser pour recharger les v\u00e9hicules \u00e9lectriques, qu&rsquo;ils soient enti\u00e8rement \u00e9lectriques ou hybrides rechargeables. Les premiers sont appel\u00e9s BEV (Battery Electric Vehicle) et les seconds PHEV (Plug-in Hybrid Electric Vehicle). Fi\u00e8rement fabriqu\u00e9 en Europe Prism est le chargeur universel pour la recharge des v\u00e9hicules \u00e9lectriques. Con\u00e7u, dessin\u00e9, d\u00e9velopp\u00e9 et enti\u00e8rement produit en Italie, \u00e0 Padoue. Et ce n&rsquo;est pas rien.<\/p>\n","protected":false},"author":23,"featured_media":0,"parent":0,"menu_order":31,"comment_status":"closed","ping_status":"closed","template":"tw-no-title.php","meta":{"_uag_custom_page_level_css":"","footnotes":""},"class_list":["post-10058","page","type-page","status-publish","hentry"],"uagb_featured_image_src":{"full":false,"thumbnail":false,"medium":false,"medium_large":false,"large":false,"1536x1536":false,"2048x2048":false,"betterdocs-category-thumb":false,"post-thumbnail":false,"twentytwenty-fullscreen":false,"mailpoet_newsletter_max":false,"menu-26x26":false,"menu-36x36":false,"menu-48x48":false,"woocommerce_thumbnail":false,"woocommerce_single":false,"woocommerce_gallery_thumbnail":false},"uagb_author_info":{"display_name":"Valentina De Simone","author_link":"https:\/\/silla.industries\/fr\/author\/valentina\/"},"uagb_comment_info":0,"uagb_excerpt":"Prism : le chargeur universel pour la recharge des v\u00e9hicules \u00e9lectriques. Avez-vous un syst\u00e8me de stockage ? Prism est \u00e9galement parfait en combinaison avec un syst\u00e8me de stockage, tel que le Tesla Powerwall. Une excellente combinaison avec la recharge des v\u00e9hicules \u00e9lectriques. Prism est adapt\u00e9 \u00e0 chaque compteur Prism est capable de g\u00e9rer la puissance...","_links":{"self":[{"href":"https:\/\/silla.industries\/fr\/wp-json\/wp\/v2\/pages\/10058","targetHints":{"allow":["GET"]}}],"collection":[{"href":"https:\/\/silla.industries\/fr\/wp-json\/wp\/v2\/pages"}],"about":[{"href":"https:\/\/silla.industries\/fr\/wp-json\/wp\/v2\/types\/page"}],"author":[{"embeddable":true,"href":"https:\/\/silla.industries\/fr\/wp-json\/wp\/v2\/users\/23"}],"replies":[{"embeddable":true,"href":"https:\/\/silla.industries\/fr\/wp-json\/wp\/v2\/comments?post=10058"}],"version-history":[{"count":0,"href":"https:\/\/silla.industries\/fr\/wp-json\/wp\/v2\/pages\/10058\/revisions"}],"wp:attachment":[{"href":"https:\/\/silla.industries\/fr\/wp-json\/wp\/v2\/media?parent=10058"}],"curies":[{"name":"wp","href":"https:\/\/api.w.org\/{rel}","templated":true}]}}