{"id":13421,"date":"2021-09-17T18:40:30","date_gmt":"2021-09-17T16:40:30","guid":{"rendered":"https:\/\/silla.industries\/medias\/"},"modified":"2025-06-30T20:58:01","modified_gmt":"2025-06-30T18:58:01","slug":"medias","status":"publish","type":"page","link":"https:\/\/silla.industries\/fr\/medias\/","title":{"rendered":"Photographies haute r\u00e9solution"},"content":{"rendered":"\n<p>T\u00e9l\u00e9chargez des photos individuelles ou allez directement dans le <strong><a aria-label=\"cartella (opens in a new tab)\" href=\"https:\/\/drive.google.com\/drive\/folders\/1GplEKG9x4GdxEC6XR4e2YpIGOy_gn-yO?usp=sharing\" target=\"_blank\" rel=\"noreferrer noopener\" class=\"rank-math-link\">dossier<\/a><\/strong> pour t\u00e9l\u00e9charger les images disponibles dans un seul fichier.<\/p>\n\n<p class=\"tw-text-wide\"><iframe src=\"https:\/\/drive.google.com\/embeddedfolderview?id=1GplEKG9x4GdxEC6XR4e2YpIGOy_gn-yO#grid\" frameborder=\"0\" width=\"100%\" height=\"1200\" marginheight=\"0\" marginwidth=\"0\" allowfullscreen=\"true\" mozallowfullscreen=\"true\" webkitallowfullscreen=\"true\"><\/iframe><\/p>\n","protected":false},"excerpt":{"rendered":"<p>T\u00e9l\u00e9chargez des photos individuelles ou allez directement dans le dossier pour t\u00e9l\u00e9charger les images disponibles dans un seul fichier.<\/p>\n","protected":false},"author":23,"featured_media":0,"parent":0,"menu_order":82,"comment_status":"closed","ping_status":"closed","template":"","meta":{"_uag_custom_page_level_css":"","footnotes":""},"class_list":["post-13421","page","type-page","status-publish","hentry"],"uagb_featured_image_src":{"full":false,"thumbnail":false,"medium":false,"medium_large":false,"large":false,"1536x1536":false,"2048x2048":false,"betterdocs-category-thumb":false,"post-thumbnail":false,"twentytwenty-fullscreen":false,"mailpoet_newsletter_max":false,"menu-26x26":false,"menu-36x36":false,"menu-48x48":false,"woocommerce_thumbnail":false,"woocommerce_single":false,"woocommerce_gallery_thumbnail":false},"uagb_author_info":{"display_name":"Valentina De Simone","author_link":"https:\/\/silla.industries\/fr\/author\/valentina\/"},"uagb_comment_info":0,"uagb_excerpt":"T\u00e9l\u00e9chargez des photos individuelles ou allez directement dans le dossier pour t\u00e9l\u00e9charger les images disponibles dans un seul fichier.","_links":{"self":[{"href":"https:\/\/silla.industries\/fr\/wp-json\/wp\/v2\/pages\/13421","targetHints":{"allow":["GET"]}}],"collection":[{"href":"https:\/\/silla.industries\/fr\/wp-json\/wp\/v2\/pages"}],"about":[{"href":"https:\/\/silla.industries\/fr\/wp-json\/wp\/v2\/types\/page"}],"author":[{"embeddable":true,"href":"https:\/\/silla.industries\/fr\/wp-json\/wp\/v2\/users\/23"}],"replies":[{"embeddable":true,"href":"https:\/\/silla.industries\/fr\/wp-json\/wp\/v2\/comments?post=13421"}],"version-history":[{"count":0,"href":"https:\/\/silla.industries\/fr\/wp-json\/wp\/v2\/pages\/13421\/revisions"}],"wp:attachment":[{"href":"https:\/\/silla.industries\/fr\/wp-json\/wp\/v2\/media?parent=13421"}],"curies":[{"name":"wp","href":"https:\/\/api.w.org\/{rel}","templated":true}]}}