{"id":13437,"date":"2022-01-24T18:15:32","date_gmt":"2022-01-24T17:15:32","guid":{"rendered":"https:\/\/silla.industries\/qui-nous-sommes\/"},"modified":"2025-04-04T18:33:16","modified_gmt":"2025-04-04T16:33:16","slug":"qui-nous-sommes","status":"publish","type":"page","link":"https:\/\/silla.industries\/fr\/qui-nous-sommes\/","title":{"rendered":"A propos de nous"},"content":{"rendered":"\n<h2 class=\"wp-block-heading tw-mt-7\">Manifeste<\/h2>\n\n\n\n<p><strong>Silla Industries<\/strong> a commenc\u00e9 comme une <em>start-up<\/em> innovante, fond\u00e9e par <strong>Alberto Stecca - PDG et Cristiano Griletti - Responsable de la R&amp;D<\/strong>, et a impliqu\u00e9 au d\u00e9part quelques proches collaborateurs, tous unis par l&rsquo;enthousiasme de croire activement en un lendemain alternatif. Le nombre d\u2019employ\u00e9s a progressivement augment\u00e9. Aujourd\u2019hui, pr\u00e8s de 40 personnes font partis de notre effectif.   <br>Notre activit\u00e9 principale est la production de dispositifs de technologie avanc\u00e9e pour la mobilit\u00e9 \u00e9lectrique. Nous op\u00e9rons fi\u00e8rement en <strong>Europe et en Italie<\/strong>. Nous concevons, dessinons, d\u00e9veloppons et produisons chaque produit sur notre site de Padoue.<\/p>\n\n\n\n<p>Nous agissons dans le pr\u00e9sent pour am\u00e9liorer l&rsquo;avenir en fournissant aux utilisateurs des produits qui permettent une gestion int\u00e9gr\u00e9e des ressources \u00e9nerg\u00e9tiques renouvelables \u00e0 la maison et au travail.  <\/p>\n\n\n\n<p>Les solutions que nous proposons sont des dispositifs de recharge des voitures \u00e9lectriques, comme notre produit phare: le chargeur universel <strong>Prism<\/strong> pour la mobilit\u00e9 durable, et au-del\u00e0.<\/p>\n\n\n\n<ul class=\"wp-block-list\">\n<li>Il charge toutes les voitures avec un connecteur de type 2  <\/li>\n\n\n\n<li>Il charge les voitures \u00e9lectriques <strong> (BEV) <\/strong>et les v\u00e9hicules hybrides rechargeables <strong>(HPEV)<\/strong>.<\/li>\n\n\n\n<li>Il dialogue avec les syst\u00e8mes photovolta\u00efques et de stockage, sans c\u00e9der au r\u00e9seau l&rsquo;\u00e9nergie solaire exc\u00e9dentaire<\/li>\n\n\n\n<li>Il g\u00e8re efficacement la recharge de la voiture<strong> <\/strong>en fonction de l&rsquo;\u00e9nergie que vous consommez \u00e0 la maison pour \u00e9viter les d\u00e9connexions et les coupures.<\/li>\n\n\n\n<li>Il fonctionne selon 3 modes de charge diff\u00e9rents, dont le mode nuit, qui permet de charger pendant la nuit, lorsque l&rsquo;\u00e9nergie est moins ch\u00e8re.<\/li>\n<\/ul>\n\n\n\n<p>Gr\u00e2ce \u00e0 nos vives activit\u00e9s de <strong>recherche et d\u00e9veloppement <\/strong>, nous sommes \u00e9galement en mesure de proposer des solutions efficaces pour la gestion de la consommation domestique et de la communication.<\/p>\n\n\n\n<p>L&rsquo;<strong>Energy Hub 149<\/strong>, la centale unique pour la gestion de l&rsquo;\u00e9nergie, la consommation et les communications domestiques, et <strong>Duke 44<\/strong>, la borne de recharge rapide futuriste, sont des exemples de cette recherche constante de l&rsquo;avenir.<\/p>\n\n\n\n<h3 class=\"wp-block-heading\">Unicit\u00e9<\/h3>\n\n\n\n<p>Les demandes du march\u00e9 augmentent, gr\u00e2ce \u00e0 une sensibilisation croissante \u00e0 la mobilit\u00e9 \u00e9lectrique. Le site<strong>   <em>e-mobilit\u00e9<\/em> <\/strong> est en plein essor, comme en t\u00e9moigne notre croissance tout aussi remarquable. Les \u00e9volutions qui n&rsquo;affectent pas le c\u0153ur et l&rsquo;\u00e2me des<strong> <\/strong>Silla Industries: recherche et d\u00e9veloppement de produits innovants pour la vie de demain.<\/p>\n\n\n\n<p>Notre sp\u00e9cificit\u00e9 r\u00e9side dans le principe qui nous guide: cr\u00e9er des produits que nous aimerions nous-m\u00eames acheter, d\u00e9couvrir et utiliser en tant que clients. Produits<strong> <em>\"future proof<\/em> <\/strong>\" - \u00e0 l&rsquo;\u00e9preuve du temps car, \u00e9volutifs par logiciel, ils acqui\u00e8rent de nouvelles fonctionnalit\u00e9s qui garantissent leur utilisation dans le temps. Les solutions sont con\u00e7ues et programm\u00e9es pour offrir \u00e0 l&rsquo;utilisateur priv\u00e9 ou professionnel une exp\u00e9rience utilisateur<strong> <\/strong>facile et intuitif.  <\/p>\n\n\n\n<p class=\"has-text-align-center\"><a href=\"https:\/\/silla.industries\/fr\/catalogue\/\" data-type=\"page\" data-id=\"10059\">Commencez \u00e0 vivre l&rsquo;avenir<\/a><\/p>\n\n\n\n<h3 class=\"wp-block-heading\">Deux \u00e9tages, une direction<\/h3>\n\n\n\n<p>Des fils qui s&rsquo;entrecroisent pour tisser une seule et m\u00eame histoire. Les histoires des fondateurs de Silla Industries, Alberto Stecca et Cristiano Griletti, convergent soutenues par des int\u00e9r\u00eats aussi similaires que compl\u00e9mentaires. La gestion commerciale d&rsquo;Alberto et la direction technique de Cristiano vont dans le m\u00eame sens: fa\u00e7onner un avenir diff\u00e9rent, en commen\u00e7ant par la mobilit\u00e9 \u00e9lectrique.<\/p>\n\n\n<div class=\"wp-block-image is-style-default\">\n<figure class=\"alignright size-medium\"><img fetchpriority=\"high\" decoding=\"async\" width=\"240\" height=\"300\" src=\"https:\/\/silla.industries\/wp-content\/uploads\/2022\/01\/Alberto-Stecca-01-2022-240x300.jpg\" alt=\"\" class=\"wp-image-5443\" srcset=\"https:\/\/silla.industries\/wp-content\/uploads\/2022\/01\/Alberto-Stecca-01-2022-240x300.jpg 240w, https:\/\/silla.industries\/wp-content\/uploads\/2022\/01\/Alberto-Stecca-01-2022-819x1024.jpg 819w, https:\/\/silla.industries\/wp-content\/uploads\/2022\/01\/Alberto-Stecca-01-2022-768x960.jpg 768w, https:\/\/silla.industries\/wp-content\/uploads\/2022\/01\/Alberto-Stecca-01-2022-600x750.jpg 600w, https:\/\/silla.industries\/wp-content\/uploads\/2022\/01\/Alberto-Stecca-01-2022-48x60.jpg 48w, https:\/\/silla.industries\/wp-content\/uploads\/2022\/01\/Alberto-Stecca-01-2022-72x90.jpg 72w, https:\/\/silla.industries\/wp-content\/uploads\/2022\/01\/Alberto-Stecca-01-2022.jpg 900w\" sizes=\"(max-width: 240px) 100vw, 240px\" \/><\/figure>\n<\/div>\n\n\n<h4 class=\"wp-block-heading\"><strong>Alberto Stecca - PDG<\/strong><\/h4>\n\n\n\n<p>Enfant, je suis tomb\u00e9 amoureux des voitures, passant mes journ\u00e9es dans la salle d&rsquo;exposition familiale. Je suis naturellement enclin \u00e0 \"relier les points\", \u00e0 \u00e9tablir des relations entre les parties. Il est important pour moi de faire la diff\u00e9rence en fixant toujours de nouveaux objectifs et en interagissant avec les clients et les parties prenantes de la meilleure fa\u00e7on possible. Deux rencontres \u00e9taient destin\u00e9es \u00e0 changer ma vie: celle de la<strong><em>Tesla<\/em> <\/strong>et celle avec Cristiano. En quittant une carri\u00e8re stable dans l&rsquo;entreprise familiale pour fonder Silla Industries, j&rsquo;ai cr\u00e9\u00e9 un autre avenir&#8230; en commen\u00e7ant par le mien.<\/p>\n\n\n<div class=\"wp-block-image\">\n<figure class=\"alignleft size-medium\"><img decoding=\"async\" width=\"240\" height=\"300\" src=\"https:\/\/silla.industries\/wp-content\/uploads\/2022\/01\/Cristiano-Griletti-01-2022-240x300.jpg\" alt=\"\" class=\"wp-image-5446\" srcset=\"https:\/\/silla.industries\/wp-content\/uploads\/2022\/01\/Cristiano-Griletti-01-2022-240x300.jpg 240w, https:\/\/silla.industries\/wp-content\/uploads\/2022\/01\/Cristiano-Griletti-01-2022-819x1024.jpg 819w, https:\/\/silla.industries\/wp-content\/uploads\/2022\/01\/Cristiano-Griletti-01-2022-768x960.jpg 768w, https:\/\/silla.industries\/wp-content\/uploads\/2022\/01\/Cristiano-Griletti-01-2022-600x750.jpg 600w, https:\/\/silla.industries\/wp-content\/uploads\/2022\/01\/Cristiano-Griletti-01-2022-48x60.jpg 48w, https:\/\/silla.industries\/wp-content\/uploads\/2022\/01\/Cristiano-Griletti-01-2022-72x90.jpg 72w, https:\/\/silla.industries\/wp-content\/uploads\/2022\/01\/Cristiano-Griletti-01-2022.jpg 900w\" sizes=\"(max-width: 240px) 100vw, 240px\" \/><\/figure>\n<\/div>\n\n\n<h4 class=\"wp-block-heading\"><strong>Cristiano Griletti - Chef de la R&amp;D<\/strong><\/h4>\n\n\n\n<p>Je suis tomb\u00e9 amoureux de l&rsquo;\u00e9lectronique \u00e0 un tr\u00e8s jeune \u00e2ge, en regardant papa assembler des circuits \u00e9lectriques. S&rsquo;il y a une passion qui ne m&rsquo;a jamais quitt\u00e9, c&rsquo;est bien celle de fabriquer, de d\u00e9monter et de r\u00e9inventer. En fait, ma vision m&rsquo;a toujours conduit \u00e0 cr\u00e9er le monde qui n&rsquo;existait pas tr\u00e8s t\u00f4t. Comme Alberto, j&rsquo;ai \u00e9galement \u00e9t\u00e9 impressionn\u00e9 par la <strong><em>Tesla<\/em> <\/strong>. J&rsquo;ai tir\u00e9 de cette rencontre une grande inspiration que j&rsquo;ai transpos\u00e9e dans ce que je consid\u00e8re comme mes habitats naturels: l&rsquo;atelier et le Hackerspace.<\/p>\n","protected":false},"excerpt":{"rendered":"<p>Chaque jour un pas vers l&rsquo;avenir de la mobilit\u00e9 et de la gestion de l&rsquo;\u00e9nergie<\/p>\n","protected":false},"author":23,"featured_media":9651,"parent":0,"menu_order":71,"comment_status":"closed","ping_status":"closed","template":"templates\/template-cover.php","meta":{"_uag_custom_page_level_css":"","footnotes":""},"class_list":["post-13437","page","type-page","status-publish","has-post-thumbnail","hentry"],"uagb_featured_image_src":{"full":["https:\/\/silla.industries\/wp-content\/uploads\/2022\/01\/magazzino-produzione.jpg",1600,900,false],"thumbnail":["https:\/\/silla.industries\/wp-content\/uploads\/2022\/01\/magazzino-produzione-150x150.jpg",150,150,true],"medium":["https:\/\/silla.industries\/wp-content\/uploads\/2022\/01\/magazzino-produzione-300x169.jpg",300,169,true],"medium_large":["https:\/\/silla.industries\/wp-content\/uploads\/2022\/01\/magazzino-produzione-768x432.jpg",700,394,true],"large":["https:\/\/silla.industries\/wp-content\/uploads\/2022\/01\/magazzino-produzione-1024x576.jpg",700,394,true],"1536x1536":["https:\/\/silla.industries\/wp-content\/uploads\/2022\/01\/magazzino-produzione-1536x864.jpg",1536,864,true],"2048x2048":["https:\/\/silla.industries\/wp-content\/uploads\/2022\/01\/magazzino-produzione.jpg",1600,900,false],"betterdocs-category-thumb":["https:\/\/silla.industries\/wp-content\/uploads\/2022\/01\/magazzino-produzione.jpg",360,203,false],"post-thumbnail":["https:\/\/silla.industries\/wp-content\/uploads\/2022\/01\/magazzino-produzione-1200x675.jpg",1200,675,true],"twentytwenty-fullscreen":["https:\/\/silla.industries\/wp-content\/uploads\/2022\/01\/magazzino-produzione.jpg",1600,900,false],"mailpoet_newsletter_max":["https:\/\/silla.industries\/wp-content\/uploads\/2022\/01\/magazzino-produzione.jpg",1320,743,false],"menu-26x26":["https:\/\/silla.industries\/wp-content\/uploads\/2022\/01\/magazzino-produzione.jpg",26,15,false],"menu-36x36":["https:\/\/silla.industries\/wp-content\/uploads\/2022\/01\/magazzino-produzione.jpg",36,20,false],"menu-48x48":["https:\/\/silla.industries\/wp-content\/uploads\/2022\/01\/magazzino-produzione.jpg",48,27,false],"woocommerce_thumbnail":["https:\/\/silla.industries\/wp-content\/uploads\/2022\/01\/magazzino-produzione-450x450.jpg",450,450,true],"woocommerce_single":["https:\/\/silla.industries\/wp-content\/uploads\/2022\/01\/magazzino-produzione-600x338.jpg",600,338,true],"woocommerce_gallery_thumbnail":["https:\/\/silla.industries\/wp-content\/uploads\/2022\/01\/magazzino-produzione-100x100.jpg",100,100,true]},"uagb_author_info":{"display_name":"Valentina De Simone","author_link":"https:\/\/silla.industries\/fr\/author\/valentina\/"},"uagb_comment_info":0,"uagb_excerpt":"Chaque jour un pas vers l'avenir de la mobilit\u00e9 et de la gestion de l'\u00e9nergie","_links":{"self":[{"href":"https:\/\/silla.industries\/fr\/wp-json\/wp\/v2\/pages\/13437","targetHints":{"allow":["GET"]}}],"collection":[{"href":"https:\/\/silla.industries\/fr\/wp-json\/wp\/v2\/pages"}],"about":[{"href":"https:\/\/silla.industries\/fr\/wp-json\/wp\/v2\/types\/page"}],"author":[{"embeddable":true,"href":"https:\/\/silla.industries\/fr\/wp-json\/wp\/v2\/users\/23"}],"replies":[{"embeddable":true,"href":"https:\/\/silla.industries\/fr\/wp-json\/wp\/v2\/comments?post=13437"}],"version-history":[{"count":0,"href":"https:\/\/silla.industries\/fr\/wp-json\/wp\/v2\/pages\/13437\/revisions"}],"wp:featuredmedia":[{"embeddable":true,"href":"https:\/\/silla.industries\/fr\/wp-json\/wp\/v2\/media\/9651"}],"wp:attachment":[{"href":"https:\/\/silla.industries\/fr\/wp-json\/wp\/v2\/media?parent=13437"}],"curies":[{"name":"wp","href":"https:\/\/api.w.org\/{rel}","templated":true}]}}