{"id":13890,"date":"2021-08-25T13:42:00","date_gmt":"2021-08-25T11:42:00","guid":{"rendered":"https:\/\/silla.industries\/service-horeca\/"},"modified":"2025-07-03T11:55:43","modified_gmt":"2025-07-03T09:55:43","slug":"service-horeca","status":"publish","type":"page","link":"https:\/\/silla.industries\/fr\/service-horeca\/","title":{"rendered":"Services de l&rsquo;HoReCa"},"content":{"rendered":"","protected":false},"excerpt":{"rendered":"<p>Le service de recharge de voitures \u00e9lectriques con\u00e7u pour les h\u00f4tels, les restaurants et les \u00e9tablissements d&rsquo;h\u00e9bergement.<\/p>\n","protected":false},"author":23,"featured_media":10563,"parent":0,"menu_order":32,"comment_status":"closed","ping_status":"closed","template":"templates\/template-cover.php","meta":{"_uag_custom_page_level_css":"","footnotes":""},"class_list":["post-13890","page","type-page","status-publish","has-post-thumbnail","hentry"],"uagb_featured_image_src":{"full":["https:\/\/silla.industries\/wp-content\/uploads\/2021\/08\/horeca-tessera-rfid-prism-solar.jpg",1920,1080,false],"thumbnail":["https:\/\/silla.industries\/wp-content\/uploads\/2021\/08\/horeca-tessera-rfid-prism-solar-150x150.jpg",150,150,true],"medium":["https:\/\/silla.industries\/wp-content\/uploads\/2021\/08\/horeca-tessera-rfid-prism-solar-300x169.jpg",300,169,true],"medium_large":["https:\/\/silla.industries\/wp-content\/uploads\/2021\/08\/horeca-tessera-rfid-prism-solar-768x432.jpg",700,394,true],"large":["https:\/\/silla.industries\/wp-content\/uploads\/2021\/08\/horeca-tessera-rfid-prism-solar-1024x576.jpg",700,394,true],"1536x1536":["https:\/\/silla.industries\/wp-content\/uploads\/2021\/08\/horeca-tessera-rfid-prism-solar-1536x864.jpg",1536,864,true],"2048x2048":["https:\/\/silla.industries\/wp-content\/uploads\/2021\/08\/horeca-tessera-rfid-prism-solar.jpg",1920,1080,false],"betterdocs-category-thumb":["https:\/\/silla.industries\/wp-content\/uploads\/2021\/08\/horeca-tessera-rfid-prism-solar-360x203.jpg",360,203,true],"post-thumbnail":["https:\/\/silla.industries\/wp-content\/uploads\/2021\/08\/horeca-tessera-rfid-prism-solar-1200x675.jpg",1200,675,true],"twentytwenty-fullscreen":["https:\/\/silla.industries\/wp-content\/uploads\/2021\/08\/horeca-tessera-rfid-prism-solar.jpg",1920,1080,false],"mailpoet_newsletter_max":["https:\/\/silla.industries\/wp-content\/uploads\/2021\/08\/horeca-tessera-rfid-prism-solar-1320x743.jpg",1320,743,true],"menu-26x26":["https:\/\/silla.industries\/wp-content\/uploads\/2021\/08\/horeca-tessera-rfid-prism-solar.jpg",26,15,false],"menu-36x36":["https:\/\/silla.industries\/wp-content\/uploads\/2021\/08\/horeca-tessera-rfid-prism-solar.jpg",36,20,false],"menu-48x48":["https:\/\/silla.industries\/wp-content\/uploads\/2021\/08\/horeca-tessera-rfid-prism-solar.jpg",48,27,false],"woocommerce_thumbnail":["https:\/\/silla.industries\/wp-content\/uploads\/2021\/08\/horeca-tessera-rfid-prism-solar-450x450.jpg",450,450,true],"woocommerce_single":["https:\/\/silla.industries\/wp-content\/uploads\/2021\/08\/horeca-tessera-rfid-prism-solar-600x338.jpg",600,338,true],"woocommerce_gallery_thumbnail":["https:\/\/silla.industries\/wp-content\/uploads\/2021\/08\/horeca-tessera-rfid-prism-solar-100x100.jpg",100,100,true]},"uagb_author_info":{"display_name":"Valentina De Simone","author_link":"https:\/\/silla.industries\/fr\/author\/valentina\/"},"uagb_comment_info":0,"uagb_excerpt":"Le service de recharge de voitures \u00e9lectriques con\u00e7u pour les h\u00f4tels, les restaurants et les \u00e9tablissements d'h\u00e9bergement.","_links":{"self":[{"href":"https:\/\/silla.industries\/fr\/wp-json\/wp\/v2\/pages\/13890","targetHints":{"allow":["GET"]}}],"collection":[{"href":"https:\/\/silla.industries\/fr\/wp-json\/wp\/v2\/pages"}],"about":[{"href":"https:\/\/silla.industries\/fr\/wp-json\/wp\/v2\/types\/page"}],"author":[{"embeddable":true,"href":"https:\/\/silla.industries\/fr\/wp-json\/wp\/v2\/users\/23"}],"replies":[{"embeddable":true,"href":"https:\/\/silla.industries\/fr\/wp-json\/wp\/v2\/comments?post=13890"}],"version-history":[{"count":0,"href":"https:\/\/silla.industries\/fr\/wp-json\/wp\/v2\/pages\/13890\/revisions"}],"wp:featuredmedia":[{"embeddable":true,"href":"https:\/\/silla.industries\/fr\/wp-json\/wp\/v2\/media\/10563"}],"wp:attachment":[{"href":"https:\/\/silla.industries\/fr\/wp-json\/wp\/v2\/media?parent=13890"}],"curies":[{"name":"wp","href":"https:\/\/api.w.org\/{rel}","templated":true}]}}