{"id":14902,"date":"2021-01-12T09:04:47","date_gmt":"2021-01-12T08:04:47","guid":{"rendered":"https:\/\/silla.industries\/?page_id=14902"},"modified":"2025-08-27T09:58:25","modified_gmt":"2025-08-27T07:58:25","slug":"communiques-de-presse","status":"publish","type":"page","link":"https:\/\/silla.industries\/fr\/communiques-de-presse\/","title":{"rendered":"Communiqu\u00e9s de presse"},"content":{"rendered":"<ul class=\"wp-block-latest-posts__list has-dates wp-block-latest-posts\"><li><div class=\"wp-block-latest-posts__featured-image alignleft\"><a href=\"https:\/\/silla.industries\/fr\/silla-industries-lance-homer-le-chargeur-portable-intelligent-pour-vehicules-electriques-2\/\" aria-label=\"Silla Industries lance HOMER, le chargeur portable intelligent pour v\u00e9hicules \u00e9lectriques\"><img decoding=\"async\" width=\"150\" height=\"150\" src=\"https:\/\/silla.industries\/wp-content\/uploads\/2026\/03\/SKAM-150x150.png\" class=\"attachment-thumbnail size-thumbnail wp-post-image\" alt=\"Una finta wallbox per la ricarica delle vetture elettriche in flatpack con montaggio in autonomia da parte degli utenti finali (DON&#039;T TRY THIS AT HOME)\" style=\"\" srcset=\"https:\/\/silla.industries\/wp-content\/uploads\/2026\/03\/SKAM-150x150.png 150w, https:\/\/silla.industries\/wp-content\/uploads\/2026\/03\/SKAM-450x450.png 450w, https:\/\/silla.industries\/wp-content\/uploads\/2026\/03\/SKAM-100x100.png 100w\" sizes=\"(max-width: 150px) 100vw, 150px\" \/><\/a><\/div><a class=\"wp-block-latest-posts__post-title\" href=\"https:\/\/silla.industries\/fr\/silla-industries-lance-homer-le-chargeur-portable-intelligent-pour-vehicules-electriques-2\/\">Silla Industries lance HOMER, le chargeur portable intelligent pour v\u00e9hicules \u00e9lectriques<\/a><time datetime=\"2026-04-01T09:09:36+02:00\" class=\"wp-block-latest-posts__post-date\">1 avril 2026<\/time><div class=\"wp-block-latest-posts__post-excerpt\">Homer est le nouveau dispositif de Silla, disponible \u00e0 partir d&rsquo;ao\u00fbt 2025. Il combine la facilit\u00e9 d&rsquo;utilisation, la s\u00e9curit\u00e9 avanc\u00e9e et toutes les caract\u00e9ristiques qui distinguent la gamme de bo\u00eetes murales haut de gamme Prism Solar de Silla, mais dans un format compact qui ne n\u00e9cessite pas d&rsquo;installation. <a href=\"https:\/\/silla.industries\/fr\/silla-industries-lance-homer-le-chargeur-portable-intelligent-pour-vehicules-electriques-2\/\" class=\"more-link\"><span>Poursuivre la lecture<\/span><span class=\"screen-reader-text\">Silla Industries lance HOMER, le chargeur portable intelligent pour v\u00e9hicules \u00e9lectriques<\/span><\/a><\/div><\/li>\n<li><div class=\"wp-block-latest-posts__featured-image alignleft\"><a href=\"https:\/\/silla.industries\/fr\/silla-industries-lance-homer-le-chargeur-portable-intelligent-pour-vehicules-electriques\/\" aria-label=\"Silla Industries lance HOMER, le chargeur portable intelligent pour v\u00e9hicules \u00e9lectriques\"><img decoding=\"async\" width=\"150\" height=\"150\" src=\"https:\/\/silla.industries\/wp-content\/uploads\/2026\/01\/Bochiola_Stecca-1-150x150.png\" class=\"attachment-thumbnail size-thumbnail wp-post-image\" alt=\"\" style=\"\" srcset=\"https:\/\/silla.industries\/wp-content\/uploads\/2026\/01\/Bochiola_Stecca-1-150x150.png 150w, https:\/\/silla.industries\/wp-content\/uploads\/2026\/01\/Bochiola_Stecca-1-scaled-450x450.png 450w, https:\/\/silla.industries\/wp-content\/uploads\/2026\/01\/Bochiola_Stecca-1-scaled-100x100.png 100w\" sizes=\"(max-width: 150px) 100vw, 150px\" \/><\/a><\/div><a class=\"wp-block-latest-posts__post-title\" href=\"https:\/\/silla.industries\/fr\/silla-industries-lance-homer-le-chargeur-portable-intelligent-pour-vehicules-electriques\/\">Silla Industries lance HOMER, le chargeur portable intelligent pour v\u00e9hicules \u00e9lectriques<\/a><time datetime=\"2026-01-31T10:02:29+01:00\" class=\"wp-block-latest-posts__post-date\">31 janvier 2026<\/time><div class=\"wp-block-latest-posts__post-excerpt\">Homer est le nouveau dispositif de Silla, disponible \u00e0 partir d&rsquo;ao\u00fbt 2025. Il combine la facilit\u00e9 d&rsquo;utilisation, la s\u00e9curit\u00e9 avanc\u00e9e et toutes les caract\u00e9ristiques qui distinguent la gamme de bo\u00eetes murales haut de gamme Prism Solar de Silla, mais dans un format compact qui ne n\u00e9cessite pas d&rsquo;installation. <a href=\"https:\/\/silla.industries\/fr\/silla-industries-lance-homer-le-chargeur-portable-intelligent-pour-vehicules-electriques\/\" class=\"more-link\"><span>Poursuivre la lecture<\/span><span class=\"screen-reader-text\">Silla Industries lance HOMER, le chargeur portable intelligent pour v\u00e9hicules \u00e9lectriques<\/span><\/a><\/div><\/li>\n<li><div class=\"wp-block-latest-posts__featured-image alignleft\"><a href=\"https:\/\/silla.industries\/fr\/homer-il-caricatore-portatile-silla\/\" aria-label=\"Silla Industries lance HOMER, le chargeur portable intelligent pour v\u00e9hicules \u00e9lectriques\"><img decoding=\"async\" width=\"150\" height=\"150\" src=\"https:\/\/silla.industries\/wp-content\/uploads\/2025\/05\/001-150x150.png\" class=\"attachment-thumbnail size-thumbnail wp-post-image\" alt=\"homer-home-charger\" style=\"\" srcset=\"https:\/\/silla.industries\/wp-content\/uploads\/2025\/05\/001-150x150.png 150w, https:\/\/silla.industries\/wp-content\/uploads\/2025\/05\/001-450x450.png 450w, https:\/\/silla.industries\/wp-content\/uploads\/2025\/05\/001-100x100.png 100w\" sizes=\"(max-width: 150px) 100vw, 150px\" \/><\/a><\/div><a class=\"wp-block-latest-posts__post-title\" href=\"https:\/\/silla.industries\/fr\/homer-il-caricatore-portatile-silla\/\">Silla Industries lance HOMER, le chargeur portable intelligent pour v\u00e9hicules \u00e9lectriques<\/a><time datetime=\"2025-05-29T11:41:26+02:00\" class=\"wp-block-latest-posts__post-date\">29 mai 2025<\/time><div class=\"wp-block-latest-posts__post-excerpt\">Homer est le nouveau dispositif de Silla, disponible \u00e0 partir d&rsquo;ao\u00fbt 2025. Il combine la facilit\u00e9 d&rsquo;utilisation, la s\u00e9curit\u00e9 avanc\u00e9e et toutes les caract\u00e9ristiques qui distinguent la gamme de bo\u00eetes murales haut de gamme Prism Solar de Silla, mais dans un format compact qui ne n\u00e9cessite pas d&rsquo;installation. <a href=\"https:\/\/silla.industries\/fr\/homer-il-caricatore-portatile-silla\/\" class=\"more-link\"><span>Poursuivre la lecture<\/span><span class=\"screen-reader-text\">Silla Industries lance HOMER, le chargeur portable intelligent pour v\u00e9hicules \u00e9lectriques<\/span><\/a><\/div><\/li>\n<li><div class=\"wp-block-latest-posts__featured-image alignleft\"><a href=\"https:\/\/silla.industries\/fr\/tiktok-e-silla-industries\/\" aria-label=\"TikTok et Silla Industries : d\u00e9but des discussions pr\u00e9liminaires en vue d&rsquo;une acquisition strat\u00e9gique\"><img loading=\"lazy\" decoding=\"async\" width=\"150\" height=\"150\" src=\"https:\/\/silla.industries\/wp-content\/uploads\/2025\/03\/meeting-150x150.jpg\" class=\"attachment-thumbnail size-thumbnail wp-post-image\" alt=\"Shou Zi Chew, CEO di TikTok, ed Alberto Stecca, CEO di Silla Industries\" style=\"\" srcset=\"https:\/\/silla.industries\/wp-content\/uploads\/2025\/03\/meeting-150x150.jpg 150w, https:\/\/silla.industries\/wp-content\/uploads\/2025\/03\/meeting-450x450.jpg 450w, https:\/\/silla.industries\/wp-content\/uploads\/2025\/03\/meeting-100x100.jpg 100w\" sizes=\"(max-width: 150px) 100vw, 150px\" \/><\/a><\/div><a class=\"wp-block-latest-posts__post-title\" href=\"https:\/\/silla.industries\/fr\/tiktok-e-silla-industries\/\">TikTok et Silla Industries : d\u00e9but des discussions pr\u00e9liminaires en vue d&rsquo;une acquisition strat\u00e9gique<\/a><time datetime=\"2025-04-01T05:00:00+02:00\" class=\"wp-block-latest-posts__post-date\">1 avril 2025<\/time><div class=\"wp-block-latest-posts__post-excerpt\">Une fois l&rsquo;accord conclu, Tik Tok concentrera ses activit\u00e9s sur la promotion des \u00e9nergies renouvelables dans le monde entier et participera activement \u00e0 la transition \u00e9nerg\u00e9tique.<a href=\"https:\/\/silla.industries\/fr\/tiktok-e-silla-industries\/\" class=\"more-link\"><span>Poursuivre la lecture<\/span><span class=\"screen-reader-text\">TikTok et Silla Industries : d\u00e9but des discussions pr\u00e9liminaires en vue d&rsquo;une acquisition strat\u00e9gique<\/span><\/a><\/div><\/li>\n<li><div class=\"wp-block-latest-posts__featured-image alignleft\"><a href=\"https:\/\/silla.industries\/fr\/silla-industries-bornelec-partnership-in-africa\/\" aria-label=\"SILLA INDUSTRIES ET BORNELEC : PARTENARIAT STRAT\u00c9GIQUE POUR LES BORNES DE RECHARGE EN AFRIQUE DU NORD\"><img loading=\"lazy\" decoding=\"async\" width=\"150\" height=\"150\" src=\"https:\/\/silla.industries\/wp-content\/uploads\/2025\/03\/MiloudLamraouieAlbertoStecca-768x505-1-150x150.png\" class=\"attachment-thumbnail size-thumbnail wp-post-image\" alt=\"bornelec-nord-africa\" style=\"\" srcset=\"https:\/\/silla.industries\/wp-content\/uploads\/2025\/03\/MiloudLamraouieAlbertoStecca-768x505-1-150x150.png 150w, https:\/\/silla.industries\/wp-content\/uploads\/2025\/03\/MiloudLamraouieAlbertoStecca-768x505-1-450x450.png 450w, https:\/\/silla.industries\/wp-content\/uploads\/2025\/03\/MiloudLamraouieAlbertoStecca-768x505-1-100x100.png 100w\" sizes=\"(max-width: 150px) 100vw, 150px\" \/><\/a><\/div><a class=\"wp-block-latest-posts__post-title\" href=\"https:\/\/silla.industries\/fr\/silla-industries-bornelec-partnership-in-africa\/\">SILLA INDUSTRIES ET BORNELEC : PARTENARIAT STRAT\u00c9GIQUE POUR LES BORNES DE RECHARGE EN AFRIQUE DU NORD<\/a><time datetime=\"2025-03-31T10:35:39+02:00\" class=\"wp-block-latest-posts__post-date\">31 mars 2025<\/time><div class=\"wp-block-latest-posts__post-excerpt\">Silla Industries a sign\u00e9 un important partenariat avec Bornelec, une soci\u00e9t\u00e9 alg\u00e9rienne sp\u00e9cialis\u00e9e dans la mobilit\u00e9 \u00e9lectrique. Gr\u00e2ce \u00e0 cet accord, Silla fournira \u00e0 Bornelec des composants pour les stations de recharge \u00e9lectrique, en soutenant la production et l&rsquo;assemblage directement en Alg\u00e9rie. Une entreprise commune pour une mobilit\u00e9 \u00e9lectrique durable L&rsquo;accord entre Silla Industries et&hellip;<a href=\"https:\/\/silla.industries\/fr\/silla-industries-bornelec-partnership-in-africa\/\" class=\"more-link\"><span>Poursuivre la lecture<\/span><span class=\"screen-reader-text\">SILLA INDUSTRIES ET BORNELEC : PARTENARIAT STRAT\u00c9GIQUE POUR LES BORNES DE RECHARGE EN AFRIQUE DU NORD<\/span><\/a><\/div><\/li>\n<li><div class=\"wp-block-latest-posts__featured-image alignleft\"><a href=\"https:\/\/silla.industries\/fr\/silla-e-azimuth-solar-in-piemonte-partnership\/\" aria-label=\"LE PARTENARIAT SILLA ET AZIMUTH SOLAR POUR LA TRANSITION \u00c9NERG\u00c9TIQUE DANS LE PI\u00c9MONT\"><img loading=\"lazy\" decoding=\"async\" width=\"150\" height=\"150\" src=\"https:\/\/silla.industries\/wp-content\/uploads\/2025\/03\/TUTTE-LE-NOVITA-dellautomotive-SPIEGATE-BENE7-150x150.png\" class=\"attachment-thumbnail size-thumbnail wp-post-image\" alt=\"silla-e-azimuth-solar-piemonte\" style=\"\" srcset=\"https:\/\/silla.industries\/wp-content\/uploads\/2025\/03\/TUTTE-LE-NOVITA-dellautomotive-SPIEGATE-BENE7-150x150.png 150w, https:\/\/silla.industries\/wp-content\/uploads\/2025\/03\/TUTTE-LE-NOVITA-dellautomotive-SPIEGATE-BENE7-450x450.png 450w, https:\/\/silla.industries\/wp-content\/uploads\/2025\/03\/TUTTE-LE-NOVITA-dellautomotive-SPIEGATE-BENE7-100x100.png 100w\" sizes=\"(max-width: 150px) 100vw, 150px\" \/><\/a><\/div><a class=\"wp-block-latest-posts__post-title\" href=\"https:\/\/silla.industries\/fr\/silla-e-azimuth-solar-in-piemonte-partnership\/\">LE PARTENARIAT SILLA ET AZIMUTH SOLAR POUR LA TRANSITION \u00c9NERG\u00c9TIQUE DANS LE PI\u00c9MONT<\/a><time datetime=\"2025-03-17T10:29:04+01:00\" class=\"wp-block-latest-posts__post-date\">17 mars 2025<\/time><div class=\"wp-block-latest-posts__post-excerpt\">Silla Industries a conclu un accord avec Azimuth Solar pour promouvoir la transition \u00e9nerg\u00e9tique dans le Pi\u00e9mont. Le partenariat encouragera l&rsquo;installation de syst\u00e8mes photovolta\u00efques avec des stations de recharge dans les foyers et les entreprises de toutes les provinces du Nord-Ouest, en offrant des \u00e9valuations gratuites et des avantages \u00e9conomiques. <a href=\"https:\/\/silla.industries\/fr\/silla-e-azimuth-solar-in-piemonte-partnership\/\" class=\"more-link\"><span>Poursuivre la lecture<\/span><span class=\"screen-reader-text\">LE PARTENARIAT SILLA ET AZIMUTH SOLAR POUR LA TRANSITION \u00c9NERG\u00c9TIQUE DANS LE PI\u00c9MONT<\/span><\/a><\/div><\/li>\n<li><div class=\"wp-block-latest-posts__featured-image alignleft\"><a href=\"https:\/\/silla.industries\/fr\/italfeltri-nercos-e-silla-la-partnership\/\" aria-label=\"ITALFELTRI-NERCOS CHOISIT LES BO\u00ceTES MURALES SILLA POUR SES PLANTES\"><img loading=\"lazy\" decoding=\"async\" width=\"150\" height=\"150\" src=\"https:\/\/silla.industries\/wp-content\/uploads\/2024\/10\/mm-150x150.jpg\" class=\"attachment-thumbnail size-thumbnail wp-post-image\" alt=\"\" style=\"\" srcset=\"https:\/\/silla.industries\/wp-content\/uploads\/2024\/10\/mm-150x150.jpg 150w, https:\/\/silla.industries\/wp-content\/uploads\/2024\/10\/mm-450x450.jpg 450w, https:\/\/silla.industries\/wp-content\/uploads\/2024\/10\/mm-100x100.jpg 100w\" sizes=\"(max-width: 150px) 100vw, 150px\" \/><\/a><\/div><a class=\"wp-block-latest-posts__post-title\" href=\"https:\/\/silla.industries\/fr\/italfeltri-nercos-e-silla-la-partnership\/\">ITALFELTRI-NERCOS CHOISIT LES BO\u00ceTES MURALES SILLA POUR SES PLANTES<\/a><time datetime=\"2025-01-27T10:29:27+01:00\" class=\"wp-block-latest-posts__post-date\">27 janvier 2025<\/time><div class=\"wp-block-latest-posts__post-excerpt\">Silla Industries a fourni \u00e0 Italfeltri-Nercos les coffrets muraux Prism Solar pour recharger les v\u00e9hicules des deux usines de la province de Padoue - qui op\u00e8rent dans le secteur du moulage par injection - en utilisant l&rsquo;\u00e9nergie verte produite par le syst\u00e8me photovolta\u00efque.  <a href=\"https:\/\/silla.industries\/fr\/italfeltri-nercos-e-silla-la-partnership\/\" class=\"more-link\"><span>Poursuivre la lecture<\/span><span class=\"screen-reader-text\">ITALFELTRI-NERCOS CHOISIT LES BO\u00ceTES MURALES SILLA POUR SES PLANTES<\/span><\/a><\/div><\/li>\n<li><div class=\"wp-block-latest-posts__featured-image alignleft\"><a href=\"https:\/\/silla.industries\/fr\/silla-e-electriease-partnership\/\" aria-label=\"SILLA ET ELECTRIEASE POUR DIFFUSER ET AM\u00c9LIORER L&rsquo;EXP\u00c9RIENCE DE LA RECHARGE AUTOMOBILE HORS DOMICILE\"><img loading=\"lazy\" decoding=\"async\" width=\"150\" height=\"150\" src=\"https:\/\/silla.industries\/wp-content\/uploads\/2024\/10\/IMG-sillaeelectriease-150x150.png\" class=\"attachment-thumbnail size-thumbnail wp-post-image\" alt=\"silla e electriease\" style=\"\" srcset=\"https:\/\/silla.industries\/wp-content\/uploads\/2024\/10\/IMG-sillaeelectriease-150x150.png 150w, https:\/\/silla.industries\/wp-content\/uploads\/2024\/10\/IMG-sillaeelectriease-450x450.png 450w, https:\/\/silla.industries\/wp-content\/uploads\/2024\/10\/IMG-sillaeelectriease-100x100.png 100w\" sizes=\"(max-width: 150px) 100vw, 150px\" \/><\/a><\/div><a class=\"wp-block-latest-posts__post-title\" href=\"https:\/\/silla.industries\/fr\/silla-e-electriease-partnership\/\">SILLA ET ELECTRIEASE POUR DIFFUSER ET AM\u00c9LIORER L&rsquo;EXP\u00c9RIENCE DE LA RECHARGE AUTOMOBILE HORS DOMICILE<\/a><time datetime=\"2024-10-15T10:05:30+02:00\" class=\"wp-block-latest-posts__post-date\">15 octobre 2024<\/time><div class=\"wp-block-latest-posts__post-excerpt\">Les deux entreprises, acteurs majeurs de la mobilit\u00e9 verte, s&rsquo;engagent dans une collaboration\nqui promet de faire de la recharge des VE une opportunit\u00e9 commerciale dans les lieux publics et semi-priv\u00e9s.<a href=\"https:\/\/silla.industries\/fr\/silla-e-electriease-partnership\/\" class=\"more-link\"><span>Poursuivre la lecture<\/span><span class=\"screen-reader-text\">SILLA ET ELECTRIEASE POUR DIFFUSER ET AM\u00c9LIORER L&rsquo;EXP\u00c9RIENCE DE LA RECHARGE AUTOMOBILE HORS DOMICILE<\/span><\/a><\/div><\/li>\n<li><div class=\"wp-block-latest-posts__featured-image alignleft\"><a href=\"https:\/\/silla.industries\/fr\/noleggiare-e-silla-industries-partnership\/\" aria-label=\"LA LOCATION CHOISIT SILLA INDUSTRIES POUR LA RECHARGE \u00c9LECTRIQUE, VERS LA MOBILIT\u00c9 DU FUTUR\"><img loading=\"lazy\" decoding=\"async\" width=\"150\" height=\"150\" src=\"https:\/\/silla.industries\/wp-content\/uploads\/2024\/08\/Copia-di-DSC03019-150x150.jpg\" class=\"attachment-thumbnail size-thumbnail wp-post-image\" alt=\"Silla e Noleggiare partnership per il noleggio elettrico\" style=\"\" srcset=\"https:\/\/silla.industries\/wp-content\/uploads\/2024\/08\/Copia-di-DSC03019-150x150.jpg 150w, https:\/\/silla.industries\/wp-content\/uploads\/2024\/08\/Copia-di-DSC03019-300x300.jpg 300w, https:\/\/silla.industries\/wp-content\/uploads\/2024\/08\/Copia-di-DSC03019-1024x1024.jpg 1024w, https:\/\/silla.industries\/wp-content\/uploads\/2024\/08\/Copia-di-DSC03019-768x768.jpg 768w, https:\/\/silla.industries\/wp-content\/uploads\/2024\/08\/Copia-di-DSC03019-1536x1536.jpg 1536w, https:\/\/silla.industries\/wp-content\/uploads\/2024\/08\/Copia-di-DSC03019-2048x2048.jpg 2048w, https:\/\/silla.industries\/wp-content\/uploads\/2024\/08\/Copia-di-DSC03019-1200x1200.jpg 1200w, https:\/\/silla.industries\/wp-content\/uploads\/2024\/08\/Copia-di-DSC03019-1980x1980.jpg 1980w, https:\/\/silla.industries\/wp-content\/uploads\/2024\/08\/Copia-di-DSC03019-1320x1320.jpg 1320w, https:\/\/silla.industries\/wp-content\/uploads\/2024\/08\/Copia-di-DSC03019-450x450.jpg 450w, https:\/\/silla.industries\/wp-content\/uploads\/2024\/08\/Copia-di-DSC03019-600x600.jpg 600w, https:\/\/silla.industries\/wp-content\/uploads\/2024\/08\/Copia-di-DSC03019-100x100.jpg 100w\" sizes=\"(max-width: 150px) 100vw, 150px\" \/><\/a><\/div><a class=\"wp-block-latest-posts__post-title\" href=\"https:\/\/silla.industries\/fr\/noleggiare-e-silla-industries-partnership\/\">LA LOCATION CHOISIT SILLA INDUSTRIES POUR LA RECHARGE \u00c9LECTRIQUE, VERS LA MOBILIT\u00c9 DU FUTUR<\/a><time datetime=\"2024-08-01T09:47:12+02:00\" class=\"wp-block-latest-posts__post-date\">1 ao\u00fbt 2024<\/time><div class=\"wp-block-latest-posts__post-excerpt\">Cela porte \u00e0 40 le nombre de stations de recharge Prism install\u00e9es dans 15 endroits en Italie pour rendre la recharge plus accessible et plus pratique, offrant aux clients une plus grande conscience de leurs choix quotidiens et de leur impact sur l&rsquo;environnement.<a href=\"https:\/\/silla.industries\/fr\/noleggiare-e-silla-industries-partnership\/\" class=\"more-link\"><span>Poursuivre la lecture<\/span><span class=\"screen-reader-text\">LA LOCATION CHOISIT SILLA INDUSTRIES POUR LA RECHARGE \u00c9LECTRIQUE, VERS LA MOBILIT\u00c9 DU FUTUR<\/span><\/a><\/div><\/li>\n<li><div class=\"wp-block-latest-posts__featured-image alignleft\"><a href=\"https:\/\/silla.industries\/fr\/echarge-prism-ng-gemini-silla\/\" aria-label=\"SILLA CON\u00c7OIT L&rsquo;AVENIR DE LA RECHARGE \u00c9LECTRIQUE AVEC DEUX INNOVATIONS\"><img loading=\"lazy\" decoding=\"async\" width=\"150\" height=\"150\" src=\"https:\/\/silla.industries\/wp-content\/uploads\/2024\/04\/IMG_fiera-echarge-150x150.png\" class=\"attachment-thumbnail size-thumbnail wp-post-image\" alt=\"gSilla partecipa a echarge - Bologna\" style=\"\" srcset=\"https:\/\/silla.industries\/wp-content\/uploads\/2024\/04\/IMG_fiera-echarge-150x150.png 150w, https:\/\/silla.industries\/wp-content\/uploads\/2024\/04\/IMG_fiera-echarge-450x450.png 450w, https:\/\/silla.industries\/wp-content\/uploads\/2024\/04\/IMG_fiera-echarge-100x100.png 100w\" sizes=\"(max-width: 150px) 100vw, 150px\" \/><\/a><\/div><a class=\"wp-block-latest-posts__post-title\" href=\"https:\/\/silla.industries\/fr\/echarge-prism-ng-gemini-silla\/\">SILLA CON\u00c7OIT L&rsquo;AVENIR DE LA RECHARGE \u00c9LECTRIQUE AVEC DEUX INNOVATIONS<\/a><time datetime=\"2024-04-30T10:44:12+02:00\" class=\"wp-block-latest-posts__post-date\">30 avril 2024<\/time><div class=\"wp-block-latest-posts__post-excerpt\">E-Charge \u00e0 Bologne est la sc\u00e8ne choisie pour la pr\u00e9sentation de Prism Next Generation, la nouvelle g\u00e9n\u00e9ration de chargeurs domestiques, et de GEMINI, la station de recharge innovante Plug &lsquo;n Charge pour le monde Ho.Re.Ca.<a href=\"https:\/\/silla.industries\/fr\/echarge-prism-ng-gemini-silla\/\" class=\"more-link\"><span>Poursuivre la lecture<\/span><span class=\"screen-reader-text\">SILLA CON\u00c7OIT L&rsquo;AVENIR DE LA RECHARGE \u00c9LECTRIQUE AVEC DEUX INNOVATIONS<\/span><\/a><\/div><\/li>\n<\/ul>","protected":false},"excerpt":{"rendered":"<p>Ils parlent de nous et nous parlent. Restez au courant de notre monde, de nos nouveaux partenariats et de nos initiatives en lisant les communiqu\u00e9s de presse.<\/p>\n","protected":false},"author":23,"featured_media":0,"parent":0,"menu_order":81,"comment_status":"closed","ping_status":"closed","template":"","meta":{"_uag_custom_page_level_css":"","footnotes":""},"class_list":["post-14902","page","type-page","status-publish","hentry"],"uagb_featured_image_src":{"full":false,"thumbnail":false,"medium":false,"medium_large":false,"large":false,"1536x1536":false,"2048x2048":false,"betterdocs-category-thumb":false,"post-thumbnail":false,"twentytwenty-fullscreen":false,"mailpoet_newsletter_max":false,"menu-26x26":false,"menu-36x36":false,"menu-48x48":false,"woocommerce_thumbnail":false,"woocommerce_single":false,"woocommerce_gallery_thumbnail":false},"uagb_author_info":{"display_name":"Valentina De Simone","author_link":"https:\/\/silla.industries\/fr\/author\/valentina\/"},"uagb_comment_info":0,"uagb_excerpt":"Ils parlent de nous et nous parlent. Restez au courant de notre monde, de nos nouveaux partenariats et de nos initiatives en lisant les communiqu\u00e9s de presse.","_links":{"self":[{"href":"https:\/\/silla.industries\/fr\/wp-json\/wp\/v2\/pages\/14902","targetHints":{"allow":["GET"]}}],"collection":[{"href":"https:\/\/silla.industries\/fr\/wp-json\/wp\/v2\/pages"}],"about":[{"href":"https:\/\/silla.industries\/fr\/wp-json\/wp\/v2\/types\/page"}],"author":[{"embeddable":true,"href":"https:\/\/silla.industries\/fr\/wp-json\/wp\/v2\/users\/23"}],"replies":[{"embeddable":true,"href":"https:\/\/silla.industries\/fr\/wp-json\/wp\/v2\/comments?post=14902"}],"version-history":[{"count":0,"href":"https:\/\/silla.industries\/fr\/wp-json\/wp\/v2\/pages\/14902\/revisions"}],"wp:attachment":[{"href":"https:\/\/silla.industries\/fr\/wp-json\/wp\/v2\/media?parent=14902"}],"curies":[{"name":"wp","href":"https:\/\/api.w.org\/{rel}","templated":true}]}}