{"id":19406,"date":"2021-01-02T18:22:56","date_gmt":"2021-01-02T17:22:56","guid":{"rendered":"https:\/\/silla.industries\/ricarica-dellauto-elettrica-con-limpianto-solare\/"},"modified":"2025-06-30T21:11:37","modified_gmt":"2025-06-30T19:11:37","slug":"ricarica-dellauto-elettrica-con-limpianto-solare","status":"publish","type":"page","link":"https:\/\/silla.industries\/fr\/ricarica-dellauto-elettrica-con-limpianto-solare\/","title":{"rendered":"Charger la voiture \u00e9lectrique avec le syst\u00e8me solaire"},"content":{"rendered":"\n<div style=\"height:60px\" aria-hidden=\"true\" class=\"wp-block-spacer\"><\/div>\n\n<h4 class=\"wp-block-heading\">Charger la voiture \u00e9lectrique avec le syst\u00e8me solaire<\/h4>\n\n<p>Si vous disposez d&rsquo;une installation photovolta\u00efque, vous savez naturellement d\u00e9j\u00e0 que l&rsquo;\u00e9nergie que vous produisez en sus de votre consommation est vendue au r\u00e9seau. Que ce soit dans le cas d&rsquo;un syst\u00e8me en cession totale ou en \u00e9change sur site, l&rsquo;avantage \u00e9conomique que vous obtenez est toujours tr\u00e8s faible, presque sans int\u00e9r\u00eat. Prism est la solution id\u00e9ale, car vous pouvez choisir d&rsquo;utiliser l&rsquo;\u00e9nergie exc\u00e9dentaire produite par votre syst\u00e8me photovolta\u00efque pour recharger votre voiture \u00e9lectrique avec de l&rsquo;\u00e9nergie solaire. quand et comme vous le souhaitez.   <\/p>\n\n<p>En mode solaire, Prism utilise un capteur pour surveiller \u00e0 tout moment votre consommation d&rsquo;\u00e9lectricit\u00e9 et la production de votre syst\u00e8me solaire. L&rsquo;\u00e9nergie qui n&rsquo;est pas utilis\u00e9e pour r\u00e9pondre \u00e0 votre consommation est utilis\u00e9e pour recharger les batteries de votre voiture \u00e9lectrique au lieu d&rsquo;\u00eatre envoy\u00e9e sur le r\u00e9seau.  <\/p>\n\n<p>Ce capteur est fourni avec tous les mod\u00e8les Prism et m\u00eame si vous n&rsquo;avez pas de syst\u00e8me photovolta\u00efque aujourd&rsquo;hui, vous pourrez toujours en ajouter un plus tard, et Prism sera pr\u00eat \u00e0 vous faire \u00e9conomiser de l&rsquo;argent sans que vous ayez \u00e0 changer quoi que ce soit. Cool !<\/p>\n\n<h4 class=\"wp-block-heading\">Syst\u00e8me solaire et r\u00e9seau combin\u00e9s<\/h4>\n\n<p>Prism dispose \u00e9galement d&rsquo;une autre fonction tr\u00e8s intelligente, qui permet de compl\u00e9ter la production du syst\u00e8me photovolta\u00efque par une quantit\u00e9 minimale d&rsquo;\u00e9nergie pr\u00e9lev\u00e9e sur le r\u00e9seau. Si, par exemple, votre syst\u00e8me solaire est trop petit, ou pendant l&rsquo;hiver lorsque la production solaire est plus faible, ou si la consommation moyenne de votre maison est trop \u00e9lev\u00e9e pour que l&rsquo;\u00e9nergie solaire suffise \u00e0 charger votre voiture \u00e9lectrique avec le syst\u00e8me solaire, vous pouvez configurer Prism pour qu&rsquo;il pr\u00e9l\u00e8ve quand m\u00eame une certaine quantit\u00e9 d&rsquo;\u00e9nergie sur le r\u00e9seau lorsque la production solaire n&rsquo;est pas suffisante. La quantit\u00e9 d&rsquo;\u00e9nergie pr\u00e9lev\u00e9e sur le r\u00e9seau en plus de la production solaire d\u00e9pend de vous, seule et \u00e0 tout moment, vous n&rsquo;avez qu&rsquo;\u00e0 modifier cette configuration.  <\/p>\n\n<figure class=\"wp-block-image size-large\"><img fetchpriority=\"high\" decoding=\"async\" width=\"1024\" height=\"635\" src=\"https:\/\/silla.industries\/wp-content\/uploads\/2021\/01\/Maximum-power-draw-from-the-grid-in-solar-mode-1024x635.png\" alt=\"Puissance maximale pr&#xE9;lev&#xE9;e sur le r&#xE9;seau en mode solaire\" class=\"wp-image-385\" srcset=\"https:\/\/silla.industries\/wp-content\/uploads\/2021\/01\/Maximum-power-draw-from-the-grid-in-solar-mode-1024x635.png 1024w, https:\/\/silla.industries\/wp-content\/uploads\/2021\/01\/Maximum-power-draw-from-the-grid-in-solar-mode-600x372.png 600w, https:\/\/silla.industries\/wp-content\/uploads\/2021\/01\/Maximum-power-draw-from-the-grid-in-solar-mode-300x186.png 300w, https:\/\/silla.industries\/wp-content\/uploads\/2021\/01\/Maximum-power-draw-from-the-grid-in-solar-mode-768x476.png 768w, https:\/\/silla.industries\/wp-content\/uploads\/2021\/01\/Maximum-power-draw-from-the-grid-in-solar-mode-1200x744.png 1200w, https:\/\/silla.industries\/wp-content\/uploads\/2021\/01\/Maximum-power-draw-from-the-grid-in-solar-mode.png 1336w\" sizes=\"(max-width: 1024px) 100vw, 1024px\" \/><\/figure>\n\n<p>Cette configuration d&rsquo;\u00e9quilibrage de la charge fonctionne naturellement aussi avec un <a href=\"https:\/\/silla.industries\/fr\/sistemi-di-accumulo\/\" class=\"rank-math-link\">syst\u00e8me de stockage d&rsquo;<\/a> \u00e9nergie tel que <a aria-label=\"Tesla Powerwall (opens in a new tab)\" href=\"https:\/\/www.tesla.com\/it_IT\/powerwall\" target=\"_blank\" rel=\"noreferrer noopener\" class=\"rank-math-link\">Tesla Powerwall<\/a> ou d&rsquo;autres fabricants. Prism et le syst\u00e8me de stockage travaillent en synergie pour tirer le meilleur parti de votre production solaire et minimiser vos pr\u00e9l\u00e8vements sur le r\u00e9seau. <\/p>\n\n<div class=\"wp-block-buttons tw-mt-7 is-horizontal is-content-justification-center is-layout-flex wp-container-core-buttons-is-layout-03627597 wp-block-buttons-is-layout-flex\">\n<div class=\"wp-block-button\"><a class=\"wp-block-button__link wp-element-button\" href=\"https:\/\/silla.industries\/shop\/\" style=\"border-radius:10px\">visiter notre boutique<\/a><\/div>\n<\/div>\n","protected":false},"excerpt":{"rendered":"<p>Est-il pr\u00e9f\u00e9rable de c\u00e9der la production exc\u00e9dentaire au r\u00e9seau &#8230; ou de l&rsquo;utiliser pour recharger sa voiture \u00e9lectrique ?<\/p>\n","protected":false},"author":23,"featured_media":9435,"parent":0,"menu_order":36,"comment_status":"closed","ping_status":"closed","template":"templates\/template-cover.php","meta":{"_uag_custom_page_level_css":"","footnotes":""},"class_list":["post-19406","page","type-page","status-publish","has-post-thumbnail","hentry"],"uagb_featured_image_src":{"full":["https:\/\/silla.industries\/wp-content\/uploads\/2021\/01\/pannelli-solari-su-tetto-con-tegole.jpg",1600,901,false],"thumbnail":["https:\/\/silla.industries\/wp-content\/uploads\/2021\/01\/pannelli-solari-su-tetto-con-tegole-150x150.jpg",150,150,true],"medium":["https:\/\/silla.industries\/wp-content\/uploads\/2021\/01\/pannelli-solari-su-tetto-con-tegole-300x169.jpg",300,169,true],"medium_large":["https:\/\/silla.industries\/wp-content\/uploads\/2021\/01\/pannelli-solari-su-tetto-con-tegole-768x432.jpg",700,394,true],"large":["https:\/\/silla.industries\/wp-content\/uploads\/2021\/01\/pannelli-solari-su-tetto-con-tegole-1024x577.jpg",700,394,true],"1536x1536":["https:\/\/silla.industries\/wp-content\/uploads\/2021\/01\/pannelli-solari-su-tetto-con-tegole-1536x865.jpg",1536,865,true],"2048x2048":["https:\/\/silla.industries\/wp-content\/uploads\/2021\/01\/pannelli-solari-su-tetto-con-tegole.jpg",1600,901,false],"betterdocs-category-thumb":["https:\/\/silla.industries\/wp-content\/uploads\/2021\/01\/pannelli-solari-su-tetto-con-tegole.jpg",360,203,false],"post-thumbnail":["https:\/\/silla.industries\/wp-content\/uploads\/2021\/01\/pannelli-solari-su-tetto-con-tegole-1200x676.jpg",1200,676,true],"twentytwenty-fullscreen":["https:\/\/silla.industries\/wp-content\/uploads\/2021\/01\/pannelli-solari-su-tetto-con-tegole.jpg",1600,901,false],"mailpoet_newsletter_max":["https:\/\/silla.industries\/wp-content\/uploads\/2021\/01\/pannelli-solari-su-tetto-con-tegole.jpg",1320,743,false],"menu-26x26":["https:\/\/silla.industries\/wp-content\/uploads\/2021\/01\/pannelli-solari-su-tetto-con-tegole.jpg",26,15,false],"menu-36x36":["https:\/\/silla.industries\/wp-content\/uploads\/2021\/01\/pannelli-solari-su-tetto-con-tegole.jpg",36,20,false],"menu-48x48":["https:\/\/silla.industries\/wp-content\/uploads\/2021\/01\/pannelli-solari-su-tetto-con-tegole.jpg",48,27,false],"woocommerce_thumbnail":["https:\/\/silla.industries\/wp-content\/uploads\/2021\/01\/pannelli-solari-su-tetto-con-tegole-450x450.jpg",450,450,true],"woocommerce_single":["https:\/\/silla.industries\/wp-content\/uploads\/2021\/01\/pannelli-solari-su-tetto-con-tegole-600x338.jpg",600,338,true],"woocommerce_gallery_thumbnail":["https:\/\/silla.industries\/wp-content\/uploads\/2021\/01\/pannelli-solari-su-tetto-con-tegole-100x100.jpg",100,100,true]},"uagb_author_info":{"display_name":"Valentina De Simone","author_link":"https:\/\/silla.industries\/fr\/author\/valentina\/"},"uagb_comment_info":0,"uagb_excerpt":"Est-il pr\u00e9f\u00e9rable de c\u00e9der la production exc\u00e9dentaire au r\u00e9seau ... ou de l'utiliser pour recharger sa voiture \u00e9lectrique ?","_links":{"self":[{"href":"https:\/\/silla.industries\/fr\/wp-json\/wp\/v2\/pages\/19406","targetHints":{"allow":["GET"]}}],"collection":[{"href":"https:\/\/silla.industries\/fr\/wp-json\/wp\/v2\/pages"}],"about":[{"href":"https:\/\/silla.industries\/fr\/wp-json\/wp\/v2\/types\/page"}],"author":[{"embeddable":true,"href":"https:\/\/silla.industries\/fr\/wp-json\/wp\/v2\/users\/23"}],"replies":[{"embeddable":true,"href":"https:\/\/silla.industries\/fr\/wp-json\/wp\/v2\/comments?post=19406"}],"version-history":[{"count":0,"href":"https:\/\/silla.industries\/fr\/wp-json\/wp\/v2\/pages\/19406\/revisions"}],"wp:featuredmedia":[{"embeddable":true,"href":"https:\/\/silla.industries\/fr\/wp-json\/wp\/v2\/media\/9435"}],"wp:attachment":[{"href":"https:\/\/silla.industries\/fr\/wp-json\/wp\/v2\/media?parent=19406"}],"curies":[{"name":"wp","href":"https:\/\/api.w.org\/{rel}","templated":true}]}}