{"id":19407,"date":"2020-12-27T14:24:32","date_gmt":"2020-12-27T13:24:32","guid":{"rendered":"https:\/\/silla.industries\/lavora-con-noi-posizioni-aperte-silla-industries\/"},"modified":"2025-06-30T21:11:52","modified_gmt":"2025-06-30T19:11:52","slug":"lavora-con-noi-posizioni-aperte-silla-industries","status":"publish","type":"page","link":"https:\/\/silla.industries\/fr\/lavora-con-noi-posizioni-aperte-silla-industries\/","title":{"rendered":"Travaillez avec nous !"},"content":{"rendered":"\n<div style=\"height:60px\" aria-hidden=\"true\" class=\"wp-block-spacer\"><\/div>\n\n<p>Donnez un coup de fouet \u00e0 votre changement et rejoignez une \u00e9quipe appel\u00e9e \u00e0 s&rsquo;agrandir, dans un environnement de travail positif et stimulant. Les postes actuellement ouverts sont les suivants : <\/p>\n<ul class=\"wp-block-latest-posts__list has-dates aligncenter tw-stretched-link wp-block-latest-posts\"><\/ul>","protected":false},"excerpt":{"rendered":"<p>Vous pensez que la mobilit\u00e9 \u00e9lectrique est l&rsquo;avenir ? Vous \u00eates passionn\u00e9 par l&rsquo;id\u00e9e de contribuer \u00e0 relever des d\u00e9fis importants pour notre avenir ?<br \/>\nAlors nous sommes l&rsquo;endroit id\u00e9al pour vous, mettez-vous \u00e0 l&rsquo;\u00e9preuve et envoyez-nous votre CV.  <\/p>\n","protected":false},"author":23,"featured_media":9428,"parent":0,"menu_order":72,"comment_status":"closed","ping_status":"closed","template":"templates\/template-cover.php","meta":{"_uag_custom_page_level_css":"","footnotes":""},"class_list":["post-19407","page","type-page","status-publish","has-post-thumbnail","hentry"],"uagb_featured_image_src":{"full":["https:\/\/silla.industries\/wp-content\/uploads\/2020\/12\/hiring-2575036_1280.jpg",1280,720,false],"thumbnail":["https:\/\/silla.industries\/wp-content\/uploads\/2020\/12\/hiring-2575036_1280-150x150.jpg",150,150,true],"medium":["https:\/\/silla.industries\/wp-content\/uploads\/2020\/12\/hiring-2575036_1280-300x169.jpg",300,169,true],"medium_large":["https:\/\/silla.industries\/wp-content\/uploads\/2020\/12\/hiring-2575036_1280-768x432.jpg",700,394,true],"large":["https:\/\/silla.industries\/wp-content\/uploads\/2020\/12\/hiring-2575036_1280-1024x576.jpg",700,394,true],"1536x1536":["https:\/\/silla.industries\/wp-content\/uploads\/2020\/12\/hiring-2575036_1280.jpg",1280,720,false],"2048x2048":["https:\/\/silla.industries\/wp-content\/uploads\/2020\/12\/hiring-2575036_1280.jpg",1280,720,false],"betterdocs-category-thumb":["https:\/\/silla.industries\/wp-content\/uploads\/2020\/12\/hiring-2575036_1280.jpg",360,203,false],"post-thumbnail":["https:\/\/silla.industries\/wp-content\/uploads\/2020\/12\/hiring-2575036_1280-1200x675.jpg",1200,675,true],"twentytwenty-fullscreen":["https:\/\/silla.industries\/wp-content\/uploads\/2020\/12\/hiring-2575036_1280.jpg",1280,720,false],"mailpoet_newsletter_max":["https:\/\/silla.industries\/wp-content\/uploads\/2020\/12\/hiring-2575036_1280.jpg",1280,720,false],"menu-26x26":["https:\/\/silla.industries\/wp-content\/uploads\/2020\/12\/hiring-2575036_1280.jpg",26,15,false],"menu-36x36":["https:\/\/silla.industries\/wp-content\/uploads\/2020\/12\/hiring-2575036_1280.jpg",36,20,false],"menu-48x48":["https:\/\/silla.industries\/wp-content\/uploads\/2020\/12\/hiring-2575036_1280.jpg",48,27,false],"woocommerce_thumbnail":["https:\/\/silla.industries\/wp-content\/uploads\/2020\/12\/hiring-2575036_1280-450x450.jpg",450,450,true],"woocommerce_single":["https:\/\/silla.industries\/wp-content\/uploads\/2020\/12\/hiring-2575036_1280-600x338.jpg",600,338,true],"woocommerce_gallery_thumbnail":["https:\/\/silla.industries\/wp-content\/uploads\/2020\/12\/hiring-2575036_1280-100x100.jpg",100,100,true]},"uagb_author_info":{"display_name":"Valentina De Simone","author_link":"https:\/\/silla.industries\/fr\/author\/valentina\/"},"uagb_comment_info":0,"uagb_excerpt":"Vous pensez que la mobilit\u00e9 \u00e9lectrique est l'avenir ? Vous \u00eates passionn\u00e9 par l'id\u00e9e de contribuer \u00e0 relever des d\u00e9fis importants pour notre avenir ? Alors nous sommes l'endroit id\u00e9al pour vous, mettez-vous \u00e0 l'\u00e9preuve et envoyez-nous votre CV.","_links":{"self":[{"href":"https:\/\/silla.industries\/fr\/wp-json\/wp\/v2\/pages\/19407","targetHints":{"allow":["GET"]}}],"collection":[{"href":"https:\/\/silla.industries\/fr\/wp-json\/wp\/v2\/pages"}],"about":[{"href":"https:\/\/silla.industries\/fr\/wp-json\/wp\/v2\/types\/page"}],"author":[{"embeddable":true,"href":"https:\/\/silla.industries\/fr\/wp-json\/wp\/v2\/users\/23"}],"replies":[{"embeddable":true,"href":"https:\/\/silla.industries\/fr\/wp-json\/wp\/v2\/comments?post=19407"}],"version-history":[{"count":0,"href":"https:\/\/silla.industries\/fr\/wp-json\/wp\/v2\/pages\/19407\/revisions"}],"wp:featuredmedia":[{"embeddable":true,"href":"https:\/\/silla.industries\/fr\/wp-json\/wp\/v2\/media\/9428"}],"wp:attachment":[{"href":"https:\/\/silla.industries\/fr\/wp-json\/wp\/v2\/media?parent=19407"}],"curies":[{"name":"wp","href":"https:\/\/api.w.org\/{rel}","templated":true}]}}