{"id":19440,"date":"2023-06-07T09:24:25","date_gmt":"2023-06-07T07:24:25","guid":{"rendered":"https:\/\/silla.industries\/produzione-wallbox-oem\/"},"modified":"2025-06-30T21:19:44","modified_gmt":"2025-06-30T19:19:44","slug":"produzione-wallbox-oem","status":"publish","type":"page","link":"https:\/\/silla.industries\/fr\/produzione-wallbox-oem\/","title":{"rendered":"Production de bo\u00eetes \u00e0 boutons OEM"},"content":{"rendered":"\n<h2 class=\"wp-block-heading has-text-align-center\">Du prisme \u00e0 la production sur mesure : notre histoire<\/h2>\n\n<div class=\"wp-block-media-text alignwide is-stacked-on-mobile\"><figure class=\"wp-block-media-text__media\"><img fetchpriority=\"high\" decoding=\"async\" width=\"1024\" height=\"758\" src=\"https:\/\/silla.industries\/wp-content\/uploads\/2023\/11\/OEM-1-1024x758.jpg\" alt=\"Cristiano Griletti et Alberto Stecca, Silla Industries\" class=\"wp-image-17095 size-full\" srcset=\"https:\/\/silla.industries\/wp-content\/uploads\/2023\/11\/OEM-1-1024x758.jpg 1024w, https:\/\/silla.industries\/wp-content\/uploads\/2023\/11\/OEM-1-300x222.jpg 300w, https:\/\/silla.industries\/wp-content\/uploads\/2023\/11\/OEM-1-768x568.jpg 768w, https:\/\/silla.industries\/wp-content\/uploads\/2023\/11\/OEM-1-1200x888.jpg 1200w, https:\/\/silla.industries\/wp-content\/uploads\/2023\/11\/OEM-1-600x444.jpg 600w, https:\/\/silla.industries\/wp-content\/uploads\/2023\/11\/OEM-1.jpg 1320w\" sizes=\"(max-width: 1024px) 100vw, 1024px\" \/><\/figure><div class=\"wp-block-media-text__content\">\n<p>La conception et la production de bo\u00eetes murales OEM ont toujours fait partie de nos activit\u00e9s.<\/p>\n\n\n\n<p>Les <strong>EVSE de la gamme Prism de Silla Industries<\/strong>, normalement connues sous le nom de <strong>wallboxes<\/strong> ou <strong>stations de recharge<\/strong>, sont en fait n\u00e9es en 2017 d&rsquo;une id\u00e9e de <em>Cristiano Griletti<\/em> et <em>Alberto Stecca<\/em>.<\/p>\n\n\n\n<p>\u00c0 l&rsquo;\u00e9poque, les solutions disponibles sur le march\u00e9 en \u00e9taient encore \u00e0 leurs balbutiements, tr\u00e8s simples dans les fonctionnalit\u00e9s offertes et pas toujours de bonne qualit\u00e9.  <\/p>\n\n\n\n<p>Le projet Prism, quant \u00e0 lui, a \u00e9t\u00e9 con\u00e7u et r\u00e9alis\u00e9 pour offrir aux propri\u00e9taires de voitures \u00e9lectriques ou hybrides rechargeables un appareil qui combine d&rsquo;excellentes performances, un prix bas et de nombreuses fonctionnalit\u00e9s.<\/p>\n\n\n\n<p>En plus de nos produits, nous proposons des solutions de bo\u00eetiers muraux OEM aux entreprises qui cherchent une station de recharge pour compl\u00e9ter leur gamme de produits.<\/p>\n<\/div><\/div>\n\n<p>L&rsquo;exp\u00e9rience acquise au cours d&rsquo;ann\u00e9es d&rsquo;am\u00e9lioration constante nous a permis de d\u00e9velopper une <strong>plate-forme mat\u00e9rielle et logicielle<\/strong> qui nous permet de personnaliser des solutions ad hoc, c&rsquo;est-\u00e0-dire des solutions <a href=\"https:\/\/it.wikipedia.org\/wiki\/Original_equipment_manufacturer\" target=\"_blank\" data-type=\"link\" data-id=\"https:\/\/it.wikipedia.org\/wiki\/Original_equipment_manufacturer\" rel=\"noreferrer noopener\">OEM<\/a> personnalis\u00e9es, avec des d\u00e9lais d&rsquo;ex\u00e9cution tr\u00e8s courts, de l&rsquo;id\u00e9e \u00e0 la production de moules et jusqu&rsquo;au produit fini.<\/p>\n\n<p>Par ailleurs, la croissance constante des volumes de production nous a amen\u00e9s \u00e0 compter aujourd&rsquo;hui 40 employ\u00e9s qui, sur une surface d&rsquo;environ 2200 m2 entre les bureaux, les ateliers et l&rsquo;unit\u00e9 de production, nous permettent d&rsquo;atteindre un rendement hebdomadaire \u00e9lev\u00e9.<\/p>\n\n<figure class=\"wp-block-image size-large\"><img decoding=\"async\" width=\"1024\" height=\"451\" src=\"https:\/\/silla.industries\/wp-content\/uploads\/2023\/11\/OEM-1024x451.jpg\" alt=\"Colonnes de charge avec design personnalis&#xE9;\" class=\"wp-image-17099\" style=\"object-fit:cover\" srcset=\"https:\/\/silla.industries\/wp-content\/uploads\/2023\/11\/OEM-1024x451.jpg 1024w, https:\/\/silla.industries\/wp-content\/uploads\/2023\/11\/OEM-300x132.jpg 300w, https:\/\/silla.industries\/wp-content\/uploads\/2023\/11\/OEM-768x338.jpg 768w, https:\/\/silla.industries\/wp-content\/uploads\/2023\/11\/OEM-1536x676.jpg 1536w, https:\/\/silla.industries\/wp-content\/uploads\/2023\/11\/OEM-2048x902.jpg 2048w, https:\/\/silla.industries\/wp-content\/uploads\/2023\/11\/OEM-1200x528.jpg 1200w, https:\/\/silla.industries\/wp-content\/uploads\/2023\/11\/OEM-1980x872.jpg 1980w, https:\/\/silla.industries\/wp-content\/uploads\/2023\/11\/OEM-1320x581.jpg 1320w, https:\/\/silla.industries\/wp-content\/uploads\/2023\/11\/OEM-600x264.jpg 600w\" sizes=\"(max-width: 1024px) 100vw, 1024px\" \/><figcaption class=\"wp-element-caption\">Quelques exemples de colonnes de recharge r\u00e9alis\u00e9es sur mesure  <\/figcaption><\/figure>\n\n<h2 class=\"wp-block-heading\"><strong>Solutions OEM personnalis\u00e9es : de la couverture personnalis\u00e9e \u00e0 la conception compl\u00e8te<\/strong><\/h2>\n\n<p>Nos propositions OEM vont de :<\/p>\n\n<ul class=\"wp-block-list\">\n<li><strong>Personnalisation graphique simple<\/strong> des couvertures (sur les Prism existants)<\/li>\n\n\n\n<li>Projets enti\u00e8rement personnalis\u00e9s : <strong>conception, \u00e9lectronique, fonctionnalit\u00e9 et couvertures selon les sp\u00e9cifications du client<\/strong>.<\/li>\n\n\n\n<li>Production flexible m\u00eame en petits lots (en fonction des quantit\u00e9s)<\/li>\n<\/ul>\n\n<p>Un moyen efficace d&rsquo;offrir des <strong>entr\u00e9es de marque propre<\/strong> sans investissement excessif.<\/p>\n\n<p>Notre production ad hoc peut \u00eatre r\u00e9alis\u00e9e avec la simple <a href=\"https:\/\/silla.industries\/custom-cover\/\" target=\"_blank\" rel=\"noreferrer noopener\">personnalisation graphique de la couverture de<\/a> Prismes normaux choisis parmi ceux disponibles dans notre <a href=\"https:\/\/silla.industries\/shop\/\" data-type=\"page\" data-id=\"2240\">magasin<\/a> pour offrir un chargeur avec des caract\u00e9ristiques de base ou haut de gamme, avec tr\u00e8s peu ou pas d&rsquo;investissement (en fonction de la quantit\u00e9).<\/p>\n\n<p>En plus de la production normale, nous concevons et produisons des bo\u00eetes murales au design compl\u00e8tement diff\u00e9rent, selon les sp\u00e9cifications du client, o\u00f9 l&rsquo;\u00e9lectronique Prism peut \u00eatre celle standard ins\u00e9r\u00e9e dans le nouveau bo\u00eetier, ou fabriqu\u00e9e ad-hoc.<\/p>\n\n<p>Bien entendu, nous nous chargeons de la conception et de la fabrication des moules n\u00e9cessaires.<\/p>\n\n<figure class=\"wp-block-gallery alignwide has-nested-images columns-default is-cropped wp-block-gallery-1 is-layout-flex wp-block-gallery-is-layout-flex\">\n<figure class=\"wp-block-image size-large\"><a href=\"https:\/\/silla.industries\/wp-content\/uploads\/2023\/05\/OEM-Prism-05-1024x576.jpg\"><img decoding=\"async\" width=\"1024\" height=\"576\" data-id=\"15302\" src=\"https:\/\/silla.industries\/wp-content\/uploads\/2023\/05\/OEM-Prism-05-1024x576.jpg\" alt=\"Conception d'une bo&#xEE;te murale OEM\" class=\"wp-image-15302\" srcset=\"https:\/\/silla.industries\/wp-content\/uploads\/2023\/05\/OEM-Prism-05-1024x576.jpg 1024w, https:\/\/silla.industries\/wp-content\/uploads\/2023\/05\/OEM-Prism-05-300x169.jpg 300w, https:\/\/silla.industries\/wp-content\/uploads\/2023\/05\/OEM-Prism-05-768x432.jpg 768w, https:\/\/silla.industries\/wp-content\/uploads\/2023\/05\/OEM-Prism-05-360x203.jpg 360w, https:\/\/silla.industries\/wp-content\/uploads\/2023\/05\/OEM-Prism-05-1536x865.jpg 1536w, https:\/\/silla.industries\/wp-content\/uploads\/2023\/05\/OEM-Prism-05-2048x1153.jpg 2048w, https:\/\/silla.industries\/wp-content\/uploads\/2023\/05\/OEM-Prism-05-1200x675.jpg 1200w, https:\/\/silla.industries\/wp-content\/uploads\/2023\/05\/OEM-Prism-05-1980x1115.jpg 1980w, https:\/\/silla.industries\/wp-content\/uploads\/2023\/05\/OEM-Prism-05-1320x743.jpg 1320w, https:\/\/silla.industries\/wp-content\/uploads\/2023\/05\/OEM-Prism-05-600x338.jpg 600w\" sizes=\"(max-width: 1024px) 100vw, 1024px\" \/><\/a><\/figure>\n\n\n\n<figure class=\"wp-block-image size-large\"><a href=\"https:\/\/silla.industries\/wp-content\/uploads\/2023\/05\/OEM-Prism-07-1024x576.jpg\"><img loading=\"lazy\" decoding=\"async\" width=\"1024\" height=\"576\" data-id=\"15294\" src=\"https:\/\/silla.industries\/wp-content\/uploads\/2023\/05\/OEM-Prism-07-1024x576.jpg\" alt=\"Conception d'une bo&#xEE;te murale OEM\" class=\"wp-image-15294\" srcset=\"https:\/\/silla.industries\/wp-content\/uploads\/2023\/05\/OEM-Prism-07-1024x576.jpg 1024w, https:\/\/silla.industries\/wp-content\/uploads\/2023\/05\/OEM-Prism-07-300x169.jpg 300w, https:\/\/silla.industries\/wp-content\/uploads\/2023\/05\/OEM-Prism-07-768x432.jpg 768w, https:\/\/silla.industries\/wp-content\/uploads\/2023\/05\/OEM-Prism-07-360x203.jpg 360w, https:\/\/silla.industries\/wp-content\/uploads\/2023\/05\/OEM-Prism-07-1536x865.jpg 1536w, https:\/\/silla.industries\/wp-content\/uploads\/2023\/05\/OEM-Prism-07-2048x1153.jpg 2048w, https:\/\/silla.industries\/wp-content\/uploads\/2023\/05\/OEM-Prism-07-1200x675.jpg 1200w, https:\/\/silla.industries\/wp-content\/uploads\/2023\/05\/OEM-Prism-07-1980x1115.jpg 1980w, https:\/\/silla.industries\/wp-content\/uploads\/2023\/05\/OEM-Prism-07-1320x743.jpg 1320w, https:\/\/silla.industries\/wp-content\/uploads\/2023\/05\/OEM-Prism-07-600x338.jpg 600w\" sizes=\"(max-width: 1024px) 100vw, 1024px\" \/><\/a><\/figure>\n\n\n\n<figure class=\"wp-block-image size-large\"><a href=\"https:\/\/silla.industries\/wp-content\/uploads\/2023\/05\/OEM-Prism-06-1024x576.jpg\"><img loading=\"lazy\" decoding=\"async\" width=\"1024\" height=\"576\" data-id=\"15298\" src=\"https:\/\/silla.industries\/wp-content\/uploads\/2023\/05\/OEM-Prism-06-1024x576.jpg\" alt=\"Conception d'une bo&#xEE;te murale OEM\" class=\"wp-image-15298\" srcset=\"https:\/\/silla.industries\/wp-content\/uploads\/2023\/05\/OEM-Prism-06-1024x576.jpg 1024w, https:\/\/silla.industries\/wp-content\/uploads\/2023\/05\/OEM-Prism-06-300x169.jpg 300w, https:\/\/silla.industries\/wp-content\/uploads\/2023\/05\/OEM-Prism-06-768x432.jpg 768w, https:\/\/silla.industries\/wp-content\/uploads\/2023\/05\/OEM-Prism-06-360x203.jpg 360w, https:\/\/silla.industries\/wp-content\/uploads\/2023\/05\/OEM-Prism-06-1536x865.jpg 1536w, https:\/\/silla.industries\/wp-content\/uploads\/2023\/05\/OEM-Prism-06-2048x1153.jpg 2048w, https:\/\/silla.industries\/wp-content\/uploads\/2023\/05\/OEM-Prism-06-1200x675.jpg 1200w, https:\/\/silla.industries\/wp-content\/uploads\/2023\/05\/OEM-Prism-06-1980x1115.jpg 1980w, https:\/\/silla.industries\/wp-content\/uploads\/2023\/05\/OEM-Prism-06-1320x743.jpg 1320w, https:\/\/silla.industries\/wp-content\/uploads\/2023\/05\/OEM-Prism-06-600x338.jpg 600w\" sizes=\"(max-width: 1024px) 100vw, 1024px\" \/><\/a><\/figure>\n\n\n\n<figure class=\"wp-block-image size-large\"><a href=\"https:\/\/silla.industries\/wp-content\/uploads\/2023\/05\/OEM-Prism-02-1024x576.jpg\"><img loading=\"lazy\" decoding=\"async\" width=\"1024\" height=\"576\" data-id=\"15314\" src=\"https:\/\/silla.industries\/wp-content\/uploads\/2023\/05\/OEM-Prism-02-1024x576.jpg\" alt=\"Conception d'une bo&#xEE;te murale OEM\" class=\"wp-image-15314\" srcset=\"https:\/\/silla.industries\/wp-content\/uploads\/2023\/05\/OEM-Prism-02-1024x576.jpg 1024w, https:\/\/silla.industries\/wp-content\/uploads\/2023\/05\/OEM-Prism-02-300x169.jpg 300w, https:\/\/silla.industries\/wp-content\/uploads\/2023\/05\/OEM-Prism-02-768x432.jpg 768w, https:\/\/silla.industries\/wp-content\/uploads\/2023\/05\/OEM-Prism-02-360x203.jpg 360w, https:\/\/silla.industries\/wp-content\/uploads\/2023\/05\/OEM-Prism-02-1536x865.jpg 1536w, https:\/\/silla.industries\/wp-content\/uploads\/2023\/05\/OEM-Prism-02-2048x1153.jpg 2048w, https:\/\/silla.industries\/wp-content\/uploads\/2023\/05\/OEM-Prism-02-1200x675.jpg 1200w, https:\/\/silla.industries\/wp-content\/uploads\/2023\/05\/OEM-Prism-02-1980x1115.jpg 1980w, https:\/\/silla.industries\/wp-content\/uploads\/2023\/05\/OEM-Prism-02-1320x743.jpg 1320w, https:\/\/silla.industries\/wp-content\/uploads\/2023\/05\/OEM-Prism-02-600x338.jpg 600w\" sizes=\"(max-width: 1024px) 100vw, 1024px\" \/><\/a><\/figure>\n\n\n\n<figure class=\"wp-block-image size-large\"><a href=\"https:\/\/silla.industries\/wp-content\/uploads\/2023\/05\/OEM-Prism-01-1024x576.jpg\"><img loading=\"lazy\" decoding=\"async\" width=\"1024\" height=\"576\" data-id=\"15318\" src=\"https:\/\/silla.industries\/wp-content\/uploads\/2023\/05\/OEM-Prism-01-1024x576.jpg\" alt=\"Conception d'une bo&#xEE;te murale OEM\" class=\"wp-image-15318\" srcset=\"https:\/\/silla.industries\/wp-content\/uploads\/2023\/05\/OEM-Prism-01-1024x576.jpg 1024w, https:\/\/silla.industries\/wp-content\/uploads\/2023\/05\/OEM-Prism-01-300x169.jpg 300w, https:\/\/silla.industries\/wp-content\/uploads\/2023\/05\/OEM-Prism-01-768x432.jpg 768w, https:\/\/silla.industries\/wp-content\/uploads\/2023\/05\/OEM-Prism-01-360x203.jpg 360w, https:\/\/silla.industries\/wp-content\/uploads\/2023\/05\/OEM-Prism-01-1536x865.jpg 1536w, https:\/\/silla.industries\/wp-content\/uploads\/2023\/05\/OEM-Prism-01-2048x1153.jpg 2048w, https:\/\/silla.industries\/wp-content\/uploads\/2023\/05\/OEM-Prism-01-1200x675.jpg 1200w, https:\/\/silla.industries\/wp-content\/uploads\/2023\/05\/OEM-Prism-01-1980x1115.jpg 1980w, https:\/\/silla.industries\/wp-content\/uploads\/2023\/05\/OEM-Prism-01-1320x743.jpg 1320w, https:\/\/silla.industries\/wp-content\/uploads\/2023\/05\/OEM-Prism-01-600x338.jpg 600w\" sizes=\"(max-width: 1024px) 100vw, 1024px\" \/><\/a><\/figure>\n\n\n\n<figure class=\"wp-block-image size-large\"><a href=\"https:\/\/silla.industries\/wp-content\/uploads\/2023\/05\/OEM-Prism-03-1024x576.jpg\"><img loading=\"lazy\" decoding=\"async\" width=\"1024\" height=\"576\" data-id=\"15310\" src=\"https:\/\/silla.industries\/wp-content\/uploads\/2023\/05\/OEM-Prism-03-1024x576.jpg\" alt=\"Conception d'une bo&#xEE;te murale OEM\" class=\"wp-image-15310\" srcset=\"https:\/\/silla.industries\/wp-content\/uploads\/2023\/05\/OEM-Prism-03-1024x576.jpg 1024w, https:\/\/silla.industries\/wp-content\/uploads\/2023\/05\/OEM-Prism-03-300x169.jpg 300w, https:\/\/silla.industries\/wp-content\/uploads\/2023\/05\/OEM-Prism-03-768x432.jpg 768w, https:\/\/silla.industries\/wp-content\/uploads\/2023\/05\/OEM-Prism-03-360x203.jpg 360w, https:\/\/silla.industries\/wp-content\/uploads\/2023\/05\/OEM-Prism-03-1536x865.jpg 1536w, https:\/\/silla.industries\/wp-content\/uploads\/2023\/05\/OEM-Prism-03-2048x1153.jpg 2048w, https:\/\/silla.industries\/wp-content\/uploads\/2023\/05\/OEM-Prism-03-1200x675.jpg 1200w, https:\/\/silla.industries\/wp-content\/uploads\/2023\/05\/OEM-Prism-03-1980x1115.jpg 1980w, https:\/\/silla.industries\/wp-content\/uploads\/2023\/05\/OEM-Prism-03-1320x743.jpg 1320w, https:\/\/silla.industries\/wp-content\/uploads\/2023\/05\/OEM-Prism-03-600x338.jpg 600w\" sizes=\"(max-width: 1024px) 100vw, 1024px\" \/><\/a><\/figure>\n<\/figure>\n\n<h3 class=\"wp-block-heading\">Caract\u00e9ristiques techniques personnalisables<\/h3>\n\n<p>L&rsquo;\u00e9lectronique d&rsquo;une station de charge OEM est con\u00e7ue pour inclure les fonctions et les caract\u00e9ristiques requises par le client, notamment :<\/p>\n\n<ul class=\"wp-block-list\">\n<li>Indices de protection jusqu&rsquo;\u00e0 IP65<\/li>\n\n\n\n<li>Sortie simple ou double, jusqu&rsquo;\u00e0 22 kW AC<\/li>\n\n\n\n<li>Versions avec c\u00e2ble et connecteur, ou avec prise et fiche<\/li>\n\n\n\n<li>Capteurs d&rsquo;\u00e9quilibrage de charge<\/li>\n\n\n\n<li>Compatibilit\u00e9 Chain2<\/li>\n\n\n\n<li>Compatibilit\u00e9 MID certifi\u00e9e<\/li>\n\n\n\n<li>Utilisation de l&rsquo;\u00e9nergie solaire provenant d&rsquo;un syst\u00e8me photovolta\u00efque<\/li>\n\n\n\n<li>Installation en pr\u00e9sence d&rsquo;accumulation<\/li>\n\n\n\n<li>Connectivit\u00e9 Ethernet, WiFi, LTE<\/li>\n\n\n\n<li>Installation de la grappe<\/li>\n\n\n\n<li>Lecteur RFID  <\/li>\n\n\n\n<li>MQTT, OCPP 1.6 json et API propri\u00e9taires<\/li>\n\n\n\n<li>Communication via ISO15118 et Plug&amp;Charge<\/li>\n\n\n\n<li>Portail de gestion des chargeurs et des utilisateurs<\/li>\n\n\n\n<li>Mises \u00e0 jour OTA<\/li>\n<\/ul>\n\n<h3 class=\"wp-block-heading\">Qualit\u00e9 certifi\u00e9e et tests rigoureux<\/h3>\n\n<p>Des proc\u00e9dures d&rsquo;essai pr\u00e9cises visant \u00e0 garantir la conformit\u00e9 avec les sp\u00e9cifications d&rsquo;approvisionnement et d&rsquo;essai font partie int\u00e9grante de notre d\u00e9partement R&amp;D, tandis que la production utilise une ligne d&rsquo;essai pour v\u00e9rifier chaque produit individuel.<\/p>\n\n<p>Chaque produit OEM est livr\u00e9 :<\/p>\n\n<ul class=\"wp-block-list\">\n<li><strong>Test\u00e9 individuellement<\/strong> sur une ligne automatis\u00e9e<\/li>\n\n\n\n<li>Valid\u00e9e par des tests fonctionnels et environnementaux<\/li>\n\n\n\n<li>V\u00e9rifi\u00e9 selon les <strong>sp\u00e9cifications du client<\/strong><\/li>\n<\/ul>\n\n<p>La qualit\u00e9 et la fiabilit\u00e9 sont au c\u0153ur de notre <strong>d\u00e9partement R&amp;D.<\/strong><\/p>\n\n<h2 class=\"wp-block-heading\">OEM : un choix strat\u00e9gique<\/h2>\n\n<p>L<a href=\"https:\/\/www.acea.auto\" target=\"_blank\" rel=\"noreferrer noopener\">&lsquo;Acea<\/a>, l&rsquo;Association des constructeurs europ\u00e9ens d&rsquo;automobiles, estime que <a href=\"https:\/\/www.acea.auto\/publication\/european-electric-vehicle-charging-infrastructure-masterplan\/\" target=\"_blank\" rel=\"noreferrer noopener\">pr\u00e8s de 35 millions de dispositifs de recharge en courant alternatif seront n\u00e9cessaires d<\/a>&lsquo;ici 2030, parall\u00e8lement aux dispositifs publics de recharge en courant continu, pour r\u00e9pondre aux besoins croissants de la transition vers la mobilit\u00e9 \u00e9lectrique. <br\/>Le choix d&rsquo;une wallbox OEM vous permet d&rsquo;ajouter \u00e0 votre catalogue une solution compl\u00e8te \u00e0 proposer \u00e0 vos clients de mani\u00e8re rapide et fiable.<\/p>\n\n<p>Pour plus d&rsquo;informations ou pour organiser une d\u00e9monstration de la gamme Prism : <a href=\"mailto:vendite@silla.industries\" target=\"_blank\" rel=\"noreferrer noopener\">vendite@silla.industries<\/a> <\/p>\n","protected":false},"excerpt":{"rendered":"<p>Outre la gamme traditionnelle de bornes de recharge pour voitures \u00e9lectriques, nous produisons des bo\u00eetes murales OEM personnalis\u00e9es pour des clients italiens et \u00e9trangers.<\/p>\n","protected":false},"author":23,"featured_media":0,"parent":0,"menu_order":34,"comment_status":"closed","ping_status":"closed","template":"","meta":{"_uag_custom_page_level_css":"","footnotes":""},"class_list":["post-19440","page","type-page","status-publish","hentry"],"uagb_featured_image_src":{"full":false,"thumbnail":false,"medium":false,"medium_large":false,"large":false,"1536x1536":false,"2048x2048":false,"betterdocs-category-thumb":false,"post-thumbnail":false,"twentytwenty-fullscreen":false,"mailpoet_newsletter_max":false,"menu-26x26":false,"menu-36x36":false,"menu-48x48":false,"woocommerce_thumbnail":false,"woocommerce_single":false,"woocommerce_gallery_thumbnail":false},"uagb_author_info":{"display_name":"Valentina De Simone","author_link":"https:\/\/silla.industries\/fr\/author\/valentina\/"},"uagb_comment_info":0,"uagb_excerpt":"Outre la gamme traditionnelle de bornes de recharge pour voitures \u00e9lectriques, nous produisons des bo\u00eetes murales OEM personnalis\u00e9es pour des clients italiens et \u00e9trangers.","_links":{"self":[{"href":"https:\/\/silla.industries\/fr\/wp-json\/wp\/v2\/pages\/19440","targetHints":{"allow":["GET"]}}],"collection":[{"href":"https:\/\/silla.industries\/fr\/wp-json\/wp\/v2\/pages"}],"about":[{"href":"https:\/\/silla.industries\/fr\/wp-json\/wp\/v2\/types\/page"}],"author":[{"embeddable":true,"href":"https:\/\/silla.industries\/fr\/wp-json\/wp\/v2\/users\/23"}],"replies":[{"embeddable":true,"href":"https:\/\/silla.industries\/fr\/wp-json\/wp\/v2\/comments?post=19440"}],"version-history":[{"count":0,"href":"https:\/\/silla.industries\/fr\/wp-json\/wp\/v2\/pages\/19440\/revisions"}],"wp:attachment":[{"href":"https:\/\/silla.industries\/fr\/wp-json\/wp\/v2\/media?parent=19440"}],"curies":[{"name":"wp","href":"https:\/\/api.w.org\/{rel}","templated":true}]}}