{"id":19461,"date":"2023-09-08T11:51:15","date_gmt":"2023-09-08T09:51:15","guid":{"rendered":"https:\/\/silla.industries\/le-attivita-commerciali\/"},"modified":"2025-06-30T23:00:17","modified_gmt":"2025-06-30T21:00:17","slug":"le-attivita-commerciali","status":"publish","type":"page","link":"https:\/\/silla.industries\/fr\/le-attivita-commerciali\/","title":{"rendered":"Activit\u00e9s commerciales"},"content":{"rendered":"\n<div style=\"height:50px\" aria-hidden=\"true\" class=\"wp-block-spacer\"><\/div>\n\n<h2 class=\"wp-block-heading\">Ajoutez une borne de recharge \u00e0 votre entreprise<\/h2>\n\n<p>Installez une <strong>borne de recharge pour voitures \u00e9lectriques<\/strong> dans le parking de votre <strong>entreprise<\/strong> et fid\u00e9lisez une client\u00e8le moderne et soucieuse du d\u00e9veloppement durable.<\/p>\n\n<p>Faites \u00e9voluer votre entreprise ! Ajoutez une <strong>borne de recharge pour les voitures \u00e9lectriques<\/strong>, les clients appr\u00e9cieront et reviendront. <\/p>\n\n<p>Attirez un nouveau segment de client\u00e8le et saisissez les opportunit\u00e9s de revenus suppl\u00e9mentaires li\u00e9es \u00e0 la recharge, en combinaison avec vos services bien s\u00fbr.<\/p>\n\n<p>Avec Silla Industries, vous disposez du <strong>produit le mieux adapt\u00e9 \u00e0 vos besoins<\/strong>, et vous pouvez choisir de <strong>g\u00e9rer vous-m\u00eame les paiements<\/strong> ou de tout confier \u00e0 Charge.to.it.<\/p>\n\n<h2 class=\"wp-block-heading\">Colonnes AC, pratiques et efficaces pour les activit\u00e9s quotidiennes<\/h2>\n\n<p>Les entr\u00e9es ultra-rapides sont id\u00e9ales pour les longs trajets, mais ne conviennent pas \u00e0 un usage quotidien. Dans les contextes urbains et les <strong>parkings d&rsquo;entreprises<\/strong>, le choix le plus logique est celui des <strong>entr\u00e9es AC.<\/strong> <\/p>\n\n<p>En fait, ce que les initi\u00e9s appellent le <em>\"biberonnage\"<\/em> a lieu : le client se gare dans un commerce \u00e9quip\u00e9 d&rsquo;une borne de recharge et, pendant son s\u00e9jour, ne serait-ce que d&rsquo;une heure ou d&rsquo;une demi-heure, ajoute de l&rsquo;autonomie \u00e0 sa voiture. Cette op\u00e9ration est r\u00e9p\u00e9t\u00e9e plusieurs fois au cours de la semaine, afin que la voiture soit toujours charg\u00e9e au niveau souhait\u00e9. <\/p>\n\n<p>Il est clair que les clients ont tendance \u00e0 pr\u00e9f\u00e9rer les <strong>\u00e9tablissements commerciaux<\/strong> o\u00f9 ils savent qu&rsquo;ils peuvent se recharger pendant leur s\u00e9jour, et les colonnes d\u00e9j\u00e0 \u00e9quip\u00e9es de c\u00e2bles et de connecteurs tels que le <a href=\"https:\/\/silla.industries\/solar\/\">Prism Solar.<\/a><\/p>\n\n<p>Les prises <strong>Prism Solar<\/strong> sont \u00e9quip\u00e9es d&rsquo;un <strong>c\u00e2ble int\u00e9gr\u00e9<\/strong>: le conducteur n&rsquo;a m\u00eame pas besoin de sortir son propre c\u00e2ble du coffre.<br\/>Certains mod\u00e8les sont \u00e9galement disponibles avec une <strong>prise standard.<\/strong> Tout est con\u00e7u pour offrir une <strong>exp\u00e9rience utilisateur pratique et rapide<\/strong>. <\/p>\n\n<h3 class=\"wp-block-heading\"><strong>Avantages des colonnes \u00e0 courant alternatif<\/strong><\/h3>\n\n<ul class=\"wp-block-list\">\n<li>Faibles co\u00fbts d&rsquo;installation<\/li>\n\n\n\n<li>Facilit\u00e9 de gestion<\/li>\n\n\n\n<li>Recharge rapide lors des arr\u00eats de courte dur\u00e9e<\/li>\n\n\n\n<li>Id\u00e9al pour fid\u00e9liser les clients r\u00e9guliers<\/li>\n<\/ul>\n\n<h2 class=\"wp-block-heading\">Des promotions intelligentes pour attirer les clients<\/h2>\n\n<p>Une entreprise ou un commerce peut exploiter la disponibilit\u00e9 des stations de recharge pour des initiatives promotionnelles, par exemple en offrant une recharge gratuite \u00e0 ses clients pendant les heures les plus calmes de la journ\u00e9e, une sorte de \"happy hour\" de la recharge. Ou un coupon de recharge pour les achats d\u00e9passant un certain montant. Ou pour le lancement d&rsquo;une initiative ou d&rsquo;un nouveau produit ou service.  <\/p>\n\n<h2 class=\"wp-block-heading\">Recharge automatis\u00e9e avec Charge.to.it<\/h2>\n\n<p>Vous ne voulez pas vous occuper de la gestion quotidienne ? Activez <strong>Charge.to.it<\/strong>, le service complet qui comprend : <\/p>\n\n<ul class=\"wp-block-list\">\n<li>Fourniture et installation de colonnes<\/li>\n\n\n\n<li>Gestion automatique des paiements<\/li>\n\n\n\n<li>Assistance aux automobilistes<\/li>\n\n\n\n<li>Pas d&rsquo;enregistrement des circuits externes<\/li>\n<\/ul>\n\n<p>Afin de ne pas empi\u00e9ter sur les activit\u00e9s quotidiennes du commer\u00e7ant et de permettre aux automobilistes de se recharger de mani\u00e8re autonome, m\u00eame en dehors des heures d&rsquo;ouverture du magasin, le service <a href=\"https:\/\/silla.industries\/charge-to-it\/\" data-type=\"page\" data-id=\"16269\">charge.to.it<\/a> est disponible.<\/p>\n\n<h2 class=\"wp-block-heading\">D\u00e9couvrir Charge.to.it pour les entreprises<\/h2>\n\n<div class=\"wp-block-columns alignwide is-layout-flex wp-container-core-columns-is-layout-d0b3c9c8 wp-block-columns-is-layout-flex\">\n<div class=\"wp-block-column is-layout-flow wp-block-column-is-layout-flow\">\n<p><strong>Charge.to.it regroupe la station de recharge, l&rsquo;installation et la gestion des sessions de recharge en une seule offre, tout en restant ind\u00e9pendant des circuits de recharge traditionnels.<\/strong> <\/p>\n\n\n\n<p>La gestion des paiements et de la facturation est confi\u00e9e \u00e0 Silla, de m\u00eame que l&rsquo;assistance aux conducteurs. Pas de distraction de l&rsquo;activit\u00e9 quotidienne de votre entreprise. Les automobilistes n&rsquo;ont qu&rsquo;\u00e0 scanner le <a href=\"https:\/\/it.wikipedia.org\/wiki\/Codice_QR\" target=\"_blank\" rel=\"noreferrer noopener\">code QR<\/a> sur chaque Prism et effectuer la transaction de paiement sur la plateforme d\u00e9di\u00e9e.  <\/p>\n\n\n\n<p>D\u00e9couvrir <a href=\"https:\/\/silla.industries\/charge-to-it\/\">Charge.to.it<\/a><\/p>\n<\/div>\n\n\n\n<div class=\"wp-block-column is-layout-flow wp-block-column-is-layout-flow\">\n<figure class=\"wp-block-image size-large\"><img fetchpriority=\"high\" decoding=\"async\" width=\"1024\" height=\"576\" src=\"https:\/\/silla.industries\/wp-content\/uploads\/2023\/09\/Prism-Solar-charging-Tesla-Model-Y-1024x576.jpg\" alt=\"Facturation des activit&#xE9;s commerciales\" class=\"wp-image-16416\" srcset=\"https:\/\/silla.industries\/wp-content\/uploads\/2023\/09\/Prism-Solar-charging-Tesla-Model-Y-1024x576.jpg 1024w, https:\/\/silla.industries\/wp-content\/uploads\/2023\/09\/Prism-Solar-charging-Tesla-Model-Y-300x169.jpg 300w, https:\/\/silla.industries\/wp-content\/uploads\/2023\/09\/Prism-Solar-charging-Tesla-Model-Y-768x432.jpg 768w, https:\/\/silla.industries\/wp-content\/uploads\/2023\/09\/Prism-Solar-charging-Tesla-Model-Y-1536x864.jpg 1536w, https:\/\/silla.industries\/wp-content\/uploads\/2023\/09\/Prism-Solar-charging-Tesla-Model-Y-1200x675.jpg 1200w, https:\/\/silla.industries\/wp-content\/uploads\/2023\/09\/Prism-Solar-charging-Tesla-Model-Y-1320x742.jpg 1320w, https:\/\/silla.industries\/wp-content\/uploads\/2023\/09\/Prism-Solar-charging-Tesla-Model-Y-600x337.jpg 600w, https:\/\/silla.industries\/wp-content\/uploads\/2023\/09\/Prism-Solar-charging-Tesla-Model-Y.jpg 1599w\" sizes=\"(max-width: 1024px) 100vw, 1024px\" \/><\/figure>\n<\/div>\n<\/div>\n\n<div style=\"height:100px\" aria-hidden=\"true\" class=\"wp-block-spacer\"><\/div>\n\n<p><\/p>\n","protected":false},"excerpt":{"rendered":"<p>Restaurants, magasins, gymnases, instituts : l&rsquo;utilisation d&rsquo;arr\u00eats de courte dur\u00e9e pour ajouter de l&rsquo;autonomie aux voitures \u00e9lectriques permet de fid\u00e9liser la client\u00e8le et d&rsquo;offrir des revenus suppl\u00e9mentaires.<\/p>\n","protected":false},"author":23,"featured_media":0,"parent":0,"menu_order":44,"comment_status":"closed","ping_status":"closed","template":"templates\/template-cover.php","meta":{"_uag_custom_page_level_css":"","footnotes":""},"class_list":["post-19461","page","type-page","status-publish","hentry"],"uagb_featured_image_src":{"full":false,"thumbnail":false,"medium":false,"medium_large":false,"large":false,"1536x1536":false,"2048x2048":false,"betterdocs-category-thumb":false,"post-thumbnail":false,"twentytwenty-fullscreen":false,"mailpoet_newsletter_max":false,"menu-26x26":false,"menu-36x36":false,"menu-48x48":false,"woocommerce_thumbnail":false,"woocommerce_single":false,"woocommerce_gallery_thumbnail":false},"uagb_author_info":{"display_name":"Valentina De Simone","author_link":"https:\/\/silla.industries\/fr\/author\/valentina\/"},"uagb_comment_info":0,"uagb_excerpt":"Restaurants, magasins, gymnases, instituts : l'utilisation d'arr\u00eats de courte dur\u00e9e pour ajouter de l'autonomie aux voitures \u00e9lectriques permet de fid\u00e9liser la client\u00e8le et d'offrir des revenus suppl\u00e9mentaires.","_links":{"self":[{"href":"https:\/\/silla.industries\/fr\/wp-json\/wp\/v2\/pages\/19461","targetHints":{"allow":["GET"]}}],"collection":[{"href":"https:\/\/silla.industries\/fr\/wp-json\/wp\/v2\/pages"}],"about":[{"href":"https:\/\/silla.industries\/fr\/wp-json\/wp\/v2\/types\/page"}],"author":[{"embeddable":true,"href":"https:\/\/silla.industries\/fr\/wp-json\/wp\/v2\/users\/23"}],"replies":[{"embeddable":true,"href":"https:\/\/silla.industries\/fr\/wp-json\/wp\/v2\/comments?post=19461"}],"version-history":[{"count":0,"href":"https:\/\/silla.industries\/fr\/wp-json\/wp\/v2\/pages\/19461\/revisions"}],"wp:attachment":[{"href":"https:\/\/silla.industries\/fr\/wp-json\/wp\/v2\/media?parent=19461"}],"curies":[{"name":"wp","href":"https:\/\/api.w.org\/{rel}","templated":true}]}}