{"id":19463,"date":"2023-09-08T12:31:58","date_gmt":"2023-09-08T10:31:58","guid":{"rendered":"https:\/\/silla.industries\/la-ricarica-in-condominio\/"},"modified":"2025-06-30T23:00:52","modified_gmt":"2025-06-30T21:00:52","slug":"la-ricarica-in-condominio","status":"publish","type":"page","link":"https:\/\/silla.industries\/fr\/la-ricarica-in-condominio\/","title":{"rendered":"Chargement dans les immeubles d&rsquo;habitation"},"content":{"rendered":"\n<div style=\"height:50px\" aria-hidden=\"true\" class=\"wp-block-spacer\"><\/div>\n\n<h2 class=\"wp-block-heading\">Recharge \u00e9lectrique pour les immeubles d&rsquo;habitation<\/h2>\n\n<p>L&rsquo;un des aspects les plus critiques li\u00e9s \u00e0 l&rsquo;installation de bornes de recharge dans les immeubles d&rsquo;habitation est la d\u00e9claration correcte de la consommation d&rsquo;\u00e9nergie.<\/p>\n\n<p class=\"has-larger-font-size\"><strong>Avec Silla Industries, ce n&rsquo;est plus un probl\u00e8me.<\/strong><\/p>\n\n<p>La pr\u00e9sence de dispositifs de recharge int\u00e9gr\u00e9s dans les <strong>immeubles d&rsquo;habitation<\/strong> ou les <strong>garages individuels<\/strong> augmente l&rsquo;<a href=\"https:\/\/it.wikipedia.org\/wiki\/Certificazione_energetica_degli_edifici\" target=\"_blank\" data-type=\"link\" data-id=\"https:\/\/it.wikipedia.org\/wiki\/Certificazione_energetica_degli_edifici\" rel=\"noreferrer noopener\">indice \u00e9nerg\u00e9tique des b\u00e2timents<\/a>.<\/p>\n\n<p><strong>Les stations de recharge pour les voitures \u00e9lectriques dans les immeubles d&rsquo;habitation<\/strong> garantissent :<\/p>\n\n<ul class=\"wp-block-list\">\n<li>acc\u00e8s exclusif pour les r\u00e9sidents<\/li>\n\n\n\n<li>facilit\u00e9 d&rsquo;utilisation<\/li>\n\n\n\n<li>la tra\u00e7abilit\u00e9 de la consommation<\/li>\n<\/ul>\n\n<p>Avec <strong>Silla Industries<\/strong>, vous pouvez installer des stations de stationnement dans des immeubles d&rsquo;habitation ou des garages priv\u00e9s, en g\u00e9rant tout avec des <strong>cartes RFID personnalis\u00e9es<\/strong> ou un <strong>paiement direct sur place<\/strong>.<\/p>\n\n<h2 class=\"wp-block-heading\">Gestion intelligente de la consommation d&rsquo;\u00e9nergie<\/h2>\n\n<h3 class=\"wp-block-heading\">L&rsquo;importance d&rsquo;un rapport correct<\/h3>\n\n<p>Avec les colonnes Silla Industries, chaque session est <strong>associ\u00e9e au locataire individuel<\/strong> via une carte, un lecteur RFID et la plateforme<strong> <\/strong> <a href=\"http:\/\/my.silla.cloud\" target=\"_blank\" rel=\"noopener\">my.silla.cloud.<\/a><\/p>\n\n<p>\u00c0 la fin du mois, l&rsquo;administrateur peut :<\/p>\n\n<ul class=\"wp-block-list\">\n<li>t\u00e9l\u00e9charger le rapport sur les recharges<\/li>\n\n\n\n<li>facturer la consommation aux utilisateurs individuels<\/li>\n\n\n\n<li>appliquer un prix par kWh fix\u00e9 en interne<\/li>\n<\/ul>\n\n<p>\u00c0 la fin de chaque mois, l&rsquo;administration de la copropri\u00e9t\u00e9 peut comptabiliser la consommation de chaque copropri\u00e9taire et lui facturer ses recharges, gr\u00e2ce au <a href=\"https:\/\/silla.industries\/fr\/service-horeca\/\">service Horeca<\/a> gratuit fourni avec chaque Prism.<\/p>\n\n<h2 class=\"wp-block-heading\">Colonnes photovolta\u00efques int\u00e9gr\u00e9es : charge solaire<\/h2>\n\n<p>Les prises Silla peuvent fonctionner en synergie avec un <strong>syst\u00e8me photovolta\u00efque<\/strong>, en utilisant l&rsquo;\u00e9nergie produite pour une <strong>recharge 100% verte et gratuite<\/strong>.<br\/>Parfait pour les nouveaux b\u00e2timents ou les r\u00e9novations avec une <strong>classification \u00e9nerg\u00e9tique avanc\u00e9e.<\/strong><\/p>\n\n<h2 class=\"wp-block-heading\">S\u00e9curit\u00e9 et continuit\u00e9 du service<\/h2>\n\n<p><strong>Il n&rsquo;y a pas de d\u00e9connexion du compteur, seulement une recharge.<\/strong><\/p>\n\n<p>La gamme de chargeurs de Silla Industries comprend des produits adapt\u00e9s aux compteurs de toutes puissances.<\/p>\n\n<p>Gr\u00e2ce \u00e0 l&rsquo;<strong>\u00e9quilibrage de la charge<\/strong>, les Prismes \u00e9vitent toute surcharge :<\/p>\n\n<ul class=\"wp-block-list\">\n<li>pas de risque de d\u00e9connexion du compteur<\/li>\n\n\n\n<li>l&rsquo;adaptabilit\u00e9 \u00e0 <strong>toute puissance disponible<\/strong><\/li>\n\n\n\n<li>fonctionnement sans heurts, m\u00eame en pr\u00e9sence de plusieurs utilisateurs simultan\u00e9s<\/li>\n<\/ul>\n\n<h2 class=\"wp-block-heading\">Charge.to.it - La solution compl\u00e8te pour la recharge dans les immeubles d&rsquo;habitation<\/h2>\n\n<p>Une excellente solution pour fournir le <strong>service de recharge aux immeubles d&rsquo;habitation<\/strong> et \u00e0 leurs amis ou parents consiste \u00e0 disposer de stations de recharge permettant le paiement sur place, au moyen d&rsquo;une carte de cr\u00e9dit ou de Paypal.<\/p>\n\n<p>De cette mani\u00e8re, l&rsquo;administration est d\u00e9charg\u00e9e de la gestion des paiements et des rapports, et chaque copropri\u00e9taire est ind\u00e9pendant en mati\u00e8re de paiements.<\/p>\n\n<p><strong>C<\/strong> &lsquo;est le service qui :<\/p>\n\n<ul class=\"wp-block-list\">\n<li>comprend les colonnes et l&rsquo;installation<\/li>\n\n\n\n<li>traite les paiements sur place (carte de cr\u00e9dit ou PayPal)<\/li>\n\n\n\n<li>l&rsquo;envoi <strong>automatique<\/strong> de <strong>re\u00e7us et de factures<\/strong><\/li>\n\n\n\n<li>lib\u00e8re la copropri\u00e9t\u00e9 de toute charge de gestion<\/li>\n<\/ul>\n\n<p>Tous les d\u00e9tails sur <a href=\"https:\/\/silla.industries\/charge-to-it\/\" data-type=\"page\" data-id=\"16269\">charge.to.it<\/a><\/p>\n\n<div style=\"height:100px\" aria-hidden=\"true\" class=\"wp-block-spacer\"><\/div>\n","protected":false},"excerpt":{"rendered":"<p>Bornes de recharge r\u00e9serv\u00e9es uniquement aux immeubles d&rsquo;habitation, avec paiement par carte de cr\u00e9dit ou par mensualit\u00e9s \u00e0 l&rsquo;aide de cartes personnalis\u00e9es, sans complications inutiles pour le partage des co\u00fbts.<\/p>\n","protected":false},"author":23,"featured_media":16282,"parent":0,"menu_order":45,"comment_status":"closed","ping_status":"closed","template":"templates\/template-cover.php","meta":{"_uag_custom_page_level_css":"","footnotes":""},"class_list":["post-19463","page","type-page","status-publish","has-post-thumbnail","hentry"],"uagb_featured_image_src":{"full":["https:\/\/silla.industries\/wp-content\/uploads\/2023\/09\/Prism-Solar-Twin-Apartments.jpg",1599,1002,false],"thumbnail":["https:\/\/silla.industries\/wp-content\/uploads\/2023\/09\/Prism-Solar-Twin-Apartments-150x150.jpg",150,150,true],"medium":["https:\/\/silla.industries\/wp-content\/uploads\/2023\/09\/Prism-Solar-Twin-Apartments-300x188.jpg",300,188,true],"medium_large":["https:\/\/silla.industries\/wp-content\/uploads\/2023\/09\/Prism-Solar-Twin-Apartments-768x481.jpg",700,438,true],"large":["https:\/\/silla.industries\/wp-content\/uploads\/2023\/09\/Prism-Solar-Twin-Apartments-1024x642.jpg",700,439,true],"1536x1536":["https:\/\/silla.industries\/wp-content\/uploads\/2023\/09\/Prism-Solar-Twin-Apartments-1536x963.jpg",1536,963,true],"2048x2048":["https:\/\/silla.industries\/wp-content\/uploads\/2023\/09\/Prism-Solar-Twin-Apartments.jpg",1599,1002,false],"betterdocs-category-thumb":["https:\/\/silla.industries\/wp-content\/uploads\/2023\/09\/Prism-Solar-Twin-Apartments.jpg",360,226,false],"post-thumbnail":["https:\/\/silla.industries\/wp-content\/uploads\/2023\/09\/Prism-Solar-Twin-Apartments-1200x752.jpg",1200,752,true],"twentytwenty-fullscreen":["https:\/\/silla.industries\/wp-content\/uploads\/2023\/09\/Prism-Solar-Twin-Apartments.jpg",1599,1002,false],"mailpoet_newsletter_max":["https:\/\/silla.industries\/wp-content\/uploads\/2023\/09\/Prism-Solar-Twin-Apartments-1320x827.jpg",1320,827,true],"menu-26x26":["https:\/\/silla.industries\/wp-content\/uploads\/2023\/09\/Prism-Solar-Twin-Apartments.jpg",26,16,false],"menu-36x36":["https:\/\/silla.industries\/wp-content\/uploads\/2023\/09\/Prism-Solar-Twin-Apartments.jpg",36,23,false],"menu-48x48":["https:\/\/silla.industries\/wp-content\/uploads\/2023\/09\/Prism-Solar-Twin-Apartments.jpg",48,30,false],"woocommerce_thumbnail":["https:\/\/silla.industries\/wp-content\/uploads\/2023\/09\/Prism-Solar-Twin-Apartments-450x450.jpg",450,450,true],"woocommerce_single":["https:\/\/silla.industries\/wp-content\/uploads\/2023\/09\/Prism-Solar-Twin-Apartments-600x376.jpg",600,376,true],"woocommerce_gallery_thumbnail":["https:\/\/silla.industries\/wp-content\/uploads\/2023\/09\/Prism-Solar-Twin-Apartments-100x100.jpg",100,100,true]},"uagb_author_info":{"display_name":"Valentina De Simone","author_link":"https:\/\/silla.industries\/fr\/author\/valentina\/"},"uagb_comment_info":0,"uagb_excerpt":"Bornes de recharge r\u00e9serv\u00e9es uniquement aux immeubles d'habitation, avec paiement par carte de cr\u00e9dit ou par mensualit\u00e9s \u00e0 l'aide de cartes personnalis\u00e9es, sans complications inutiles pour le partage des co\u00fbts.","_links":{"self":[{"href":"https:\/\/silla.industries\/fr\/wp-json\/wp\/v2\/pages\/19463","targetHints":{"allow":["GET"]}}],"collection":[{"href":"https:\/\/silla.industries\/fr\/wp-json\/wp\/v2\/pages"}],"about":[{"href":"https:\/\/silla.industries\/fr\/wp-json\/wp\/v2\/types\/page"}],"author":[{"embeddable":true,"href":"https:\/\/silla.industries\/fr\/wp-json\/wp\/v2\/users\/23"}],"replies":[{"embeddable":true,"href":"https:\/\/silla.industries\/fr\/wp-json\/wp\/v2\/comments?post=19463"}],"version-history":[{"count":0,"href":"https:\/\/silla.industries\/fr\/wp-json\/wp\/v2\/pages\/19463\/revisions"}],"wp:featuredmedia":[{"embeddable":true,"href":"https:\/\/silla.industries\/fr\/wp-json\/wp\/v2\/media\/16282"}],"wp:attachment":[{"href":"https:\/\/silla.industries\/fr\/wp-json\/wp\/v2\/media?parent=19463"}],"curies":[{"name":"wp","href":"https:\/\/api.w.org\/{rel}","templated":true}]}}