{"id":19465,"date":"2023-09-26T08:37:16","date_gmt":"2023-09-26T06:37:16","guid":{"rendered":"https:\/\/silla.industries\/installazione-a-regola-d-arte\/"},"modified":"2025-08-27T09:50:22","modified_gmt":"2025-08-27T07:50:22","slug":"installazione-a-regola-d-arte","status":"publish","type":"page","link":"https:\/\/silla.industries\/fr\/installazione-a-regola-d-arte\/","title":{"rendered":"Installation"},"content":{"rendered":"\n<div style=\"height:50px\" aria-hidden=\"true\" class=\"wp-block-spacer\"><\/div>\n\n<p>M\u00eame le meilleur produit au monde doit \u00eatre install\u00e9 correctement, conform\u00e9ment aux r\u00e9glementations en vigueur, afin de pouvoir exploiter pleinement ses caract\u00e9ristiques et ses fonctionnalit\u00e9s en toute s\u00e9curit\u00e9.<\/p>\n\n<p>Nous proposons trois solutions diff\u00e9rentes, mais tout aussi fonctionnelles, pour l&rsquo;installation de votre station de recharge Prism ou de votre groupe de stations de recharge.  <br\/>L&rsquo;installation comprend \u00e9galement la configuration initiale afin que vous puissiez profiter imm\u00e9diatement de toutes les fonctionnalit\u00e9s de votre nouvelle infrastructure de recharge.<\/p>\n\n<div class=\"wp-block-group alignfull\"><div class=\"wp-block-group__inner-container is-layout-flow wp-block-group-is-layout-flow\">\n<div class=\"wp-block-media-text alignwide is-stacked-on-mobile tw-stack-md\"><figure class=\"wp-block-media-text__media\"><img fetchpriority=\"high\" decoding=\"async\" width=\"1024\" height=\"576\" src=\"https:\/\/silla.industries\/wp-content\/uploads\/2023\/09\/IMG-Garage_coperto-1024.jpg\" alt=\"\" class=\"wp-image-16541 size-full\" srcset=\"https:\/\/silla.industries\/wp-content\/uploads\/2023\/09\/IMG-Garage_coperto-1024.jpg 1024w, https:\/\/silla.industries\/wp-content\/uploads\/2023\/09\/IMG-Garage_coperto-1024-300x169.jpg 300w, https:\/\/silla.industries\/wp-content\/uploads\/2023\/09\/IMG-Garage_coperto-1024-768x432.jpg 768w, https:\/\/silla.industries\/wp-content\/uploads\/2023\/09\/IMG-Garage_coperto-1024-600x338.jpg 600w\" sizes=\"(max-width: 1024px) 100vw, 1024px\" \/><\/figure><div class=\"wp-block-media-text__content\">\n<h3 class=\"wp-block-heading\">Avec notre service \"charge.to.it<\/h3>\n\n\n\n<p>Si vous envisagez d&rsquo;acheter une ou plusieurs bornes de recharge et que vous voulez vous assurer qu&rsquo;elles sont install\u00e9es correctement, notre service charge.to.it est certainement la bonne option pour vous, car il combine la vente de la borne de recharge, son installation et, si vous le souhaitez, la gestion des paiements de la recharge en un seul forfait.<\/p>\n\n\n\n<div class=\"wp-block-buttons is-layout-flex wp-block-buttons-is-layout-flex\">\n<div class=\"wp-block-button\"><a class=\"wp-block-button__link has-accent-background-color has-background wp-element-button\" href=\"https:\/\/silla.industries\/fr\/charge-to-it\/\" style=\"border-style:none;border-width:0px;border-radius:5px;padding-top:var(--wp--preset--spacing--30);padding-bottom:var(--wp--preset--spacing--30)\">D\u00e9couvrir la charge<\/a><\/div>\n<\/div>\n<\/div><\/div>\n\n\n\n<div class=\"wp-block-media-text alignwide has-media-on-the-right is-stacked-on-mobile tw-stack-md\"><div class=\"wp-block-media-text__content\">\n<h3 class=\"wp-block-heading\">Gr\u00e2ce \u00e0 notre r\u00e9seau d&rsquo;installateurs<\/h3>\n\n\n\n<p>Pr\u00e9sents dans toute l&rsquo;Italie et connaissant parfaitement nos produits et les types d&rsquo;installation les plus corrects, ils ont d\u00e9velopp\u00e9 des comp\u00e9tences diff\u00e9rentes pour les installations r\u00e9sidentielles ou tertiaires. Contactez-nous en indiquant votre besoin et nous vous proposerons la meilleure solution. <\/p>\n\n\n\n<p>Remarque : notre service d&rsquo;installation n&rsquo;est disponible qu&rsquo;en conjonction avec la livraison du produit.<\/p>\n\n\n\n<div class=\"wp-block-buttons is-layout-flex wp-block-buttons-is-layout-flex\">\n<div class=\"wp-block-button\"><a class=\"wp-block-button__link has-accent-background-color has-background wp-element-button\" href=\"mailto:sales@silla.industries\" style=\"border-style:none;border-width:0px;border-radius:5px;padding-top:var(--wp--preset--spacing--30);padding-bottom:var(--wp--preset--spacing--30)\">Contactez nous<\/a><\/div>\n<\/div>\n<\/div><figure class=\"wp-block-media-text__media\"><img decoding=\"async\" width=\"1024\" height=\"576\" src=\"https:\/\/silla.industries\/wp-content\/uploads\/2023\/09\/IMG-Elettricisti-1024.jpg\" alt=\"\" class=\"wp-image-16545 size-full\" srcset=\"https:\/\/silla.industries\/wp-content\/uploads\/2023\/09\/IMG-Elettricisti-1024.jpg 1024w, https:\/\/silla.industries\/wp-content\/uploads\/2023\/09\/IMG-Elettricisti-1024-300x169.jpg 300w, https:\/\/silla.industries\/wp-content\/uploads\/2023\/09\/IMG-Elettricisti-1024-768x432.jpg 768w, https:\/\/silla.industries\/wp-content\/uploads\/2023\/09\/IMG-Elettricisti-1024-600x338.jpg 600w\" sizes=\"(max-width: 1024px) 100vw, 1024px\" \/><\/figure><\/div>\n\n\n\n<div class=\"wp-block-media-text alignwide is-stacked-on-mobile tw-stack-md\"><figure class=\"wp-block-media-text__media\"><img decoding=\"async\" width=\"1024\" height=\"576\" src=\"https:\/\/silla.industries\/wp-content\/uploads\/2023\/09\/IMG-IMAG_Elettricista-1024.jpg\" alt=\"\" class=\"wp-image-16549 size-full\" srcset=\"https:\/\/silla.industries\/wp-content\/uploads\/2023\/09\/IMG-IMAG_Elettricista-1024.jpg 1024w, https:\/\/silla.industries\/wp-content\/uploads\/2023\/09\/IMG-IMAG_Elettricista-1024-300x169.jpg 300w, https:\/\/silla.industries\/wp-content\/uploads\/2023\/09\/IMG-IMAG_Elettricista-1024-768x432.jpg 768w, https:\/\/silla.industries\/wp-content\/uploads\/2023\/09\/IMG-IMAG_Elettricista-1024-600x338.jpg 600w\" sizes=\"(max-width: 1024px) 100vw, 1024px\" \/><\/figure><div class=\"wp-block-media-text__content\">\n<h3 class=\"wp-block-heading\">Avec votre \u00e9lectricien<\/h3>\n\n\n\n<p>Travailler avec des sp\u00e9cialistes que vous connaissez d\u00e9j\u00e0 est sans doute la solution id\u00e9ale dans de nombreux cas. Si votre \u00e9lectricien ne conna\u00eet pas encore Prism et son installation, vous pouvez lui sugg\u00e9rer de nous contacter ou de profiter de la documentation que nous mettons \u00e0 disposition sur notre site web et notre cha\u00eene YouTube, avec des manuels et des tutoriels. <\/p>\n\n\n\n<div class=\"wp-block-buttons is-layout-flex wp-block-buttons-is-layout-flex\">\n<div class=\"wp-block-button\"><a class=\"wp-block-button__link has-accent-background-color has-background wp-element-button\" href=\"https:\/\/silla.industries\" style=\"border-style:none;border-width:0px;border-radius:5px;padding-top:var(--wp--preset--spacing--30);padding-bottom:var(--wp--preset--spacing--30)\">Plus d&rsquo;informations<\/a><\/div>\n<\/div>\n<\/div><\/div>\n<\/div><\/div>\n","protected":false},"excerpt":{"rendered":"<p>Une installation r\u00e9alis\u00e9e dans le respect des r\u00e8gles de l&rsquo;art est tout aussi importante que la qualit\u00e9 de l&rsquo;infrastructure de recharge.<\/p>\n","protected":false},"author":2,"featured_media":16650,"parent":0,"menu_order":50,"comment_status":"closed","ping_status":"closed","template":"templates\/template-cover.php","meta":{"_uag_custom_page_level_css":"","footnotes":""},"class_list":["post-19465","page","type-page","status-publish","has-post-thumbnail","hentry"],"uagb_featured_image_src":{"full":["https:\/\/silla.industries\/wp-content\/uploads\/2023\/10\/DOC-Installazione_featured-1362.jpg",1362,766,false],"thumbnail":["https:\/\/silla.industries\/wp-content\/uploads\/2023\/10\/DOC-Installazione_featured-1362-150x150.jpg",150,150,true],"medium":["https:\/\/silla.industries\/wp-content\/uploads\/2023\/10\/DOC-Installazione_featured-1362-300x169.jpg",300,169,true],"medium_large":["https:\/\/silla.industries\/wp-content\/uploads\/2023\/10\/DOC-Installazione_featured-1362-768x432.jpg",700,394,true],"large":["https:\/\/silla.industries\/wp-content\/uploads\/2023\/10\/DOC-Installazione_featured-1362-1024x576.jpg",700,394,true],"1536x1536":["https:\/\/silla.industries\/wp-content\/uploads\/2023\/10\/DOC-Installazione_featured-1362.jpg",1362,766,false],"2048x2048":["https:\/\/silla.industries\/wp-content\/uploads\/2023\/10\/DOC-Installazione_featured-1362.jpg",1362,766,false],"betterdocs-category-thumb":["https:\/\/silla.industries\/wp-content\/uploads\/2023\/10\/DOC-Installazione_featured-1362.jpg",360,202,false],"post-thumbnail":["https:\/\/silla.industries\/wp-content\/uploads\/2023\/10\/DOC-Installazione_featured-1362-1200x675.jpg",1200,675,true],"twentytwenty-fullscreen":["https:\/\/silla.industries\/wp-content\/uploads\/2023\/10\/DOC-Installazione_featured-1362.jpg",1362,766,false],"mailpoet_newsletter_max":["https:\/\/silla.industries\/wp-content\/uploads\/2023\/10\/DOC-Installazione_featured-1362-1320x742.jpg",1320,742,true],"menu-26x26":["https:\/\/silla.industries\/wp-content\/uploads\/2023\/10\/DOC-Installazione_featured-1362.jpg",26,15,false],"menu-36x36":["https:\/\/silla.industries\/wp-content\/uploads\/2023\/10\/DOC-Installazione_featured-1362.jpg",36,20,false],"menu-48x48":["https:\/\/silla.industries\/wp-content\/uploads\/2023\/10\/DOC-Installazione_featured-1362.jpg",48,27,false],"woocommerce_thumbnail":["https:\/\/silla.industries\/wp-content\/uploads\/2023\/10\/DOC-Installazione_featured-1362-450x450.jpg",450,450,true],"woocommerce_single":["https:\/\/silla.industries\/wp-content\/uploads\/2023\/10\/DOC-Installazione_featured-1362-600x337.jpg",600,337,true],"woocommerce_gallery_thumbnail":["https:\/\/silla.industries\/wp-content\/uploads\/2023\/10\/DOC-Installazione_featured-1362-100x100.jpg",100,100,true]},"uagb_author_info":{"display_name":"Alberto Stecca","author_link":"https:\/\/silla.industries\/fr\/author\/alberto\/"},"uagb_comment_info":0,"uagb_excerpt":"Une installation r\u00e9alis\u00e9e dans le respect des r\u00e8gles de l'art est tout aussi importante que la qualit\u00e9 de l'infrastructure de recharge.","_links":{"self":[{"href":"https:\/\/silla.industries\/fr\/wp-json\/wp\/v2\/pages\/19465","targetHints":{"allow":["GET"]}}],"collection":[{"href":"https:\/\/silla.industries\/fr\/wp-json\/wp\/v2\/pages"}],"about":[{"href":"https:\/\/silla.industries\/fr\/wp-json\/wp\/v2\/types\/page"}],"author":[{"embeddable":true,"href":"https:\/\/silla.industries\/fr\/wp-json\/wp\/v2\/users\/2"}],"replies":[{"embeddable":true,"href":"https:\/\/silla.industries\/fr\/wp-json\/wp\/v2\/comments?post=19465"}],"version-history":[{"count":0,"href":"https:\/\/silla.industries\/fr\/wp-json\/wp\/v2\/pages\/19465\/revisions"}],"wp:featuredmedia":[{"embeddable":true,"href":"https:\/\/silla.industries\/fr\/wp-json\/wp\/v2\/media\/16650"}],"wp:attachment":[{"href":"https:\/\/silla.industries\/fr\/wp-json\/wp\/v2\/media?parent=19465"}],"curies":[{"name":"wp","href":"https:\/\/api.w.org\/{rel}","templated":true}]}}