{"id":19569,"date":"2024-03-18T14:14:14","date_gmt":"2024-03-18T13:14:14","guid":{"rendered":"https:\/\/silla.industries\/incentivi-wallbox-2024\/"},"modified":"2025-07-01T21:51:20","modified_gmt":"2025-07-01T19:51:20","slug":"incentivi-wallbox-2024","status":"publish","type":"page","link":"https:\/\/silla.industries\/fr\/incentivi-wallbox-2024\/","title":{"rendered":"Prism : le chargeur universel pour recharger les v\u00e9hicules \u00e9lectriques"},"content":{"rendered":"\n<figure class=\"wp-block-image size-large is-style-tw-rounded-corners\"><img fetchpriority=\"high\" decoding=\"async\" width=\"1024\" height=\"535\" src=\"https:\/\/silla.industries\/wp-content\/uploads\/2024\/03\/IMG-incentivi-colonnine-1024x535.jpg\" alt=\"Colonnes d'incitation &#xE0; l'&#xE9;lectricit&#xE9; 2024\" class=\"wp-image-17712\" style=\"aspect-ratio:16\/9;object-fit:cover\" srcset=\"https:\/\/silla.industries\/wp-content\/uploads\/2024\/03\/IMG-incentivi-colonnine-1024x535.jpg 1024w, https:\/\/silla.industries\/wp-content\/uploads\/2024\/03\/IMG-incentivi-colonnine-300x157.jpg 300w, https:\/\/silla.industries\/wp-content\/uploads\/2024\/03\/IMG-incentivi-colonnine-768x401.jpg 768w, https:\/\/silla.industries\/wp-content\/uploads\/2024\/03\/IMG-incentivi-colonnine-600x314.jpg 600w, https:\/\/silla.industries\/wp-content\/uploads\/2024\/03\/IMG-incentivi-colonnine.jpg 1200w\" sizes=\"(max-width: 1024px) 100vw, 1024px\" \/><\/figure>\n\n<h3 class=\"wp-block-heading has-text-align-center has-accent-color has-text-color has-link-color wp-elements-583ce9cf49a5157961cc94e5d7144f1a\">Parfait pour l&rsquo;achat avec des incitations sur les stations de recharge \u00e9lectrique en 2024<\/h3>\n\n<div class=\"wp-block-uagb-separator uagb-block-cd9df48f\"><div class=\"wp-block-uagb-separator__inner\" style=\"--my-background-image:\"><\/div><\/div>\n\n<h5 class=\"wp-block-heading has-text-align-center has-primary-color has-text-color has-link-color wp-elements-3769ae067d3185c2db334035e1292ec9\"><strong>Prism est une station de recharge pour voitures \u00e9lectriques fabriqu\u00e9e en Italie qui offre des avantages intelligents et des \u00e9conomies d&rsquo;\u00e9nergie.<\/strong><\/h5>\n\n<ul class=\"wp-block-list\">\n<li>Respecter les plafonds de d\u00e9penses de la colonne des m\u00e9nages de la prime d&rsquo;\u00c9tat<strong> <\/strong>.<strong> <\/strong><\/li>\n<\/ul>\n\n<ul class=\"wp-block-list\" start=\"2\">\n<li>Adaptable \u00e0 tous les compteurs.<\/li>\n<\/ul>\n\n<ul class=\"wp-block-list\" start=\"3\">\n<li>Compatible avec les voitures \u00e9quip\u00e9es d&rsquo;un connecteur de type 2.<\/li>\n<\/ul>\n\n<ul class=\"wp-block-list\" start=\"4\">\n<li>Il permet d&rsquo;\u00e9quilibrer les charges domestiques et d&rsquo;\u00e9viter les coupures de compteur.<\/li>\n<\/ul>\n\n<ul class=\"wp-block-list\" start=\"5\">\n<li>Compatible avec votre syst\u00e8me de stockage.<\/li>\n<\/ul>\n\n<ul class=\"wp-block-list\" start=\"6\">\n<li>Convient pour une installation \u00e0 l&rsquo;ext\u00e9rieur.<\/li>\n<\/ul>\n\n<ul class=\"wp-block-list\">\n<li>Fabriqu\u00e9 en Italie.<\/li>\n<\/ul>\n\n<figure class=\"wp-block-image size-large\"><img decoding=\"async\" width=\"1024\" height=\"1024\" src=\"https:\/\/silla.industries\/wp-content\/uploads\/2023\/09\/Twin-Solar-QR-code-smartphone-1024x1024.jpg\" alt=\"\" class=\"wp-image-16769\" style=\"aspect-ratio:16\/9;object-fit:cover\" srcset=\"https:\/\/silla.industries\/wp-content\/uploads\/2023\/09\/Twin-Solar-QR-code-smartphone-1024x1024.jpg 1024w, https:\/\/silla.industries\/wp-content\/uploads\/2023\/09\/Twin-Solar-QR-code-smartphone-300x300.jpg 300w, https:\/\/silla.industries\/wp-content\/uploads\/2023\/09\/Twin-Solar-QR-code-smartphone-150x150.jpg 150w, https:\/\/silla.industries\/wp-content\/uploads\/2023\/09\/Twin-Solar-QR-code-smartphone-768x768.jpg 768w, https:\/\/silla.industries\/wp-content\/uploads\/2023\/09\/Twin-Solar-QR-code-smartphone-1536x1536.jpg 1536w, https:\/\/silla.industries\/wp-content\/uploads\/2023\/09\/Twin-Solar-QR-code-smartphone-1200x1200.jpg 1200w, https:\/\/silla.industries\/wp-content\/uploads\/2023\/09\/Twin-Solar-QR-code-smartphone-1320x1320.jpg 1320w, https:\/\/silla.industries\/wp-content\/uploads\/2023\/09\/Twin-Solar-QR-code-smartphone-450x450.jpg 450w, https:\/\/silla.industries\/wp-content\/uploads\/2023\/09\/Twin-Solar-QR-code-smartphone-600x600.jpg 600w, https:\/\/silla.industries\/wp-content\/uploads\/2023\/09\/Twin-Solar-QR-code-smartphone-100x100.jpg 100w, https:\/\/silla.industries\/wp-content\/uploads\/2023\/09\/Twin-Solar-QR-code-smartphone.jpg 1600w\" sizes=\"(max-width: 1024px) 100vw, 1024px\" \/><\/figure>\n\n<p class=\"has-primary-color has-subtle-background-background-color has-text-color has-background has-link-color wp-elements-8f3b8015e50d618b21b26c512d54b051\">Harness <strong>Solar<\/strong>: lorsque votre syst\u00e8me photovolta\u00efque produit plus d&rsquo;\u00e9nergie que vous n&rsquo;en consommez, Prism Solar l&rsquo;utilise pour recharger votre voiture \u00e9lectrique.<\/p>\n\n<p class=\"has-subtle-background-background-color has-background\"><strong>Gestion de la recharge \u00e0 distance<\/strong>: vous pouvez programmer la recharge en fonction des tarifs horaires les plus avantageux, ce qui vous permet d&rsquo;\u00e9conomiser sur votre facture.<\/p>\n\n<p class=\"has-subtle-background-background-color has-background\"><strong>G\u00e9rer plusieurs utilisateurs<\/strong> avec des cartes : le chargeur est \u00e9galement activ\u00e9 par l&rsquo;utilisation de cartes personnelles.<\/p>\n\n<p class=\"has-subtle-background-background-color has-background\"><strong>Installation en grappes : <\/strong>Prism convient lorsqu&rsquo;il est n\u00e9cessaire de disposer d&rsquo;une station compl\u00e8te avec plusieurs chargeurs.  <\/p>\n\n<div class=\"wp-block-uagb-separator uagb-block-f0619ee4\"><div class=\"wp-block-uagb-separator__inner\" style=\"--my-background-image:\"><\/div><\/div>\n\n<h4 class=\"wp-block-heading has-text-align-center has-accent-color has-text-color has-link-color wp-elements-e3a8ed4c3caa9d98e4d874d1d6cb5786\">Bonus bornes de recharge \u00e0 domicile 2024 : les incitations reprennent le 8 juillet<\/h4>\n\n<p>Un peu plus d&rsquo;une semaine apr\u00e8s la publication du <a href=\"https:\/\/silla.industries\/bonus-colonnine-domestiche-2024-decreto\/\">d\u00e9cret confirmant les<\/a> fonds destin\u00e9s \u00e0 couvrir la prime du pilier domestique 2024, le<strong> d\u00e9cret d&rsquo;application<\/strong> expliquant les modalit\u00e9s d&rsquo;acc\u00e8s \u00e0 la prime et la date de d\u00e9but des incitations a \u00e9t\u00e9 officiellement publi\u00e9.<\/p>\n\n<p>Inscrivez-vous pour recevoir le guide de l&rsquo;incitation, le vade-mecum sur la fa\u00e7on de postuler sur la plateforme d\u00e9di\u00e9e d&rsquo;Invitalia. Vous recevrez \u00e9galement un cadeau pratique !   <\/p>\n\n<p>En vous inscrivant \u00e0 la newsletter, vous recevrez le code cadeau qui vous permettra de recevoir GRATUITEMENT le support de c\u00e2ble pratique Holdy !  <\/p>\n\n<div class=\"wp-block-uagb-separator uagb-block-abaa5ee3\"><div class=\"wp-block-uagb-separator__inner\" style=\"--my-background-image:\"><\/div><\/div>\n\n<h4 class=\"wp-block-heading has-text-align-center has-accent-color has-text-color has-link-color wp-elements-13f5d705934bd385430472b588609158\" id=\"scopri\"><br\/><strong>\u00cates-vous pr\u00eat pour le bonus de la colonne 2024 et un cadeau pratique ? A <\/strong>Profitez-en d\u00e8s maintenant !<\/h4>\n\n<p class=\"has-text-align-center\"><strong>Voici comment<\/strong>:<\/p>\n\n<p class=\"has-subtle-background-background-color has-background\"><strong>1-<\/strong> S&rsquo;inscrire <strong>\u00e0 la lettre d&rsquo;information<\/strong>: utilisez le <a href=\"#form\" data-type=\"internal\" data-id=\"#form\">formulaire<\/a> ci-dessous pour vous inscrire.<\/p>\n\n<p class=\"has-subtle-background-background-color has-background\"><strong>2-<\/strong> <strong>Recevoir le code cadeau et le guide pour demander la<\/strong> prime : en tant qu&rsquo;abonn\u00e9 \u00e0 la newsletter, vous recevrez imm\u00e9diatement le code cadeau qui vous est d\u00e9di\u00e9, ainsi que le guide contenant les instructions du d\u00e9cret d&rsquo;application pour demander la prime.<\/p>\n\n<p class=\"has-subtle-background-background-color has-background\"><strong>3- Choisissez votre chargeur<\/strong>: dans notre boutique, vous trouverez <strong>Prism<\/strong>, le chargeur universel pour v\u00e9hicules \u00e9lectriques. Choisissez parmi les mod\u00e8les de la gamme, celui qui correspond le mieux \u00e0 vos besoins. <\/p>\n\n<p class=\"has-subtle-background-background-color has-background\"><strong>4 - Utilisez le code cadeau<\/strong>: \u00e9crivez et appliquez le code promotionnel dans l&rsquo;espace pr\u00e9vu \u00e0 cet effet et b\u00e9n\u00e9ficiez gratuitement de l&rsquo;assistance Holdy.<\/p>\n\n<p class=\"has-subtle-background-background-color has-background\"><strong>5- Faire une demande d&rsquo;incitation<\/strong>, en utilisant la plateforme d\u00e9di\u00e9e d&rsquo;Invitalia.<\/p>\n\n<div class=\"wp-block-uagb-separator uagb-block-bc7b7b29\"><div class=\"wp-block-uagb-separator__inner\" style=\"--my-background-image:\"><\/div><\/div>\n\n<h4 class=\"wp-block-heading has-text-align-center has-accent-color has-text-color has-link-color wp-elements-f1874a3f3947c257f77e075e3e3e245c\" id=\"form\"><strong>Profitez de cette opportunit\u00e9<\/strong><\/h4>\n  \n  \n  <div class=\"\n    mailpoet_form_popup_overlay\n      \"><\/div>\n  <div\n    id=\"mailpoet_form_16\"\n    class=\"\n      mailpoet_form\n      mailpoet_form_html\n      mailpoet_form_position_\n      mailpoet_form_animation_\n    \"\n      >\n\n    <style type=\"text\/css\">\n     #mailpoet_form_16 .mailpoet_form {  }\n#mailpoet_form_16 form { margin-bottom: 0; }\n#mailpoet_form_16 p.mailpoet_form_paragraph { margin-bottom: 10px; }\n#mailpoet_form_16 .mailpoet_column_with_background { padding: 10px; }\n#mailpoet_form_16 .mailpoet_form_column:not(:first-child) { margin-left: 20px; }\n#mailpoet_form_16 .mailpoet_paragraph { line-height: 20px; margin-bottom: 20px; }\n#mailpoet_form_16 .mailpoet_segment_label, #mailpoet_form_16 .mailpoet_text_label, #mailpoet_form_16 .mailpoet_textarea_label, #mailpoet_form_16 .mailpoet_select_label, #mailpoet_form_16 .mailpoet_radio_label, #mailpoet_form_16 .mailpoet_checkbox_label, #mailpoet_form_16 .mailpoet_list_label, #mailpoet_form_16 .mailpoet_date_label { display: block; font-weight: normal; }\n#mailpoet_form_16 .mailpoet_text, #mailpoet_form_16 .mailpoet_textarea, #mailpoet_form_16 .mailpoet_select, #mailpoet_form_16 .mailpoet_date_month, #mailpoet_form_16 .mailpoet_date_day, #mailpoet_form_16 .mailpoet_date_year, #mailpoet_form_16 .mailpoet_date { display: block; }\n#mailpoet_form_16 .mailpoet_text, #mailpoet_form_16 .mailpoet_textarea { width: 200px; }\n#mailpoet_form_16 .mailpoet_checkbox {  }\n#mailpoet_form_16 .mailpoet_submit {  }\n#mailpoet_form_16 .mailpoet_divider {  }\n#mailpoet_form_16 .mailpoet_message {  }\n#mailpoet_form_16 .mailpoet_form_loading { width: 30px; text-align: center; line-height: normal; }\n#mailpoet_form_16 .mailpoet_form_loading > span { width: 5px; height: 5px; background-color: #5b5b5b; }\n#mailpoet_form_16 h2.mailpoet-heading { margin: 0 0 20px 0; }\n#mailpoet_form_16 h1.mailpoet-heading { margin: 0 0 10px; }#mailpoet_form_16{border-radius: 25px;background: #ffffff;text-align: center;}#mailpoet_form_16 form.mailpoet_form {padding: 20px;}#mailpoet_form_16{width: 100%;}#mailpoet_form_16 .mailpoet_message {margin: 0; padding: 0 20px;}\n        #mailpoet_form_16 .mailpoet_validate_success {color: #00d084}\n        #mailpoet_form_16 input.parsley-success {color: #00d084}\n        #mailpoet_form_16 select.parsley-success {color: #00d084}\n        #mailpoet_form_16 textarea.parsley-success {color: #00d084}\n      \n        #mailpoet_form_16 .mailpoet_validate_error {color: #cf2e2e}\n        #mailpoet_form_16 input.parsley-error {color: #cf2e2e}\n        #mailpoet_form_16 select.parsley-error {color: #cf2e2e}\n        #mailpoet_form_16 textarea.textarea.parsley-error {color: #cf2e2e}\n        #mailpoet_form_16 .parsley-errors-list {color: #cf2e2e}\n        #mailpoet_form_16 .parsley-required {color: #cf2e2e}\n        #mailpoet_form_16 .parsley-custom-error-message {color: #cf2e2e}\n      #mailpoet_form_16 .mailpoet_paragraph.last {margin-bottom: 0} @media (max-width: 500px) {#mailpoet_form_16 {background: #ffffff;}} @media (min-width: 500px) {#mailpoet_form_16 .last .mailpoet_paragraph:last-child {margin-bottom: 0}}  @media (max-width: 500px) {#mailpoet_form_16 .mailpoet_form_column:last-child .mailpoet_paragraph:last-child {margin-bottom: 0}} \n    <\/style>\n\n    <form\n      target=\"_self\"\n      method=\"post\"\n      action=\"https:\/\/silla.industries\/wp-admin\/admin-post.php?action=mailpoet_subscription_form\"\n      class=\"mailpoet_form mailpoet_form_form mailpoet_form_html\"\n      novalidate\n      data-delay=\"\"\n      data-exit-intent-enabled=\"\"\n      data-font-family=\"\"\n      data-cookie-expiration-time=\"\"\n    >\n      <input type=\"hidden\" name=\"data[form_id]\" value=\"16\" \/>\n      <input type=\"hidden\" name=\"token\" value=\"1e84bf6b98\" \/>\n      <input type=\"hidden\" name=\"api_version\" value=\"v1\" \/>\n      <input type=\"hidden\" name=\"endpoint\" value=\"subscribers\" \/>\n      <input type=\"hidden\" name=\"mailpoet_method\" value=\"subscribe\" \/>\n\n      <label class=\"mailpoet_hp_email_label\" style=\"display: none !important;\">Veuillez laisser ce champ vide<input type=\"email\" name=\"data[email]\"\/><\/label><div class='mailpoet_spacer' style='height: 1px;'><\/div>\n<div class=\"mailpoet_form_image\"><figure class=\"size-large\"><img decoding=\"async\" width=\"1024\" height=\"536\" src=\"https:\/\/silla.industries\/wp-content\/uploads\/2024\/03\/Silla-BANNER-2024-Holdy-1024x536.png\" alt class=\"wp-image-17731\" srcset=\"https:\/\/silla.industries\/wp-content\/uploads\/2024\/03\/Silla-BANNER-2024-Holdy-1024x536.png 1024w, https:\/\/silla.industries\/wp-content\/uploads\/2024\/03\/Silla-BANNER-2024-Holdy-300x157.png 300w, https:\/\/silla.industries\/wp-content\/uploads\/2024\/03\/Silla-BANNER-2024-Holdy-768x402.png 768w, https:\/\/silla.industries\/wp-content\/uploads\/2024\/03\/Silla-BANNER-2024-Holdy-600x314.png 600w, https:\/\/silla.industries\/wp-content\/uploads\/2024\/03\/Silla-BANNER-2024-Holdy.png 1200w\"><\/figure><\/div>\n<div class='mailpoet_spacer' style='height: 1px;'><\/div>\n<div class=\"mailpoet_paragraph \"><style>input[name=\"data[form_field_MTI0MjRmNTViNzAzX2ZpcnN0X25hbWU=]\"]::placeholder{color:#000000;opacity: 1;}<\/style><input type=\"text\" autocomplete=\"given-name\" class=\"mailpoet_text\" id=\"form_first_name_16\" name=\"data[form_field_MTI0MjRmNTViNzAzX2ZpcnN0X25hbWU=]\" title=\"Nome\" value=\"\" style=\"background-color:#ffffff;border-style:solid;border-radius:7px !important;border-width:1px;border-color:#cc0000;padding:5px;margin: 0 auto;font-family:&#039;Barlow&#039;;font-size:13px;line-height:1.5;height:auto;color:#000000;\" data-automation-id=\"form_first_name\"  placeholder=\"Nome *\" aria-label=\"Nome *\" data-parsley-errors-container=\".mailpoet_error_hckt1\" data-parsley-names='[&quot;Veuillez sp\u00e9cifier un nom valide.&quot;,&quot;Les adresses dans les noms ne sont pas autoris\u00e9es, veuillez ajouter votre nom \u00e0 la place.&quot;]' data-parsley-required=\"true\" required aria-required=\"true\" data-parsley-required-message=\"Ce champ est n\u00e9cessaire.\"\/><span class=\"mailpoet_error_hckt1\"><\/span><\/div>\n<div class='mailpoet_form_columns_container'><div class=\"mailpoet_form_columns mailpoet_paragraph mailpoet_stack_on_mobile\"><div class=\"mailpoet_form_column\"><div class=\"mailpoet_paragraph \"><style>input[name=\"data[form_field_NTU2NmEzMWM4ZTMyX2VtYWls]\"]::placeholder{color:#000000;opacity: 1;}<\/style><input type=\"email\" autocomplete=\"email\" class=\"mailpoet_text\" id=\"form_email_16\" name=\"data[form_field_NTU2NmEzMWM4ZTMyX2VtYWls]\" title=\"Indirizzo email\" value=\"\" style=\"background-color:#ffffff;border-style:solid;border-radius:7px !important;border-width:1px;border-color:#cc0000;padding:5px;margin: 0 auto;font-family:&#039;Barlow&#039;;font-size:13px;line-height:1.5;height:auto;color:#000000;\" data-automation-id=\"form_email\"  placeholder=\"Indirizzo email *\" aria-label=\"Indirizzo email *\" data-parsley-errors-container=\".mailpoet_error_1nvum\" data-parsley-required=\"true\" required aria-required=\"true\" data-parsley-minlength=\"6\" data-parsley-maxlength=\"150\" data-parsley-type-message=\"Cette valeur doit \u00eatre un e-mail valide.\" data-parsley-required-message=\"Ce champ est n\u00e9cessaire.\"\/><span class=\"mailpoet_error_1nvum\"><\/span><\/div>\n<div class=\"mailpoet_paragraph \"><input type=\"submit\" class=\"mailpoet_submit\" value=\"ISCRIVITI\" data-automation-id=\"subscribe-submit-button\" data-font-family='Barlow' style=\"background-color:#cc0000;border-style:solid;border-radius:8px !important;border-width:0px;border-color:#ffffff;padding:8px;margin: 0 auto;font-family:&#039;Barlow&#039;;font-size:NaN;line-height:1.5;height:auto;color:#ffffff;font-weight:bold;\" \/><span class=\"mailpoet_form_loading\"><span class=\"mailpoet_bounce1\"><\/span><span class=\"mailpoet_bounce2\"><\/span><span class=\"mailpoet_bounce3\"><\/span><\/span><\/div>\n<\/div>\n<\/div><\/div>\n<p class=\"mailpoet_form_paragraph  mailpoet-has-font-size\" style=\"text-align: center; font-size: 13px; line-height: 1.5\"><em>Non inviamo spam! Leggi la nostra <a target=\"_blank\" href=\"https:\/\/silla.industries\/privacy-policy\/\">Informativa sulla privacy<\/a> per avere maggiori informazioni.<\/em><\/p>\n\n      <div class=\"mailpoet_message\">\n        <p class=\"mailpoet_validate_success\"\n                style=\"display:none;\"\n                >Controlla la tua casella di posta o la cartella spam per confermare la tua iscrizione\n        <\/p>\n        <p class=\"mailpoet_validate_error\"\n                style=\"display:none;\"\n                >        <\/p>\n      <\/div>\n    <\/form>\n\n      <\/div>\n\n  ","protected":false},"excerpt":{"rendered":"<p>Achetez d\u00e8s maintenant Prism, la bo\u00eete murale universelle pour voiture \u00e9lectrique. B\u00e9n\u00e9ficiez des incitations de l&rsquo;\u00c9tat en 2024 et recevez un cadeau pratique ! <\/p>\n","protected":false},"author":23,"featured_media":0,"parent":0,"menu_order":0,"comment_status":"closed","ping_status":"closed","template":"","meta":{"_uag_custom_page_level_css":"","footnotes":""},"class_list":["post-19569","page","type-page","status-publish","hentry"],"uagb_featured_image_src":{"full":false,"thumbnail":false,"medium":false,"medium_large":false,"large":false,"1536x1536":false,"2048x2048":false,"betterdocs-category-thumb":false,"post-thumbnail":false,"twentytwenty-fullscreen":false,"mailpoet_newsletter_max":false,"menu-26x26":false,"menu-36x36":false,"menu-48x48":false,"woocommerce_thumbnail":false,"woocommerce_single":false,"woocommerce_gallery_thumbnail":false},"uagb_author_info":{"display_name":"Valentina De Simone","author_link":"https:\/\/silla.industries\/fr\/author\/valentina\/"},"uagb_comment_info":0,"uagb_excerpt":"Achetez d\u00e8s maintenant Prism, la bo\u00eete murale universelle pour voiture \u00e9lectrique. B\u00e9n\u00e9ficiez des incitations de l'\u00c9tat en 2024 et recevez un cadeau pratique !","_links":{"self":[{"href":"https:\/\/silla.industries\/fr\/wp-json\/wp\/v2\/pages\/19569","targetHints":{"allow":["GET"]}}],"collection":[{"href":"https:\/\/silla.industries\/fr\/wp-json\/wp\/v2\/pages"}],"about":[{"href":"https:\/\/silla.industries\/fr\/wp-json\/wp\/v2\/types\/page"}],"author":[{"embeddable":true,"href":"https:\/\/silla.industries\/fr\/wp-json\/wp\/v2\/users\/23"}],"replies":[{"embeddable":true,"href":"https:\/\/silla.industries\/fr\/wp-json\/wp\/v2\/comments?post=19569"}],"version-history":[{"count":0,"href":"https:\/\/silla.industries\/fr\/wp-json\/wp\/v2\/pages\/19569\/revisions"}],"wp:attachment":[{"href":"https:\/\/silla.industries\/fr\/wp-json\/wp\/v2\/media?parent=19569"}],"curies":[{"name":"wp","href":"https:\/\/api.w.org\/{rel}","templated":true}]}}