{"id":21154,"date":"2023-09-11T10:33:06","date_gmt":"2023-09-11T08:33:06","guid":{"rendered":"https:\/\/silla.industries\/support\/"},"modified":"2025-09-01T16:33:19","modified_gmt":"2025-09-01T14:33:19","slug":"support","status":"publish","type":"page","link":"https:\/\/silla.industries\/fr\/support\/","title":{"rendered":"Soutien"},"content":{"rendered":"\n<div class=\"wp-block-group\"><div class=\"wp-block-group__inner-container is-layout-constrained wp-container-core-group-is-layout-8a400663 wp-block-group-is-layout-constrained\">\n<h1 class=\"wp-block-heading\">Nouvelle demande de soutien<\/h1>\n\n\n\n<p>Remplissez le formulaire ci-dessous pour demander de l&rsquo;aide. Veuillez d\u00e9crire le probl\u00e8me de la mani\u00e8re la plus d\u00e9taill\u00e9e possible afin de nous permettre de r\u00e9soudre votre demande plus rapidement. <\/p>\n\n\n\n<\/div><\/div>\n","protected":false},"excerpt":{"rendered":"<p>Nouvelle demande de soutien Remplissez le formulaire ci-dessous pour demander de l&rsquo;aide. Veuillez d\u00e9crire le probl\u00e8me de la mani\u00e8re la plus d\u00e9taill\u00e9e possible afin de nous permettre de r\u00e9soudre votre demande plus rapidement.<\/p>\n","protected":false},"author":34,"featured_media":0,"parent":0,"menu_order":0,"comment_status":"closed","ping_status":"closed","template":"","meta":{"_uag_custom_page_level_css":"","footnotes":""},"class_list":["post-21154","page","type-page","status-publish","hentry"],"uagb_featured_image_src":{"full":false,"thumbnail":false,"medium":false,"medium_large":false,"large":false,"1536x1536":false,"2048x2048":false,"betterdocs-category-thumb":false,"post-thumbnail":false,"twentytwenty-fullscreen":false,"mailpoet_newsletter_max":false,"menu-26x26":false,"menu-36x36":false,"menu-48x48":false,"woocommerce_thumbnail":false,"woocommerce_single":false,"woocommerce_gallery_thumbnail":false},"uagb_author_info":{"display_name":"veroweb","author_link":"https:\/\/silla.industries\/fr\/author\/veroweb\/"},"uagb_comment_info":0,"uagb_excerpt":"Nouvelle demande de soutien Remplissez le formulaire ci-dessous pour demander de l&rsquo;aide. Veuillez d\u00e9crire le probl\u00e8me de la mani\u00e8re la plus d\u00e9taill\u00e9e possible afin de nous permettre de r\u00e9soudre votre demande plus rapidement.","_links":{"self":[{"href":"https:\/\/silla.industries\/fr\/wp-json\/wp\/v2\/pages\/21154","targetHints":{"allow":["GET"]}}],"collection":[{"href":"https:\/\/silla.industries\/fr\/wp-json\/wp\/v2\/pages"}],"about":[{"href":"https:\/\/silla.industries\/fr\/wp-json\/wp\/v2\/types\/page"}],"author":[{"embeddable":true,"href":"https:\/\/silla.industries\/fr\/wp-json\/wp\/v2\/users\/34"}],"replies":[{"embeddable":true,"href":"https:\/\/silla.industries\/fr\/wp-json\/wp\/v2\/comments?post=21154"}],"version-history":[{"count":0,"href":"https:\/\/silla.industries\/fr\/wp-json\/wp\/v2\/pages\/21154\/revisions"}],"wp:attachment":[{"href":"https:\/\/silla.industries\/fr\/wp-json\/wp\/v2\/media?parent=21154"}],"curies":[{"name":"wp","href":"https:\/\/api.w.org\/{rel}","templated":true}]}}