{"id":21170,"date":"2025-09-02T16:03:34","date_gmt":"2025-09-02T14:03:34","guid":{"rendered":"https:\/\/silla.industries\/centro-assistenza\/"},"modified":"2025-11-25T10:04:28","modified_gmt":"2025-11-25T09:04:28","slug":"centro-assistenza","status":"publish","type":"page","link":"https:\/\/silla.industries\/fr\/centro-assistenza\/","title":{"rendered":"Bienvenue au centre de service Silla"},"content":{"rendered":"\t\t<div data-elementor-type=\"wp-page\" data-elementor-id=\"21170\" class=\"elementor elementor-21170 elementor-21167\">\n\t\t\t\t<div class=\"elementor-element elementor-element-7532a07d e-con-full e-flex wpr-particle-no wpr-jarallax-no wpr-parallax-no wpr-sticky-section-no wpr-equal-height-no e-con e-parent\" data-id=\"7532a07d\" data-element_type=\"container\" data-e-type=\"container\">\n\t\t\t\t<div class=\"elementor-element elementor-element-480b7ac elementor-widget elementor-widget-heading\" data-id=\"480b7ac\" data-element_type=\"widget\" data-e-type=\"widget\" data-widget_type=\"heading.default\">\n\t\t\t\t\t<h2 class=\"elementor-heading-title elementor-size-default\">Bienvenue au centre de service Silla<\/h2>\t\t\t\t<\/div>\n\t\t\t\t<div class=\"elementor-element elementor-element-685bcb56 elementor-widget elementor-widget-text-editor\" data-id=\"685bcb56\" data-element_type=\"widget\" data-e-type=\"widget\" data-widget_type=\"text-editor.default\">\n\t\t\t\t\t\t\t\t\t<p>Dans les diff\u00e9rentes sections, divis\u00e9es par produit, vous trouverez les fiches techniques, les manuels d&rsquo;installation et les guides d&rsquo;utilisation de nos produits, compl\u00e9t\u00e9s par une section FAQ et How-to pour rendre l&rsquo;installation et l&rsquo;utilisation faciles et imm\u00e9diates. <br>Pour signaler des dysfonctionnements ou obtenir des r\u00e9ponses \u00e0 des probl\u00e8mes plus sp\u00e9cifiques, vous pouvez ouvrir une <span style=\"text-decoration: underline;\"><a href=\"https:\/\/silla.industries\/fr\/assistance\/\"><span style=\"color: #cc0000; text-decoration: underline;\">demande d&rsquo;assistance<\/span><\/a><\/span>.<\/p>\t\t\t\t\t\t\t\t<\/div>\n\t\t\t\t<div class=\"elementor-element elementor-element-6294ac0 elementor-widget elementor-widget-spacer\" data-id=\"6294ac0\" data-element_type=\"widget\" data-e-type=\"widget\" data-widget_type=\"spacer.default\">\n\t\t\t\t\t\t\t<div class=\"elementor-spacer\">\n\t\t\t<div class=\"elementor-spacer-inner\"><\/div>\n\t\t<\/div>\n\t\t\t\t\t\t<\/div>\n\t\t\t\t<\/div>\n\t\t<div class=\"elementor-element elementor-element-2dba035 e-grid elementor-hidden-tablet elementor-hidden-mobile e-con-boxed wpr-particle-no wpr-jarallax-no wpr-parallax-no wpr-sticky-section-no wpr-equal-height-no e-con e-parent\" data-id=\"2dba035\" data-element_type=\"container\" data-e-type=\"container\">\n\t\t\t\t\t<div class=\"e-con-inner\">\n\t\t<a class=\"eael-wrapper-link-e9937f9 --eael-wrapper-link-tag\" href=\"https:\/\/silla.industries\/docs\/prism-uso-e-manutenzione\/\"><\/a><div data-eael-wrapper-link=\"eael-wrapper-link-e9937f9\" class=\"elementor-element elementor-element-e9937f9 e-con-full e-flex wpr-particle-no wpr-jarallax-no wpr-parallax-no wpr-sticky-section-no wpr-equal-height-no e-con e-child\" data-id=\"e9937f9\" data-element_type=\"container\" data-e-type=\"container\" data-settings=\"{&quot;background_background&quot;:&quot;classic&quot;}\">\n\t\t<div class=\"elementor-element elementor-element-c846925 e-con-full e-flex wpr-particle-no wpr-jarallax-no wpr-parallax-no wpr-sticky-section-no wpr-equal-height-no e-con e-child\" data-id=\"c846925\" data-element_type=\"container\" data-e-type=\"container\">\n\t\t\t\t<div class=\"elementor-element elementor-element-2521452 elementor-widget elementor-widget-heading\" data-id=\"2521452\" data-element_type=\"widget\" data-e-type=\"widget\" data-widget_type=\"heading.default\">\n\t\t\t\t\t<h2 class=\"elementor-heading-title elementor-size-default\"><a href=\"https:\/\/silla.industries\/en\/docs\/prism-uso-e-manutenzione\/\">PRISM<\/a><\/h2>\t\t\t\t<\/div>\n\t\t\t\t<div class=\"elementor-element elementor-element-bf1e7e8 elementor-widget elementor-widget-heading\" data-id=\"bf1e7e8\" data-element_type=\"widget\" data-e-type=\"widget\" data-widget_type=\"heading.default\">\n\t\t\t\t\t<h3 class=\"elementor-heading-title elementor-size-default\"><a href=\"https:\/\/silla.industries\/en\/docs\/prism-uso-e-manutenzione\/\">Catalogues, manuels, FAQ, mode d'emploi, installation<\/a><\/h3>\t\t\t\t<\/div>\n\t\t\t\t<\/div>\n\t\t\t\t<\/div>\n\t\t<a class=\"eael-wrapper-link-9a38909 --eael-wrapper-link-tag\" href=\"https:\/\/silla.industries\/docs\/my-silla-cloud-come-installare-la-webapp\/\"><\/a><div data-eael-wrapper-link=\"eael-wrapper-link-9a38909\" class=\"elementor-element elementor-element-9a38909 e-con-full e-flex wpr-particle-no wpr-jarallax-no wpr-parallax-no wpr-sticky-section-no wpr-equal-height-no e-con e-child\" data-id=\"9a38909\" data-element_type=\"container\" data-e-type=\"container\" data-settings=\"{&quot;background_background&quot;:&quot;classic&quot;}\">\n\t\t<div class=\"elementor-element elementor-element-28abc66 e-con-full e-flex wpr-particle-no wpr-jarallax-no wpr-parallax-no wpr-sticky-section-no wpr-equal-height-no e-con e-child\" data-id=\"28abc66\" data-element_type=\"container\" data-e-type=\"container\">\n\t\t\t\t<div class=\"elementor-element elementor-element-5c0f17d elementor-widget elementor-widget-heading\" data-id=\"5c0f17d\" data-element_type=\"widget\" data-e-type=\"widget\" data-widget_type=\"heading.default\">\n\t\t\t\t\t<h2 class=\"elementor-heading-title elementor-size-default\"><a href=\"https:\/\/silla.industries\/en\/docs\/my-silla-cloud-come-installare-la-webapp\/\">MY.SILLA.CLOUD<\/a><\/h2>\t\t\t\t<\/div>\n\t\t\t\t<div class=\"elementor-element elementor-element-ec24eb3 elementor-widget elementor-widget-heading\" data-id=\"ec24eb3\" data-element_type=\"widget\" data-e-type=\"widget\" data-widget_type=\"heading.default\">\n\t\t\t\t\t<h3 class=\"elementor-heading-title elementor-size-default\"><a href=\"https:\/\/silla.industries\/en\/docs\/my-silla-cloud-come-installare-la-webapp\/\">Manuels, FAQ, installation<\/a><\/h3>\t\t\t\t<\/div>\n\t\t\t\t<\/div>\n\t\t\t\t<\/div>\n\t\t<a class=\"eael-wrapper-link-035f1ce --eael-wrapper-link-tag\" href=\"https:\/\/silla.industries\/docs\/charge-to-it-funziona-anche-con-prism-basic\/\"><\/a><div data-eael-wrapper-link=\"eael-wrapper-link-035f1ce\" class=\"elementor-element elementor-element-035f1ce e-con-full e-flex wpr-particle-no wpr-jarallax-no wpr-parallax-no wpr-sticky-section-no wpr-equal-height-no e-con e-child\" data-id=\"035f1ce\" data-element_type=\"container\" data-e-type=\"container\" data-settings=\"{&quot;background_background&quot;:&quot;classic&quot;}\">\n\t\t<div class=\"elementor-element elementor-element-3cb54b3 e-con-full e-flex wpr-particle-no wpr-jarallax-no wpr-parallax-no wpr-sticky-section-no wpr-equal-height-no e-con e-child\" data-id=\"3cb54b3\" data-element_type=\"container\" data-e-type=\"container\">\n\t\t\t\t<div class=\"elementor-element elementor-element-c3f461f elementor-widget elementor-widget-heading\" data-id=\"c3f461f\" data-element_type=\"widget\" data-e-type=\"widget\" data-widget_type=\"heading.default\">\n\t\t\t\t\t<h2 class=\"elementor-heading-title elementor-size-default\"><a href=\"https:\/\/silla.industries\/docs\/charge-to-it-funziona-anche-con-prism-basic\/\">CHARGE.DE.L'IT<\/a><\/h2>\t\t\t\t<\/div>\n\t\t\t\t<div class=\"elementor-element elementor-element-4b5d636 elementor-widget elementor-widget-heading\" data-id=\"4b5d636\" data-element_type=\"widget\" data-e-type=\"widget\" data-widget_type=\"heading.default\">\n\t\t\t\t\t<h3 class=\"elementor-heading-title elementor-size-default\"><a href=\"https:\/\/silla.industries\/docs\/charge-to-it-funziona-anche-con-prism-basic\/\">FAQ<\/a><\/h3>\t\t\t\t<\/div>\n\t\t\t\t<\/div>\n\t\t\t\t<\/div>\n\t\t\t\t\t<\/div>\n\t\t\t\t<\/div>\n\t\t<div class=\"elementor-element elementor-element-d81f544 e-grid elementor-hidden-tablet elementor-hidden-mobile e-con-boxed wpr-particle-no wpr-jarallax-no wpr-parallax-no wpr-sticky-section-no wpr-equal-height-no e-con e-parent\" data-id=\"d81f544\" data-element_type=\"container\" data-e-type=\"container\">\n\t\t\t\t\t<div class=\"e-con-inner\">\n\t\t<a class=\"eael-wrapper-link-934d35c --eael-wrapper-link-tag\" href=\"https:\/\/silla.industries\/docs\/glossario\/\"><\/a><div data-eael-wrapper-link=\"eael-wrapper-link-934d35c\" class=\"elementor-element elementor-element-934d35c e-con-full e-flex wpr-particle-no wpr-jarallax-no wpr-parallax-no wpr-sticky-section-no wpr-equal-height-no e-con e-child\" data-id=\"934d35c\" data-element_type=\"container\" data-e-type=\"container\" data-settings=\"{&quot;background_background&quot;:&quot;classic&quot;}\">\n\t\t<div class=\"elementor-element elementor-element-9453bb2 e-con-full e-flex wpr-particle-no wpr-jarallax-no wpr-parallax-no wpr-sticky-section-no wpr-equal-height-no e-con e-child\" data-id=\"9453bb2\" data-element_type=\"container\" data-e-type=\"container\">\n\t\t\t\t<div class=\"elementor-element elementor-element-9994453 elementor-widget elementor-widget-heading\" data-id=\"9994453\" data-element_type=\"widget\" data-e-type=\"widget\" data-widget_type=\"heading.default\">\n\t\t\t\t\t<h2 class=\"elementor-heading-title elementor-size-default\"><a href=\"https:\/\/silla.industries\/docs\/glossario\/\">GLOSSAIRE<\/a><\/h2>\t\t\t\t<\/div>\n\t\t\t\t<\/div>\n\t\t\t\t<\/div>\n\t\t\t\t\t<\/div>\n\t\t\t\t<\/div>\n\t\t<div class=\"elementor-element elementor-element-12158c6 e-con-full e-flex wpr-particle-no wpr-jarallax-no wpr-parallax-no wpr-sticky-section-no wpr-equal-height-no e-con e-parent\" data-id=\"12158c6\" data-element_type=\"container\" data-e-type=\"container\">\n\t\t\t\t<div class=\"elementor-element elementor-element-21c385e elementor-widget elementor-widget-spacer\" data-id=\"21c385e\" data-element_type=\"widget\" data-e-type=\"widget\" data-widget_type=\"spacer.default\">\n\t\t\t\t\t\t\t<div class=\"elementor-spacer\">\n\t\t\t<div class=\"elementor-spacer-inner\"><\/div>\n\t\t<\/div>\n\t\t\t\t\t\t<\/div>\n\t\t\t\t<\/div>\n\t\t<div class=\"elementor-element elementor-element-262f682 e-grid e-con-full elementor-hidden-desktop wpr-particle-no wpr-jarallax-no wpr-parallax-no wpr-sticky-section-no wpr-equal-height-no e-con e-parent\" data-id=\"262f682\" data-element_type=\"container\" data-e-type=\"container\">\n\t\t<a class=\"eael-wrapper-link-276fae5 --eael-wrapper-link-tag\" href=\"https:\/\/silla.industries\/docs\/prism-uso-e-manutenzione\/\"><\/a><div data-eael-wrapper-link=\"eael-wrapper-link-276fae5\" class=\"elementor-element elementor-element-276fae5 e-con-full e-flex wpr-particle-no wpr-jarallax-no wpr-parallax-no wpr-sticky-section-no wpr-equal-height-no e-con e-child\" data-id=\"276fae5\" data-element_type=\"container\" data-e-type=\"container\" data-settings=\"{&quot;background_background&quot;:&quot;classic&quot;}\">\n\t\t<div class=\"elementor-element elementor-element-9afd5f3 e-con-full e-flex wpr-particle-no wpr-jarallax-no wpr-parallax-no wpr-sticky-section-no wpr-equal-height-no e-con e-child\" data-id=\"9afd5f3\" data-element_type=\"container\" data-e-type=\"container\">\n\t\t\t\t<div class=\"elementor-element elementor-element-82ce5a7 elementor-widget elementor-widget-heading\" data-id=\"82ce5a7\" data-element_type=\"widget\" data-e-type=\"widget\" data-widget_type=\"heading.default\">\n\t\t\t\t\t<h2 class=\"elementor-heading-title elementor-size-default\"><a href=\"https:\/\/silla.industries\/en\/docs\/prism-uso-e-manutenzione\/\">PRISM<\/a><\/h2>\t\t\t\t<\/div>\n\t\t\t\t<div class=\"elementor-element elementor-element-1745f21 elementor-widget elementor-widget-heading\" data-id=\"1745f21\" data-element_type=\"widget\" data-e-type=\"widget\" data-widget_type=\"heading.default\">\n\t\t\t\t\t<h3 class=\"elementor-heading-title elementor-size-default\"><a href=\"https:\/\/silla.industries\/en\/docs\/prism-uso-e-manutenzione\/\">Catalogues, manuels, FAQ, mode d'emploi, installation<\/a><\/h3>\t\t\t\t<\/div>\n\t\t\t\t<\/div>\n\t\t\t\t<\/div>\n\t\t<a class=\"eael-wrapper-link-a6247a6 --eael-wrapper-link-tag\" href=\"https:\/\/silla.industries\/docs\/my-silla-cloud-come-installare-la-webapp\/\"><\/a><div data-eael-wrapper-link=\"eael-wrapper-link-a6247a6\" class=\"elementor-element elementor-element-a6247a6 e-con-full e-flex wpr-particle-no wpr-jarallax-no wpr-parallax-no wpr-sticky-section-no wpr-equal-height-no e-con e-child\" data-id=\"a6247a6\" data-element_type=\"container\" data-e-type=\"container\" data-settings=\"{&quot;background_background&quot;:&quot;classic&quot;}\">\n\t\t<div class=\"elementor-element elementor-element-a991443 e-con-full e-flex wpr-particle-no wpr-jarallax-no wpr-parallax-no wpr-sticky-section-no wpr-equal-height-no e-con e-child\" data-id=\"a991443\" data-element_type=\"container\" data-e-type=\"container\">\n\t\t\t\t<div class=\"elementor-element elementor-element-5c57f4a elementor-widget elementor-widget-heading\" data-id=\"5c57f4a\" data-element_type=\"widget\" data-e-type=\"widget\" data-widget_type=\"heading.default\">\n\t\t\t\t\t<h2 class=\"elementor-heading-title elementor-size-default\"><a href=\"https:\/\/silla.industries\/en\/docs\/my-silla-cloud-come-installare-la-webapp\/\">MY.SILLA.CLOUD<\/a><\/h2>\t\t\t\t<\/div>\n\t\t\t\t<div class=\"elementor-element elementor-element-2c47b5b elementor-widget elementor-widget-heading\" data-id=\"2c47b5b\" data-element_type=\"widget\" data-e-type=\"widget\" data-widget_type=\"heading.default\">\n\t\t\t\t\t<h3 class=\"elementor-heading-title elementor-size-default\"><a href=\"https:\/\/silla.industries\/en\/docs\/my-silla-cloud-come-installare-la-webapp\/\">Manuels, FAQ, installation<\/a><\/h3>\t\t\t\t<\/div>\n\t\t\t\t<\/div>\n\t\t\t\t<\/div>\n\t\t<a class=\"eael-wrapper-link-35fff88 --eael-wrapper-link-tag\" href=\"https:\/\/silla.industries\/docs\/charge-to-it-funziona-anche-con-prism-basic\/\"><\/a><div data-eael-wrapper-link=\"eael-wrapper-link-35fff88\" class=\"elementor-element elementor-element-35fff88 e-con-full e-flex wpr-particle-no wpr-jarallax-no wpr-parallax-no wpr-sticky-section-no wpr-equal-height-no e-con e-child\" data-id=\"35fff88\" data-element_type=\"container\" data-e-type=\"container\" data-settings=\"{&quot;background_background&quot;:&quot;classic&quot;}\">\n\t\t<div class=\"elementor-element elementor-element-732bfad e-con-full e-flex wpr-particle-no wpr-jarallax-no wpr-parallax-no wpr-sticky-section-no wpr-equal-height-no e-con e-child\" data-id=\"732bfad\" data-element_type=\"container\" data-e-type=\"container\">\n\t\t\t\t<div class=\"elementor-element elementor-element-2b9ceed elementor-widget elementor-widget-heading\" data-id=\"2b9ceed\" data-element_type=\"widget\" data-e-type=\"widget\" data-widget_type=\"heading.default\">\n\t\t\t\t\t<h2 class=\"elementor-heading-title elementor-size-default\"><a href=\"https:\/\/silla.industries\/docs\/charge-to-it-funziona-anche-con-prism-basic\/\">CHARGE.DE.L'IT<\/a><\/h2>\t\t\t\t<\/div>\n\t\t\t\t<div class=\"elementor-element elementor-element-24cc46f elementor-widget elementor-widget-heading\" data-id=\"24cc46f\" data-element_type=\"widget\" data-e-type=\"widget\" data-widget_type=\"heading.default\">\n\t\t\t\t\t<h3 class=\"elementor-heading-title elementor-size-default\"><a href=\"https:\/\/silla.industries\/docs\/charge-to-it-funziona-anche-con-prism-basic\/\">FAQ<\/a><\/h3>\t\t\t\t<\/div>\n\t\t\t\t<\/div>\n\t\t\t\t<\/div>\n\t\t<a class=\"eael-wrapper-link-9dc35e0 --eael-wrapper-link-tag\" href=\"https:\/\/silla.industries\/docs\/glossario\/\"><\/a><div data-eael-wrapper-link=\"eael-wrapper-link-9dc35e0\" class=\"elementor-element elementor-element-9dc35e0 e-con-full e-flex wpr-particle-no wpr-jarallax-no wpr-parallax-no wpr-sticky-section-no wpr-equal-height-no e-con e-child\" data-id=\"9dc35e0\" data-element_type=\"container\" data-e-type=\"container\" data-settings=\"{&quot;background_background&quot;:&quot;classic&quot;}\">\n\t\t<div class=\"elementor-element elementor-element-4cb238b e-con-full e-flex wpr-particle-no wpr-jarallax-no wpr-parallax-no wpr-sticky-section-no wpr-equal-height-no e-con e-child\" data-id=\"4cb238b\" data-element_type=\"container\" data-e-type=\"container\">\n\t\t\t\t<div class=\"elementor-element elementor-element-fe3de05 elementor-widget elementor-widget-heading\" data-id=\"fe3de05\" data-element_type=\"widget\" data-e-type=\"widget\" data-widget_type=\"heading.default\">\n\t\t\t\t\t<h2 class=\"elementor-heading-title elementor-size-default\"><a href=\"https:\/\/silla.industries\/docs\/glossario\/\">GLOSSAIRE<\/a><\/h2>\t\t\t\t<\/div>\n\t\t\t\t<\/div>\n\t\t\t\t<\/div>\n\t\t\t\t<\/div>\n\t\t\t\t<\/div>\n\t\t","protected":false},"excerpt":{"rendered":"<p>Bienvenue au centre de service Silla Dans les diff\u00e9rentes sections, divis\u00e9es par produit, vous trouverez les fiches techniques, les manuels d&rsquo;installation et les guides d&rsquo;utilisation de nos produits, compl\u00e9t\u00e9s par une section FAQ et How-to pour rendre l&rsquo;installation et l&rsquo;utilisation faciles et imm\u00e9diates. Pour signaler des dysfonctionnements ou obtenir des r\u00e9ponses \u00e0 des probl\u00e8mes plus sp\u00e9cifiques, vous pouvez ouvrir une demande d&rsquo;assistance. PRISM Catalogues, manuels, FAQ, mode d&#8217;emploi, installation MY.SILLA.CLOUD Manuels, FAQ, installation CHARGE.DE.L&rsquo;IT FAQ GLOSSAIRE PRISM Catalogues, manuels, FAQ, mode d&#8217;emploi, installation MY.SILLA.CLOUD Manuels, FAQ, installation CHARGE.DE.L&rsquo;IT FAQ GLOSSAIRE<\/p>\n","protected":false},"author":34,"featured_media":0,"parent":0,"menu_order":0,"comment_status":"closed","ping_status":"closed","template":"templates\/template-full-width.php","meta":{"_uag_custom_page_level_css":"","footnotes":""},"class_list":["post-21170","page","type-page","status-publish","hentry"],"uagb_featured_image_src":{"full":false,"thumbnail":false,"medium":false,"medium_large":false,"large":false,"1536x1536":false,"2048x2048":false,"betterdocs-category-thumb":false,"post-thumbnail":false,"twentytwenty-fullscreen":false,"mailpoet_newsletter_max":false,"menu-26x26":false,"menu-36x36":false,"menu-48x48":false,"woocommerce_thumbnail":false,"woocommerce_single":false,"woocommerce_gallery_thumbnail":false},"uagb_author_info":{"display_name":"veroweb","author_link":"https:\/\/silla.industries\/fr\/author\/veroweb\/"},"uagb_comment_info":0,"uagb_excerpt":"Bienvenue au centre de service Silla Dans les diff\u00e9rentes sections, divis\u00e9es par produit, vous trouverez les fiches techniques, les manuels d&rsquo;installation et les guides d&rsquo;utilisation de nos produits, compl\u00e9t\u00e9s par une section FAQ et How-to pour rendre l&rsquo;installation et l&rsquo;utilisation faciles et imm\u00e9diates. Pour signaler des dysfonctionnements ou obtenir des r\u00e9ponses \u00e0 des probl\u00e8mes plus...","_links":{"self":[{"href":"https:\/\/silla.industries\/fr\/wp-json\/wp\/v2\/pages\/21170","targetHints":{"allow":["GET"]}}],"collection":[{"href":"https:\/\/silla.industries\/fr\/wp-json\/wp\/v2\/pages"}],"about":[{"href":"https:\/\/silla.industries\/fr\/wp-json\/wp\/v2\/types\/page"}],"author":[{"embeddable":true,"href":"https:\/\/silla.industries\/fr\/wp-json\/wp\/v2\/users\/34"}],"replies":[{"embeddable":true,"href":"https:\/\/silla.industries\/fr\/wp-json\/wp\/v2\/comments?post=21170"}],"version-history":[{"count":0,"href":"https:\/\/silla.industries\/fr\/wp-json\/wp\/v2\/pages\/21170\/revisions"}],"wp:attachment":[{"href":"https:\/\/silla.industries\/fr\/wp-json\/wp\/v2\/media?parent=21170"}],"curies":[{"name":"wp","href":"https:\/\/api.w.org\/{rel}","templated":true}]}}