{"id":22041,"date":"2025-11-12T12:10:13","date_gmt":"2025-11-12T11:10:13","guid":{"rendered":"https:\/\/silla.industries\/?page_id=22041"},"modified":"2025-12-10T13:07:12","modified_gmt":"2025-12-10T12:07:12","slug":"chaine-de-confidentialite2","status":"publish","type":"page","link":"https:\/\/silla.industries\/fr\/chaine-de-confidentialite2\/","title":{"rendered":"Politique de confidentialit\u00e9 de Chain2"},"content":{"rendered":"\t\t<div data-elementor-type=\"wp-page\" data-elementor-id=\"22041\" class=\"elementor elementor-22041 elementor-22037\">\n\t\t\t\t<div class=\"elementor-element elementor-element-14b26bd6 e-flex e-con-boxed wpr-particle-no wpr-jarallax-no wpr-parallax-no wpr-sticky-section-no wpr-equal-height-no e-con e-parent\" data-id=\"14b26bd6\" data-element_type=\"container\" data-e-type=\"container\">\n\t\t\t\t\t<div class=\"e-con-inner\">\n\t\t\t\t<div class=\"elementor-element elementor-element-daa03cf elementor-widget elementor-widget-text-editor\" data-id=\"daa03cf\" data-element_type=\"widget\" data-e-type=\"widget\" data-widget_type=\"text-editor.default\">\n\t\t\t\t\t\t\t\t\t\n<p><strong>Information en application de l&rsquo;article 13 du r\u00e8glement europ\u00e9en 679\/2016. <\/strong><\/p>\n<p>Silla srl (C.F. et P.IVA 04439570278) bas\u00e9e \u00e0 Padoue, via dell&rsquo;Artigianato 9 (ci-apr\u00e8s \u00e9galement d\u00e9nomm\u00e9e \" Silla \" ou \" Responsable du traitement \"), en la personne de son repr\u00e9sentant l\u00e9gal pro tempore, vous informe qu&rsquo;elle a obtenu de votre part des donn\u00e9es qui vous concernent et qui sont qualifi\u00e9es de \" personnelles \" par le R\u00e8glement UE 679\/2016.<\/p>\n<p>Ces donn\u00e9es feront l&rsquo;objet d&rsquo;activit\u00e9s de traitement par Silla, dans le respect du r\u00e8glement susmentionn\u00e9, du d\u00e9cret l\u00e9gislatif n\u00b0 196\/2001 modifi\u00e9 par le d\u00e9cret l\u00e9gislatif n\u00b0 101 de 2018 (ci-apr\u00e8s \u00e9galement d\u00e9sign\u00e9 par souci de concision comme le \"Code de protection de la vie priv\u00e9e\") et de la l\u00e9gislation nationale d&rsquo;application subs\u00e9quente.  <\/p>\n<p>En ce qui concerne ces donn\u00e9es, nous vous informons comme suit :<\/p>\n<p>1) Silla est le contr\u00f4leur des donn\u00e9es conform\u00e9ment au r\u00e8glement de l&rsquo;UE 679\/2016. Les coordonn\u00e9es du responsable du traitement et de son repr\u00e9sentant l\u00e9gal pro tempore sont les suivantes : info@silla.industries - Via dell&rsquo;Artigianato, 9 - 35127 Padova (PD) <\/p>\n<p>2) Vos donn\u00e9es sont trait\u00e9es aux fins suivantes : a) l&rsquo;ex\u00e9cution des obligations contractuelles contract\u00e9es par Silla ; b) les obligations l\u00e9gales et fiscales li\u00e9es \u00e0 l&rsquo;ex\u00e9cution du contrat ; c) la publicit\u00e9 relative aux services offerts par Silla.  <\/p>\n<p>3) Le traitement est fond\u00e9 sur une base l\u00e9gale : a) sur les dispositions de la loi qui imposent au contr\u00f4leur des obligations l\u00e9gales et fiscales li\u00e9es \u00e0 la conclusion du contrat ou en d\u00e9coulant ; b) sur le contrat conclu avec vous, afin de permettre au contr\u00f4leur d&rsquo;ex\u00e9cuter correctement les obligations qui en d\u00e9coulent ; c) sur l&rsquo;int\u00e9r\u00eat l\u00e9gitime \u00e0 promouvoir ses services aupr\u00e8s de vous ; d) sur le consentement que vous avez donn\u00e9, en particulier en ce qui concerne les donn\u00e9es relatives \u00e0 la consommation d&rsquo;\u00e9nergie enregistr\u00e9es par votre compteur.   <\/p>\n<p>4) Dans le cadre des finalit\u00e9s \u00e9nonc\u00e9es au point 2) de la pr\u00e9sente note d&rsquo;information, les donn\u00e9es peuvent inclure les destinataires \u00e9ventuels suivants : a) les \u00e9tablissements de cr\u00e9dit ; b) les conseillers fiscaux, juridiques et en mati\u00e8re de s\u00e9curit\u00e9 sociale ; c) les administrations fiscales et les organismes de s\u00e9curit\u00e9 sociale ; d) les soci\u00e9t\u00e9s qui fournissent au responsable du traitement des donn\u00e9es des services informatiques (fournisseurs de services de messagerie, logiciels de gestion et similaires) ; e) les soci\u00e9t\u00e9s\/entreprises op\u00e9rant dans le domaine du recouvrement de cr\u00e9ances et de l&rsquo;affacturage ;    <\/p>\n<p>5) En signant la pr\u00e9sente note d&rsquo;information, vous consentez \u00e0 ce que le responsable du traitement, dans le cadre de l&rsquo;ex\u00e9cution des activit\u00e9s de traitement par l&rsquo;utilisation de services informatiques (informatique en nuage, fournisseurs de services de messagerie, h\u00e9bergement web et similaires), puisse \u00e9galement transf\u00e9rer vos donn\u00e9es \u00e0 caract\u00e8re personnel vers des pays situ\u00e9s en dehors de l&rsquo;Union europ\u00e9enne, \u00e0 l&rsquo;\u00e9gard desquels la Commission europ\u00e9enne a \u00e9mis un avis d&rsquo;ad\u00e9quation en ce qui concerne le niveau de protection des donn\u00e9es \u00e0 caract\u00e8re personnel.<\/p>\n<p>6) Vos donn\u00e9es seront conserv\u00e9es pendant le temps n\u00e9cessaire \u00e0 la bonne ex\u00e9cution des obligations contractuelles que Silla a contract\u00e9es envers vous, et dans le respect des d\u00e9lais de conservation pr\u00e9vus par la loi italienne pour les documents fiscaux. En ce qui concerne plus particuli\u00e8rement les donn\u00e9es relatives \u00e0 la consommation d&rsquo;\u00e9nergie, elles seront conserv\u00e9es pendant 12 mois, \u00e0 des fins exclusivement diagnostiques par rapport au produit que vous avez achet\u00e9. <\/p>\n<p>7) Vous avez le droit de demander au Responsable du traitement, aux coordonn\u00e9es indiqu\u00e9es au point 1) du pr\u00e9sent avis, la portabilit\u00e9 de vos donn\u00e9es, l&rsquo;acc\u00e8s et la rectification ou l&rsquo;effacement de vos donn\u00e9es personnelles, ou de vous opposer au traitement de vos donn\u00e9es personnelles. Toutefois, l&rsquo;opposition ou le refus de traiter les donn\u00e9es personnelles n\u00e9cessaires au Responsable du traitement dans le cadre de l&rsquo;ex\u00e9cution du contrat et\/ou des obligations l\u00e9gales, fiscales et de s\u00e9curit\u00e9 sociale y aff\u00e9rentes (telles que, par exemple : adresse, code fiscal, num\u00e9ro de TVA, e-mail), rendra impossible pour Silla d&rsquo;\u00e9tablir, d&rsquo;ex\u00e9cuter ou de maintenir de toute autre mani\u00e8re la relation contractuelle. <\/p>\n<p>8) Vous avez \u00e9galement le droit de r\u00e9voquer votre consentement au traitement \u00e0 tout moment, sans que cela n&rsquo;affecte la l\u00e9galit\u00e9 du traitement fond\u00e9 sur le consentement donn\u00e9 avant la r\u00e9vocation.<\/p>\n<p>9) Vous avez le droit d&rsquo;introduire une r\u00e9clamation aupr\u00e8s du Garante per la protezione dei dati personali.<\/p>\n<p>10) La divulgation de vos donn\u00e9es personnelles, en relation avec les objectifs d\u00e9crits au point 2 lettres a) et b), est obligatoire dans la mesure o\u00f9 elle est n\u00e9cessaire \u00e0 l&rsquo;ex\u00e9cution du contrat et au respect des obligations l\u00e9gales de Silla.  <\/p>\n<p>Silla srl<\/p>\n\t\t\t\t\t\t\t\t<\/div>\n\t\t\t\t\t<\/div>\n\t\t\t\t<\/div>\n\t\t\t\t<\/div>\n\t\t","protected":false},"excerpt":{"rendered":"<p>Information en application de l&rsquo;article 13 du r\u00e8glement europ\u00e9en 679\/2016. Silla srl (C.F. et P.IVA 04439570278) bas\u00e9e \u00e0 Padoue, via dell&rsquo;Artigianato 9 (ci-apr\u00e8s \u00e9galement d\u00e9nomm\u00e9e \" Silla \" ou \" Responsable du traitement \"), en la personne de son repr\u00e9sentant l\u00e9gal pro tempore, vous informe qu&rsquo;elle a obtenu de votre part des donn\u00e9es qui vous concernent et qui sont qualifi\u00e9es de \" personnelles \" par le R\u00e8glement UE 679\/2016. Ces donn\u00e9es feront l&rsquo;objet d&rsquo;activit\u00e9s de traitement par Silla, dans le respect du r\u00e8glement susmentionn\u00e9, du d\u00e9cret l\u00e9gislatif n\u00b0 196\/2001 modifi\u00e9 par le d\u00e9cret l\u00e9gislatif n\u00b0 101 de 2018 (ci-apr\u00e8s \u00e9galement d\u00e9sign\u00e9 par souci de concision comme le \"Code de protection de la vie priv\u00e9e\") et de la l\u00e9gislation nationale d&rsquo;application subs\u00e9quente. En ce qui concerne ces donn\u00e9es, nous vous informons comme suit : 1) Silla est le contr\u00f4leur des donn\u00e9es conform\u00e9ment au r\u00e8glement de l&rsquo;UE 679\/2016. Les coordonn\u00e9es du responsable du traitement et de son repr\u00e9sentant l\u00e9gal pro tempore sont les suivantes : info@silla.industries - Via dell&rsquo;Artigianato, 9 - 35127 Padova (PD) 2) Vos donn\u00e9es sont trait\u00e9es aux fins suivantes : a) l&rsquo;ex\u00e9cution des obligations contractuelles contract\u00e9es par Silla ; b) les obligations l\u00e9gales et fiscales li\u00e9es \u00e0 l&rsquo;ex\u00e9cution du contrat ; c) la publicit\u00e9 relative aux services offerts par Silla. 3) Le traitement est fond\u00e9 sur une base l\u00e9gale : a) sur les dispositions de la loi qui imposent au contr\u00f4leur des obligations l\u00e9gales et fiscales li\u00e9es \u00e0 la conclusion du contrat ou en d\u00e9coulant ; b) sur le contrat conclu avec vous, afin de permettre au contr\u00f4leur d&rsquo;ex\u00e9cuter correctement les obligations qui en d\u00e9coulent ; c) sur l&rsquo;int\u00e9r\u00eat l\u00e9gitime \u00e0 promouvoir ses services aupr\u00e8s de vous ; d) sur le consentement que vous avez donn\u00e9, en particulier en ce qui concerne les donn\u00e9es relatives \u00e0 la consommation d&rsquo;\u00e9nergie enregistr\u00e9es par votre compteur. 4) Dans le cadre des finalit\u00e9s \u00e9nonc\u00e9es au point 2) de la pr\u00e9sente note d&rsquo;information, les donn\u00e9es peuvent inclure les destinataires \u00e9ventuels suivants : a) les \u00e9tablissements de cr\u00e9dit ; b) les conseillers fiscaux, juridiques et en mati\u00e8re de s\u00e9curit\u00e9 sociale ; c) les administrations fiscales et les organismes de s\u00e9curit\u00e9 sociale ; d) les soci\u00e9t\u00e9s qui fournissent au responsable du traitement des donn\u00e9es des services informatiques (fournisseurs de services de messagerie, logiciels de gestion et similaires) ; e) les soci\u00e9t\u00e9s\/entreprises op\u00e9rant dans le domaine du recouvrement de cr\u00e9ances et de l&rsquo;affacturage ; 5) En signant la pr\u00e9sente note d&rsquo;information, vous consentez \u00e0 ce que le responsable du traitement, dans le cadre de l&rsquo;ex\u00e9cution des activit\u00e9s de traitement par l&rsquo;utilisation de services informatiques (informatique en nuage, fournisseurs de services de messagerie, h\u00e9bergement web et similaires), puisse \u00e9galement transf\u00e9rer vos donn\u00e9es \u00e0 caract\u00e8re personnel vers des pays situ\u00e9s en dehors de l&rsquo;Union europ\u00e9enne, \u00e0 l&rsquo;\u00e9gard desquels la Commission europ\u00e9enne a \u00e9mis un avis d&rsquo;ad\u00e9quation en ce qui concerne le niveau de protection des donn\u00e9es \u00e0 caract\u00e8re personnel. 6) Vos donn\u00e9es seront conserv\u00e9es pendant le temps n\u00e9cessaire \u00e0 la bonne ex\u00e9cution des obligations contractuelles que Silla a contract\u00e9es envers vous, et dans le respect des d\u00e9lais de conservation pr\u00e9vus par la loi italienne pour les documents fiscaux. En ce qui concerne plus particuli\u00e8rement les donn\u00e9es relatives \u00e0 la consommation d&rsquo;\u00e9nergie, elles seront conserv\u00e9es pendant 12 mois, \u00e0 des fins exclusivement diagnostiques par rapport au produit que vous avez achet\u00e9. 7) Vous avez le droit de demander au Responsable du traitement, aux coordonn\u00e9es indiqu\u00e9es au point 1) du pr\u00e9sent avis, la portabilit\u00e9 de vos donn\u00e9es, l&rsquo;acc\u00e8s et la rectification ou l&rsquo;effacement de vos donn\u00e9es personnelles, ou de vous opposer au traitement de vos donn\u00e9es personnelles. Toutefois, l&rsquo;opposition ou le refus de traiter les donn\u00e9es personnelles n\u00e9cessaires au Responsable du traitement dans le cadre de l&rsquo;ex\u00e9cution du contrat et\/ou des obligations l\u00e9gales, fiscales et de s\u00e9curit\u00e9 sociale y aff\u00e9rentes (telles que, par exemple : adresse, code fiscal, num\u00e9ro de TVA, e-mail), rendra impossible pour Silla d&rsquo;\u00e9tablir, d&rsquo;ex\u00e9cuter ou de maintenir de toute autre mani\u00e8re la relation contractuelle. 8) Vous avez \u00e9galement le droit de r\u00e9voquer votre consentement au traitement \u00e0 tout moment, sans que cela n&rsquo;affecte la l\u00e9galit\u00e9 du traitement fond\u00e9 sur le consentement donn\u00e9 avant la r\u00e9vocation. 9) Vous avez le droit d&rsquo;introduire une r\u00e9clamation aupr\u00e8s du Garante per la protezione dei dati personali. 10) La divulgation de vos donn\u00e9es personnelles, en relation avec les objectifs d\u00e9crits au point 2 lettres a) et b), est obligatoire dans la mesure o\u00f9 elle est n\u00e9cessaire \u00e0 l&rsquo;ex\u00e9cution du contrat et au respect des obligations l\u00e9gales de Silla. Silla srl<\/p>\n","protected":false},"author":2,"featured_media":0,"parent":0,"menu_order":800,"comment_status":"closed","ping_status":"closed","template":"","meta":{"_uag_custom_page_level_css":"","footnotes":""},"class_list":["post-22041","page","type-page","status-publish","hentry"],"uagb_featured_image_src":{"full":false,"thumbnail":false,"medium":false,"medium_large":false,"large":false,"1536x1536":false,"2048x2048":false,"betterdocs-category-thumb":false,"post-thumbnail":false,"twentytwenty-fullscreen":false,"mailpoet_newsletter_max":false,"menu-26x26":false,"menu-36x36":false,"menu-48x48":false,"woocommerce_thumbnail":false,"woocommerce_single":false,"woocommerce_gallery_thumbnail":false},"uagb_author_info":{"display_name":"Alberto Stecca","author_link":"https:\/\/silla.industries\/fr\/author\/alberto\/"},"uagb_comment_info":0,"uagb_excerpt":"Information en application de l&rsquo;article 13 du r\u00e8glement europ\u00e9en 679\/2016. Silla srl (C.F. et P.IVA 04439570278) bas\u00e9e \u00e0 Padoue, via dell&rsquo;Artigianato 9 (ci-apr\u00e8s \u00e9galement d\u00e9nomm\u00e9e \" Silla \" ou \" Responsable du traitement \"), en la personne de son repr\u00e9sentant l\u00e9gal pro tempore, vous informe qu&rsquo;elle a obtenu de votre part des donn\u00e9es qui vous...","_links":{"self":[{"href":"https:\/\/silla.industries\/fr\/wp-json\/wp\/v2\/pages\/22041","targetHints":{"allow":["GET"]}}],"collection":[{"href":"https:\/\/silla.industries\/fr\/wp-json\/wp\/v2\/pages"}],"about":[{"href":"https:\/\/silla.industries\/fr\/wp-json\/wp\/v2\/types\/page"}],"author":[{"embeddable":true,"href":"https:\/\/silla.industries\/fr\/wp-json\/wp\/v2\/users\/2"}],"replies":[{"embeddable":true,"href":"https:\/\/silla.industries\/fr\/wp-json\/wp\/v2\/comments?post=22041"}],"version-history":[{"count":0,"href":"https:\/\/silla.industries\/fr\/wp-json\/wp\/v2\/pages\/22041\/revisions"}],"wp:attachment":[{"href":"https:\/\/silla.industries\/fr\/wp-json\/wp\/v2\/media?parent=22041"}],"curies":[{"name":"wp","href":"https:\/\/api.w.org\/{rel}","templated":true}]}}