{"id":10035,"date":"2021-10-05T15:24:19","date_gmt":"2021-10-05T13:24:19","guid":{"rendered":"https:\/\/silla.industries\/garantie-prolongee\/"},"modified":"2025-07-01T21:57:31","modified_gmt":"2025-07-01T19:57:31","slug":"garantie-prolongee","status":"publish","type":"product","link":"https:\/\/silla.industries\/fr\/produit\/garantie-prolongee\/","title":{"rendered":"Extension de garantie"},"content":{"rendered":"<p>Extension de garantie de 12\/24\/36 mois :<\/p>\n<ul>\n<li>Prolonge de 12\/24\/36 mois les conditions de garantie \u00e9nonc\u00e9es dans nos <a href=\"https:\/\/silla.industries\/fr\/condizioni-di-vendita\/\" target=\"_blank\" rel=\"noopener\">conditions de vente<\/a>.<\/li>\n<li>La garantie peut \u00eatre prolong\u00e9e pour un maximum de 36 mois, en plus des 24 mois standard, jusqu&rsquo;\u00e0 un maximum de 60 mois.<\/li>\n<li>Peut uniquement \u00eatre combin\u00e9 avec Prism Basic et Prism Solar (dans ses diff\u00e9rentes variantes), ne s&rsquo;applique pas aux autres produits.<\/li>\n<li>Elle n&rsquo;est valable que pour un seul Prism et doit \u00eatre achet\u00e9e en m\u00eame temps que le Prism lui-m\u00eame, elle ne peut pas \u00eatre achet\u00e9e \u00e0 une date ult\u00e9rieure.<\/li>\n<\/ul>\n","protected":false},"excerpt":{"rendered":"<p>Extension de garantie de 12, 24 ou 36 mois.<\/p>\n","protected":false},"featured_media":9615,"template":"","meta":{"_uag_custom_page_level_css":""},"product_brand":[],"product_cat":[454],"product_tag":[467,465,466,464],"class_list":{"0":"post-10035","1":"product","2":"type-product","3":"status-publish","4":"has-post-thumbnail","6":"product_cat-accessoires","7":"product_tag-colonne-de-recharge","8":"product_tag-extension-fr","9":"product_tag-garantie","10":"product_tag-wallbox-fr","11":"product_shipping_class-livraison-gratuite","13":"first","14":"instock","15":"taxable","16":"shipping-taxable","17":"purchasable","18":"product-type-variable"},"uagb_featured_image_src":{"full":["https:\/\/silla.industries\/wp-content\/uploads\/2021\/10\/extended-warranty.jpg",1600,1600,false],"thumbnail":["https:\/\/silla.industries\/wp-content\/uploads\/2021\/10\/extended-warranty-150x150.jpg",150,150,true],"medium":["https:\/\/silla.industries\/wp-content\/uploads\/2021\/10\/extended-warranty-300x300.jpg",300,300,true],"medium_large":["https:\/\/silla.industries\/wp-content\/uploads\/2021\/10\/extended-warranty-768x768.jpg",700,700,true],"large":["https:\/\/silla.industries\/wp-content\/uploads\/2021\/10\/extended-warranty-1024x1024.jpg",700,700,true],"1536x1536":["https:\/\/silla.industries\/wp-content\/uploads\/2021\/10\/extended-warranty-1536x1536.jpg",1536,1536,true],"2048x2048":["https:\/\/silla.industries\/wp-content\/uploads\/2021\/10\/extended-warranty.jpg",1600,1600,false],"betterdocs-category-thumb":["https:\/\/silla.industries\/wp-content\/uploads\/2021\/10\/extended-warranty.jpg",360,360,false],"post-thumbnail":["https:\/\/silla.industries\/wp-content\/uploads\/2021\/10\/extended-warranty-1200x1200.jpg",1200,1200,true],"twentytwenty-fullscreen":["https:\/\/silla.industries\/wp-content\/uploads\/2021\/10\/extended-warranty.jpg",1600,1600,false],"mailpoet_newsletter_max":["https:\/\/silla.industries\/wp-content\/uploads\/2021\/10\/extended-warranty.jpg",1320,1320,false],"menu-26x26":["https:\/\/silla.industries\/wp-content\/uploads\/2021\/10\/extended-warranty.jpg",26,26,false],"menu-36x36":["https:\/\/silla.industries\/wp-content\/uploads\/2021\/10\/extended-warranty.jpg",36,36,false],"menu-48x48":["https:\/\/silla.industries\/wp-content\/uploads\/2021\/10\/extended-warranty.jpg",48,48,false],"woocommerce_thumbnail":["https:\/\/silla.industries\/wp-content\/uploads\/2021\/10\/extended-warranty-450x450.jpg",450,450,true],"woocommerce_single":["https:\/\/silla.industries\/wp-content\/uploads\/2021\/10\/extended-warranty-600x600.jpg",600,600,true],"woocommerce_gallery_thumbnail":["https:\/\/silla.industries\/wp-content\/uploads\/2021\/10\/extended-warranty-100x100.jpg",100,100,true]},"uagb_author_info":{"display_name":"Valentina De Simone","author_link":"https:\/\/silla.industries\/fr\/author\/"},"uagb_comment_info":0,"uagb_excerpt":"Extension de garantie de 12, 24 ou 36 mois.","_links":{"self":[{"href":"https:\/\/silla.industries\/fr\/wp-json\/wp\/v2\/product\/10035","targetHints":{"allow":["GET"]}}],"collection":[{"href":"https:\/\/silla.industries\/fr\/wp-json\/wp\/v2\/product"}],"about":[{"href":"https:\/\/silla.industries\/fr\/wp-json\/wp\/v2\/types\/product"}],"wp:featuredmedia":[{"embeddable":true,"href":"https:\/\/silla.industries\/fr\/wp-json\/wp\/v2\/media\/9615"}],"wp:attachment":[{"href":"https:\/\/silla.industries\/fr\/wp-json\/wp\/v2\/media?parent=10035"}],"wp:term":[{"taxonomy":"product_brand","embeddable":true,"href":"https:\/\/silla.industries\/fr\/wp-json\/wp\/v2\/product_brand?post=10035"},{"taxonomy":"product_cat","embeddable":true,"href":"https:\/\/silla.industries\/fr\/wp-json\/wp\/v2\/product_cat?post=10035"},{"taxonomy":"product_tag","embeddable":true,"href":"https:\/\/silla.industries\/fr\/wp-json\/wp\/v2\/product_tag?post=10035"}],"curies":[{"name":"wp","href":"https:\/\/api.w.org\/{rel}","templated":true}]}}