{"id":10046,"date":"2021-08-08T16:24:56","date_gmt":"2021-08-08T14:24:56","guid":{"rendered":"https:\/\/silla.industries\/prisme-solaire-rfid-monophase\/"},"modified":"2026-04-13T08:07:31","modified_gmt":"2026-04-13T06:07:31","slug":"prisme-solaire-monophase","status":"publish","type":"product","link":"https:\/\/silla.industries\/fr\/produit\/prisme-solaire-monophase\/","title":{"rendered":"Prism Solar monophas\u00e9"},"content":{"rendered":"<p>Prism Solar Single Phase partage les m\u00eames caract\u00e9ristiques de base que les autres produits de la gamme <a href=\"https:\/\/silla.industries\/fr\/home-2\/\">Prism<\/a>. Les diff\u00e9rents mod\u00e8les se distinguent par le type d&rsquo;alimentation (monophas\u00e9 ou triphas\u00e9).<\/p>\n<h4>Prism Solar monophas\u00e9 - sp\u00e9cifications techniques:<\/h4>\n<p><strong>Il convient \u00e0 tout compteur monophas\u00e9, quelle que soit la puissance.<\/strong><br \/>\nCela signifie qu&rsquo;il peut \u00e9galement \u00eatre connect\u00e9 \u00e0 des compteurs de plus faible puissance (par exemple 3 kW) et permettre la recharge d&rsquo;une voiture \u00e9lectrique, mais, bien s\u00fbr, uniquement jusqu&rsquo;\u00e0 la puissance maximale du compteur dans le syst\u00e8me. Mais lorsque la puissance disponible au compteur sera augment\u00e9e, Prism Solar sera d\u00e9j\u00e0 en mesure de g\u00e9rer cette nouvelle puissance.<\/p>\n<p><strong>R\u00e9gule automatiquement la consommation pour \u00e9viter la d\u00e9connexion du r\u00e9seau.<\/strong><br \/>\nQuel que soit le compteur install\u00e9, Prism Solar Monofase ajuste automatiquement la puissance envoy\u00e9e \u00e0 la voiture, en mesurant l&rsquo;\u00e9nergie absorb\u00e9e par le reste de la maison, de sorte que le compteur n&rsquo;intervient jamais \u00e0 cause des surcharges provoqu\u00e9es par votre voiture \u00e9lectrique, \u00e9vitant ainsi de vous laisser dans le noir. Le capteur n\u00e9cessaire au fonctionnement est d\u00e9j\u00e0 inclus dans l&#8217;emballage.<\/p>\n<p><strong>Utilise l&rsquo;\u00e9nergie produite par une centrale solaire pour recharger votre voiture.<\/strong><br \/>\nSi vous disposez d&rsquo;une installation photovolta\u00efque, vous savez d\u00e9j\u00e0 que l&rsquo;\u00e9nergie produite en exc\u00e8s de votre consommation est envoy\u00e9e au r\u00e9seau \u00e9lectrique. Prism Solar Monofase est capable de d\u00e9tecter cette production exc\u00e9dentaire et de l&rsquo;utiliser pour charger votre voiture \u00e9lectrique au lieu de l&rsquo;injecter dans le r\u00e9seau.<\/p>\n<p><strong>Il dispose d&rsquo;un c\u00e2ble int\u00e9gr\u00e9 avec un connecteur Type2.<\/strong><br \/>\nLes <a href=\"https:\/\/en.wikipedia.org\/wiki\/Type_2_connector\" target=\"_blank\" rel=\"noopener\">connecteurs de type 2<\/a> sont la norme de facto en Europe, aucun probl\u00e8me de compatibilit\u00e9.<\/p>\n<p><strong>Il est g\u00e9r\u00e9 via un smartphone\/un ordinateur de bureau et via le cloud.<\/strong><br \/>\nBien entendu, il est n\u00e9cessaire que Prism soit connect\u00e9 \u00e0 l&rsquo;Internet, ce qui peut se faire par c\u00e2ble ou \u00e9galement par Wi-Fi si Prism peut atteindre le signal Wi-Fi de la maison. Et m\u00eame si Prism ne peut pas \u00eatre connect\u00e9 \u00e0 Internet, il peut toujours \u00eatre configur\u00e9 et utilis\u00e9 via son Wi-Fi interne, qui peut \u00eatre atteint en se connectant directement au Wi-Fi de Prism.<\/p>\n<p><strong>Fonctionne comme un r\u00e9p\u00e9teur pour le r\u00e9seau Wi-Fi.<\/strong><br \/>\nLorsqu&rsquo;il est possible de connecter Prism \u00e0 l&rsquo;Internet par Wi-Fi ou par c\u00e2ble (r\u00e9seau Ethernet), il est possible d&rsquo;utiliser Prism comme un r\u00e9p\u00e9teur de signal Wi-Fi pour avoir la connexion \u00e9galement dans le garage, par exemple pour pouvoir mettre \u00e0 jour le firmware de la voiture pendant la recharge.<\/p>\n<p><strong>Comprend un lecteur RFID sous le couvercle avant.<\/strong><br \/>\nEt est \u00e9galement livr\u00e9 avec deux dongles RFID qui peuvent \u00eatre utilis\u00e9s, par exemple, pour lancer la charge de la voiture dans les situations o\u00f9 il n&rsquo;est pas possible (ou souhait\u00e9) que la charge d\u00e9marre automatiquement lorsque le connecteur est branch\u00e9 dans la voiture.<\/p>\n<p><strong>Il est d\u00e9j\u00e0 \u00e9quip\u00e9 du RCM (Residual Current Monitor).<\/strong><br \/>\nIl n&rsquo;est pas n\u00e9cessaire d&rsquo;ajouter cette protection contre les courants AC\/DC lors de l&rsquo;installation car elle est d\u00e9j\u00e0 pr\u00e9sente dans Prism Solar Monophas\u00e9, pour assurer une s\u00e9curit\u00e9 maximale et minimiser les co\u00fbts d&rsquo;installation.<\/p>\n<p><strong>Il est install\u00e9 \u00e0 l\u2019ext\u00e9rieur et ne craint pas le contact avec l\u2019eau.<\/strong><br \/>\nComme tous les composants de la gamme Prism, le chargeur peut \u00eatre install\u00e9 \u00e0 l\u2019ext\u00e9rieur. Prism ne craint pas l\u2019exposition \u00e0 l\u2019intrusion de liquides et\/ou de particules solides (comme la poussi\u00e8re). Ceci gr\u00e2ce \u00e0 un couvercle sp\u00e9cialement con\u00e7u \u00e0 cet effet. Le corps du couvercle est scell\u00e9 par 12 vis, prot\u00e9geant ainsi les parties \u00e9lectroniques les plus sensibles.<br \/>\nL\u2019indice IP65 signifie que l\u2019appareil est enti\u00e8rement prot\u00e9g\u00e9 contre la p\u00e9n\u00e9tration de poussi\u00e8re, de sable et, d\u2019une mani\u00e8re g\u00e9n\u00e9rale, de tout petit corps solide, ainsi que contre les jets d\u2019eau puissants.<\/p>\n","protected":false},"excerpt":{"rendered":"<h6 style=\"color: #cc0000;\"><strong>C\u00e2ble de 7 m\u00e8tres disponible \u00e0 partir de fin d&rsquo;avril<\/strong><\/h6>\n<p>Version monophas\u00e9e 240V, pour une puissance de charge allant jusqu&rsquo;\u00e0 7,4kW:<\/p>\n<ul>\n<li>Il convient \u00e0 tout compteur monophas\u00e9, quelle que soit la puissance.<\/li>\n<li>R\u00e9gule automatiquement la consommation pour \u00e9viter la d\u00e9connexion du r\u00e9seau.<\/li>\n<li>Utilise l&rsquo;\u00e9nergie produite par une centrale solaire pour recharger votre voiture<\/li>\n<li>Il se connecte \u00e0 un syst\u00e8me de stockage, tel qu&rsquo;un Powerwall.<\/li>\n<li>Il se connecte \u00e0 Internet via Wi-Fi ou Ethernet (c\u00e2ble)<\/li>\n<li>Il est g\u00e9r\u00e9 via un smartphone, un ordinateur de bureau et le cloud<\/li>\n<li>Fourni avec c\u00e2ble et connecteur Type2 (la norme en Europe)<\/li>\n<li>Fourni avec un capteur d&rsquo;\u00e9quilibrage de charge<\/li>\n<li>Equip\u00e9 d&rsquo;un lecteur RFID et fourni avec deux cl\u00e9s RFID<\/li>\n<li>Eligible pour participer \u00e0 l&rsquo;<a href=\"https:\/\/silla.industries\/come-aderire-alla-sperimentazione-arera-per-caricare-lauto-a-6kw\/\" target=\"_blank\" rel=\"noopener\">essai Arera<\/a><\/li>\n<li>R\u00e9sistant \u00e0 la pluie et aux jets d&rsquo;eau, protection IP65<\/li>\n<\/ul>\n","protected":false},"featured_media":22909,"template":"","meta":{"_uag_custom_page_level_css":""},"product_brand":[],"product_cat":[471],"product_tag":[1218,1217],"class_list":{"0":"post-10046","1":"product","2":"type-product","3":"status-publish","4":"has-post-thumbnail","6":"product_cat-prism-solar","7":"product_tag-boite-murale","8":"product_tag-chargeur-fr","9":"product_shipping_class-chargeurs","11":"first","12":"instock","13":"sale","14":"taxable","15":"shipping-taxable","16":"purchasable","17":"product-type-variable"},"uagb_featured_image_src":{"full":["https:\/\/silla.industries\/wp-content\/uploads\/2021\/08\/Prism-Solar-Monofase-con-QR-code.jpg",1600,1600,false],"thumbnail":["https:\/\/silla.industries\/wp-content\/uploads\/2021\/08\/Prism-Solar-Monofase-con-QR-code-150x150.jpg",150,150,true],"medium":["https:\/\/silla.industries\/wp-content\/uploads\/2021\/08\/Prism-Solar-Monofase-con-QR-code-300x300.jpg",300,300,true],"medium_large":["https:\/\/silla.industries\/wp-content\/uploads\/2021\/08\/Prism-Solar-Monofase-con-QR-code-768x768.jpg",700,700,true],"large":["https:\/\/silla.industries\/wp-content\/uploads\/2021\/08\/Prism-Solar-Monofase-con-QR-code-1024x1024.jpg",700,700,true],"1536x1536":["https:\/\/silla.industries\/wp-content\/uploads\/2021\/08\/Prism-Solar-Monofase-con-QR-code-1536x1536.jpg",1536,1536,true],"2048x2048":["https:\/\/silla.industries\/wp-content\/uploads\/2021\/08\/Prism-Solar-Monofase-con-QR-code.jpg",1600,1600,false],"betterdocs-category-thumb":["https:\/\/silla.industries\/wp-content\/uploads\/2021\/08\/Prism-Solar-Monofase-con-QR-code.jpg",360,360,false],"post-thumbnail":["https:\/\/silla.industries\/wp-content\/uploads\/2021\/08\/Prism-Solar-Monofase-con-QR-code-1200x1200.jpg",1200,1200,true],"twentytwenty-fullscreen":["https:\/\/silla.industries\/wp-content\/uploads\/2021\/08\/Prism-Solar-Monofase-con-QR-code.jpg",1600,1600,false],"mailpoet_newsletter_max":["https:\/\/silla.industries\/wp-content\/uploads\/2021\/08\/Prism-Solar-Monofase-con-QR-code-1320x1320.jpg",1320,1320,true],"menu-26x26":["https:\/\/silla.industries\/wp-content\/uploads\/2021\/08\/Prism-Solar-Monofase-con-QR-code.jpg",26,26,false],"menu-36x36":["https:\/\/silla.industries\/wp-content\/uploads\/2021\/08\/Prism-Solar-Monofase-con-QR-code.jpg",36,36,false],"menu-48x48":["https:\/\/silla.industries\/wp-content\/uploads\/2021\/08\/Prism-Solar-Monofase-con-QR-code.jpg",48,48,false],"woocommerce_thumbnail":["https:\/\/silla.industries\/wp-content\/uploads\/2021\/08\/Prism-Solar-Monofase-con-QR-code-450x450.jpg",450,450,true],"woocommerce_single":["https:\/\/silla.industries\/wp-content\/uploads\/2021\/08\/Prism-Solar-Monofase-con-QR-code-600x600.jpg",600,600,true],"woocommerce_gallery_thumbnail":["https:\/\/silla.industries\/wp-content\/uploads\/2021\/08\/Prism-Solar-Monofase-con-QR-code-100x100.jpg",100,100,true]},"uagb_author_info":{"display_name":"Valentina De Simone","author_link":"https:\/\/silla.industries\/fr\/author\/"},"uagb_comment_info":0,"uagb_excerpt":"C\u00e2ble de 7 m\u00e8tres disponible \u00e0 partir de fin d'avril Version monophas\u00e9e 240V, pour une puissance de charge allant jusqu'\u00e0 7,4kW: Il convient \u00e0 tout compteur monophas\u00e9, quelle que soit la puissance. R\u00e9gule automatiquement la consommation pour \u00e9viter la d\u00e9connexion du r\u00e9seau. Utilise l'\u00e9nergie produite par une centrale solaire pour recharger votre voiture Il se...","_links":{"self":[{"href":"https:\/\/silla.industries\/fr\/wp-json\/wp\/v2\/product\/10046","targetHints":{"allow":["GET"]}}],"collection":[{"href":"https:\/\/silla.industries\/fr\/wp-json\/wp\/v2\/product"}],"about":[{"href":"https:\/\/silla.industries\/fr\/wp-json\/wp\/v2\/types\/product"}],"wp:featuredmedia":[{"embeddable":true,"href":"https:\/\/silla.industries\/fr\/wp-json\/wp\/v2\/media\/22909"}],"wp:attachment":[{"href":"https:\/\/silla.industries\/fr\/wp-json\/wp\/v2\/media?parent=10046"}],"wp:term":[{"taxonomy":"product_brand","embeddable":true,"href":"https:\/\/silla.industries\/fr\/wp-json\/wp\/v2\/product_brand?post=10046"},{"taxonomy":"product_cat","embeddable":true,"href":"https:\/\/silla.industries\/fr\/wp-json\/wp\/v2\/product_cat?post=10046"},{"taxonomy":"product_tag","embeddable":true,"href":"https:\/\/silla.industries\/fr\/wp-json\/wp\/v2\/product_tag?post=10046"}],"curies":[{"name":"wp","href":"https:\/\/api.w.org\/{rel}","templated":true}]}}