{"id":10049,"date":"2021-08-16T15:16:10","date_gmt":"2021-08-16T13:16:10","guid":{"rendered":"https:\/\/silla.industries\/couverture-personnalisee\/"},"modified":"2025-07-01T21:56:53","modified_gmt":"2025-07-01T19:56:53","slug":"couverture-personnalisee","status":"publish","type":"product","link":"https:\/\/silla.industries\/fr\/produit\/couverture-personnalisee\/","title":{"rendered":"Couverture personnalis\u00e9e"},"content":{"rendered":"<p>Pour chaque personnalisation, une copie du logo doit \u00eatre fournie en format vectoriel ou en haute r\u00e9solution, ainsi qu&rsquo;une indication de la couleur \u00e0 utiliser pour l&rsquo;arri\u00e8re-plan.<\/p>\n<p>Une \u00e9preuve est fournie pour approbation avant la production.<\/p>\n","protected":false},"excerpt":{"rendered":"<p>Personnalisez la couverture de Prism aux couleurs et au logo de votre entreprise :<\/p>\n<ul>\n<li>S\u00e9rigraphie de haute qualit\u00e9, comme les couvertures originales de Prism (pas un simple autocollant)<\/li>\n<li>R\u00e9sistant aux intemp\u00e9ries<\/li>\n<li>Parfait pour promouvoir votre entreprise, ou pour fournir votre adresse web ou une adresse \u00e9lectronique pour l&rsquo;assistance.<\/li>\n<li>Compatible avec tous les produits de la gamme Prism<\/li>\n<\/ul>\n<p><strong>La personnalisation est GRATUITE pour toute commande d&rsquo;au moins 20 articles du m\u00eame type !<\/strong><\/p>\n<p><em>Les motifs et les couleurs pr\u00e9sent\u00e9s sont purement d\u00e9monstratifs des possibilit\u00e9s de marquage.<\/em><\/p>\n","protected":false},"featured_media":16975,"template":"","meta":{"_uag_custom_page_level_css":""},"product_brand":[],"product_cat":[454],"product_tag":[477,469,478,479,480],"class_list":{"0":"post-10049","1":"product","2":"type-product","3":"status-publish","4":"has-post-thumbnail","6":"product_cat-accessoires","7":"product_tag-chargeur-de-voiture-electrique","8":"product_tag-colonne-de-charge","9":"product_tag-couverture-avant","10":"product_tag-couverture-personnalisee","11":"product_tag-logo-de-lentreprise","12":"product_shipping_class-chargeurs","14":"first","15":"instock","16":"virtual","17":"taxable","18":"purchasable","19":"product-type-simple"},"uagb_featured_image_src":{"full":["https:\/\/silla.industries\/wp-content\/uploads\/2021\/08\/IMG-Custom-Cover-800.jpg",881,881,false],"thumbnail":["https:\/\/silla.industries\/wp-content\/uploads\/2021\/08\/IMG-Custom-Cover-800-150x150.jpg",150,150,true],"medium":["https:\/\/silla.industries\/wp-content\/uploads\/2021\/08\/IMG-Custom-Cover-800-300x300.jpg",300,300,true],"medium_large":["https:\/\/silla.industries\/wp-content\/uploads\/2021\/08\/IMG-Custom-Cover-800-768x768.jpg",700,700,true],"large":["https:\/\/silla.industries\/wp-content\/uploads\/2021\/08\/IMG-Custom-Cover-800.jpg",700,700,false],"1536x1536":["https:\/\/silla.industries\/wp-content\/uploads\/2021\/08\/IMG-Custom-Cover-800.jpg",881,881,false],"2048x2048":["https:\/\/silla.industries\/wp-content\/uploads\/2021\/08\/IMG-Custom-Cover-800.jpg",881,881,false],"betterdocs-category-thumb":["https:\/\/silla.industries\/wp-content\/uploads\/2021\/08\/IMG-Custom-Cover-800.jpg",360,360,false],"post-thumbnail":["https:\/\/silla.industries\/wp-content\/uploads\/2021\/08\/IMG-Custom-Cover-800.jpg",881,881,false],"twentytwenty-fullscreen":["https:\/\/silla.industries\/wp-content\/uploads\/2021\/08\/IMG-Custom-Cover-800.jpg",881,881,false],"mailpoet_newsletter_max":["https:\/\/silla.industries\/wp-content\/uploads\/2021\/08\/IMG-Custom-Cover-800.jpg",881,881,false],"menu-26x26":["https:\/\/silla.industries\/wp-content\/uploads\/2021\/08\/IMG-Custom-Cover-800.jpg",26,26,false],"menu-36x36":["https:\/\/silla.industries\/wp-content\/uploads\/2021\/08\/IMG-Custom-Cover-800.jpg",36,36,false],"menu-48x48":["https:\/\/silla.industries\/wp-content\/uploads\/2021\/08\/IMG-Custom-Cover-800.jpg",48,48,false],"woocommerce_thumbnail":["https:\/\/silla.industries\/wp-content\/uploads\/2021\/08\/IMG-Custom-Cover-800-450x450.jpg",450,450,true],"woocommerce_single":["https:\/\/silla.industries\/wp-content\/uploads\/2021\/08\/IMG-Custom-Cover-800-600x600.jpg",600,600,true],"woocommerce_gallery_thumbnail":["https:\/\/silla.industries\/wp-content\/uploads\/2021\/08\/IMG-Custom-Cover-800-100x100.jpg",100,100,true]},"uagb_author_info":{"display_name":"Valentina De Simone","author_link":"https:\/\/silla.industries\/fr\/author\/"},"uagb_comment_info":0,"uagb_excerpt":"Personnalisez la couverture de Prism aux couleurs et au logo de votre entreprise : S\u00e9rigraphie de haute qualit\u00e9, comme les couvertures originales de Prism (pas un simple autocollant) R\u00e9sistant aux intemp\u00e9ries Parfait pour promouvoir votre entreprise, ou pour fournir votre adresse web ou une adresse \u00e9lectronique pour l'assistance. Compatible avec tous les produits de la...","_links":{"self":[{"href":"https:\/\/silla.industries\/fr\/wp-json\/wp\/v2\/product\/10049","targetHints":{"allow":["GET"]}}],"collection":[{"href":"https:\/\/silla.industries\/fr\/wp-json\/wp\/v2\/product"}],"about":[{"href":"https:\/\/silla.industries\/fr\/wp-json\/wp\/v2\/types\/product"}],"wp:featuredmedia":[{"embeddable":true,"href":"https:\/\/silla.industries\/fr\/wp-json\/wp\/v2\/media\/16975"}],"wp:attachment":[{"href":"https:\/\/silla.industries\/fr\/wp-json\/wp\/v2\/media?parent=10049"}],"wp:term":[{"taxonomy":"product_brand","embeddable":true,"href":"https:\/\/silla.industries\/fr\/wp-json\/wp\/v2\/product_brand?post=10049"},{"taxonomy":"product_cat","embeddable":true,"href":"https:\/\/silla.industries\/fr\/wp-json\/wp\/v2\/product_cat?post=10049"},{"taxonomy":"product_tag","embeddable":true,"href":"https:\/\/silla.industries\/fr\/wp-json\/wp\/v2\/product_tag?post=10049"}],"curies":[{"name":"wp","href":"https:\/\/api.w.org\/{rel}","templated":true}]}}