{"id":10051,"date":"2021-07-28T16:46:32","date_gmt":"2021-07-28T14:46:32","guid":{"rendered":"https:\/\/silla.industries\/porte-cables-et-connecteurs\/"},"modified":"2025-11-28T15:33:13","modified_gmt":"2025-11-28T14:33:13","slug":"holdy","status":"publish","type":"product","link":"https:\/\/silla.industries\/fr\/produit\/holdy\/","title":{"rendered":"Holdy"},"content":{"rendered":"<p>Tous les chargeurs de la gamme Prism ont \u00e9t\u00e9 con\u00e7us et fabriqu\u00e9s pour permettre au c\u00e2ble de charge de s&rsquo;enrouler autour de leur bo\u00eetier, une rainure sp\u00e9ciale maintenant le c\u00e2ble dans la bonne position, \u00e9liminant ainsi le besoin d&rsquo;un support de c\u00e2ble externe et r\u00e9duisant les co\u00fbts et le temps d&rsquo;installation.<\/p>\n<p>Il existe cependant des exigences d&rsquo;installation particuli\u00e8res qui peuvent rendre utile la disponibilit\u00e9 d&rsquo;un support de c\u00e2ble et de connecteur, et Holdy a \u00e9t\u00e9 introduit pour r\u00e9pondre \u00e0 ces besoins.<\/p>\n","protected":false},"excerpt":{"rendered":"<p>Holdy est le support pour le c\u00e2ble et le connecteur d&rsquo;une borne de recharge :<\/p>\n<ul>\n<li>Fabriqu\u00e9 en mati\u00e8re plastique robuste<\/li>\n<li>Convient pour les colonnes monophas\u00e9es et triphas\u00e9es<\/li>\n<li>Accepte \u00e9galement les c\u00e2bles jusqu&rsquo;\u00e0 7 m\u00e8tres de long<\/li>\n<li>Bo\u00eetier pour maintenir le connecteur (Type 2)<\/li>\n<li>Fourni avec une plaque de fixation murale et des fiches murales<\/li>\n<\/ul>\n","protected":false},"featured_media":11799,"template":"","meta":{"_uag_custom_page_level_css":""},"product_brand":[],"product_cat":[454],"product_tag":[482,481,483],"class_list":{"0":"post-10051","1":"product","2":"type-product","3":"status-publish","4":"has-post-thumbnail","6":"product_cat-accessoires","7":"product_tag-porte-cable","8":"product_tag-porte-cables","9":"product_tag-type-2-fr","11":"first","12":"instock","13":"sale","14":"taxable","15":"shipping-taxable","16":"purchasable","17":"product-type-simple"},"uagb_featured_image_src":{"full":["https:\/\/silla.industries\/wp-content\/uploads\/2023\/01\/IMG-Holdy_Supporto_cavo_connettore_3-1600x1600-1.jpg",1600,1600,false],"thumbnail":["https:\/\/silla.industries\/wp-content\/uploads\/2023\/01\/IMG-Holdy_Supporto_cavo_connettore_3-1600x1600-1-150x150.jpg",150,150,true],"medium":["https:\/\/silla.industries\/wp-content\/uploads\/2023\/01\/IMG-Holdy_Supporto_cavo_connettore_3-1600x1600-1-300x300.jpg",300,300,true],"medium_large":["https:\/\/silla.industries\/wp-content\/uploads\/2023\/01\/IMG-Holdy_Supporto_cavo_connettore_3-1600x1600-1-768x768.jpg",700,700,true],"large":["https:\/\/silla.industries\/wp-content\/uploads\/2023\/01\/IMG-Holdy_Supporto_cavo_connettore_3-1600x1600-1-1024x1024.jpg",700,700,true],"1536x1536":["https:\/\/silla.industries\/wp-content\/uploads\/2023\/01\/IMG-Holdy_Supporto_cavo_connettore_3-1600x1600-1-1536x1536.jpg",1536,1536,true],"2048x2048":["https:\/\/silla.industries\/wp-content\/uploads\/2023\/01\/IMG-Holdy_Supporto_cavo_connettore_3-1600x1600-1.jpg",1600,1600,false],"betterdocs-category-thumb":["https:\/\/silla.industries\/wp-content\/uploads\/2023\/01\/IMG-Holdy_Supporto_cavo_connettore_3-1600x1600-1-360x360.jpg",360,360,true],"post-thumbnail":["https:\/\/silla.industries\/wp-content\/uploads\/2023\/01\/IMG-Holdy_Supporto_cavo_connettore_3-1600x1600-1-1200x1200.jpg",1200,1200,true],"twentytwenty-fullscreen":["https:\/\/silla.industries\/wp-content\/uploads\/2023\/01\/IMG-Holdy_Supporto_cavo_connettore_3-1600x1600-1.jpg",1600,1600,false],"mailpoet_newsletter_max":["https:\/\/silla.industries\/wp-content\/uploads\/2023\/01\/IMG-Holdy_Supporto_cavo_connettore_3-1600x1600-1-1320x1320.jpg",1320,1320,true],"menu-26x26":["https:\/\/silla.industries\/wp-content\/uploads\/2023\/01\/IMG-Holdy_Supporto_cavo_connettore_3-1600x1600-1.jpg",26,26,false],"menu-36x36":["https:\/\/silla.industries\/wp-content\/uploads\/2023\/01\/IMG-Holdy_Supporto_cavo_connettore_3-1600x1600-1.jpg",36,36,false],"menu-48x48":["https:\/\/silla.industries\/wp-content\/uploads\/2023\/01\/IMG-Holdy_Supporto_cavo_connettore_3-1600x1600-1.jpg",48,48,false],"woocommerce_thumbnail":["https:\/\/silla.industries\/wp-content\/uploads\/2023\/01\/IMG-Holdy_Supporto_cavo_connettore_3-1600x1600-1-450x450.jpg",450,450,true],"woocommerce_single":["https:\/\/silla.industries\/wp-content\/uploads\/2023\/01\/IMG-Holdy_Supporto_cavo_connettore_3-1600x1600-1-600x600.jpg",600,600,true],"woocommerce_gallery_thumbnail":["https:\/\/silla.industries\/wp-content\/uploads\/2023\/01\/IMG-Holdy_Supporto_cavo_connettore_3-1600x1600-1-100x100.jpg",100,100,true]},"uagb_author_info":{"display_name":"Valentina De Simone","author_link":"https:\/\/silla.industries\/fr\/author\/"},"uagb_comment_info":0,"uagb_excerpt":"Holdy est le support pour le c\u00e2ble et le connecteur d'une borne de recharge : Fabriqu\u00e9 en mati\u00e8re plastique robuste Convient pour les colonnes monophas\u00e9es et triphas\u00e9es Accepte \u00e9galement les c\u00e2bles jusqu'\u00e0 7 m\u00e8tres de long Bo\u00eetier pour maintenir le connecteur (Type 2) Fourni avec une plaque de fixation murale et des fiches murales","_links":{"self":[{"href":"https:\/\/silla.industries\/fr\/wp-json\/wp\/v2\/product\/10051","targetHints":{"allow":["GET"]}}],"collection":[{"href":"https:\/\/silla.industries\/fr\/wp-json\/wp\/v2\/product"}],"about":[{"href":"https:\/\/silla.industries\/fr\/wp-json\/wp\/v2\/types\/product"}],"wp:featuredmedia":[{"embeddable":true,"href":"https:\/\/silla.industries\/fr\/wp-json\/wp\/v2\/media\/11799"}],"wp:attachment":[{"href":"https:\/\/silla.industries\/fr\/wp-json\/wp\/v2\/media?parent=10051"}],"wp:term":[{"taxonomy":"product_brand","embeddable":true,"href":"https:\/\/silla.industries\/fr\/wp-json\/wp\/v2\/product_brand?post=10051"},{"taxonomy":"product_cat","embeddable":true,"href":"https:\/\/silla.industries\/fr\/wp-json\/wp\/v2\/product_cat?post=10051"},{"taxonomy":"product_tag","embeddable":true,"href":"https:\/\/silla.industries\/fr\/wp-json\/wp\/v2\/product_tag?post=10051"}],"curies":[{"name":"wp","href":"https:\/\/api.w.org\/{rel}","templated":true}]}}