{"id":10052,"date":"2021-07-12T20:31:37","date_gmt":"2021-07-12T18:31:37","guid":{"rendered":"https:\/\/silla.industries\/prism-powerbank\/"},"modified":"2021-07-12T20:31:37","modified_gmt":"2021-07-12T18:31:37","slug":"prism-powerbank-2","status":"publish","type":"product","link":"https:\/\/silla.industries\/fr\/produit\/prism-powerbank-2\/","title":{"rendered":"Powerbank Prism"},"content":{"rendered":"<p>Le Prism Power Bank est une petite batterie \u00e0 garder charg\u00e9e dans votre sac ou votre sac \u00e0 dos. Une alimentation \u00e9lectrique pour les cas o\u00f9 votre t\u00e9l\u00e9phone portable n&rsquo;arrive pas \u00e0 la fin de la journ\u00e9e et que vous n&rsquo;avez pas de prise \u00e9lectrique disponible pour le recharger.<\/p>\n<p>Vous pouvez charger le Power Bank \u00e0 l&rsquo;aide de n&rsquo;importe quel chargeur USB, ou m\u00eame du port USB de votre ordinateur, par le biais du port micro-usb et \u00e0 l&rsquo;aide du c\u00e2ble fourni. Une lumi\u00e8re \u00e0 l&rsquo;int\u00e9rieur du port USB indique la progression de la charge :<\/p>\n<ul>\n<li>LED rouge clignotante = charge en cours<\/li>\n<li>LED rouge fixe = charge termin\u00e9e<\/li>\n<\/ul>\n<p>&nbsp;<\/p>\n","protected":false},"excerpt":{"rendered":"<ul>\n<li>3000 mAh de r\u00e9serve d&rsquo;\u00e9nergie pour vos appareils mobiles !<\/li>\n<li>Rechargeable via le port micro-usb et le c\u00e2ble fourni.<\/li>\n<li>Sortie d&rsquo;\u00e9nergie par le port USB-A (le \"grand\" standard)<\/li>\n<li>Il est livr\u00e9 avec un c\u00e2ble adaptateur \u00e0 triple sortie qui peut \u00eatre utilis\u00e9 \u00e0 la fois pour charger la banque d&rsquo;alimentation et pour alimenter des appareils dot\u00e9s de connecteurs diff\u00e9rents : USB-C, micro-USB et Lightning (iPhone et iPad)<\/li>\n<li>Dimensions 11 x 10 x 3 cm<\/li>\n<li>Entr\u00e9e : DC 5V - 1000 mA<\/li>\n<li>Sortie : DC 5V - 1000 mA<\/li>\n<\/ul>\n<p>&nbsp;<\/p>\n","protected":false},"featured_media":9565,"template":"","meta":{"_uag_custom_page_level_css":""},"product_brand":[],"product_cat":[454],"product_tag":[485,487,486,484],"class_list":{"0":"post-10052","1":"product","2":"type-product","3":"status-publish","4":"has-post-thumbnail","6":"product_cat-accessoires","7":"product_tag-banque-dalimentation","8":"product_tag-batterie-de-secours","9":"product_tag-batterie-portable","10":"product_tag-powerbank-fr","11":"product_shipping_class-chargeurs","13":"first","14":"instock","15":"taxable","16":"shipping-taxable","17":"purchasable","18":"product-type-simple"},"uagb_featured_image_src":{"full":["https:\/\/silla.industries\/wp-content\/uploads\/2021\/07\/PowerBank01.jpg",1600,1600,false],"thumbnail":["https:\/\/silla.industries\/wp-content\/uploads\/2021\/07\/PowerBank01-150x150.jpg",150,150,true],"medium":["https:\/\/silla.industries\/wp-content\/uploads\/2021\/07\/PowerBank01-300x300.jpg",300,300,true],"medium_large":["https:\/\/silla.industries\/wp-content\/uploads\/2021\/07\/PowerBank01-768x768.jpg",700,700,true],"large":["https:\/\/silla.industries\/wp-content\/uploads\/2021\/07\/PowerBank01-1024x1024.jpg",700,700,true],"1536x1536":["https:\/\/silla.industries\/wp-content\/uploads\/2021\/07\/PowerBank01-1536x1536.jpg",1536,1536,true],"2048x2048":["https:\/\/silla.industries\/wp-content\/uploads\/2021\/07\/PowerBank01.jpg",1600,1600,false],"betterdocs-category-thumb":["https:\/\/silla.industries\/wp-content\/uploads\/2021\/07\/PowerBank01.jpg",360,360,false],"post-thumbnail":["https:\/\/silla.industries\/wp-content\/uploads\/2021\/07\/PowerBank01-1200x1200.jpg",1200,1200,true],"twentytwenty-fullscreen":["https:\/\/silla.industries\/wp-content\/uploads\/2021\/07\/PowerBank01.jpg",1600,1600,false],"mailpoet_newsletter_max":["https:\/\/silla.industries\/wp-content\/uploads\/2021\/07\/PowerBank01.jpg",1320,1320,false],"menu-26x26":["https:\/\/silla.industries\/wp-content\/uploads\/2021\/07\/PowerBank01.jpg",26,26,false],"menu-36x36":["https:\/\/silla.industries\/wp-content\/uploads\/2021\/07\/PowerBank01.jpg",36,36,false],"menu-48x48":["https:\/\/silla.industries\/wp-content\/uploads\/2021\/07\/PowerBank01.jpg",48,48,false],"woocommerce_thumbnail":["https:\/\/silla.industries\/wp-content\/uploads\/2021\/07\/PowerBank01-450x450.jpg",450,450,true],"woocommerce_single":["https:\/\/silla.industries\/wp-content\/uploads\/2021\/07\/PowerBank01-600x600.jpg",600,600,true],"woocommerce_gallery_thumbnail":["https:\/\/silla.industries\/wp-content\/uploads\/2021\/07\/PowerBank01-100x100.jpg",100,100,true]},"uagb_author_info":{"display_name":"Valentina De Simone","author_link":"https:\/\/silla.industries\/fr\/author\/"},"uagb_comment_info":0,"uagb_excerpt":"3000 mAh de r\u00e9serve d'\u00e9nergie pour vos appareils mobiles ! Rechargeable via le port micro-usb et le c\u00e2ble fourni. Sortie d'\u00e9nergie par le port USB-A (le \"grand\" standard) Il est livr\u00e9 avec un c\u00e2ble adaptateur \u00e0 triple sortie qui peut \u00eatre utilis\u00e9 \u00e0 la fois pour charger la banque d'alimentation et pour alimenter des appareils...","_links":{"self":[{"href":"https:\/\/silla.industries\/fr\/wp-json\/wp\/v2\/product\/10052","targetHints":{"allow":["GET"]}}],"collection":[{"href":"https:\/\/silla.industries\/fr\/wp-json\/wp\/v2\/product"}],"about":[{"href":"https:\/\/silla.industries\/fr\/wp-json\/wp\/v2\/types\/product"}],"wp:featuredmedia":[{"embeddable":true,"href":"https:\/\/silla.industries\/fr\/wp-json\/wp\/v2\/media\/9565"}],"wp:attachment":[{"href":"https:\/\/silla.industries\/fr\/wp-json\/wp\/v2\/media?parent=10052"}],"wp:term":[{"taxonomy":"product_brand","embeddable":true,"href":"https:\/\/silla.industries\/fr\/wp-json\/wp\/v2\/product_brand?post=10052"},{"taxonomy":"product_cat","embeddable":true,"href":"https:\/\/silla.industries\/fr\/wp-json\/wp\/v2\/product_cat?post=10052"},{"taxonomy":"product_tag","embeddable":true,"href":"https:\/\/silla.industries\/fr\/wp-json\/wp\/v2\/product_tag?post=10052"}],"curies":[{"name":"wp","href":"https:\/\/api.w.org\/{rel}","templated":true}]}}