{"id":10053,"date":"2021-02-08T16:25:26","date_gmt":"2021-02-08T15:25:26","guid":{"rendered":"https:\/\/silla.industries\/smart-cover-rfid-for-prism-basic\/"},"modified":"2025-12-01T14:59:13","modified_gmt":"2025-12-01T13:59:13","slug":"smart-cover-rfid-for-prism-basic","status":"publish","type":"product","link":"https:\/\/silla.industries\/fr\/produit\/smart-cover-rfid-for-prism-basic\/","title":{"rendered":"Couverture intelligente RFID pour Prism Basic"},"content":{"rendered":"<p>Le RFID Smart Cover pour <a href=\"https:\/\/silla.industries\/prism-basic-monofase\/\">Prism Basic<\/a> est un accessoire qui permet de transformer un Prism Basic normal, la station de recharge essentielle pour les v\u00e9hicules \u00e9lectriques, en un <a href=\"https:\/\/silla.industries\/prism-solar-monofase\/\">Prism Solar monophas\u00e9<\/a> avec toutes ses caract\u00e9ristiques.<\/p>\n<p>L&rsquo;op\u00e9ration de remplacement est tr\u00e8s simple, et consiste \u00e0 retirer le couvercle fourni avec le Prism Basic et \u00e0 le remplacer par cette RFID Smart Cover en connectant la base au couvercle via le connecteur d\u00e9j\u00e0 pr\u00e9vu \u00e0 l&rsquo;int\u00e9rieur et, si pr\u00e9sent, apr\u00e8s avoir \u00e9galement connect\u00e9 le c\u00e2ble Internet.<\/p>\n<p>Le RFID Smart Cover contient les composants et les fonctions qui sont pr\u00e9sents dans la version plus compl\u00e8te de Prism, c&rsquo;est-\u00e0-dire Prism Solar. Cette Smart Cover contient le microprocesseur pour la gestion des charges et de la production exc\u00e9dentaire d&rsquo;une installation photovolta\u00efque, la carte r\u00e9seau, le module Wi-Fi, le lecteur RFID, le firmware pour la connexion directe \u00e0 Prism et pour l&rsquo;acc\u00e8s au cloud et pour la programmation de la charge par tranche horaire. <\/p>\n","protected":false},"excerpt":{"rendered":"<p>Smart Cover est la fa\u00e7ade qui permet de faire \u00e9voluer <a href=\"https:\/\/silla.industries\/prism-basic-monofase\/\">Prism<\/a> Basic, la station de charge essentielle pour les v\u00e9hicules \u00e9lectriques, vers <a href=\"https:\/\/silla.industries\/prism-solar-monofase\/\">Prism Solar Monophas\u00e9<\/a> en obtenant toutes les fonctionnalit\u00e9s non pr\u00e9vues \u00e0 l&rsquo;origine. En effet, en rempla\u00e7ant la fa\u00e7ade standard de la Prism Basic par cette Smart Cover, la colonne conserve toutes les caract\u00e9ristiques originales de la Prism Basic et en plus :<\/p>\n<ul>\n<li>G\u00e9rer le surplus d&rsquo;\u00e9nergie produit par une centrale solaire, en l&rsquo;utilisant pour recharger une voiture \u00e9lectrique au lieu de l&rsquo;envoyer au r\u00e9seau.<\/li>\n<li>Connectez-vous \u00e0 un syst\u00e8me de stockage, tel qu&rsquo;un Powerwall.<\/li>\n<li>Se connecte \u00e0 Internet via Wi-Fi ou Ethernet (c\u00e2ble)<\/li>\n<li>Il est g\u00e9rable via un smartphone, un ordinateur de bureau et le cloud.<\/li>\n<li>Ajoute un lecteur RFID \u00e0 la colonne de charge<\/li>\n<\/ul>\n","protected":false},"featured_media":16600,"template":"","meta":{"_uag_custom_page_level_css":""},"product_brand":[],"product_cat":[454,488],"product_tag":[493,492,494,489,491,490],"class_list":{"0":"post-10053","1":"product","2":"type-product","3":"status-publish","4":"has-post-thumbnail","6":"product_cat-accessoires","7":"product_cat-prism-basic","8":"product_tag-champ-solaire","9":"product_tag-couverture-intelligente","10":"product_tag-photovoltaique","11":"product_tag-prisme-de-base","12":"product_tag-silla-industries-fr","13":"product_tag-solaire-a-prisme","15":"first","16":"instock","17":"taxable","18":"shipping-taxable","19":"purchasable","20":"product-type-simple"},"uagb_featured_image_src":{"full":["https:\/\/silla.industries\/wp-content\/uploads\/2021\/02\/Smart-Cover-QR-code-scaled.jpg",2560,1737,false],"thumbnail":["https:\/\/silla.industries\/wp-content\/uploads\/2021\/02\/Smart-Cover-QR-code-150x150.jpg",150,150,true],"medium":["https:\/\/silla.industries\/wp-content\/uploads\/2021\/02\/Smart-Cover-QR-code-300x204.jpg",300,204,true],"medium_large":["https:\/\/silla.industries\/wp-content\/uploads\/2021\/02\/Smart-Cover-QR-code-768x521.jpg",700,475,true],"large":["https:\/\/silla.industries\/wp-content\/uploads\/2021\/02\/Smart-Cover-QR-code-1024x695.jpg",700,475,true],"1536x1536":["https:\/\/silla.industries\/wp-content\/uploads\/2021\/02\/Smart-Cover-QR-code-1536x1042.jpg",1536,1042,true],"2048x2048":["https:\/\/silla.industries\/wp-content\/uploads\/2021\/02\/Smart-Cover-QR-code-2048x1389.jpg",2048,1389,true],"betterdocs-category-thumb":["https:\/\/silla.industries\/wp-content\/uploads\/2021\/02\/Smart-Cover-QR-code-scaled.jpg",360,244,false],"post-thumbnail":["https:\/\/silla.industries\/wp-content\/uploads\/2021\/02\/Smart-Cover-QR-code-1200x814.jpg",1200,814,true],"twentytwenty-fullscreen":["https:\/\/silla.industries\/wp-content\/uploads\/2021\/02\/Smart-Cover-QR-code-1980x1343.jpg",1980,1343,true],"mailpoet_newsletter_max":["https:\/\/silla.industries\/wp-content\/uploads\/2021\/02\/Smart-Cover-QR-code-1320x895.jpg",1320,895,true],"menu-26x26":["https:\/\/silla.industries\/wp-content\/uploads\/2021\/02\/Smart-Cover-QR-code-scaled.jpg",26,18,false],"menu-36x36":["https:\/\/silla.industries\/wp-content\/uploads\/2021\/02\/Smart-Cover-QR-code-scaled.jpg",36,24,false],"menu-48x48":["https:\/\/silla.industries\/wp-content\/uploads\/2021\/02\/Smart-Cover-QR-code-scaled.jpg",48,33,false],"woocommerce_thumbnail":["https:\/\/silla.industries\/wp-content\/uploads\/2021\/02\/Smart-Cover-QR-code-450x450.jpg",450,450,true],"woocommerce_single":["https:\/\/silla.industries\/wp-content\/uploads\/2021\/02\/Smart-Cover-QR-code-600x407.jpg",600,407,true],"woocommerce_gallery_thumbnail":["https:\/\/silla.industries\/wp-content\/uploads\/2021\/02\/Smart-Cover-QR-code-100x100.jpg",100,100,true]},"uagb_author_info":{"display_name":"Valentina De Simone","author_link":"https:\/\/silla.industries\/fr\/author\/"},"uagb_comment_info":0,"uagb_excerpt":"Smart Cover est la fa\u00e7ade qui permet de faire \u00e9voluer Prism Basic, la station de charge essentielle pour les v\u00e9hicules \u00e9lectriques, vers Prism Solar Monophas\u00e9 en obtenant toutes les fonctionnalit\u00e9s non pr\u00e9vues \u00e0 l'origine. En effet, en rempla\u00e7ant la fa\u00e7ade standard de la Prism Basic par cette Smart Cover, la colonne conserve toutes les caract\u00e9ristiques...","_links":{"self":[{"href":"https:\/\/silla.industries\/fr\/wp-json\/wp\/v2\/product\/10053","targetHints":{"allow":["GET"]}}],"collection":[{"href":"https:\/\/silla.industries\/fr\/wp-json\/wp\/v2\/product"}],"about":[{"href":"https:\/\/silla.industries\/fr\/wp-json\/wp\/v2\/types\/product"}],"wp:featuredmedia":[{"embeddable":true,"href":"https:\/\/silla.industries\/fr\/wp-json\/wp\/v2\/media\/16600"}],"wp:attachment":[{"href":"https:\/\/silla.industries\/fr\/wp-json\/wp\/v2\/media?parent=10053"}],"wp:term":[{"taxonomy":"product_brand","embeddable":true,"href":"https:\/\/silla.industries\/fr\/wp-json\/wp\/v2\/product_brand?post=10053"},{"taxonomy":"product_cat","embeddable":true,"href":"https:\/\/silla.industries\/fr\/wp-json\/wp\/v2\/product_cat?post=10053"},{"taxonomy":"product_tag","embeddable":true,"href":"https:\/\/silla.industries\/fr\/wp-json\/wp\/v2\/product_tag?post=10053"}],"curies":[{"name":"wp","href":"https:\/\/api.w.org\/{rel}","templated":true}]}}