{"id":10055,"date":"2020-12-28T21:58:14","date_gmt":"2020-12-28T20:58:14","guid":{"rendered":"https:\/\/silla.industries\/cable-de-voiture\/"},"modified":"2025-06-30T20:59:20","modified_gmt":"2025-06-30T18:59:20","slug":"cable-de-voiture","status":"publish","type":"product","link":"https:\/\/silla.industries\/fr\/produit\/cable-de-voiture\/","title":{"rendered":"C\u00e2ble de voiture"},"content":{"rendered":"<p>Chaque chargeur Prism est d\u00e9j\u00e0 \u00e9quip\u00e9 du c\u00e2ble appropri\u00e9 pour recharger une voiture \u00e9lectrique. Ce c\u00e2ble est disponible en 5 ou 7 m\u00e8tres. Mais alors que les colonnes de recharge publiques en courant continu (CC) ont toujours un c\u00e2ble d\u00e9j\u00e0 fix\u00e9 \u00e0 la colonne en raison de la puissance impliqu\u00e9e, les colonnes de recharge publiques en courant alternatif (CA) ne sont PAS fournies avec un c\u00e2ble.<\/p>\n<p>Cela signifie que pour recharger une voiture \u00e9lectrique \u00e0 une station de recharge publique en courant alternatif, il est n\u00e9cessaire d&rsquo;avoir un c\u00e2ble de recharge \u00e0 bord. Il est disponible en version monophas\u00e9e ou triphas\u00e9e \u00e0 choisir en fonction du chargeur embarqu\u00e9 de votre voiture \u00e9lectrique, et dans chaque cas, les c\u00e2bles ont une longueur de 5 m\u00e8tres.<\/p>\n<p>Les deux versions supportent des courants jusqu&rsquo;\u00e0 32A, soit des puissances jusqu&rsquo;\u00e0 7,4kW pour la version monophas\u00e9e et jusqu&rsquo;\u00e0 22kW pour la version triphas\u00e9e. Bien entendu, ce c\u00e2ble d&rsquo;extension est \u00e9galement compatible avec toutes les voitures qui se chargent avec moins de courant.<\/p>\n<p>p.s. Avec un c\u00e2ble triphas\u00e9, il est toujours possible de charger une voiture \u00e9quip\u00e9e d&rsquo;un chargeur embarqu\u00e9 monophas\u00e9 dans une station CA ; en acheter un m\u00eame si ce n&rsquo;est pas strictement n\u00e9cessaire aujourd&rsquo;hui pourrait \u00eatre un bon investissement pour l&rsquo;avenir.<\/p>\n","protected":false},"excerpt":{"rendered":"<p>C\u00e2ble de charge CA de 5 m\u00e8tres avec 2 connecteurs de type 2 pour recharger les voitures \u00e9lectriques dans les stations publiques CA (courant alternatif). Il prend en charge des courants jusqu&rsquo;\u00e0 32A, aussi bien dans la version monophas\u00e9e (c&rsquo;est-\u00e0-dire jusqu&rsquo;\u00e0 7,4kW) que dans la version triphas\u00e9e (c&rsquo;est-\u00e0-dire jusqu&rsquo;\u00e0 22kW).<\/p>\n<p>&nbsp;<\/p>\n","protected":false},"featured_media":9712,"template":"","meta":{"_uag_custom_page_level_css":""},"product_brand":[],"product_cat":[454],"product_tag":[501,502,500,503],"class_list":{"0":"post-10055","1":"product","2":"type-product","3":"status-publish","4":"has-post-thumbnail","6":"product_cat-accessoires","7":"product_tag-cable-de-chargement","8":"product_tag-extension-fr-2","9":"product_tag-rallonge-electrique","10":"product_tag-type-de-cable-2","11":"product_shipping_class-chargeurs","13":"first","14":"instock","15":"taxable","16":"shipping-taxable","17":"purchasable","18":"product-type-variable"},"uagb_featured_image_src":{"full":["https:\/\/silla.industries\/wp-content\/uploads\/2020\/12\/webcavodoppio2.jpg",1600,1600,false],"thumbnail":["https:\/\/silla.industries\/wp-content\/uploads\/2020\/12\/webcavodoppio2-150x150.jpg",150,150,true],"medium":["https:\/\/silla.industries\/wp-content\/uploads\/2020\/12\/webcavodoppio2-300x300.jpg",300,300,true],"medium_large":["https:\/\/silla.industries\/wp-content\/uploads\/2020\/12\/webcavodoppio2-768x768.jpg",700,700,true],"large":["https:\/\/silla.industries\/wp-content\/uploads\/2020\/12\/webcavodoppio2-1024x1024.jpg",700,700,true],"1536x1536":["https:\/\/silla.industries\/wp-content\/uploads\/2020\/12\/webcavodoppio2-1536x1536.jpg",1536,1536,true],"2048x2048":["https:\/\/silla.industries\/wp-content\/uploads\/2020\/12\/webcavodoppio2.jpg",1600,1600,false],"betterdocs-category-thumb":["https:\/\/silla.industries\/wp-content\/uploads\/2020\/12\/webcavodoppio2.jpg",360,360,false],"post-thumbnail":["https:\/\/silla.industries\/wp-content\/uploads\/2020\/12\/webcavodoppio2-1200x1200.jpg",1200,1200,true],"twentytwenty-fullscreen":["https:\/\/silla.industries\/wp-content\/uploads\/2020\/12\/webcavodoppio2.jpg",1600,1600,false],"mailpoet_newsletter_max":["https:\/\/silla.industries\/wp-content\/uploads\/2020\/12\/webcavodoppio2.jpg",1320,1320,false],"menu-26x26":["https:\/\/silla.industries\/wp-content\/uploads\/2020\/12\/webcavodoppio2.jpg",26,26,false],"menu-36x36":["https:\/\/silla.industries\/wp-content\/uploads\/2020\/12\/webcavodoppio2.jpg",36,36,false],"menu-48x48":["https:\/\/silla.industries\/wp-content\/uploads\/2020\/12\/webcavodoppio2.jpg",48,48,false],"woocommerce_thumbnail":["https:\/\/silla.industries\/wp-content\/uploads\/2020\/12\/webcavodoppio2-450x450.jpg",450,450,true],"woocommerce_single":["https:\/\/silla.industries\/wp-content\/uploads\/2020\/12\/webcavodoppio2-600x600.jpg",600,600,true],"woocommerce_gallery_thumbnail":["https:\/\/silla.industries\/wp-content\/uploads\/2020\/12\/webcavodoppio2-100x100.jpg",100,100,true]},"uagb_author_info":{"display_name":"Valentina De Simone","author_link":"https:\/\/silla.industries\/fr\/author\/"},"uagb_comment_info":0,"uagb_excerpt":"C\u00e2ble de charge CA de 5 m\u00e8tres avec 2 connecteurs de type 2 pour recharger les voitures \u00e9lectriques dans les stations publiques CA (courant alternatif). Il prend en charge des courants jusqu'\u00e0 32A, aussi bien dans la version monophas\u00e9e (c'est-\u00e0-dire jusqu'\u00e0 7,4kW) que dans la version triphas\u00e9e (c'est-\u00e0-dire jusqu'\u00e0 22kW). &nbsp;","_links":{"self":[{"href":"https:\/\/silla.industries\/fr\/wp-json\/wp\/v2\/product\/10055","targetHints":{"allow":["GET"]}}],"collection":[{"href":"https:\/\/silla.industries\/fr\/wp-json\/wp\/v2\/product"}],"about":[{"href":"https:\/\/silla.industries\/fr\/wp-json\/wp\/v2\/types\/product"}],"wp:featuredmedia":[{"embeddable":true,"href":"https:\/\/silla.industries\/fr\/wp-json\/wp\/v2\/media\/9712"}],"wp:attachment":[{"href":"https:\/\/silla.industries\/fr\/wp-json\/wp\/v2\/media?parent=10055"}],"wp:term":[{"taxonomy":"product_brand","embeddable":true,"href":"https:\/\/silla.industries\/fr\/wp-json\/wp\/v2\/product_brand?post=10055"},{"taxonomy":"product_cat","embeddable":true,"href":"https:\/\/silla.industries\/fr\/wp-json\/wp\/v2\/product_cat?post=10055"},{"taxonomy":"product_tag","embeddable":true,"href":"https:\/\/silla.industries\/fr\/wp-json\/wp\/v2\/product_tag?post=10055"}],"curies":[{"name":"wp","href":"https:\/\/api.w.org\/{rel}","templated":true}]}}