{"id":19475,"date":"2023-03-01T14:20:47","date_gmt":"2023-03-01T13:20:47","guid":{"rendered":"https:\/\/silla.industries\/totem\/"},"modified":"2023-03-01T14:20:47","modified_gmt":"2023-03-01T13:20:47","slug":"totem","status":"publish","type":"product","link":"https:\/\/silla.industries\/fr\/produit\/totem\/","title":{"rendered":"Totem"},"content":{"rendered":"<p><strong>Installation polyvalente : \u00e0 l&rsquo;ext\u00e9rieur, en grappes et au mur.<\/strong><br \/>\nEn fonction des exigences de destination, d&rsquo;espace et d&rsquo;utilisation, Totem convient \u00e0 diff\u00e9rents modes d&rsquo;installation. Il peut \u00eatre install\u00e9 \u00e0 l&rsquo;ext\u00e9rieur et sur le domaine public, car il est dot\u00e9 de caract\u00e9ristiques anti-vandalisme.<br \/>\nEn grappes, pour cr\u00e9er une station de recharge multiple.<br \/>\nSur les murs, car tous les composants \u00e9lectroniques sont situ\u00e9s dans la partie sup\u00e9rieure du corps, qui peut \u00eatre d\u00e9tach\u00e9e et install\u00e9e comme une bo\u00eete murale. <\/p>\n<p><strong>R\u00e9gule automatiquement la consommation pour \u00e9viter les d\u00e9connexions du r\u00e9seau.<\/strong><br \/>\nQuel que soit le compteur utilis\u00e9, Totem r\u00e9gule automatiquement la puissance envoy\u00e9e \u00e0 la voiture, en mesurant l&rsquo;\u00e9nergie absorb\u00e9e et en \u00e9vitant les d\u00e9connexions.<\/p>\n<p>Il est \u00e9quip\u00e9 d&rsquo;<strong>une prise Type 2S avec obturateur.<\/strong><br \/>\nLes <a class=\"ql-link\" href=\"https:\/\/en.wikipedia.org\/wiki\/Type_2_connector\" target=\"_blank\" rel=\"noopener noreferrer\">connecteurs Type 2<\/a> sont la norme de facto en Europe, aucun probl\u00e8me de compatibilit\u00e9. Et bien s\u00fbr, Totem peut recharger les voitures \u00e9quip\u00e9es d&rsquo;un chargeur embarqu\u00e9 triphas\u00e9 ainsi que les voitures \u00e9quip\u00e9es d&rsquo;un chargeur embarqu\u00e9 monophas\u00e9. La pr\u00e9sence de l&rsquo;obturateur est une garantie suppl\u00e9mentaire de s\u00e9curit\u00e9 d&rsquo;utilisation et de pr\u00e9vention des dommages dus aux perturbations ext\u00e9rieures.  <\/p>\n<p><strong>Il est g\u00e9r\u00e9 via un smartphone\/un ordinateur de bureau et via le cloud.<\/strong><br \/>\nNaturellement, Totem doit \u00eatre connect\u00e9 \u00e0 l&rsquo;internet, que ce soit via un c\u00e2ble Ethernet, via le Wi-Fi ou via le GSM en option. Et m\u00eame si Totem ne peut pas \u00eatre connect\u00e9 \u00e0 l&rsquo;internet, il peut toujours \u00eatre configur\u00e9 et utilis\u00e9 via son Wi-Fi interne, qui peut \u00eatre atteint en se connectant directement au Wi-Fi de Totem. <\/p>\n<p>Il <strong>comprend un lecteur RFID sous la couverture avant.<\/strong><br \/>\nLa couverture avant est \u00e9quip\u00e9e d&rsquo;un lecteur RFID, permettant l&rsquo;identification de l&rsquo;utilisateur par l&rsquo;utilisation de cartes RFID.<\/p>\n<p><strong>Il est d\u00e9j\u00e0 \u00e9quip\u00e9 du RCM (Residual Current Monitor).<\/strong><br \/>\nIl n&rsquo;est pas n\u00e9cessaire d&rsquo;ajouter cette protection contre les courants alternatifs et continus lors de l&rsquo;installation car elle est d\u00e9j\u00e0 pr\u00e9sente dans Totem, pour une s\u00e9curit\u00e9 maximale et pour minimiser les co\u00fbts d&rsquo;installation.<\/p>\n","protected":false},"excerpt":{"rendered":"<p class=\"ql-block\" data-block-id=\"block-820f1dbf-9508-4ffd-a19e-cf860cc2a02c\">Station de recharge \u00e0 courant alternatif pouvant \u00eatre install\u00e9e sur un terrain public :<\/p>\n<ul>\n<li>Equip\u00e9 de 2 prises de courant avec obturateur de s\u00e9curit\u00e9, 22kW chacune.<\/li>\n<li>\u00c9quip\u00e9 d&rsquo;une prise de type 2S avec obturateur.<\/li>\n<li>Elle peut fournir 44 kW lorsqu&rsquo;une seule prise est utilis\u00e9e.<\/li>\n<li>Equip\u00e9 de 2 lignes d&rsquo;alimentation ind\u00e9pendantes.<\/li>\n<li>Avec module de d\u00e9clenchement int\u00e9gr\u00e9 pour piloter une bobine de protection.<\/li>\n<li>Il se connecte \u00e0 l&rsquo;internet via un r\u00e9seau Wi-Fi, GSM (en option) ou Ethernet.<\/li>\n<li>Complet avec \u00e9cran matriciel \u00e0 LED.<\/li>\n<li>Lecteur RFID int\u00e9gr\u00e9 pour l&rsquo;identification.<\/li>\n<li>Disponible uniquement en version triphas\u00e9e.<\/li>\n<li>R\u00e9sistant \u00e0 la pluie et aux jets d&rsquo;eau, protection IP55.<\/li>\n<li>OCPP 1.6 json standard, MQTT et API propri\u00e9taire.<\/li>\n<li>\u00c9quip\u00e9 d&rsquo;un moniteur de courant r\u00e9siduel (RCM).<\/li>\n<\/ul>\n","protected":false},"featured_media":14282,"template":"","meta":{"_uag_custom_page_level_css":""},"product_brand":[],"product_cat":[883],"product_tag":[472,475,473,873,474,469,499],"class_list":{"0":"post-19475","1":"product","2":"type-product","3":"status-publish","4":"has-post-thumbnail","6":"product_cat-totem-fr","7":"product_tag-chargeur","8":"product_tag-chargeur-a-double-sortie","9":"product_tag-chargeur-de-voiture","10":"product_tag-chargeur-ev","11":"product_tag-chargeur-mural","12":"product_tag-colonne-de-charge","13":"product_tag-recharger-les-vehicules-electriques","15":"first","16":"outofstock","17":"taxable","18":"shipping-taxable","19":"product-type-simple"},"uagb_featured_image_src":{"full":["https:\/\/silla.industries\/wp-content\/uploads\/2023\/03\/IMG-Silla_Totem_front-2048.jpg",2048,1368,false],"thumbnail":["https:\/\/silla.industries\/wp-content\/uploads\/2023\/03\/IMG-Silla_Totem_front-2048-150x150.jpg",150,150,true],"medium":["https:\/\/silla.industries\/wp-content\/uploads\/2023\/03\/IMG-Silla_Totem_front-2048-300x200.jpg",300,200,true],"medium_large":["https:\/\/silla.industries\/wp-content\/uploads\/2023\/03\/IMG-Silla_Totem_front-2048-768x513.jpg",700,468,true],"large":["https:\/\/silla.industries\/wp-content\/uploads\/2023\/03\/IMG-Silla_Totem_front-2048-1024x684.jpg",700,468,true],"1536x1536":["https:\/\/silla.industries\/wp-content\/uploads\/2023\/03\/IMG-Silla_Totem_front-2048-1536x1026.jpg",1536,1026,true],"2048x2048":["https:\/\/silla.industries\/wp-content\/uploads\/2023\/03\/IMG-Silla_Totem_front-2048.jpg",2048,1368,false],"betterdocs-category-thumb":["https:\/\/silla.industries\/wp-content\/uploads\/2023\/03\/IMG-Silla_Totem_front-2048-360x240.jpg",360,240,true],"post-thumbnail":["https:\/\/silla.industries\/wp-content\/uploads\/2023\/03\/IMG-Silla_Totem_front-2048-1200x802.jpg",1200,802,true],"twentytwenty-fullscreen":["https:\/\/silla.industries\/wp-content\/uploads\/2023\/03\/IMG-Silla_Totem_front-2048-1980x1323.jpg",1980,1323,true],"mailpoet_newsletter_max":["https:\/\/silla.industries\/wp-content\/uploads\/2023\/03\/IMG-Silla_Totem_front-2048-1320x882.jpg",1320,882,true],"menu-26x26":["https:\/\/silla.industries\/wp-content\/uploads\/2023\/03\/IMG-Silla_Totem_front-2048.jpg",26,17,false],"menu-36x36":["https:\/\/silla.industries\/wp-content\/uploads\/2023\/03\/IMG-Silla_Totem_front-2048.jpg",36,24,false],"menu-48x48":["https:\/\/silla.industries\/wp-content\/uploads\/2023\/03\/IMG-Silla_Totem_front-2048.jpg",48,32,false],"woocommerce_thumbnail":["https:\/\/silla.industries\/wp-content\/uploads\/2023\/03\/IMG-Silla_Totem_front-2048-450x450.jpg",450,450,true],"woocommerce_single":["https:\/\/silla.industries\/wp-content\/uploads\/2023\/03\/IMG-Silla_Totem_front-2048-600x401.jpg",600,401,true],"woocommerce_gallery_thumbnail":["https:\/\/silla.industries\/wp-content\/uploads\/2023\/03\/IMG-Silla_Totem_front-2048-100x100.jpg",100,100,true]},"uagb_author_info":{"display_name":"Valentina De Simone","author_link":"https:\/\/silla.industries\/fr\/author\/"},"uagb_comment_info":0,"uagb_excerpt":"Station de recharge \u00e0 courant alternatif pouvant \u00eatre install\u00e9e sur un terrain public : Equip\u00e9 de 2 prises de courant avec obturateur de s\u00e9curit\u00e9, 22kW chacune. \u00c9quip\u00e9 d'une prise de type 2S avec obturateur. Elle peut fournir 44 kW lorsqu'une seule prise est utilis\u00e9e. Equip\u00e9 de 2 lignes d'alimentation ind\u00e9pendantes. Avec module de d\u00e9clenchement int\u00e9gr\u00e9...","_links":{"self":[{"href":"https:\/\/silla.industries\/fr\/wp-json\/wp\/v2\/product\/19475","targetHints":{"allow":["GET"]}}],"collection":[{"href":"https:\/\/silla.industries\/fr\/wp-json\/wp\/v2\/product"}],"about":[{"href":"https:\/\/silla.industries\/fr\/wp-json\/wp\/v2\/types\/product"}],"wp:featuredmedia":[{"embeddable":true,"href":"https:\/\/silla.industries\/fr\/wp-json\/wp\/v2\/media\/14282"}],"wp:attachment":[{"href":"https:\/\/silla.industries\/fr\/wp-json\/wp\/v2\/media?parent=19475"}],"wp:term":[{"taxonomy":"product_brand","embeddable":true,"href":"https:\/\/silla.industries\/fr\/wp-json\/wp\/v2\/product_brand?post=19475"},{"taxonomy":"product_cat","embeddable":true,"href":"https:\/\/silla.industries\/fr\/wp-json\/wp\/v2\/product_cat?post=19475"},{"taxonomy":"product_tag","embeddable":true,"href":"https:\/\/silla.industries\/fr\/wp-json\/wp\/v2\/product_tag?post=19475"}],"curies":[{"name":"wp","href":"https:\/\/api.w.org\/{rel}","templated":true}]}}