{"id":19513,"date":"2023-09-15T07:56:46","date_gmt":"2023-09-15T05:56:46","guid":{"rendered":"https:\/\/silla.industries\/prism-solar-twin-monofase\/"},"modified":"2023-09-15T07:56:46","modified_gmt":"2023-09-15T05:56:46","slug":"prism-solar-twin-monofase","status":"publish","type":"product","link":"https:\/\/silla.industries\/fr\/produit\/prism-solar-twin-monofase\/","title":{"rendered":"Prism Solar Twin monophas\u00e9"},"content":{"rendered":"<p>Prism Solar Twin Monophas\u00e9 partage les m\u00eames caract\u00e9ristiques de base que les autres produits de la gamme <a href=\"https:\/\/silla.industries\/prism\/\">Prism<\/a>. Les diff\u00e9rents mod\u00e8les se distinguent par le type d&rsquo;alimentation (monophas\u00e9e ou triphas\u00e9e). <\/p>\n<h4>Prism Solar Twin Monophas\u00e9 - sp\u00e9cifications techniques :<\/h4>\n<p><strong>Il convient \u00e0 tout compteur monophas\u00e9, quelle que soit sa puissance.<\/strong><br \/>\nCela signifie qu&rsquo;il peut \u00e9galement \u00eatre connect\u00e9 \u00e0 des compteurs d&rsquo;une puissance inf\u00e9rieure (par exemple 6 kW) et permettre la recharge d&rsquo;une voiture \u00e9lectrique, bien que ce ne soit \u00e9videmment que jusqu&rsquo;\u00e0 la puissance maximale du compteur dans le syst\u00e8me. Mais lorsque la puissance disponible au niveau du compteur est augment\u00e9e, Prism Solar Twin sera d\u00e9j\u00e0 en mesure de g\u00e9rer la nouvelle puissance. <\/p>\n<p><strong>R\u00e9gule automatiquement la consommation pour \u00e9viter la d\u00e9connexion du r\u00e9seau.<\/strong><br \/>\nQuel que soit le compteur install\u00e9, Prism Solar Twin Monophas\u00e9 r\u00e9gule automatiquement la puissance envoy\u00e9e \u00e0 la voiture, en mesurant l&rsquo;\u00e9nergie absorb\u00e9e par le reste de la maison, de sorte que le compteur n&rsquo;intervienne jamais en raison de surcharges caus\u00e9es par votre voiture \u00e9lectrique, \u00e9vitant ainsi de vous laisser dans l&rsquo;obscurit\u00e9. Les capteurs n\u00e9cessaires au fonctionnement sont d\u00e9j\u00e0 inclus dans l&#8217;emballage. <\/p>\n<p><strong>Utilisez l&rsquo;\u00e9nergie produite par une installation solaire pour charger votre voiture.<\/strong><br \/>\nSi vous disposez d&rsquo;une installation photovolta\u00efque, vous savez d\u00e9j\u00e0 que l&rsquo;\u00e9nergie produite en exc\u00e8s par rapport \u00e0 votre consommation est envoy\u00e9e sur le r\u00e9seau. Prism Solar Twin Monophas\u00e9 est capable de d\u00e9tecter cette production exc\u00e9dentaire et de l&rsquo;utiliser pour charger votre voiture \u00e9lectrique au lieu de l&rsquo;envoyer sur le r\u00e9seau. <\/p>\n<p>Il est <strong>\u00e9quip\u00e9 de sorties de c\u00e2ble int\u00e9gr\u00e9es avec un connecteur de type 2.<\/strong><br \/>\nLes <a href=\"https:\/\/en.wikipedia.org\/wiki\/Type_2_connector\" target=\"_blank\" rel=\"noopener\">connecteurs de type 2<\/a> sont en fait la norme en Europe, sans probl\u00e8me de compatibilit\u00e9. Et bien s\u00fbr, un Prism Solar Twin monophas\u00e9 peut charger les voitures \u00e9quip\u00e9es d&rsquo;un chargeur embarqu\u00e9 monophas\u00e9 ainsi que les voitures \u00e9quip\u00e9es d&rsquo;un chargeur embarqu\u00e9 triphas\u00e9 (bien s\u00fbr, il ne chargera en monophas\u00e9 que jusqu&rsquo;\u00e0 7,4 kW). <\/p>\n<p><strong>Il est g\u00e9r\u00e9 via un smartphone\/un ordinateur de bureau et via le nuage.<\/strong><br \/>\nBien entendu, Prism doit \u00eatre connect\u00e9 \u00e0 l&rsquo;internet, ce qui peut se faire par c\u00e2ble ou \u00e9galement par Wi-Fi si Prism peut atteindre le signal Wi-Fi de la maison. Et m\u00eame si Prism ne peut pas \u00eatre connect\u00e9 \u00e0 Internet, il peut toujours \u00eatre configur\u00e9 et utilis\u00e9 via son Wi-Fi interne, qui peut \u00eatre atteint en se connectant directement au Wi-Fi de Prism.<\/p>\n<p><strong>Il fonctionne comme un r\u00e9p\u00e9teur pour le r\u00e9seau Wi-Fi.<\/strong><br \/>\nLorsque Prism peut \u00eatre connect\u00e9 \u00e0 Internet par Wi-Fi ou par c\u00e2ble (r\u00e9seau Ethernet), il est possible d&rsquo;utiliser Prism comme r\u00e9p\u00e9teur de signal Wi-Fi pour avoir la connexion \u00e9galement dans le garage, par exemple pour pouvoir mettre \u00e0 jour le micrologiciel de la voiture pendant qu&rsquo;elle est en charge.<\/p>\n<p>Il comprend <strong>deux lecteurs RFID sous les capots avant.<\/strong><br \/>\nEd est \u00e9galement livr\u00e9 avec deux dongles RFID qui peuvent \u00eatre utilis\u00e9s, par exemple, pour d\u00e9marrer la recharge de la voiture dans des situations o\u00f9 il n&rsquo;est pas possible (ou pas souhait\u00e9) que la recharge d\u00e9marre automatiquement lorsque le connecteur est branch\u00e9 sur la voiture.<\/p>\n<p><strong>Il est d\u00e9j\u00e0 \u00e9quip\u00e9 du RCM (Residual Current Monitor).<\/strong><br \/>\nIl n&rsquo;est pas n\u00e9cessaire d&rsquo;ajouter cette protection de courant AC\/DC lors de l&rsquo;installation car elle est d\u00e9j\u00e0 pr\u00e9sente dans le Prism Solar Twin Monophas\u00e9, afin de garantir une s\u00e9curit\u00e9 maximale et de minimiser les co\u00fbts d&rsquo;installation.<\/p>\n<p>Elle est <strong>install\u00e9e \u00e0 l&rsquo;ext\u00e9rieur et ne craint pas le contact avec l&rsquo;eau.<\/strong><br \/>\nComme tous les composants de la gamme Prism, la colonne peut \u00eatre install\u00e9e \u00e0 l&rsquo;ext\u00e9rieur. Prism ne craint pas l&rsquo;exposition \u00e0 l&rsquo;intrusion de liquides et\/ou de particules solides (comme la poussi\u00e8re).<br \/>\nCeci gr\u00e2ce \u00e0 un couvercle sp\u00e9cialement con\u00e7u. En effet, le corps du couvercle est ferm\u00e9 par 12 vis, prot\u00e9geant ainsi les parties \u00e9lectroniques les plus sensibles.<br \/>\nL&rsquo;indice IP65 signifie que l&rsquo;appareil est enti\u00e8rement prot\u00e9g\u00e9 contre la p\u00e9n\u00e9tration de poussi\u00e8re, de sable et de tout petit corps solide en g\u00e9n\u00e9ral, ainsi que contre les jets d&rsquo;eau puissants. <\/p>\n<p><strong>Gestion des paiements de recharge par charge.to.it<\/strong><br \/>\nChaque borne de recharge est \u00e9quip\u00e9e d&rsquo;un code QR (un pour chaque prise) qui, en activant notre service charge.to.it, permet le paiement sur place des recharges par carte de cr\u00e9dit ou par paiement \u00e9lectronique (en option). Pas besoin de rejoindre des circuits, pas de cartes \u00e0 activer. Plus d&rsquo;informations sur <a href=\"https:\/\/silla.industries\/charge-to-it\/\">charge.to.it.<\/a>  <\/p>\n","protected":false},"excerpt":{"rendered":"<p>Colonne de recharge monophas\u00e9e 230V avec 2 prises de 7,4kW chacune, m\u00eame en cas d&rsquo;utilisation simultan\u00e9e, \u00e9quip\u00e9e d&rsquo;un c\u00e2ble et d&rsquo;un connecteur de type 2 :<\/p>\n<ul>\n<li>Il convient \u00e0 tout compteur monophas\u00e9, quelle que soit la puissance.<\/li>\n<li>R\u00e9gule automatiquement la consommation pour \u00e9viter la d\u00e9connexion du r\u00e9seau.<\/li>\n<li>Utilisez l&rsquo;\u00e9nergie produite par une centrale solaire pour recharger votre voiture<\/li>\n<li>Se connecte \u00e0 Internet via Wi-Fi ou Ethernet (c\u00e2ble)<\/li>\n<li>Colloques via MqTT ou OCPP 1.6<\/li>\n<li>Il est g\u00e9r\u00e9 via un smartphone, un ordinateur de bureau et le cloud via <a href=\"https:\/\/my.silla.cloud\/\">my.silla.cloud<\/a>.<\/li>\n<li>Fourni avec des c\u00e2bles et des connecteurs de type 2 (la norme en Europe)<\/li>\n<li>Fourni avec des capteurs pour l&rsquo;\u00e9quilibrage de la charge<\/li>\n<li>\u00c9quip\u00e9 d&rsquo;un lecteur RFID et fourni avec deux cl\u00e9s RFID<\/li>\n<li>R\u00e9sistant \u00e0 la pluie et aux jets d&rsquo;eau, protection IP65<\/li>\n<li>Chaque point de vente dispose de son propre code QR pour le traitement (facultatif) des paiements.<\/li>\n<li><a href=\"https:\/\/silla.industries\/charge-to-it\/\">Chargez.pour.qu&rsquo;il.<\/a>soit.compatible<\/li>\n<\/ul>\n","protected":false},"featured_media":16389,"template":"","meta":{"_uag_custom_page_level_css":""},"product_brand":[],"product_cat":[471,899],"product_tag":[906,904,908,902,905,901,903],"class_list":{"0":"post-19513","1":"product","2":"type-product","3":"status-publish","4":"has-post-thumbnail","6":"product_cat-prism-solar","7":"product_cat-prism-solar-twin-fr","8":"product_tag-equilibrage-de-la-charge","9":"product_tag-ethernet-fr","10":"product_tag-monophase","11":"product_tag-ocpp-fr","12":"product_tag-photovoltaique-fr","13":"product_tag-solaire","14":"product_tag-wifi-fr","15":"product_shipping_class-prism-twin-fr","17":"first","18":"instock","19":"taxable","20":"shipping-taxable","21":"purchasable","22":"product-type-simple"},"uagb_featured_image_src":{"full":["https:\/\/silla.industries\/wp-content\/uploads\/2023\/09\/Prism-Solar-Twin-monofase.jpg",1216,1216,false],"thumbnail":["https:\/\/silla.industries\/wp-content\/uploads\/2023\/09\/Prism-Solar-Twin-monofase-150x150.jpg",150,150,true],"medium":["https:\/\/silla.industries\/wp-content\/uploads\/2023\/09\/Prism-Solar-Twin-monofase-300x300.jpg",300,300,true],"medium_large":["https:\/\/silla.industries\/wp-content\/uploads\/2023\/09\/Prism-Solar-Twin-monofase-768x768.jpg",700,700,true],"large":["https:\/\/silla.industries\/wp-content\/uploads\/2023\/09\/Prism-Solar-Twin-monofase-1024x1024.jpg",700,700,true],"1536x1536":["https:\/\/silla.industries\/wp-content\/uploads\/2023\/09\/Prism-Solar-Twin-monofase.jpg",1216,1216,false],"2048x2048":["https:\/\/silla.industries\/wp-content\/uploads\/2023\/09\/Prism-Solar-Twin-monofase.jpg",1216,1216,false],"betterdocs-category-thumb":["https:\/\/silla.industries\/wp-content\/uploads\/2023\/09\/Prism-Solar-Twin-monofase.jpg",360,360,false],"post-thumbnail":["https:\/\/silla.industries\/wp-content\/uploads\/2023\/09\/Prism-Solar-Twin-monofase-1200x1200.jpg",1200,1200,true],"twentytwenty-fullscreen":["https:\/\/silla.industries\/wp-content\/uploads\/2023\/09\/Prism-Solar-Twin-monofase.jpg",1216,1216,false],"mailpoet_newsletter_max":["https:\/\/silla.industries\/wp-content\/uploads\/2023\/09\/Prism-Solar-Twin-monofase.jpg",1216,1216,false],"menu-26x26":["https:\/\/silla.industries\/wp-content\/uploads\/2023\/09\/Prism-Solar-Twin-monofase.jpg",26,26,false],"menu-36x36":["https:\/\/silla.industries\/wp-content\/uploads\/2023\/09\/Prism-Solar-Twin-monofase.jpg",36,36,false],"menu-48x48":["https:\/\/silla.industries\/wp-content\/uploads\/2023\/09\/Prism-Solar-Twin-monofase.jpg",48,48,false],"woocommerce_thumbnail":["https:\/\/silla.industries\/wp-content\/uploads\/2023\/09\/Prism-Solar-Twin-monofase-450x450.jpg",450,450,true],"woocommerce_single":["https:\/\/silla.industries\/wp-content\/uploads\/2023\/09\/Prism-Solar-Twin-monofase-600x600.jpg",600,600,true],"woocommerce_gallery_thumbnail":["https:\/\/silla.industries\/wp-content\/uploads\/2023\/09\/Prism-Solar-Twin-monofase-100x100.jpg",100,100,true]},"uagb_author_info":{"display_name":"Valentina De Simone","author_link":"https:\/\/silla.industries\/fr\/author\/"},"uagb_comment_info":0,"uagb_excerpt":"Colonne de recharge monophas\u00e9e 230V avec 2 prises de 7,4kW chacune, m\u00eame en cas d'utilisation simultan\u00e9e, \u00e9quip\u00e9e d'un c\u00e2ble et d'un connecteur de type 2 : Il convient \u00e0 tout compteur monophas\u00e9, quelle que soit la puissance. R\u00e9gule automatiquement la consommation pour \u00e9viter la d\u00e9connexion du r\u00e9seau. Utilisez l'\u00e9nergie produite par une centrale solaire pour...","_links":{"self":[{"href":"https:\/\/silla.industries\/fr\/wp-json\/wp\/v2\/product\/19513","targetHints":{"allow":["GET"]}}],"collection":[{"href":"https:\/\/silla.industries\/fr\/wp-json\/wp\/v2\/product"}],"about":[{"href":"https:\/\/silla.industries\/fr\/wp-json\/wp\/v2\/types\/product"}],"wp:featuredmedia":[{"embeddable":true,"href":"https:\/\/silla.industries\/fr\/wp-json\/wp\/v2\/media\/16389"}],"wp:attachment":[{"href":"https:\/\/silla.industries\/fr\/wp-json\/wp\/v2\/media?parent=19513"}],"wp:term":[{"taxonomy":"product_brand","embeddable":true,"href":"https:\/\/silla.industries\/fr\/wp-json\/wp\/v2\/product_brand?post=19513"},{"taxonomy":"product_cat","embeddable":true,"href":"https:\/\/silla.industries\/fr\/wp-json\/wp\/v2\/product_cat?post=19513"},{"taxonomy":"product_tag","embeddable":true,"href":"https:\/\/silla.industries\/fr\/wp-json\/wp\/v2\/product_tag?post=19513"}],"curies":[{"name":"wp","href":"https:\/\/api.w.org\/{rel}","templated":true}]}}